{"id":186,"date":"2025-04-10T08:21:48","date_gmt":"2025-04-10T08:21:48","guid":{"rendered":"https:\/\/red-lighttherapy.com\/?post_type=product&#038;p=186"},"modified":"2025-04-10T10:35:53","modified_gmt":"2025-04-10T10:35:53","slug":"high-end-custom-vip-card-gift-box-with-velvet-coated-holder","status":"publish","type":"product","link":"https:\/\/red-lighttherapy.com\/tr\/high-end-custom-vip-card-gift-box-with-velvet-coated-holder\/","title":{"rendered":"Kadife Kaplamal\u0131 Tutuculu \u00dcst D\u00fczey \u00d6zel VIP Kart Hediye Kutusu"},"content":{"rendered":"<h2 id=\"exclusive-customization-interpretation-of-luxury-ingenious-design-and-environmental-innovation-of-high-end-vip-card-gift-boxes\">\u00d6zel ki\u015fiselle\u015ftirme, l\u00fcks\u00fcn yorumlanmas\u0131: \u00fcst d\u00fczey VIP kart hediye kutular\u0131n\u0131n ustaca tasar\u0131m\u0131 ve \u00e7evresel inovasyonu<\/h2>\n<p>\u00dcst d\u00fczey i\u015f hediye kutular\u0131 alan\u0131nda, VIP kart ambalaj\u0131 yaln\u0131zca marka imaj\u0131n\u0131n ta\u015f\u0131y\u0131c\u0131s\u0131 de\u011fil, ayn\u0131 zamanda kullan\u0131c\u0131n\u0131n se\u00e7kin deneyiminin somut bir ifadesidir. Bu makalede, ustaca i\u015f\u00e7ilik ve \u00e7evre koruma konseptlerini bir araya getiren \u00f6zelle\u015ftirilmi\u015f bir hediye kutusu \u00f6rnek olarak ele al\u0131nmakta, tasar\u0131mda \u00f6ne \u00e7\u0131kan yedi temel nokta analiz edilmekte ve detay inovasyonu yoluyla i\u015flev ve estetikte nas\u0131l \u00e7ifte at\u0131l\u0131m yap\u0131labilece\u011fi g\u00f6sterilmektedir.<\/p>\n<h2 id=\"1-material-innovation-the-art-of-balancing-firmness-and-luxury\">1. Malzeme yenili\u011fi: sertlik ve l\u00fcks\u00fc dengeleme sanat\u0131<\/h2>\n<p>Hediye kutusunun ana g\u00f6vdesi, a\u015fa\u011f\u0131dakilerden olu\u015fan kompozit bir yap\u0131ya sahiptir\u00a0<strong>y\u00fcksek mukavemetli gri levha<\/strong>\u00a0ve\u00a0<strong>alt\u0131n kart ka\u011f\u0131d\u0131<\/strong>. Gri kartonun s\u0131k\u0131\u015ft\u0131rma performans\u0131 ambalaj i\u00e7in istikrarl\u0131 bir destek sa\u011flarken, alt\u0131n kart ka\u011f\u0131d\u0131n\u0131n y\u00fczeyi hassas bir doku sunar.\u00a0<strong>lazer kaz\u0131ma<\/strong>\u00a0ve\u00a0<strong>UV s\u0131cak damgalama i\u015flemi<\/strong>I\u015f\u0131\u011f\u0131n k\u0131r\u0131lmas\u0131yla ak\u0131c\u0131 bir alt\u0131n hale olu\u015fturur. Bu malzeme kombinasyonu sadece hediye kutusuna\u00a0<strong>i\u015fletme d\u00fczeyinde dayan\u0131kl\u0131l\u0131k<\/strong>ayn\u0131 zamanda metalik parlakl\u0131\u011f\u0131yla g\u00f6steri\u015fsiz ve l\u00fcks bir g\u00f6rsel dil aktar\u0131yor.<\/p>\n<h2 id=\"2-upgraded-touch-a-win-win-design-of-environmental-protection-and-high-end\">2. Y\u00fckseltilmi\u015f dokunu\u015f: \u00e7evre koruma ve \u00fcst d\u00fczey kazan-kazan tasar\u0131m\u0131<\/h2>\n<p>\u0130\u00e7 tepsi \u015funlar\u0131 kullan\u0131r\u00a0<strong>par\u00e7alanabilir \u00e7evre dostu s\u00fcnger<\/strong>\u00a0taban olarak kullan\u0131l\u0131r ve y\u00fczey\u00a0<strong>kadi\u0307fe floklama teknoloji\u0307si\u0307<\/strong>. Kadife y\u00fczeyin yo\u011funlu\u011fu santimetrekare ba\u015f\u0131na 12.000 elyafa ula\u015f\u0131r ve dokunu\u015fu ipek kadar p\u00fcr\u00fczs\u00fczd\u00fcr. \u00c7evre dostu s\u00fcnger, sadece \u00e7evre koruma standartlar\u0131n\u0131 kar\u015f\u0131lamakla kalmaz.\u00a0<strong>AB RoHS standard\u0131<\/strong>Ancak mikro g\u00f6zenekli yap\u0131s\u0131 titre\u015fimi etkili bir \u015fekilde tamponlayabilir ve VIP kartlar\u0131 nakliye hasarlar\u0131ndan koruyabilir. Floklama teknolojisinin kullan\u0131m\u0131, her kart\u0131n \u00e7\u0131kar\u0131lmas\u0131n\u0131 bir\u00a0<strong>parmak u\u00e7lar\u0131n\u0131n duyusal keyfi<\/strong>Bu da markan\u0131n \u00fcst d\u00fczey konumland\u0131rmas\u0131yla son derece uyumludur.<\/p>\n<h2 id=\"3-structural-ingenuity-the-fusion-of-ritual-sense-and-practicality\">3. Yap\u0131sal ustal\u0131k: rit\u00fcel duygusu ve pratikli\u011fin birle\u015fimi<\/h2>\n<p>Hediye kutusu bir\u00a0<strong>Flip-top manyetik emi\u015fli kapatma yap\u0131s\u0131<\/strong>. Manyetik toka hassas bir \u015fekilde hesaplanm\u0131\u015ft\u0131r.\u00a0<strong>15N emme e\u015fi\u011fi<\/strong>. A\u00e7\u0131l\u0131rken ve kapan\u0131rken, benzersiz bir \"t\u0131klama\" sesi e\u015flik eder.\u00a0<strong>i\u015fitsel haf\u0131za noktas\u0131<\/strong>. Kutu g\u00f6vdesinin kenar\u0131 bir\u00a0<strong>5\u00b0 e\u011fim i\u015flemi<\/strong>Bu da sadece elin \u00e7izilmesini \u00f6nlemekle kalmaz, ayn\u0131 zamanda a\u00e7man\u0131n p\u00fcr\u00fczs\u00fczl\u00fc\u011f\u00fcn\u00fc de art\u0131r\u0131r. Manyetik yap\u0131 ve \u00e7evirmeli kapak tasar\u0131m\u0131n\u0131n birle\u015fimi, geleneksel ambalaj\u0131n tek i\u015flevini bir ambalaja d\u00f6n\u00fc\u015ft\u00fcr\u00fcr.\u00a0<strong>a\u00e7\u0131l\u0131\u015f rit\u00fceli<\/strong>L\u00fcks ambalaj\u0131n deneyim mant\u0131\u011f\u0131n\u0131 yans\u0131t\u0131yor.<\/p>\n<h2 id=\"4-interactive-innovation-the-ultimate-expression-of-humanized-details\">4. \u0130nteraktif yenilik: insanla\u015ft\u0131r\u0131lm\u0131\u015f detaylar\u0131n nihai ifadesi<\/h2>\n<p>\u00dcst k\u0131s\u0131m bir\u00a0<strong>ipek jakarl\u0131 kurdele sap\u0131<\/strong>geni\u015fli\u011fi ergonomiye g\u00f6re 28 mm'ye optimize edilmi\u015ftir ve tutarken avu\u00e7 i\u00e7i e\u011frili\u011fine uyar. \u015eeridin ucu \u015funlar\u0131 kullan\u0131r\u00a0<strong>s\u0131cak presleme kenar s\u0131zd\u0131rmazl\u0131k teknolojisi<\/strong>\u00a0raydan \u00e7\u0131kmay\u0131 \u00f6nlemek i\u00e7in ve fonksiyonel aksesuarlar\u0131 bir marka haline getirmek i\u00e7in marka logosu rengiyle \u00f6zelle\u015ftirilebilir.\u00a0<strong>mobil marka reklam\u0131<\/strong>. Bu tasar\u0131m sadece ta\u015f\u0131nabilirli\u011fi art\u0131rmakla kalm\u0131yor, ayn\u0131 zamanda kullan\u0131c\u0131lar ve markalar aras\u0131ndaki duygusal ba\u011f\u0131 dokunma yoluyla g\u00fc\u00e7lendiriyor.<\/p>\n<h2 id=\"5-visual-language-the-golden-interpretation-of-brand-value\">5. G\u00f6rsel dil: marka de\u011ferinin alt\u0131n yorumu<\/h2>\n<p>Kutu y\u00fczeyi\u00a0<strong>g\u00fcl altini sicak damgalama teknoloji\u0307si\u0307<\/strong>ile metin ve desen \u00fc\u00e7 boyutlu bir kabartma efekti ile sunulmaktad\u0131r.\u00a0<strong>0,1 mm hassasiyetli nano bask\u0131 teknolojisi<\/strong>. S\u0131cak damgalama katman\u0131 ile \u00fcst \u00fcste bindirilir\u00a0<strong>oksi\u0307dasyon \u00f6nleyi\u0307ci\u0307 kaplama<\/strong>\u00a0nemli bir ortamda rengin sabit kalmas\u0131n\u0131 sa\u011flamak i\u00e7in. Tasar\u0131mc\u0131 ustaca kullan\u0131yor\u00a0<strong>dairesel kompozisyon<\/strong>\u00a0ve\u00a0<strong>manzara \u00e7izgi \u00e7izimi<\/strong>\u00a0marka LOGO'sunun k\u00fc\u00e7\u00fck bir alanda k\u00fclt\u00fcrel derinlik ta\u015f\u0131mas\u0131 i\u00e7in oryantal esteti\u011fi modern minimalizmle birle\u015ftirmek.<\/p>\n<h2 id=\"6-customization-freedom-unlimited-extension-of-brand-personality\">6. \u00d6zelle\u015ftirme \u00f6zg\u00fcrl\u00fc\u011f\u00fc: marka ki\u015fili\u011finin s\u0131n\u0131rs\u0131z geni\u015fletilmesi<\/h2>\n<p>Hediye kutusu destekleri\u00a0<strong>be\u015f boyutlu \u00f6zelle\u015fti\u0307rme si\u0307stemi\u0307<\/strong>:<\/p>\n<ol>\n<li><strong>Kutu yap\u0131s\u0131<\/strong>: \u00c7ekmece tipi, \u00fcst ve alt kapak vb. dahil olmak \u00fczere 6 kutu tipi mevcuttur;<\/li>\n<li><strong>Malzeme kombinasyonu<\/strong>: Dokunmatik ka\u011f\u0131t ve deri kabartma dahil olmak \u00fczere 12 y\u00fczey malzemesi mevcuttur;<\/li>\n<li><strong>S\u00fcre\u00e7 s\u00fcperpozisyonu<\/strong>: yerel UV, kabartma, lazer vb. dahil olmak \u00fczere 8 adede kadar i\u015flem kombinasyonunu destekler;<\/li>\n<li><strong>Fonksiyon mod\u00fcl\u00fc<\/strong>: dahili NFC \u00e7ipi veya s\u0131cakl\u0131\u011fa duyarl\u0131 renk de\u011fi\u015ftiren m\u00fcrekkep ve di\u011fer ak\u0131ll\u0131 bile\u015fenler;<\/li>\n<li><strong>\u00c7evre sertifikas\u0131<\/strong>FSC orman sertifikasyonunu ve GRS k\u00fcresel geri d\u00f6n\u00fc\u015f\u00fcm standartlar\u0131n\u0131 ge\u00e7ti.<\/li>\n<\/ol>\n<h2 id=\"7-green-revolution-a-model-of-sustainable-packaging\">7. Ye\u015fil Devrim: S\u00fcrd\u00fcr\u00fclebilir Ambalajlama Modeli<\/h2>\n<p>Kutu malzemesinin tamam\u0131\u00a0<strong>98% geri d\u00f6n\u00fc\u015ft\u00fcr\u00fclebilir<\/strong>\u00a0gri pano \u015funlar\u0131 kullan\u0131r\u00a0<strong>saman lifinden geri d\u00f6n\u00fc\u015ft\u00fcr\u00fclm\u00fc\u015f ka\u011f\u0131t hamuru<\/strong>\u00a0ve alt\u0131n karton kaplama kullan\u0131r\u00a0<strong>su bazl\u0131 \u00e7evre dostu m\u00fcrekkep<\/strong>\u00a0. Geleneksel metal ambalajlarla kar\u015f\u0131la\u015ft\u0131r\u0131ld\u0131\u011f\u0131nda, tek bir \u00fcr\u00fcn\u00a0<strong>63% karbon ayak izi<\/strong>\u00a0. \u0130\u00e7 s\u00fcnger toprakta \u015fu yollarla par\u00e7alan\u0131r\u00a0<strong>bi\u0307yo bazli poli\u0307\u00fcretan teknoloji\u0307si\u0307<\/strong>\u00a0ve floklama elyaf\u0131 kullan\u0131r\u00a0<strong>PETG geri d\u00f6n\u00fc\u015ft\u00fcr\u00fclebilir polyester<\/strong>\u00a0\u00dcretimden at\u0131\u011fa kadar eksiksiz bir ye\u015fil zincir olu\u015fturmak.<\/p>\n<h2 id=\"conclusion-defining-a-new-standard-for-high-end-packaging\">Sonu\u00e7: \u00dcst d\u00fczey ambalajlar i\u00e7in yeni bir standart tan\u0131mlan\u0131yor<\/h2>\n<p>Bu VIP kart hediye kutusunun tasar\u0131m\u0131, malzeme, yap\u0131, etkile\u015fim vb. a\u00e7\u0131lardan geleneksel ambalaj\u0131n s\u0131n\u0131rlamalar\u0131n\u0131 a\u015f\u0131yor ve \u00fcst d\u00fczey ki\u015fiselle\u015ftirmenin \u00e7a\u011fr\u0131\u015f\u0131m\u0131n\u0131 \u015fu unsurlar\u0131n \u00e7arp\u0131\u015fmas\u0131 yoluyla yeniden tan\u0131ml\u0131yor\u00a0<strong>\u00e7evre teknoloji\u0307si\u0307<\/strong>\u00a0ve\u00a0<strong>l\u00fcks i\u0307\u015f\u00e7i\u0307li\u0307k<\/strong>\u00a0. M\u00fc\u015fteriler parmak u\u00e7lar\u0131n\u0131 kadife flok \u00fczerinde kayd\u0131rd\u0131klar\u0131nda, manyetik tokan\u0131n keskin sesi kulaklar\u0131nda \u00e7\u0131nlad\u0131\u011f\u0131nda ve pembe alt\u0131n\u0131n marka izi g\u00f6zlerine yans\u0131d\u0131\u011f\u0131nda, bu \u00e7oklu duyusal deneyimlerin \u00fcst \u00fcste binmesi sonunda marka de\u011ferinin derin bir \u015fekilde tan\u0131nmas\u0131na d\u00f6n\u00fc\u015fecektir. S\u00fcrd\u00fcr\u00fclebilirlik kavram\u0131n\u0131n insanlar\u0131n zihninde derinlemesine yer etti\u011fi g\u00fcn\u00fcm\u00fczde, bu t\u00fcr tasar\u0131mlar yaln\u0131zca i\u015f ihtiya\u00e7lar\u0131n\u0131 kar\u015f\u0131lamakla kalm\u0131yor, ayn\u0131 zamanda \u015firketlerin sosyal sorumluluklar\u0131n\u0131 yerine getirmeleri i\u00e7in de \u00f6nemli bir ara\u00e7 haline geliyor.<\/p>","protected":false},"excerpt":{"rendered":"<p>\u00dccretsiz \u00f6zel bask\u0131 hizmetleri ve kadife kaplamal\u0131 tutucu ile \u00fcst d\u00fczey bir VIP kart hediye kutusu. \u0130pek kurdele ve g\u00fcl pembesi s\u0131cak folyo damgalama metni ile birlikte gelir.<\/p>","protected":false},"featured_media":187,"template":"","meta":{"_kad_post_transparent":"default","_kad_post_title":"","_kad_post_layout":"default","_kad_post_sidebar_id":"","_kad_post_content_style":"default","_kad_post_vertical_padding":"default","_kad_post_feature":"","_kad_post_feature_position":"","_kad_post_header":false,"_kad_post_footer":false,"_kad_post_classname":""},"product_brand":[],"product_cat":[15,27,17],"product_tag":[50,49,48],"class_list":{"0":"post-186","1":"product","2":"type-product","3":"status-publish","4":"has-post-thumbnail","6":"product_cat-red-light-therapy","7":"product_cat-red-light-therapy-belt","8":"product_cat-services","9":"product_tag-custom-vip-card-box","10":"product_tag-high-end-gift-box","11":"product_tag-vip-card-gift-box","13":"first","14":"instock","15":"shipping-taxable","16":"product-type-simple","17":"entry","18":"content-bg","19":"loop-entry"},"_links":{"self":[{"href":"https:\/\/red-lighttherapy.com\/tr\/wp-json\/wp\/v2\/product\/186","targetHints":{"allow":["GET"]}}],"collection":[{"href":"https:\/\/red-lighttherapy.com\/tr\/wp-json\/wp\/v2\/product"}],"about":[{"href":"https:\/\/red-lighttherapy.com\/tr\/wp-json\/wp\/v2\/types\/product"}],"wp:featuredmedia":[{"embeddable":true,"href":"https:\/\/red-lighttherapy.com\/tr\/wp-json\/wp\/v2\/media\/187"}],"wp:attachment":[{"href":"https:\/\/red-lighttherapy.com\/tr\/wp-json\/wp\/v2\/media?parent=186"}],"wp:term":[{"taxonomy":"product_brand","embeddable":true,"href":"https:\/\/red-lighttherapy.com\/tr\/wp-json\/wp\/v2\/product_brand?post=186"},{"taxonomy":"product_cat","embeddable":true,"href":"https:\/\/red-lighttherapy.com\/tr\/wp-json\/wp\/v2\/product_cat?post=186"},{"taxonomy":"product_tag","embeddable":true,"href":"https:\/\/red-lighttherapy.com\/tr\/wp-json\/wp\/v2\/product_tag?post=186"}],"curies":[{"name":"wp","href":"https:\/\/api.w.org\/{rel}","templated":true}]}}