{"id":1820,"date":"2025-04-20T07:09:19","date_gmt":"2025-04-20T07:09:19","guid":{"rendered":"https:\/\/red-lighttherapy.com\/?post_type=product&#038;p=1820"},"modified":"2025-04-22T08:20:42","modified_gmt":"2025-04-22T08:20:42","slug":"texture-fancy-paper-lid-and-base-gift-box-for-jewelry-rings","status":"publish","type":"product","link":"https:\/\/red-lighttherapy.com\/tr\/texture-fancy-paper-lid-and-base-gift-box-for-jewelry-rings\/","title":{"rendered":"Tak\u0131 Y\u00fcz\u00fckleri i\u00e7in Dokulu Fantezi Ka\u011f\u0131t Kapak ve Taban Hediye Kutusu"},"content":{"rendered":"<h2 id=\"-product-name-tiangong-series-jewelry-storage-box\">Tak\u0131 Y\u00fcz\u00fckleri i\u00e7in Dokulu Fantezi Ka\u011f\u0131t Kapak ve Taban Hediye Kutusu<\/h2>\n<h2 id=\"-1-opening-and-closing-design-of-the-top-and-bottom-lid-both-tightness-and-smoothness-\"><strong>1. Kapak ve taban kutusu a\u00e7ma ve kapama tasar\u0131m\u0131: s\u0131zd\u0131rmazl\u0131k ve p\u00fcr\u00fczs\u00fczl\u00fck<\/strong><\/h2>\n<p>\u00dcst ve alt kapa\u011f\u0131n a\u00e7\u0131lma ve kapanma tasar\u0131m\u0131: hem \u00fc\u00e7te bir hem de ya\u011flay\u0131c\u0131lar. \u00dcst ve alt kapak, kapak kutusunun g\u00f6vdeye orijinal olarak oturmas\u0131n\u0131 sa\u011flamak i\u00e7in do\u011fru bir manyetik kapatma sistemi kullan\u0131r ve m\u00fccevherler i\u00e7in 360 \u00b0 sa\u011flayarak nakliye s\u0131ras\u0131nda gev\u015femesi veya a\u00e7\u0131lmas\u0131 kolay de\u011fildir. A\u00e7ma ve kapama yolu ergonomik olarak uyarlanm\u0131\u015ft\u0131r ve ayn\u0131 elle itilerek sorunsuz bir \u015fekilde a\u00e7\u0131labilir ve kapat\u0131labilir. Operasyon uygundur ve modern t\u00fcketicilerin al\u0131\u015fkanl\u0131klar\u0131na kar\u015f\u0131l\u0131k gelir.<\/p>\n<h2 id=\"-2-universally-compatible-box-type-flexible-response-to-various-jewelry-sizes-\"><strong>2. Evrensel olarak uyumlu kutu tipi: \u00e7e\u015fitli m\u00fccevher boyutlar\u0131na esnek yan\u0131t<\/strong><\/h2>\n<p>Kutunun i\u00e7 k\u0131sm\u0131, ayarlanabilir flanel kart yuvalar\u0131 ve s\u00fcnger b\u00f6lme ile donat\u0131lm\u0131\u015f mod\u00fcler katmanl\u0131 bir tasar\u0131ma sahiptir ve y\u00fcz\u00fck, kolye ve k\u00fcpe gibi \u00e7e\u015fitli boyutlardaki tak\u0131lar\u0131n istikrarl\u0131 bir \u015fekilde saklanmas\u0131n\u0131 destekler. B\u00f6lmelerin y\u00fcksekli\u011fi ve bo\u015flu\u011fu ayarlanarak 1-5 cm y\u00fcksekli\u011findeki tak\u0131larla uyumlu hale getirilebilir, bir\u00e7ok sahnenin performans\u0131n\u0131 ve depolama ihtiya\u00e7lar\u0131n\u0131 kar\u015f\u0131lar.<\/p>\n<h2 id=\"-3-textured-paper-material-both-texture-and-environmental-protection-\"><strong>3. Dokulu Ka\u011f\u0131t malzeme: hem doku hem de \u00e7evre koruma<\/strong><\/h2>\n<ul>\n<li><strong>G\u00f6rsel ve dokunsal iyile\u015ftirme<\/strong>: Y\u00fczey, \u0131\u015f\u0131\u011f\u0131n k\u0131r\u0131lmas\u0131 alt\u0131nda mat bir doku sunan ince \u00fc\u00e7 boyutlu bir doku olu\u015fturmak i\u00e7in \u00f6zel kabartma teknolojisini benimser ve m\u00fccevherlerin parlakl\u0131\u011f\u0131yla estetik bir kontrast olu\u015fturan s\u0131cak ve hassas bir dokunu\u015fa sahiptir.<\/li>\n<li><strong>Hafif ve s\u0131k\u0131\u015ft\u0131r\u0131c\u0131 yap\u0131<\/strong>: Y\u00fcksek mukavemetli gri tahta kompozit Dokulu Ka\u011f\u0131t se\u00e7ilmi\u015ftir, kutu a\u011f\u0131rl\u0131\u011f\u0131 sadece 180 g'd\u0131r ve bas\u0131n\u00e7 dayan\u0131m\u0131 hem hafiflik hem de dayan\u0131kl\u0131l\u0131k dikkate al\u0131narak 50 kg \/ \u33a1'ye ula\u015f\u0131r.<\/li>\n<li><strong>\u00c7evre sertifikas\u0131<\/strong>: Malzeme FSC orman sertifikasyonunu ge\u00e7mi\u015ftir, \u00fcretim s\u00fcreci s\u0131f\u0131r plastik ilavesi sa\u011flar ve bozulma d\u00f6ng\u00fcs\u00fc 6 aydan k\u0131sad\u0131r, bu da ESG s\u00fcrd\u00fcr\u00fclebilir kalk\u0131nma standartlar\u0131n\u0131 kar\u015f\u0131lar.<\/li>\n<\/ul>\n<h2 id=\"-4-brand-logo-and-color-aesthetics-\"><strong>4. Marka logosu ve renk esteti\u011fi<\/strong><\/h2>\n<ul>\n<li><strong>Hassas bask\u0131 teknolojisi<\/strong>: Kutu kapa\u011f\u0131, marka logosunu basmak i\u00e7in UV mikro oyma teknolojisini kullan\u0131r, \u00e7izgi do\u011frulu\u011fu 0,1 mm'ye ula\u015f\u0131r ve markan\u0131n profesyonel imaj\u0131n\u0131 g\u00fc\u00e7lendiren kenarda \u00e7apak veya leke yoktur.<\/li>\n<li><strong>A\u00e7\u0131k ye\u015fil tasar\u0131m<\/strong>: Pantone 13-6008 TPG (yumu\u015fak sis ye\u015fili) do\u011fal ye\u015fim ta\u015f\u0131ndan esinlenen ana renktir. D\u00fc\u015f\u00fck doygunluktaki renk g\u00f6rsel yorgunlu\u011fu giderir ve m\u00fccevher end\u00fcstrisinin do\u011fa ve \u00fcst d\u00fczey aray\u0131\u015f\u0131na uyar.<\/li>\n<\/ul>\n<h2 id=\"-5-multi-layer-protective-lining-system-\"><strong>5. \u00c7ok katmanl\u0131 koruyucu astar sistemi<\/strong><\/h2>\n<p>Astar, \"flanel + y\u00fcksek yo\u011funluklu s\u00fcnger + gri tahta\" olmak \u00fczere \u00fc\u00e7 katmanl\u0131 bir yap\u0131ya sahiptir:<\/p>\n<ul>\n<li><strong>Flanel katman<\/strong>: M\u00fccevher s\u00fcrt\u00fcnme hasar\u0131n\u0131 azaltmak ve ayn\u0131 zamanda tozu emmek i\u00e7in 2mm ultra ince k\u0131sa kadife.<\/li>\n<li><strong>S\u00fcnger katman<\/strong>: Ta\u015f\u0131ma titre\u015fimini tamponlamak ve 40% ile darbe direncini art\u0131rmak i\u00e7in 5 mm geri tepme s\u00fcngeri.<\/li>\n<li><strong>Gri tahta katman\u0131<\/strong>: 1,5 mm kal\u0131nla\u015ft\u0131r\u0131lm\u0131\u015f gri tahta, kutu g\u00f6vdesini deformasyon olmadan destekler ve 2 kg'a kadar ta\u015f\u0131r.<\/li>\n<\/ul>\n<h2 id=\"-applicable-scenarios-\"><strong>Uygulanabilir senaryolar<\/strong><\/h2>\n<ul>\n<li><strong>Perakende sonu<\/strong>: tezgah te\u015fhiri, hediye kutusu ambalaj\u0131<\/li>\n<li><strong>Ki\u015fisel kullan\u0131m<\/strong>: ev depolama, seyahat ta\u015f\u0131ma<\/li>\n<li><strong>Marka \u00f6zelle\u015ftirme<\/strong>: kurumsal hediyeler, s\u0131n\u0131rl\u0131 say\u0131da \u00f6zel ambalaj<\/li>\n<\/ul>","protected":false},"excerpt":{"rendered":"<p>Do\u011fal estetik ve i\u015flevselli\u011fi temel alarak, ergonomik yap\u0131 ve \u00e7evre dostu malzemelerin yenilik\u00e7i kombinasyonu sayesinde, m\u00fccevher ambalaj\u0131n\u0131n pratik de\u011ferini ve sanatsal ifadesini yeniden tan\u0131ml\u0131yor ve markalar\u0131n \u00fcst d\u00fczey ve s\u00fcrd\u00fcr\u00fclebilir bir pazar imaj\u0131 olu\u015fturmas\u0131na yard\u0131mc\u0131 oluyoruz.<\/p>","protected":false},"featured_media":2137,"template":"","meta":{"_kad_post_transparent":"default","_kad_post_title":"","_kad_post_layout":"default","_kad_post_sidebar_id":"","_kad_post_content_style":"default","_kad_post_vertical_padding":"default","_kad_post_feature":"","_kad_post_feature_position":"","_kad_post_header":false,"_kad_post_footer":false,"_kad_post_classname":""},"product_brand":[],"product_cat":[15,19,17],"product_tag":[542,541,540],"class_list":{"0":"post-1820","1":"product","2":"type-product","3":"status-publish","4":"has-post-thumbnail","6":"product_cat-red-light-therapy","7":"product_cat-red-light-therapy-stand","8":"product_cat-services","9":"product_tag-fancy-paper-rings-box","10":"product_tag-lid-and-base-gift-box","11":"product_tag-texture-paper-jewelry-gift-box","13":"first","14":"instock","15":"shipping-taxable","16":"product-type-simple","17":"entry","18":"content-bg","19":"loop-entry"},"_links":{"self":[{"href":"https:\/\/red-lighttherapy.com\/tr\/wp-json\/wp\/v2\/product\/1820","targetHints":{"allow":["GET"]}}],"collection":[{"href":"https:\/\/red-lighttherapy.com\/tr\/wp-json\/wp\/v2\/product"}],"about":[{"href":"https:\/\/red-lighttherapy.com\/tr\/wp-json\/wp\/v2\/types\/product"}],"wp:featuredmedia":[{"embeddable":true,"href":"https:\/\/red-lighttherapy.com\/tr\/wp-json\/wp\/v2\/media\/2137"}],"wp:attachment":[{"href":"https:\/\/red-lighttherapy.com\/tr\/wp-json\/wp\/v2\/media?parent=1820"}],"wp:term":[{"taxonomy":"product_brand","embeddable":true,"href":"https:\/\/red-lighttherapy.com\/tr\/wp-json\/wp\/v2\/product_brand?post=1820"},{"taxonomy":"product_cat","embeddable":true,"href":"https:\/\/red-lighttherapy.com\/tr\/wp-json\/wp\/v2\/product_cat?post=1820"},{"taxonomy":"product_tag","embeddable":true,"href":"https:\/\/red-lighttherapy.com\/tr\/wp-json\/wp\/v2\/product_tag?post=1820"}],"curies":[{"name":"wp","href":"https:\/\/api.w.org\/{rel}","templated":true}]}}