{"id":1273,"date":"2025-04-17T14:52:03","date_gmt":"2025-04-17T14:52:03","guid":{"rendered":"https:\/\/red-lighttherapy.com\/?post_type=product&#038;p=1273"},"modified":"2025-04-20T07:09:12","modified_gmt":"2025-04-20T07:09:12","slug":"distributor-custom-vintage-tea-rigid-drawer-boxes-packaging","status":"publish","type":"product","link":"https:\/\/red-lighttherapy.com\/tr\/distributor-custom-vintage-tea-rigid-drawer-boxes-packaging\/","title":{"rendered":"Distrib\u00fct\u00f6r \u00d6zel Vintage \u00c7ay Sert \u00c7ekmece Kutular\u0131 Ambalaj\u0131"},"content":{"rendered":"<h2 id=\"-customized-retro-tea-rigid-drawer-box-packaging-product-description-\"><strong>\u00d6zelle\u015ftirilmi\u015f Retro \u00c7ay Sert \u00c7ekmece Kutusu Ambalaj\u0131 \u00dcr\u00fcn A\u00e7\u0131klamas\u0131<\/strong><\/h2>\n<h2 id=\"-1-spot-color-printing-and-craft-design-\"><strong>1. Spot Renkli Bask\u0131 ve El Sanatlar\u0131 Tasar\u0131m\u0131<\/strong><\/h2>\n<p>Bu retro \u00e7ay ka\u011f\u0131d\u0131 \u00e7ekmece kutusu y\u00fczey ka\u011f\u0131d\u0131 \u015funlardan yap\u0131lm\u0131\u015ft\u0131r\u00a0<strong>ku\u015fe ka\u011f\u0131t<\/strong>\u00a0malzeme. ve\u00a0<strong>spot renkli\u0307 baski teknoloji\u0307si\u0307<\/strong>\u00a0retro renk tonunu do\u011fru bir \u015fekilde geri y\u00fckler ve\u00a0<strong>k\u0131smi UV i\u015flemi<\/strong>\u00a0B\u00f6ylece desen veya metin \u00fc\u00e7 boyutlu bir dokunu\u015fa ve yumu\u015fak bir parlakl\u0131\u011fa sahip olur ve g\u00f6rsel ve dokunsal duyular\u0131n her ikisi de geli\u015ftirilir. Ku\u015fe ka\u011f\u0131d\u0131n y\u00fcksek p\u00fcr\u00fczs\u00fczl\u00fc\u011f\u00fc ve m\u00fcrekkep emicili\u011fi, bask\u0131 renginin tam ve ayr\u0131nt\u0131lar\u0131n net olmas\u0131n\u0131 sa\u011flar. UV teknolojisinin a\u015f\u0131nmaya dayan\u0131kl\u0131 \u00f6zellikleriyle birle\u015fti\u011finde, markan\u0131n \u00fcst d\u00fczey mizac\u0131n\u0131 ve k\u00fclt\u00fcrel miras\u0131n\u0131 vurgular.<\/p>\n<h2 id=\"-2-classic-paper-drawer-box-opening-and-closing-design-\"><strong>2. Klasik ka\u011f\u0131t \u00e7ekmece kutusu a\u00e7ma ve kapama tasar\u0131m\u0131<\/strong><\/h2>\n<p>Ambalaj, bir\u00a0<strong>ka\u011f\u0131t \u00e7ekmece kutusu yap\u0131s\u0131<\/strong>A\u00e7\u0131lmas\u0131 ve kapat\u0131lmas\u0131 p\u00fcr\u00fczs\u00fcz ve rahat olan \u00e7ekmece, hem pratikli\u011fe hem de rit\u00fcel hissine sahiptir. Ka\u011f\u0131t \u00e7ekmece tasar\u0131m\u0131 sadece \u00e7ay almak i\u00e7in uygun olmakla kalmaz, ayn\u0131 zamanda i\u00e7 kutunun i\u00e7eri\u011fini kademeli olarak g\u00f6stererek t\u00fcketici deneyiminin etkile\u015fimini de art\u0131rabilir. Geleneksel \u00e7ay k\u00fclt\u00fcr\u00fcnden esinlenen bu tasar\u0131m, modern estetikle birle\u015ferek \u00fcr\u00fcne \"hazine gibi bir kutu a\u00e7ma\" rit\u00fceli hissi verir.<\/p>\n<h2 id=\"-3-high-density-sponge-lining-protection-\"><strong>3. Y\u00fcksek yo\u011funluklu s\u00fcnger astar korumas\u0131<\/strong><\/h2>\n<p>\u0130\u00e7 astar \u015funlar\u0131 kullan\u0131r\u00a0<strong>35KG y\u00fcksek yo\u011funluklu \u00e7evre dostu s\u00fcnger<\/strong>Ta\u015f\u0131ma veya depolama s\u0131ras\u0131nda sallanmay\u0131 ve \u00e7arp\u0131\u015fmay\u0131 \u00f6nlemek i\u00e7in \u00e7ay kekini veya \u00e7ay tu\u011flas\u0131n\u0131 s\u0131k\u0131ca sabitlemek i\u00e7in hassas bir \u015fekilde kesilmi\u015f ve g\u00f6m\u00fcl\u00fc bir tepsi ile tasarlanm\u0131\u015ft\u0131r. S\u00fcnger m\u00fckemmel esnekli\u011fe ve bas\u0131n\u00e7 direncine sahiptir, uzun s\u00fcre sabit bir \u015fekli koruyabilir ve \u00e7ay i\u00e7in fiziksel koruma ve s\u0131cakl\u0131k ve nem tamponu sa\u011flayabilir.<\/p>\n<h2 id=\"-4-warm-color-inner-box-visual-presentation-\"><strong>4. S\u0131cak renkli i\u00e7 kutu g\u00f6rsel sunumu<\/strong><\/h2>\n<p>\u0130\u00e7 kutu \u015fu \u015fekilde bas\u0131lm\u0131\u015ft\u0131r\u00a0<strong>157g ku\u015fe ka\u011f\u0131t<\/strong>Ana ton olarak s\u0131cak renkler (bej ve koyu sar\u0131 gibi) kullan\u0131lm\u0131\u015f ve retro doku mat veya s\u0131cak damgalama teknolojisi ile geli\u015ftirilmi\u015ftir. Kaplamal\u0131 ka\u011f\u0131d\u0131n hassas y\u00fczeyi ve y\u00fcksek beyazl\u0131k taban\u0131, yumu\u015fak renk ge\u00e7i\u015fiyle birle\u015ferek \u00e7ay\u0131n do\u011fal \u00f6zelliklerini ve k\u00fclt\u00fcrel \u00e7a\u011fr\u0131\u015f\u0131mlar\u0131n\u0131 yans\u0131tan g\u00f6rsel bir \"enfes \u00e7ay deposu\" atmosferi yarat\u0131r.<\/p>\n<h2 id=\"-5-factory-qualifications-and-design-support-\"><strong>5. Fabrika nitelikleri ve tasar\u0131m deste\u011fi<\/strong><\/h2>\n<p>\u00dcreticinin\u00a0<strong>ba\u011f\u0131ms\u0131z fabrika binalar\u0131<\/strong>\u00a0ve tasar\u0131mdan seri \u00fcretime kadar tek elden hizmet sunabilen Alman BHS \u00fcretim hatt\u0131 ve dijital bask\u0131 \u00f6ncesi bask\u0131 teknolojisi gibi geli\u015fmi\u015f ekipmanlarla donat\u0131lm\u0131\u015f profesyonel bir tasar\u0131m ekibine sahiptir. Ekip, farkl\u0131 y\u0131llardaki \u00e7ay tu\u011flalar\u0131na uyarlanm\u0131\u015f katmanl\u0131 yap\u0131lar veya geleneksel desenleri modern minimalist unsurlarla b\u00fct\u00fcnle\u015ftirmek gibi \u00e7ay kategorilerinin (Pu'er ve beyaz \u00e7ay gibi) \u00f6zelliklerine g\u00f6re \u00f6zelle\u015ftirilmi\u015f \u00f6neriler sunma konusunda ba\u015far\u0131l\u0131d\u0131r.<\/p>\n<h2 id=\"-6-environmental-certification-and-high-cost-performance-\"><strong>6. \u00c7evre sertifikas\u0131 ve y\u00fcksek maliyet performans\u0131<\/strong><\/h2>\n<p>Fabrika, ambalaj malzemesinin s\u00fcrekli y\u00f6netilen ormanlardan geldi\u011finden emin olmak i\u00e7in FSC One sertifikasyonundan ge\u00e7mi\u015ftir ve su bazl\u0131 m\u00fcrekkep ve par\u00e7alanabilir astar gibi \u00e7evre dostu s\u00fcre\u00e7ler kullanmaktad\u0131r. B\u00fcy\u00fck \u00f6l\u00e7ekli \u00fcretim ve ak\u0131ll\u0131 y\u00f6netim (temel ka\u011f\u0131t deposu ve otomatik lojistik gibi) sayesinde, kaliteyi sa\u011flayarak maliyetleri kontrol ediyor ve m\u00fc\u015fterilere hem \u00e7evre dostu hem de uygun fiyatl\u0131 \u00e7\u00f6z\u00fcmler sunuyoruz.<\/p>","protected":false},"excerpt":{"rendered":"<p>Bu \u00fcr\u00fcn \u00fcst d\u00fczey \u00e7ay markalar\u0131, k\u00fclt\u00fcrel hediyeler ve koleksiyon \u00e7ay \u00fcr\u00fcnleri i\u00e7in uygundur. Boyut, kutu tipi (\u00fcst ve alt kapaklar, \u00f6zel \u015fekilli kutular gibi) ve aksesuarlar (kurdeleler, donan\u0131m aksesuarlar\u0131) \u00f6zelle\u015ftirilebilir. Malzemelerin, i\u015f\u00e7ili\u011fin ve tasar\u0131m\u0131n koordinasyonu sayesinde, yaln\u0131zca retro esteti\u011fin ihtiya\u00e7lar\u0131n\u0131 kar\u015f\u0131lamakla kalmaz, ayn\u0131 zamanda pratik koruma i\u015flevlerini de dikkate alarak markalar\u0131n katma de\u011feri art\u0131rmas\u0131na ve farkl\u0131la\u015ft\u0131r\u0131lm\u0131\u015f pazar rekabet g\u00fcc\u00fc yaratmas\u0131na yard\u0131mc\u0131 olur.<\/p>","protected":false},"featured_media":1815,"template":"","meta":{"_kad_post_transparent":"default","_kad_post_title":"","_kad_post_layout":"default","_kad_post_sidebar_id":"","_kad_post_content_style":"default","_kad_post_vertical_padding":"default","_kad_post_feature":"","_kad_post_feature_position":"","_kad_post_header":false,"_kad_post_footer":false,"_kad_post_classname":""},"product_brand":[],"product_cat":[15,20,17],"product_tag":[537,539,538],"class_list":{"0":"post-1273","1":"product","2":"type-product","3":"status-publish","4":"has-post-thumbnail","6":"product_cat-red-light-therapy","7":"product_cat-led-face-light-therapy","8":"product_cat-services","9":"product_tag-custom-rigid-drawer-boxes","10":"product_tag-drawer-rigid-boxes","11":"product_tag-tea-box-packaging","13":"first","14":"instock","15":"shipping-taxable","16":"product-type-simple","17":"entry","18":"content-bg","19":"loop-entry"},"_links":{"self":[{"href":"https:\/\/red-lighttherapy.com\/tr\/wp-json\/wp\/v2\/product\/1273","targetHints":{"allow":["GET"]}}],"collection":[{"href":"https:\/\/red-lighttherapy.com\/tr\/wp-json\/wp\/v2\/product"}],"about":[{"href":"https:\/\/red-lighttherapy.com\/tr\/wp-json\/wp\/v2\/types\/product"}],"wp:featuredmedia":[{"embeddable":true,"href":"https:\/\/red-lighttherapy.com\/tr\/wp-json\/wp\/v2\/media\/1815"}],"wp:attachment":[{"href":"https:\/\/red-lighttherapy.com\/tr\/wp-json\/wp\/v2\/media?parent=1273"}],"wp:term":[{"taxonomy":"product_brand","embeddable":true,"href":"https:\/\/red-lighttherapy.com\/tr\/wp-json\/wp\/v2\/product_brand?post=1273"},{"taxonomy":"product_cat","embeddable":true,"href":"https:\/\/red-lighttherapy.com\/tr\/wp-json\/wp\/v2\/product_cat?post=1273"},{"taxonomy":"product_tag","embeddable":true,"href":"https:\/\/red-lighttherapy.com\/tr\/wp-json\/wp\/v2\/product_tag?post=1273"}],"curies":[{"name":"wp","href":"https:\/\/api.w.org\/{rel}","templated":true}]}}