{"id":1243,"date":"2025-04-17T08:15:49","date_gmt":"2025-04-17T08:15:49","guid":{"rendered":"https:\/\/red-lighttherapy.com\/?post_type=product&#038;p=1243"},"modified":"2025-04-17T08:48:04","modified_gmt":"2025-04-17T08:48:04","slug":"vendor-luxury-two-pack-red-wine-double-side-open-gift-box","status":"publish","type":"product","link":"https:\/\/red-lighttherapy.com\/tr\/vendor-luxury-two-pack-red-wine-double-side-open-gift-box\/","title":{"rendered":"Sat\u0131c\u0131 L\u00fcks \u0130ki Paket K\u0131rm\u0131z\u0131 \u015earap \u00c7ift Tarafl\u0131 A\u00e7\u0131k Hediye Kutusu"},"content":{"rendered":"<h2 id=\"-double-sided-luxury-wine-gift-box-\">Sat\u0131c\u0131 L\u00fcks \u0130ki Paket K\u0131rm\u0131z\u0131 \u015earap \u00c7ift Tarafl\u0131 A\u00e7\u0131k Hediye Kutusu<\/h2>\n<h4 id=\"-i-innovative-double-door-structure-design-\"><strong>1. Yenilik\u00e7i \u00e7ift kap\u0131l\u0131 yap\u0131 tasar\u0131m\u0131<\/strong><\/h4>\n<ul>\n<li>D\u0131\u015f kutu g\u00f6vdesi 2,5 mm y\u00fcksek yo\u011funluklu gri tahtaya dayanmaktad\u0131r ve i\u00e7 oluk, standart \u015farap \u015fi\u015fesinin e\u011frisine tam olarak uyan EVA hassas kal\u0131p kesme teknolojisini benimser. \u00c7ift \u015fi\u015fe pozisyonlar\u0131, ta\u015f\u0131ma s\u0131ras\u0131nda \u015fi\u015felerin \u00e7arp\u0131\u015fmas\u0131n\u0131 \u00f6nlemek i\u00e7in \u226515 mm aral\u0131kla ba\u011f\u0131ms\u0131z olarak ayr\u0131lm\u0131\u015ft\u0131r.<\/li>\n<li>Tamamen a\u00e7\u0131k 180\u00b0 katlanabilir tasar\u0131m, k\u0131rm\u0131z\u0131 \u015farab\u0131 saklarken ve geri al\u0131rken \u015fi\u015fe g\u00f6vdesinin e\u011filmesini gerektirmez. Manyetik toka kapatma sistemi ile kapanma hatas\u0131 \u22640,3 mm'dir.<\/li>\n<\/ul>\n<h2 id=\"-ii-minimalist-aesthetics-and-functional-integration-\"><strong>2. Minimalist estetik ve fonksiyonel entegrasyon<\/strong><\/h2>\n<ul>\n<li>Kutu g\u00f6vdesinin ana rengi pembe ve maviden olu\u015fan \u00e7ift tarafl\u0131 bir \u00e7arp\u0131\u015fma tasar\u0131m\u0131n\u0131 benimser. Mat dokunmatik film ve yerel UV vernik i\u015flemi sayesinde kadife doku ile ayna yans\u0131mas\u0131 aras\u0131nda g\u00f6rsel bir kontrast olu\u015fturulmu\u015ftur.<\/li>\n<li>LOGO'suz marka tan\u0131mlama \u00e7\u00f6z\u00fcm\u00fc: dokunsal haf\u0131za yoluyla bili\u015fi geli\u015ftirmek i\u00e7in kutunun yan kenarlar\u0131na markaya \u00f6zg\u00fc dalgalanma sembolleri kal\u0131planm\u0131\u015ft\u0131r.<\/li>\n<\/ul>\n<h2 id=\"-three-engineering-level-protection-system-\"><strong>3. M\u00fchendislik d\u00fczeyinde koruma sistemi<\/strong><\/h2>\n<ul>\n<li>15\u00b0 e\u011fimli i\u00e7 deste\u011fi \u00f6zelle\u015ftirmek i\u00e7in 3D modelleme kullan\u0131l\u0131r, 40D yo\u011funluklu EVA tampon katman\u0131 ile ISTA 3A ta\u015f\u0131ma testi ile do\u011frulanm\u0131\u015ft\u0131r, 1,2 m d\u00fc\u015fme etkisine dayanabilir.<\/li>\n<li>Katmanl\u0131 koruma yap\u0131s\u0131: \u00fcst 5mm petek karton bas\u0131nca dayan\u0131kl\u0131 katman + orta EVA darbe emici katman + alt kaymaz silikon ped, \u00fc\u00e7l\u00fc koruma -20 \u2103 ila 50 \u2103 aras\u0131ndaki s\u0131cakl\u0131k ve nem de\u011fi\u015fikliklerine uyum sa\u011flar.<\/li>\n<\/ul>\n<h2 id=\"-fourth-flexible-customization-solutions-\"><strong>4. Esnek \u00f6zelle\u015ftirme \u00e7\u00f6z\u00fcmleri<\/strong><\/h2>\n<ul>\n<li><strong>Malzeme y\u00fckseltme<\/strong>: Ceviz masif ah\u015fap ve bambu elyaf \u00e7evre dostu tahta gibi 12 alt tabakay\u0131 destekler<\/li>\n<li><strong>S\u00fcre\u00e7 geni\u015fletme<\/strong>: 18 s\u0131cak damgalama\/kabartma\/lazer grav\u00fcr gibi y\u00fczey i\u015fleme s\u00fcreci k\u00fct\u00fcphanesi<\/li>\n<li><strong>Ak\u0131ll\u0131 yan\u0131t<\/strong>: 48 saat i\u00e7inde 3D yap\u0131 provas\u0131n\u0131 tamamlay\u0131n ve 72 saat i\u00e7inde bitmi\u015f \u00fcr\u00fcnlerin k\u00fc\u00e7\u00fck partilerini teslim edin<\/li>\n<\/ul>\n<h2 id=\"-five-multi-scenario-application-value-\"><strong>5. \u00c7ok senaryolu uygulama de\u011feri<\/strong><\/h2>\n<table>\n<thead>\n<tr>\n<th>Uygulama senaryosu<\/th>\n<th>Temel avantaj d\u00fczenlemesi<\/th>\n<\/tr>\n<\/thead>\n<tbody>\n<tr>\n<td>\u00dcst d\u00fczey i\u015f hediyeleri<\/td>\n<td>\u0130ki renkli \u00e7ift yaprakl\u0131 tasar\u0131m asil t\u00f6ren duygusunu vurgular<\/td>\n<\/tr>\n<tr>\n<td>Perakende te\u015fhir<\/td>\n<td>Kendinden destekli yap\u0131s\u0131 sayesinde 30% vitrin alan\u0131ndan tasarruf sa\u011flar<\/td>\n<\/tr>\n<tr>\n<td>Depolama ve nakliye<\/td>\n<td>\u0130stiflenebilir tasar\u0131m 40% ile y\u00fckleme verimlili\u011fini art\u0131r\u0131r<\/td>\n<\/tr>\n<tr>\n<td>S\u00fcrd\u00fcr\u00fclebilir kullan\u0131m<\/td>\n<td>\u0130\u00e7 tepsi bir m\u00fccevher saklama mod\u00fcl\u00fc ile de\u011fi\u015ftirilebilir<\/td>\n<\/tr>\n<\/tbody>\n<\/table>","protected":false},"excerpt":{"rendered":"<p>\u00c7ift taraf\u0131 a\u00e7\u0131k hediye kutusu yap\u0131s\u0131, d\u0131\u015f kutu g\u00f6vdesi ve i\u00e7 oluk i\u00e7 i\u00e7e bir d\u00fczen olu\u015fturur, iki \u015fi\u015fe konumu ba\u011f\u0131ms\u0131z olarak ayr\u0131l\u0131r, standart k\u0131rm\u0131z\u0131 \u015farap \u015fi\u015fesinin e\u011frisine m\u00fckemmel uyum sa\u011flar, tamamen a\u00e7\u0131k tasar\u0131m\u0131n saklanmas\u0131 ve al\u0131nmas\u0131 kolayd\u0131r, kutu g\u00f6vdesi kapat\u0131ld\u0131\u011f\u0131nda s\u0131k\u0131ca oturur ve genel \u015fekli basit ve temizdir, bu sadece nakliye koruma ihtiya\u00e7lar\u0131n\u0131 kar\u015f\u0131lamakla kalmaz, ayn\u0131 zamanda estetik bir ekran g\u00f6r\u00fcn\u00fcm\u00fcne de sahiptir.<\/p>","protected":false},"featured_media":1245,"template":"","meta":{"_kad_post_transparent":"default","_kad_post_title":"","_kad_post_layout":"default","_kad_post_sidebar_id":"","_kad_post_content_style":"default","_kad_post_vertical_padding":"default","_kad_post_feature":"","_kad_post_feature_position":"","_kad_post_header":false,"_kad_post_footer":false,"_kad_post_classname":""},"product_brand":[],"product_cat":[15,17],"product_tag":[488,486,487],"class_list":{"0":"post-1243","1":"product","2":"type-product","3":"status-publish","4":"has-post-thumbnail","6":"product_cat-red-light-therapy","7":"product_cat-services","8":"product_tag-luxury-red-wine-packaging","9":"product_tag-luxury-two-pack-red-wine-box","10":"product_tag-wine-gift-box","12":"first","13":"instock","14":"shipping-taxable","15":"product-type-simple","16":"entry","17":"content-bg","18":"loop-entry"},"_links":{"self":[{"href":"https:\/\/red-lighttherapy.com\/tr\/wp-json\/wp\/v2\/product\/1243","targetHints":{"allow":["GET"]}}],"collection":[{"href":"https:\/\/red-lighttherapy.com\/tr\/wp-json\/wp\/v2\/product"}],"about":[{"href":"https:\/\/red-lighttherapy.com\/tr\/wp-json\/wp\/v2\/types\/product"}],"wp:featuredmedia":[{"embeddable":true,"href":"https:\/\/red-lighttherapy.com\/tr\/wp-json\/wp\/v2\/media\/1245"}],"wp:attachment":[{"href":"https:\/\/red-lighttherapy.com\/tr\/wp-json\/wp\/v2\/media?parent=1243"}],"wp:term":[{"taxonomy":"product_brand","embeddable":true,"href":"https:\/\/red-lighttherapy.com\/tr\/wp-json\/wp\/v2\/product_brand?post=1243"},{"taxonomy":"product_cat","embeddable":true,"href":"https:\/\/red-lighttherapy.com\/tr\/wp-json\/wp\/v2\/product_cat?post=1243"},{"taxonomy":"product_tag","embeddable":true,"href":"https:\/\/red-lighttherapy.com\/tr\/wp-json\/wp\/v2\/product_tag?post=1243"}],"curies":[{"name":"wp","href":"https:\/\/api.w.org\/{rel}","templated":true}]}}