{"id":1236,"date":"2025-04-17T08:00:30","date_gmt":"2025-04-17T08:00:30","guid":{"rendered":"https:\/\/red-lighttherapy.com\/?post_type=product&#038;p=1236"},"modified":"2025-04-17T08:15:29","modified_gmt":"2025-04-17T08:15:29","slug":"glitter-paper-collapsible-magnetic-gift-boxes-for-hair-wigs","status":"publish","type":"product","link":"https:\/\/red-lighttherapy.com\/tr\/glitter-paper-collapsible-magnetic-gift-boxes-for-hair-wigs\/","title":{"rendered":"Sa\u00e7 Peruklar\u0131 i\u00e7in Glitter Ka\u011f\u0131t Katlanabilir Manyetik Hediye Kutular\u0131"},"content":{"rendered":"<h2 id=\"glitter-paper-foldable-magnetic-wig-gift-box-product-description\">Glitter Ka\u011f\u0131t Katlanabilir Manyetik Kapakl\u0131 Peruk Hediye Kutusu \u00dcr\u00fcn A\u00e7\u0131klamas\u0131<\/h2>\n<h2 id=\"-1-easy-to-open-and-close-and-stable-folding-design-optimizes-transportation-and-storage-\"><strong>1. A\u00e7\u0131lmas\u0131 ve kapat\u0131lmas\u0131 kolay ve sabit, katlan\u0131r tasar\u0131m ta\u015f\u0131ma ve depolamay\u0131 optimize eder<\/strong><\/h2>\n<p>Bu \u00fcr\u00fcn yenilik\u00e7i bir katlama yap\u0131s\u0131na sahiptir. Kutu a\u00e7\u0131ld\u0131ktan sonra, manyetik kapatma sistemi arac\u0131l\u0131\u011f\u0131yla h\u0131zl\u0131 bir \u015fekilde a\u00e7\u0131l\u0131p kapat\u0131labilir. Kapat\u0131ld\u0131\u011f\u0131nda, manyetik kuvvet dengeyi sa\u011flamak i\u00e7in e\u015fit olarak da\u011f\u0131t\u0131l\u0131r; katland\u0131ktan sonraki kal\u0131nl\u0131k orijinal hacmin sadece 1\/5'i kadard\u0131r, bu da depolama ve lojistik alan\u0131ndan b\u00fcy\u00fck \u00f6l\u00e7\u00fcde tasarruf sa\u011flar ve nakliye maliyetlerini 30%'den daha fazla azalt\u0131r. Kutu g\u00f6vdesi, uzun s\u00fcreli kullan\u0131mdan sonra deforme olmayacak hassas k\u0131r\u0131\u015f\u0131kl\u0131k teknolojisine sahip y\u00fcksek mukavemetli gri tahta destek \u00e7er\u00e7evesi ile g\u00f6m\u00fcl\u00fcd\u00fcr ve s\u0131n\u0131r \u00f6tesi nakliye ve uzun s\u00fcreli depolama ihtiya\u00e7lar\u0131 i\u00e7in uygun olan kay\u0131ps\u0131z 500'den fazla kez tekrar tekrar katlanabilir.<\/p>\n<h2 id=\"-2-magnetic-box-design-neat-lines-and-high-space-utilization-\"><strong>2. Manyetik kutu tasar\u0131m\u0131, d\u00fczg\u00fcn \u00e7izgiler ve y\u00fcksek alan kullan\u0131m\u0131<\/strong><\/h2>\n<p>Kutu g\u00f6vdesi entegre bir manyetik kapatma sistemine sahiptir ve yan taraf, 0,8N\/cm\u00b2'lik bir emme kuvveti, p\u00fcr\u00fczs\u00fcz a\u00e7\u0131lma ve kapanma hissi ve m\u00fckemmel s\u0131zd\u0131rmazl\u0131k sa\u011flayan g\u00fc\u00e7l\u00fc bir NdFeB manyetik levha ile g\u00f6m\u00fcl\u00fcd\u00fcr. \u0130\u00e7 mekan tasar\u0131m\u0131 alt\u0131n oran\u0131 takip eder ve peruk, m\u00fccevher ve kozmetik gibi hafif l\u00fcks e\u015fyalar\u0131 esnek bir \u015fekilde saklayabilir. Y\u00fcksekli\u011fi 5-30 cm olan \u00e7e\u015fitli e\u015fyalar i\u00e7in uygundur ve alan kullan\u0131m oran\u0131n\u0131 40% art\u0131ran ayarlanabilir katmanl\u0131 bir astar ile donat\u0131lm\u0131\u015ft\u0131r.<\/p>\n<h2 id=\"-3-glitter-paper-material-smart-light-and-shadow-high-end-texture-\"><strong>3. Glitter Ka\u011f\u0131t malzemesi: ak\u0131ll\u0131 \u0131\u015f\u0131k ve g\u00f6lge, \u00fcst d\u00fczey doku<\/strong><\/h2>\n<p>Y\u00fczey, \u0131\u015f\u0131\u011f\u0131n k\u0131r\u0131lmas\u0131 alt\u0131nda \u00e7ok seviyeli bir y\u0131ld\u0131z efekti sunan mikron d\u00fczeyinde par\u0131lt\u0131l\u0131 par\u00e7ac\u0131klarla g\u00f6m\u00fcl\u00fc ithal \u00e7evre dostu par\u0131lt\u0131l\u0131 ka\u011f\u0131ttan yap\u0131lm\u0131\u015ft\u0131r. Malzeme SGS sertifikal\u0131d\u0131r, a\u015f\u0131nmaya ve \u00e7izilmeye kar\u015f\u0131 dayan\u0131kl\u0131d\u0131r ve AB REACH \u00e7evre koruma standartlar\u0131na uygundur. D\u00f6rt renkte mevcuttur: siyah, alt\u0131n, g\u00fcm\u00fc\u015f ve ye\u015fil. Ana renk, \u00e7evre koruma konsepti ve gen\u00e7 marka imaj\u0131yla uyumlu olan \"Ye\u015fil \"dir.<\/p>\n<h2 id=\"-4-precision-technology-industrial-grade-quality-control-and-detail-processing-\"><strong>4. Hassas teknoloji: end\u00fcstriyel d\u00fczeyde kalite kontrol ve detay i\u015fleme<\/strong><\/h2>\n<ul>\n<li><strong>Kenar i\u015fleme<\/strong>: Lazer hassas kesim teknolojisi kullan\u0131l\u0131r, kesi p\u00fcr\u00fczs\u00fcz ve \u00e7apaks\u0131zd\u0131r ve hata \u22640,1 mm'dir;<\/li>\n<li><strong>Birle\u015ftirme i\u015flemi<\/strong>: Alman Henkel \u00e7evre dostu yap\u0131\u015ft\u0131r\u0131c\u0131 ile diki\u015fsiz yap\u0131\u015ft\u0131rma, gerilme mukavemeti 50N \/ cm'ye ula\u015f\u0131r ve binlerce a\u00e7ma ve kapama testinden sonra diki\u015flerde \u00e7atlak yoktur;<\/li>\n<li><strong>Y\u00fczey bask\u0131s\u0131<\/strong>: 4C + 0C spot renkli bask\u0131y\u0131 destekler (Pantone renk numaras\u0131 \/ Pantone + CMYK) ve degrade efekt do\u011frulu\u011fu 175 sat\u0131r \/ in\u00e7'e ula\u015f\u0131r.<\/li>\n<\/ul>\n<h2 id=\"-5-environmental-protection-theme-and-scene-adaptation-\"><strong>5. \u00c7evre koruma temas\u0131 ve sahne adaptasyonu<\/strong><\/h2>\n<p>Ana renk olarak \"Ye\u015fil\" ile orman ekolojisinden esinlenilmi\u015f ve sade bir l\u00fcks\u00fc yans\u0131tmak i\u00e7in mat UV kaplama ile e\u015fle\u015ftirilmi\u015ftir. Kutu g\u00f6vdesi, \u00e7evre koruma konseptleri ve festival atmosferi yaratma dikkate al\u0131narak Sevgililer G\u00fcn\u00fc hediye kutular\u0131, marka s\u0131n\u0131rl\u0131 say\u0131da ambalaj ve di\u011fer sahneler i\u00e7in uygun tatil s\u0131cak damgalama desenleriyle (Noel kar taneleri ve Bahar \u015eenli\u011fi bulutlar\u0131 gibi) \u00f6zelle\u015ftirilebilir.<\/p>\n<h2 id=\"-6-ribbon-lifting-a-balance-between-function-and-aesthetics-\"><strong>6. \u015eerit kald\u0131rma: i\u015flev ve estetik aras\u0131nda bir denge<\/strong><\/h2>\n<p>Kutunun \u00fcst k\u0131sm\u0131, 5 kg'a kadar ta\u015f\u0131yabilen y\u00fcksek mukavemetli bir polyester \u015ferit ile \u00f6nceden g\u00f6m\u00fcl\u00fcd\u00fcr. Kald\u0131rma a\u00e7\u0131s\u0131 ergonomik olarak tasarlanm\u0131\u015ft\u0131r ve kutu a\u00e7ma kuvveti \u226410N'dir. \u015eerit, s\u0131cak damgalama \/ kabartmal\u0131 LOGO ile \u00f6zelle\u015ftirilebilir ve ambalaj a\u00e7ma t\u00f6reninin duygusunu geli\u015ftirmek i\u00e7in mat ve saten olmak \u00fczere iki doku se\u00e7ene\u011fi mevcuttur.<\/p>\n<h2 id=\"-8-full-link-personalized-customization-service-\"><strong>8. Tam ba\u011flant\u0131 ki\u015fiselle\u015ftirilmi\u015f \u00f6zelle\u015ftirme hizmeti<\/strong><\/h2>\n<ul>\n<li><strong>Boyut<\/strong>: Minimum 500 sipari\u015f miktar\u0131 ile uzunluk, geni\u015flik ve y\u00fckseklik oran\u0131n\u0131n 1:1 ila 1:3 aras\u0131nda ayarlanmas\u0131n\u0131 destekler;<\/li>\n<li><strong>Kutu tipi<\/strong>Kitap \u015feklinde kutu, \u00fcst ve alt kapak, \u00e7ekmece kutusu gibi 6 temel kutu tipi iste\u011fe ba\u011fl\u0131d\u0131r ve \u00f6zel \u015fekilli yap\u0131 geli\u015ftirme desteklenir;<\/li>\n<li><strong>Bask\u0131 ve i\u015flem<\/strong>: LOGO, \u22651200dpi \u00e7\u00f6z\u00fcn\u00fcrl\u00fckte s\u0131cak damgalama, kabartma ve yerel UV gibi 12 i\u015flemi se\u00e7ebilir;<\/li>\n<li><strong>\u00c7evre sertifikas\u0131<\/strong>: FSC sertifikal\u0131 ka\u011f\u0131t ve su bazl\u0131 m\u00fcrekkep gibi ye\u015fil \u00fcretim \u00e7\u00f6z\u00fcmleri sa\u011flay\u0131n.<\/li>\n<\/ul>","protected":false},"excerpt":{"rendered":"<p>Bu katlanabilir manyetik kapakl\u0131 kutunun a\u00e7\u0131lmas\u0131 ve kapat\u0131lmas\u0131 kolayd\u0131r ve stabildir. Katland\u0131ktan sonra ta\u015f\u0131nmas\u0131 ve depolanmas\u0131 kolayd\u0131r, bu da lojistik maliyetlerini azalt\u0131r ve kutu g\u00f6vdesinin uzun s\u00fcre deforme olmas\u0131n\u0131 \u00f6nler. Kutu g\u00f6vdesi esas olarak ye\u015fildir, bu da \u00e7evre koruma temas\u0131yla uyumludur ve markan\u0131n gen\u00e7lik ve canl\u0131l\u0131k tonunu ta\u015f\u0131r. Peruk ambalajlar\u0131n\u0131z ve di\u011fer sahneleriniz i\u00e7in uygundur.<\/p>","protected":false},"featured_media":1238,"template":"","meta":{"_kad_post_transparent":"default","_kad_post_title":"","_kad_post_layout":"default","_kad_post_sidebar_id":"","_kad_post_content_style":"default","_kad_post_vertical_padding":"default","_kad_post_feature":"","_kad_post_feature_position":"","_kad_post_header":false,"_kad_post_footer":false,"_kad_post_classname":""},"product_brand":[],"product_cat":[15,22,17],"product_tag":[484,483,485],"class_list":{"0":"post-1236","1":"product","2":"type-product","3":"status-publish","4":"has-post-thumbnail","6":"product_cat-red-light-therapy","7":"product_cat-red-light-therapy-blanket","8":"product_cat-services","9":"product_tag-collapsible-gift-boxes","10":"product_tag-custom-glitter-gift-boxes-wholesale","11":"product_tag-foldable-gift-box-wholesale","13":"first","14":"instock","15":"shipping-taxable","16":"product-type-simple","17":"entry","18":"content-bg","19":"loop-entry"},"_links":{"self":[{"href":"https:\/\/red-lighttherapy.com\/tr\/wp-json\/wp\/v2\/product\/1236","targetHints":{"allow":["GET"]}}],"collection":[{"href":"https:\/\/red-lighttherapy.com\/tr\/wp-json\/wp\/v2\/product"}],"about":[{"href":"https:\/\/red-lighttherapy.com\/tr\/wp-json\/wp\/v2\/types\/product"}],"wp:featuredmedia":[{"embeddable":true,"href":"https:\/\/red-lighttherapy.com\/tr\/wp-json\/wp\/v2\/media\/1238"}],"wp:attachment":[{"href":"https:\/\/red-lighttherapy.com\/tr\/wp-json\/wp\/v2\/media?parent=1236"}],"wp:term":[{"taxonomy":"product_brand","embeddable":true,"href":"https:\/\/red-lighttherapy.com\/tr\/wp-json\/wp\/v2\/product_brand?post=1236"},{"taxonomy":"product_cat","embeddable":true,"href":"https:\/\/red-lighttherapy.com\/tr\/wp-json\/wp\/v2\/product_cat?post=1236"},{"taxonomy":"product_tag","embeddable":true,"href":"https:\/\/red-lighttherapy.com\/tr\/wp-json\/wp\/v2\/product_tag?post=1236"}],"curies":[{"name":"wp","href":"https:\/\/api.w.org\/{rel}","templated":true}]}}