{"id":1231,"date":"2025-04-17T07:44:07","date_gmt":"2025-04-17T07:44:07","guid":{"rendered":"https:\/\/red-lighttherapy.com\/?post_type=product&#038;p=1231"},"modified":"2025-04-17T07:59:39","modified_gmt":"2025-04-17T07:59:39","slug":"custom-printed-hemp-cbd-essential-oil-box-brand-manufacturer","status":"publish","type":"product","link":"https:\/\/red-lighttherapy.com\/tr\/custom-printed-hemp-cbd-essential-oil-box-brand-manufacturer\/","title":{"rendered":"\u00d6zel Bask\u0131l\u0131 Kenevir CBD U\u00e7ucu Ya\u011f Kutusu Marka \u00dcreticisi"},"content":{"rendered":"<h2 id=\"-customized-solution-for-hemp-cbd-essential-oil-box-\"><strong>Kenevir CBD u\u00e7ucu ya\u011f kutusu i\u00e7in \u00f6zelle\u015ftirilmi\u015f \u00e7\u00f6z\u00fcm<\/strong><\/h2>\n<h2 id=\"1-compression-and-shock-resistant-structure-\">1.\u00a0<strong>S\u0131k\u0131\u015ft\u0131rmaya ve darbeye dayan\u0131kl\u0131 yap\u0131<\/strong><\/h2>\n<p>\u00c7ift katmanl\u0131 kompozit oluklu mukavva ve dahili EVA tampon i\u00e7 tepsinin birle\u015fik yap\u0131s\u0131, cam \u015fi\u015felerin nakliye ve depolama s\u0131ras\u0131nda s\u0131k\u0131\u015fmamas\u0131n\u0131 ve hasar g\u00f6rmemesini sa\u011flamak i\u00e7in bal pete\u011fi mekani\u011fi prensibi ile d\u0131\u015f bas\u0131nc\u0131 da\u011f\u0131tmak i\u00e7in benimsenmi\u015ftir. \u0130\u00e7 tepsinin kal\u0131pla kesilmi\u015f olu\u011fu, 5-30ml standart u\u00e7ucu ya\u011f \u015fi\u015fesine tam olarak uyarlanm\u0131\u015ft\u0131r ve tek kutulu te\u015fhir ve \u00e7ok kutulu istiflemenin kararl\u0131l\u0131\u011f\u0131 dikkate al\u0131narak 96% alan kullan\u0131m\u0131 sa\u011flar.<\/p>\n<h2 id=\"2-right-angle-edge-and-modular-assembly-\">2.\u00a0<strong>Dik a\u00e7\u0131l\u0131 kenar ve mod\u00fcler montaj<\/strong><\/h2>\n<p>90\u00b0 dik a\u00e7\u0131l\u0131 katlama i\u015flemi kutu g\u00f6vdesinin sertli\u011fini g\u00fc\u00e7lendirir ve yuvarlat\u0131lm\u0131\u015f k\u00f6\u015felerin neden oldu\u011fu stres konsantrasyonu sorununu \u00f6nler; tutkals\u0131z dil kilitleme tasar\u0131m\u0131 montaj s\u00fcrecini basitle\u015ftirir, i\u015f\u00e7ilik maliyetlerini azalt\u0131r ve ambalaja titiz bir end\u00fcstriyel estetik miza\u00e7 kazand\u0131r\u0131r.<\/p>\n<h2 id=\"3-right-angle-edge-shelf-competitiveness-\">3.\u00a0<strong>Dik a\u00e7\u0131l\u0131 kenar raf rekabet\u00e7ili\u011fi<\/strong><\/h2>\n<p>D\u00fczg\u00fcn dik a\u00e7\u0131l\u0131 kontur, farmas\u00f6tik kozmetiklerde profesyonel bir g\u00fcven duygusu yarat\u0131r, te\u015fhir y\u00fczeyinin d\u00fczl\u00fc\u011f\u00fcn\u00fc en \u00fcst d\u00fczeye \u00e7\u0131kar\u0131r ve rafta sergilendi\u011finde etiket bilgilerinin g\u00f6rsel olarak deforme olmamas\u0131n\u0131 sa\u011flar. Mat y\u00fczey i\u015flemiyle, y\u00fcksek \u0131\u015f\u0131kl\u0131 ortamlarda metin tan\u0131ma iyile\u015ftirilir ve AB CBD \u00fcr\u00fcnlerinin i\u00e7erik listeleri, uyar\u0131lar ve di\u011fer bilgiler i\u00e7in zorunlu okunabilirlik gereksinimlerini kar\u015f\u0131lar.<\/p>\n<h2 id=\"4-color-system-and-psychological-application-\">4.\u00a0<strong>Renk sistemi ve psikolojik uygulama<\/strong><\/h2>\n<ul>\n<li><strong>Ana renk: koyu ye\u015fil<\/strong>\u00a0Do\u011fay\u0131 ve organi\u011fi sembolize eder, CBD bile\u015fenlerinin bitki ekstraksiyon \u00f6zelliklerini yans\u0131t\u0131r ve AB CBD ambalaj uyar\u0131 rengi spesifikasyonlar\u0131n\u0131 kar\u015f\u0131lar.<\/li>\n<\/ul>\n<h2 id=\"5-high-definition-printing-technology-guarantee-\">5.\u00a0<strong>Y\u00fcksek \u00e7\u00f6z\u00fcn\u00fcrl\u00fckl\u00fc bask\u0131 teknolojisi garantisi<\/strong><\/h2>\n<p>Mikro yaz\u0131 tipleri ve parti kodlar\u0131 gibi \u00f6nemli bilgilerin net ve okunakl\u0131 olmas\u0131n\u0131 sa\u011flamak i\u00e7in 1200 dpi UV dijital bask\u0131 kullan\u0131n ve tedarik zincirindeki t\u00fcm ba\u011flant\u0131lar\u0131n bilgi izlenebilirli\u011fi ihtiya\u00e7lar\u0131n\u0131 kar\u015f\u0131lamak i\u00e7in a\u015f\u0131nma \u00f6nleme performans\u0131 s\u00fcrt\u00fcnme testi ile do\u011frulan\u0131r.<\/p>\n<h2 id=\"6-fsc-certified-environmentally-friendly-substrate-\">6.\u00a0<strong>FSC sertifikal\u0131 \u00e7evre dostu alt tabaka<\/strong><\/h2>\n<p>Select FSC Mix Credit beyaz karton (300g\/m\u00b2), orman s\u00fcrd\u00fcr\u00fclebilir y\u00f6netim sertifikasyonundan ge\u00e7mi\u015ftir ve karbon ayak izi geleneksel ka\u011f\u0131ttan 42% daha d\u00fc\u015f\u00fckt\u00fcr. Y\u00fczey su bazl\u0131 laminasyon i\u015flemi, Avrupa ve Amerika pazarlar\u0131n\u0131n \u00e7evre dostu ambalajlar i\u00e7in zorunlu gereksinimlerini kar\u015f\u0131layan ve markan\u0131n \"do\u011fal ve organik\" de\u011fer ifadesini g\u00fc\u00e7lendiren 100% geri d\u00f6n\u00fc\u015ft\u00fcr\u00fclebilirlik sa\u011flar.<\/p>","protected":false},"excerpt":{"rendered":"<p>Bu karton kutu, AB CBD \u00fcr\u00fcn uyar\u0131 standartlar\u0131na uygun ana g\u00f6rsel renk psikolojisi olarak koyu ye\u015fil ve parlak sar\u0131 kullan\u0131r. Kozmes\u00f6tik dereceli kannabinoid \u00fcr\u00fcnler i\u00e7in profesyonel ambalaj \u00e7\u00f6z\u00fcmleri sa\u011flamaya odaklan\u0131r ve i\u015flevsel esteti\u011fi temel alarak uluslararas\u0131 standartlar\u0131 kar\u015f\u0131layan bir marka g\u00f6rsel sistemi olu\u015fturur.<\/p>","protected":false},"featured_media":1234,"template":"","meta":{"_kad_post_transparent":"default","_kad_post_title":"","_kad_post_layout":"default","_kad_post_sidebar_id":"","_kad_post_content_style":"default","_kad_post_vertical_padding":"default","_kad_post_feature":"","_kad_post_feature_position":"","_kad_post_header":false,"_kad_post_footer":false,"_kad_post_classname":""},"product_brand":[],"product_cat":[15,24,17],"product_tag":[481,478,482],"class_list":{"0":"post-1231","1":"product","2":"type-product","3":"status-publish","4":"has-post-thumbnail","6":"product_cat-red-light-therapy","7":"product_cat-red-light-therapy-bed","8":"product_cat-services","9":"product_tag-cbd-oil-boxes","10":"product_tag-custom-cannabis-boxes","11":"product_tag-get-hemp-oil-boxes-printing","13":"first","14":"instock","15":"shipping-taxable","16":"product-type-simple","17":"entry","18":"content-bg","19":"loop-entry"},"_links":{"self":[{"href":"https:\/\/red-lighttherapy.com\/tr\/wp-json\/wp\/v2\/product\/1231","targetHints":{"allow":["GET"]}}],"collection":[{"href":"https:\/\/red-lighttherapy.com\/tr\/wp-json\/wp\/v2\/product"}],"about":[{"href":"https:\/\/red-lighttherapy.com\/tr\/wp-json\/wp\/v2\/types\/product"}],"wp:featuredmedia":[{"embeddable":true,"href":"https:\/\/red-lighttherapy.com\/tr\/wp-json\/wp\/v2\/media\/1234"}],"wp:attachment":[{"href":"https:\/\/red-lighttherapy.com\/tr\/wp-json\/wp\/v2\/media?parent=1231"}],"wp:term":[{"taxonomy":"product_brand","embeddable":true,"href":"https:\/\/red-lighttherapy.com\/tr\/wp-json\/wp\/v2\/product_brand?post=1231"},{"taxonomy":"product_cat","embeddable":true,"href":"https:\/\/red-lighttherapy.com\/tr\/wp-json\/wp\/v2\/product_cat?post=1231"},{"taxonomy":"product_tag","embeddable":true,"href":"https:\/\/red-lighttherapy.com\/tr\/wp-json\/wp\/v2\/product_tag?post=1231"}],"curies":[{"name":"wp","href":"https:\/\/api.w.org\/{rel}","templated":true}]}}