{"id":1225,"date":"2025-04-17T07:11:47","date_gmt":"2025-04-17T07:11:47","guid":{"rendered":"https:\/\/red-lighttherapy.com\/?post_type=product&#038;p=1225"},"modified":"2025-04-17T07:43:52","modified_gmt":"2025-04-17T07:43:52","slug":"fabrication-cannabis-cbd-oil-packaging-custom-folding-carton","status":"publish","type":"product","link":"https:\/\/red-lighttherapy.com\/tr\/fabrication-cannabis-cbd-oil-packaging-custom-folding-carton\/","title":{"rendered":"\u0130malat Kenevir CBD Ya\u011f Ambalaj\u0131 \u00d6zel Katlan\u0131r Karton"},"content":{"rendered":"<h2 id=\"customized-folding-carton-hemp-cbd-oil-packaging-product-description\">\u00d6zelle\u015ftirilmi\u015f Katlan\u0131r Karton Kenevir Kenevir CBD Ya\u011f Ambalaj\u0131 \u00dcr\u00fcn A\u00e7\u0131klamas\u0131<\/h2>\n<h2 id=\"1-card-box-structure-design-space-efficiency-and-stacking-stability-\">1.\u00a0<strong>Karton Kutu Yap\u0131 Tasar\u0131m\u0131: Alan Verimlili\u011fi ve \u0130stifleme Kararl\u0131l\u0131\u011f\u0131<\/strong><\/h2>\n<p>Evlat edinmek\u00a0<strong>kendinden kilitlemeli alt yap\u0131<\/strong>\u00a0ve\u00a0<strong>mod\u00fcler katlan\u0131r tasar\u0131m<\/strong>Hassas b\u0131\u00e7ak hatt\u0131 d\u00fczeni sayesinde, kutu g\u00f6vdesinin kal\u0131nl\u0131\u011f\u0131 katland\u0131ktan sonra 40% azalt\u0131l\u0131r ve yan duvarlar, nakliye s\u0131ras\u0131nda s\u0131k\u0131\u015ft\u0131rma direnci sa\u011flamak i\u00e7in istifleme s\u0131ras\u0131nda birbirine kenetlenen destek olu\u015fturur. \u0130\u00e7 alan, silindirik \/ kare CBD ya\u011f\u0131 \u015fi\u015feleri i\u00e7in uygundur. Petek karton astar b\u00f6lme olu\u011fu tasar\u0131m\u0131 sayesinde tamponlama performans\u0131 ve kapasite adaptasyonu dikkate al\u0131n\u0131r ve depolama alan\u0131 kullan\u0131m oran\u0131 30% art\u0131r\u0131l\u0131r. Kutu kapa\u011f\u0131, nakliye s\u0131ras\u0131nda kazara a\u00e7\u0131lmay\u0131 \u00f6nlemek i\u00e7in manyetik toka veya dil \u00e7ift kilitlemeyi benimser ve otomatik montaj hatlar\u0131n\u0131n y\u00fcksek h\u0131zl\u0131 montaj\u0131n\u0131 destekler.<\/p>\n<h2 id=\"2-printing-process-zero-color-difference-visual-presentation-\">2.\u00a0<strong>Bask\u0131 s\u00fcreci: s\u0131f\u0131r renk fark\u0131 g\u00f6rsel sunum<\/strong><\/h2>\n<p>Ba\u015fvurmak\u00a0<strong>d\u00f6rt renkli ofset bask\u0131 + yerel UV i\u015flemi<\/strong>Pantone spot renk kalibrasyon sistemi arac\u0131l\u0131\u011f\u0131yla marka logosunun ye\u015fil ana rengini do\u011fru bir \u015fekilde geri y\u00fckler (do\u011fay\u0131 ve canl\u0131l\u0131\u011f\u0131 simgeleyen Pantone 347 C \u00f6nerilir). Bask\u0131 katman\u0131, d\u00fczenleyici metin bilgilerinin (THC i\u00e7erik etiketi ve kullan\u0131m talimatlar\u0131 gibi) g\u00fc\u00e7l\u00fc \u0131\u015f\u0131k alt\u0131nda hala net bir \u015fekilde g\u00f6r\u00fclebilmesini sa\u011flamak i\u00e7in mat laminasyon teknolojisini benimser. Dekoratif unsurlar, dokunsal haf\u0131za noktas\u0131n\u0131 g\u00fc\u00e7lendirmek amac\u0131yla soyut kafatas\u0131 deseninin d\u00f6n\u00fcm noktas\u0131na metal doku eklemek i\u00e7in y\u00fcksek hassasiyetli 3D s\u0131cak damgalama teknolojisini benimser.<\/p>\n<h2 id=\"3-precision-manufacturing-process-burr-free-edge-and-crease-control-\">3.\u00a0<strong>Hassas \u00fcretim s\u00fcreci: \u00e7apaks\u0131z kenar ve k\u0131r\u0131\u015f\u0131kl\u0131k kontrol\u00fc<\/strong><\/h2>\n<p>Kullanma\u00a0<strong>lazer kal\u0131p kesim teknolojisi<\/strong>\u00a0(tolerans \u00b10,1 mm), 180g\/m\u00b2 FSC sertifikal\u0131 \u00e7evre dostu karton ile birlikte, kutu g\u00f6vdesinin kenar\u0131nda elyaf \u00e7apa\u011f\u0131 olmamas\u0131n\u0131, k\u0131r\u0131\u015f\u0131k bas\u0131n\u00e7 \u00e7izgisi derinli\u011finin karton kal\u0131nl\u0131\u011f\u0131n\u0131n 1\/3'\u00fcnde do\u011fru bir \u015fekilde kontrol edilmesini ve katlama geri tepme oran\u0131n\u0131n 5%'den az olmas\u0131n\u0131 sa\u011flar. AI g\u00f6rsel denetim sistemi, kal\u0131p seti hatas\u0131n\u0131 ger\u00e7ek zamanl\u0131 olarak d\u00fczeltmek i\u00e7in \u00fcretim s\u00fcrecine yerle\u015ftirilmi\u015ftir ve bitmi\u015f \u00fcr\u00fcn verim oran\u0131 99,6%'ye ula\u015fmaktad\u0131r.<\/p>\n<h2 id=\"4-skull-pattern-design-abstract-aesthetic-expression-\">4.\u00a0<strong>Kafatas\u0131 deseni tasar\u0131m\u0131: soyut estetik ifade<\/strong><\/h2>\n<p>Geleneksel kafatas\u0131 imgesi, bir kafatas\u0131n\u0131n\u00a0<strong>geometrik \u00e7izgi kombinasyonu<\/strong>Negatif alan bo\u015f b\u0131rak\u0131lm\u0131\u015f ve degrade ye\u015fil, yaprak damar\u0131 dokusunun g\u00f6rsel bir metaforunu olu\u015fturmak i\u00e7in \u00fcst \u00fcste bindirilmi\u015ftir (Health Herb markas\u0131n\u0131n soyut mant\u0131k tasar\u0131m diline at\u0131fta bulunun). Dokunsal d\u00fczeyde, kafatas\u0131n\u0131n g\u00f6z b\u00f6lgesi 0,3 mm'lik \u00fc\u00e7 boyutlu bir kabartma ile kabart\u0131lm\u0131\u015f ve parmak ucu dokunu\u015fu \u00f6nemli \u00f6l\u00e7\u00fcde farkl\u0131la\u015ft\u0131r\u0131lm\u0131\u015ft\u0131r. Desenin genel tarz\u0131 tart\u0131\u015fmalar\u0131 zay\u0131flat\u0131yor ve CBD ya\u011f\u0131n\u0131n do\u011fal iyile\u015ftirici \u00f6zelliklerini yans\u0131t\u0131yor.<\/p>\n<h2 id=\"5-color-strategy-pure-perception-dominated-by-green-\">5.\u00a0<strong>Renk stratejisi: ye\u015filin hakim oldu\u011fu saf alg\u0131<\/strong><\/h2>\n<p>Ana renk\u00a0<strong>d\u00fc\u015f\u00fck doygunlukta orman ye\u015fili (CMYK 60\/0\/80\/20)<\/strong>Bitkilerin nefes al\u0131\u015f\u0131n\u0131 sim\u00fcle etmek i\u00e7in 10%'lik bo\u015f bir alan ve kutunun alt k\u0131sm\u0131 end\u00fcstriyel kenevirle olan ili\u015fkiyi zay\u0131flatmak i\u00e7in a\u00e7\u0131k yosun ye\u015fili bir gradyana ge\u00e7i\u015f yapar. Yard\u0131mc\u0131 renk sistemi, \u00fcst d\u00fczey dokuyu geli\u015ftirmek ve rakip \u00fcr\u00fcnlerden farkl\u0131la\u015ft\u0131rmak i\u00e7in \u015fampanya alt\u0131n \u00e7izgiler (g\u00f6rsel alan\u0131n \u22648%'sini kaplar) ekler. Kutu astar\u0131, t\u00fcketicinin \"a\u011fart\u0131lmam\u0131\u015f ve do\u011fal\" psikolojik \u00f6nerisini g\u00fc\u00e7lendirmek i\u00e7in ham ka\u011f\u0131t hamurunun orijinal rengini kullan\u0131r.<\/p>\n<p>##Support\u00a0<strong>5ml-50ml tam kapasite adaptasyonu<\/strong>\u00e7e\u015fitli temel kutu t\u00fcrleri (kitap \u015feklindeki kutular \/ \u00e7ekmece kutular\u0131 \/ kapaklar, vb.) ve 20'den fazla \u00f6zel \u015fekilli kal\u0131p kesme \u00e7\u00f6z\u00fcm\u00fc (kalp \u015feklindeki pencereler, yaprak damarlar\u0131 oyma gibi) sa\u011flar. \u00d6zel \u015fekilli yap\u0131, prefabrik katlama hatlar\u0131 + de\u011fi\u015ftirilebilir astar mod\u00fclleri kullan\u0131r. \u00dcretim hatt\u0131 kal\u0131p de\u011fi\u015ftirmeyi 2 saat i\u00e7inde tamamlayabilir ve minimum sipari\u015f miktar\u0131 500 adettir. Promosyon \u00fcr\u00fcnleri i\u00e7in, sahtecili\u011fe kar\u015f\u0131 izlenebilirlik i\u015flevini ger\u00e7ekle\u015ftirmek \u00fczere RFID etiketi yerle\u015ftirme konumu geni\u015fletilebilir.<\/p>","protected":false},"excerpt":{"rendered":"<p>Bu karton kutu, marka logosunun, d\u00fczenleyici bilgilerin ve dekoratif unsurlar\u0131n eksiksiz bir \u015fekilde sunulmas\u0131na yard\u0131mc\u0131 olan renk fark\u0131 olmaks\u0131z\u0131n net bir \u015fekilde bas\u0131lm\u0131\u015ft\u0131r. Kutu g\u00f6vdesi, do\u011fall\u0131\u011f\u0131 ve sa\u011fl\u0131\u011f\u0131 sembolize etmek, marihuana ile ilgili tart\u0131\u015fmalar\u0131 zay\u0131flatmak ve \u00fcr\u00fcn\u00fcn saf niteliklerini aktarmak i\u00e7in ana renk olarak ye\u015fili kullan\u0131r. Farkl\u0131 kapasitelere sahip \u00fcr\u00fcn gruplar\u0131na uymas\u0131 i\u00e7in kutu boyutu ve yap\u0131s\u0131n\u0131n (pencere a\u00e7\u0131kl\u0131\u011f\u0131 ve \u00f6zel \u015fekilli kal\u0131p kesimi gibi) tamamen \u00f6zelle\u015ftirilmesini destekler.<\/p>","protected":false},"featured_media":1227,"template":"","meta":{"_kad_post_transparent":"default","_kad_post_title":"","_kad_post_layout":"default","_kad_post_sidebar_id":"","_kad_post_content_style":"default","_kad_post_vertical_padding":"default","_kad_post_feature":"","_kad_post_feature_position":"","_kad_post_header":false,"_kad_post_footer":false,"_kad_post_classname":""},"product_brand":[],"product_cat":[15,24,17],"product_tag":[480,478,479],"class_list":{"0":"post-1225","1":"product","2":"type-product","3":"status-publish","4":"has-post-thumbnail","6":"product_cat-red-light-therapy","7":"product_cat-red-light-therapy-bed","8":"product_cat-services","9":"product_tag-cbd-packaging","10":"product_tag-custom-cannabis-boxes","11":"product_tag-custom-cbd-oil-boxes","13":"first","14":"instock","15":"shipping-taxable","16":"product-type-simple","17":"entry","18":"content-bg","19":"loop-entry"},"_links":{"self":[{"href":"https:\/\/red-lighttherapy.com\/tr\/wp-json\/wp\/v2\/product\/1225","targetHints":{"allow":["GET"]}}],"collection":[{"href":"https:\/\/red-lighttherapy.com\/tr\/wp-json\/wp\/v2\/product"}],"about":[{"href":"https:\/\/red-lighttherapy.com\/tr\/wp-json\/wp\/v2\/types\/product"}],"wp:featuredmedia":[{"embeddable":true,"href":"https:\/\/red-lighttherapy.com\/tr\/wp-json\/wp\/v2\/media\/1227"}],"wp:attachment":[{"href":"https:\/\/red-lighttherapy.com\/tr\/wp-json\/wp\/v2\/media?parent=1225"}],"wp:term":[{"taxonomy":"product_brand","embeddable":true,"href":"https:\/\/red-lighttherapy.com\/tr\/wp-json\/wp\/v2\/product_brand?post=1225"},{"taxonomy":"product_cat","embeddable":true,"href":"https:\/\/red-lighttherapy.com\/tr\/wp-json\/wp\/v2\/product_cat?post=1225"},{"taxonomy":"product_tag","embeddable":true,"href":"https:\/\/red-lighttherapy.com\/tr\/wp-json\/wp\/v2\/product_tag?post=1225"}],"curies":[{"name":"wp","href":"https:\/\/api.w.org\/{rel}","templated":true}]}}