{"id":1219,"date":"2025-04-17T07:00:44","date_gmt":"2025-04-17T07:00:44","guid":{"rendered":"https:\/\/red-lighttherapy.com\/?post_type=product&#038;p=1219"},"modified":"2025-04-17T07:11:35","modified_gmt":"2025-04-17T07:11:35","slug":"custom-hemp-oil-magnetic-closure-rigid-boxes-china-wholesale","status":"publish","type":"product","link":"https:\/\/red-lighttherapy.com\/tr\/custom-hemp-oil-magnetic-closure-rigid-boxes-china-wholesale\/","title":{"rendered":"\u00d6zel Kenevir Ya\u011f\u0131 Manyetik Kapatma Sert Kutular \u00c7in Toptan Sat\u0131\u015f"},"content":{"rendered":"<h2 id=\"-customized-sesame-oil-magnetic-buckle-hard-box-china-wholesale-product-description-\">\u00d6zel Kenevir Ya\u011f\u0131 Manyetik Kapatma Sert Kutular \u00c7in Toptan Sat\u0131\u015f<\/h2>\n<h2 id=\"-1-innovative-magnetic-box-design-taking-into-account-convenience-and-ritual-sense-\"><strong>1. Yenilik\u00e7i manyetik kapatma kutusu tasar\u0131m\u0131, kolayl\u0131k ve rit\u00fcel duygusu dikkate al\u0131narak<\/strong><\/h2>\n<p>Bu ambalaj kutusu \u015funlar\u0131 benimser\u00a0<strong>manyetik kapatma yap\u0131s\u0131<\/strong>Y\u00fcksek hassasiyetli manyetik kapatma emi\u015f tabakas\u0131 ve manyetik kapak k\u0131lavuz tabakas\u0131n\u0131n i\u015fbirli\u011fi sayesinde tek elle kolayca a\u00e7\u0131l\u0131p kapat\u0131labilir. Manyetik g\u00fc\u00e7, \u015fi\u015fe g\u00f6vdesine h\u0131zl\u0131 eri\u015fim sa\u011flamak ve kapat\u0131ld\u0131\u011f\u0131nda paketin b\u00fct\u00fcnl\u00fc\u011f\u00fcn\u00fc korumak, nakliye veya depolama s\u0131ras\u0131nda kazara a\u00e7\u0131lmay\u0131 \u00f6nlemek i\u00e7in bilimsel olarak test edilmi\u015ftir. Kutu g\u00f6vdesi \u00e7evirmeli kapak tasar\u0131m\u0131 ergonomiye uyar, s\u0131k\u0131\u015fma olmadan sorunsuz bir \u015fekilde a\u00e7\u0131l\u0131r ve kapan\u0131r, kullan\u0131c\u0131lara ambalaj\u0131 a\u00e7arken rit\u00fcel hissi verir ve y\u00fcksek frekansl\u0131 kullan\u0131m\u0131n kolayl\u0131k ihtiya\u00e7lar\u0131n\u0131 kar\u015f\u0131lar.<\/p>\n<h2 id=\"-2-modern-aesthetic-design-suitable-for-multiple-scenes-\"><strong>2. Modern estetik tasar\u0131m, birden fazla sahne i\u00e7in uygun<\/strong><\/h2>\n<p>Ambalajda \u015funlar kullan\u0131l\u0131r\u00a0<strong>d\u00fczg\u00fcn d\u00fcz \u00e7izgiler<\/strong>\u00a0Temel dil olarak, gereksiz dekorasyonu terk eder ve basit bir geometrik g\u00fczellik sunar. Kutu tipi oran\u0131, s\u00fcpermarket raflar\u0131, marka tezgahlar\u0131 ve e-ticaret platformlar\u0131 gibi \u00e7e\u015fitli te\u015fhir sahneleri i\u00e7in uygun olan alt\u0131n b\u00f6l\u00fcm taraf\u0131ndan optimize edilmi\u015ftir. Y\u00fczey, s\u0131cak damgalama\/g\u00fcm\u00fc\u015f zanaat marka logosu ile mat saf siyah tonunu benimser ve bir\u00a0<strong>sakin ve atmosferik<\/strong>\u00a0CBD ya\u011f\u0131n\u0131n do\u011fal ve \u00fcst d\u00fczey pazar konumland\u0131rmas\u0131na uyan ve rakip \u00fcr\u00fcnlerle belirgin bir fark olu\u015fturan g\u00f6rsel deneyim.<\/p>\n<h2 id=\"-3-coated-paper-reinforced-structure-long-term-protection-of-contents-\"><strong>3. Kaplamal\u0131 ka\u011f\u0131t takviyeli yap\u0131, i\u00e7eri\u011fin uzun s\u00fcreli korunmas\u0131<\/strong><\/h2>\n<p>Kutu g\u00f6vdesi \u015funlar\u0131 kullan\u0131r\u00a0<strong>450g ku\u015fe ka\u011f\u0131t alt tabaka<\/strong>Laminasyon ve \u00e7ok katmanl\u0131 yap\u0131\u015ft\u0131rma i\u015flemi ile i\u015flenen ve bas\u0131n\u00e7 dayan\u0131m\u0131, nakliye darbelerine ve istifleme bas\u0131nc\u0131na dayanabilen 30% ile art\u0131r\u0131lm\u0131\u015ft\u0131r. \u0130\u00e7 k\u0131s\u0131m EVA y\u00fcksek yo\u011funluklu astar ile birle\u015ftirilmi\u015ftir,\u00a0<strong>hassas kal\u0131p kesim<\/strong>\u00a0\u015ei\u015fe g\u00f6vdesinin konturuna g\u00f6re ve \u015fi\u015fe g\u00f6vdesi, sars\u0131nt\u0131dan kaynaklanan a\u015f\u0131nma veya s\u0131z\u0131nt\u0131y\u0131 \u00f6nlemek i\u00e7in s\u0131k\u0131ca sabitlenmi\u015ftir. Darbe direncini daha da art\u0131rmak ve uzun s\u00fcreli depolama g\u00fcvenli\u011fi sa\u011flamak i\u00e7in kutu g\u00f6vdesinin d\u00f6rt k\u00f6\u015fesine \u00e7arp\u0131\u015fma \u00f6nleyici k\u00f6\u015fe korumalar\u0131 eklenmi\u015ftir.<\/p>\n<h2 id=\"-4-seiko-quality-details-show-ingenuity-\"><strong>4. Seiko kalitesi, detaylar yarat\u0131c\u0131l\u0131\u011f\u0131 g\u00f6sterir<\/strong><\/h2>\n<p>Evlat Edinme\u00a0<strong>y\u00fcksek hassasiyetli kal\u0131plar ve tam otomatik kal\u0131p kesim teknolojisi<\/strong>Kutu g\u00f6vdesi diki\u015fleri p\u00fcr\u00fczs\u00fcz ve \u00e7apaks\u0131zd\u0131r ve kapak a\u00e7ma ve kapama s\u00f6n\u00fcmlemesi orta d\u00fczeydedir, bu da sorunsuz bir kullan\u0131c\u0131 deneyimi sa\u011flar. Y\u00fczey bask\u0131s\u0131 d\u00f6rt renkli ofset bask\u0131 + UV yerel vernik teknolojisini kullan\u0131r, desen net ve hassast\u0131r, renk doygunlu\u011fu y\u00fcksektir ve a\u015f\u0131nmaya ve \u00e7izilmeye kar\u015f\u0131 dayan\u0131kl\u0131d\u0131r. Astar ba\u011flant\u0131s\u0131, tutkal kontaminasyonunu \u00f6nlemek ve g\u0131da s\u0131n\u0131f\u0131 ambalaj g\u00fcvenli\u011fi standartlar\u0131n\u0131 kar\u015f\u0131lamak i\u00e7in ultrasonik laminasyon teknolojisini benimser.<\/p>\n<h2 id=\"-5-full-dimensional-customization-service-empowering-brand-marketing-\"><strong>5. Marka pazarlamas\u0131n\u0131 g\u00fc\u00e7lendiren tam boyutlu \u00f6zelle\u015ftirme hizmeti<\/strong><\/h2>\n<p>A\u015fa\u011f\u0131daki esnek \u00f6zelle\u015ftirme \u00e7\u00f6z\u00fcmlerini destekleyin:<\/p>\n<ul>\n<li><strong>Boyut ve kutu tipi<\/strong>: 50ml-500ml susam ya\u011f\u0131 \u015fi\u015fesi \u00f6zelliklerine uyum sa\u011flayabilir, \u00e7ekmece tipi ve kitap tipi gibi yenilik\u00e7i kutu tipleri geli\u015ftirebilir;<\/li>\n<li><strong>Bask\u0131 i\u00e7eri\u011fi<\/strong>: Marka logosu, slogan, sahtecili\u011fi \u00f6nleme kodu vb. tam sayfa bask\u0131y\u0131 destekler ve lazer sahtecili\u011fi \u00f6nleme, de\u011fi\u015fken veri QR kodu ve di\u011fer i\u015flemleri ekleyebilir;<\/li>\n<li><strong>\u0130\u00e7 astar yap\u0131s\u0131<\/strong>: EVA, s\u00fcnger, flok ve di\u011fer malzeme se\u00e7enekleri sunar, b\u00f6lme b\u00f6lme tasar\u0131m\u0131n\u0131 destekler ve \u00e7ok \u015fi\u015feli kombinasyon ambalajlar\u0131n\u0131n ihtiya\u00e7lar\u0131n\u0131 kar\u015f\u0131lar;<\/li>\n<li><strong>Manyetik y\u00fckseltme<\/strong>: Farkl\u0131 y\u00fck ta\u015f\u0131ma gereksinimlerine uyum sa\u011flamak i\u00e7in iste\u011fe ba\u011fl\u0131 g\u00fc\u00e7l\u00fc manyetik toka (1.0CM) veya s\u0131radan manyetik toka (1.4CM \/ 1.8CM).<\/li>\n<\/ul>\n<h2 id=\"-6-mature-supply-chain-guarantee-efficient-delivery-without-worries-\"><strong>6. Olgun tedarik zinciri garantisi, endi\u015fesiz verimli teslimat<\/strong><\/h2>\n<p>G\u00fcvenmek\u00a0<strong>16 y\u0131ll\u0131k profesyonel ambalaj \u00fcretim deneyimi<\/strong>Fabrika, tasar\u0131m ve provadan seri \u00fcretime kadar t\u00fcm zincirin verimli bir \u015fekilde ba\u011flanmas\u0131n\u0131 sa\u011flamak i\u00e7in tam otomatik bir \u00fcretim hatt\u0131 ve ISO kalite kontrol sistemi ile donat\u0131lm\u0131\u015ft\u0131r.<\/p>\n<ul>\n<li><strong>Kalite kontrol garantisi<\/strong>: Hammaddeler SGS sertifikal\u0131d\u0131r ve \u00fcretim s\u00fcrecinde 0.3%'den daha d\u00fc\u015f\u00fck bir kusur oran\u0131yla 6 kalite kontrol s\u00fcreci uygulanmaktad\u0131r;<\/li>\n<li><strong>H\u0131zl\u0131 yan\u0131t<\/strong>: 2-3 g\u00fcnl\u00fck prova d\u00f6ng\u00fcs\u00fcn\u00fc destekleyin, 500 adet minimum sipari\u015f miktar\u0131 \u00fcretimi;<\/li>\n<li><strong>Y\u00fcksek zorluk dereceli teknoloji<\/strong>: \u00d6zel \u015fekilli kutular, manyetik emme yap\u0131lar\u0131 ve \u00e7evre dostu par\u00e7alanabilir malzemeler gibi karma\u015f\u0131k s\u00fcre\u00e7lerde ba\u015far\u0131l\u0131d\u0131r ve markalar\u0131n homojen rekabeti k\u0131rmas\u0131na yard\u0131mc\u0131 olur.<\/li>\n<\/ul>\n<h2 id=\"-application-scenarios-\"><strong>Uygulama senaryolar\u0131<\/strong><\/h2>\n<ul>\n<li><strong>\u00dcst d\u00fczey susam ya\u011f\u0131 markas\u0131<\/strong>: Do\u011fal ve organik \u00fcr\u00fcnlerin tonuna uygun olarak, terminal premium alan\u0131n\u0131 geli\u015ftirin;<\/li>\n<li><strong>Hediye \u00f6zelle\u015ftirme pazar\u0131<\/strong>: \u00d6zel tasar\u0131m yoluyla tatil hediye kutular\u0131n\u0131n ve kurumsal \u00f6zelle\u015ftirme \u00e7\u00f6z\u00fcmlerinin benzersizli\u011fini g\u00fc\u00e7lendirin;<\/li>\n<li><strong>S\u0131n\u0131r \u00f6tesi e-ticaret<\/strong>: Uluslararas\u0131 ta\u015f\u0131mac\u0131l\u0131k standartlar\u0131n\u0131 kar\u015f\u0131lay\u0131n ve s\u0131n\u0131r \u00f6tesi lojistik kay\u0131p risklerini azalt\u0131n.<\/li>\n<\/ul>","protected":false},"excerpt":{"rendered":"<p>Bu manyetik kapakl\u0131 kutu tasar\u0131m\u0131, modern esteti\u011fe uygun ve \u00e7e\u015fitli te\u015fhir senaryolar\u0131 i\u00e7in uygun, d\u00fczg\u00fcn hatlara sahip, kolayl\u0131k ve rit\u00fceli dikkate alarak ambalaj\u0131n b\u00fct\u00fcnl\u00fc\u011f\u00fcn\u00fc korurken kullan\u0131c\u0131lar\u0131n \u015fi\u015feye h\u0131zl\u0131 bir \u015fekilde eri\u015fmesini sa\u011flar. Kutu g\u00f6vdesi, CBD ya\u011f\u0131n\u0131n do\u011fal ve \u00fcst d\u00fczey pazar konumland\u0131rmas\u0131na uyan ve rakip \u00fcr\u00fcnlerden ay\u0131rt edilmesi kolay olan markan\u0131n profesyonelli\u011fini ve \u00fcr\u00fcn g\u00fcvenilirli\u011fini iletmek i\u00e7in saf siyah bir ton kullan\u0131yor.<\/p>","protected":false},"featured_media":1221,"template":"","meta":{"_kad_post_transparent":"default","_kad_post_title":"","_kad_post_layout":"default","_kad_post_sidebar_id":"","_kad_post_content_style":"default","_kad_post_vertical_padding":"default","_kad_post_feature":"","_kad_post_feature_position":"","_kad_post_header":false,"_kad_post_footer":false,"_kad_post_classname":""},"product_brand":[],"product_cat":[15,27,17],"product_tag":[477,476,469],"class_list":{"0":"post-1219","1":"product","2":"type-product","3":"status-publish","4":"has-post-thumbnail","6":"product_cat-red-light-therapy","7":"product_cat-red-light-therapy-belt","8":"product_cat-services","9":"product_tag-branded-cbd-tincture-boxes","10":"product_tag-cbd-hemp-oil-boxes","11":"product_tag-custom-hemp-oil-boxes","13":"first","14":"instock","15":"shipping-taxable","16":"product-type-simple","17":"entry","18":"content-bg","19":"loop-entry"},"_links":{"self":[{"href":"https:\/\/red-lighttherapy.com\/tr\/wp-json\/wp\/v2\/product\/1219","targetHints":{"allow":["GET"]}}],"collection":[{"href":"https:\/\/red-lighttherapy.com\/tr\/wp-json\/wp\/v2\/product"}],"about":[{"href":"https:\/\/red-lighttherapy.com\/tr\/wp-json\/wp\/v2\/types\/product"}],"wp:featuredmedia":[{"embeddable":true,"href":"https:\/\/red-lighttherapy.com\/tr\/wp-json\/wp\/v2\/media\/1221"}],"wp:attachment":[{"href":"https:\/\/red-lighttherapy.com\/tr\/wp-json\/wp\/v2\/media?parent=1219"}],"wp:term":[{"taxonomy":"product_brand","embeddable":true,"href":"https:\/\/red-lighttherapy.com\/tr\/wp-json\/wp\/v2\/product_brand?post=1219"},{"taxonomy":"product_cat","embeddable":true,"href":"https:\/\/red-lighttherapy.com\/tr\/wp-json\/wp\/v2\/product_cat?post=1219"},{"taxonomy":"product_tag","embeddable":true,"href":"https:\/\/red-lighttherapy.com\/tr\/wp-json\/wp\/v2\/product_tag?post=1219"}],"curies":[{"name":"wp","href":"https:\/\/api.w.org\/{rel}","templated":true}]}}