{"id":1212,"date":"2025-04-17T06:50:31","date_gmt":"2025-04-17T06:50:31","guid":{"rendered":"https:\/\/red-lighttherapy.com\/?post_type=product&#038;p=1212"},"modified":"2025-04-17T07:06:10","modified_gmt":"2025-04-17T07:06:10","slug":"durable-cannabis-wax-concentrate-packaging-paper-drawer-box","status":"publish","type":"product","link":"https:\/\/red-lighttherapy.com\/tr\/durable-cannabis-wax-concentrate-packaging-paper-drawer-box\/","title":{"rendered":"Dayan\u0131kl\u0131 Kenevir Balmumu Konsantre Ambalaj Ka\u011f\u0131t \u00c7ekmece Kutusu"},"content":{"rendered":"<h2 id=\"-product-description-of-drawer-type-packaging-box-for-cannabis-wax-concentrate-\"><strong>Kenevir Balmumu Konsantresi i\u00e7in \u00c7ekmece Tipi Ambalaj Kutusunun \u00dcr\u00fcn A\u00e7\u0131klamas\u0131<\/strong><\/h2>\n<h2 id=\"1-ergonomic-drawer-structure-\">1.\u00a0<strong>Ergonomik \u00c7ekmece Yap\u0131s\u0131<\/strong><\/h2>\n<ul>\n<li><strong>P\u00fcr\u00fczs\u00fcz \u0130tme-\u00c7ekme Tasar\u0131m\u0131<\/strong>: Hassas kal\u0131p kesim teknolojisi, tek elle kolayca \u00e7al\u0131\u015ft\u0131r\u0131labilen \u00e7ekmecelerin sorunsuz bir \u015fekilde a\u00e7\u0131l\u0131p kapanmas\u0131n\u0131 sa\u011flayarak kullan\u0131m rahatl\u0131\u011f\u0131n\u0131 art\u0131r\u0131r;<\/li>\n<li><strong>Hiyerar\u015fi ve rit\u00fcel duygusu<\/strong>: \u00c7ekmecelerin katmanl\u0131 yap\u0131s\u0131 \u00fcr\u00fcn sergileme etkisini art\u0131r\u0131r ve a\u00e7ma ve kapama i\u015flemi t\u00fcketicilere \u00fcst d\u00fczey CBD \u00fcr\u00fcnlerinin t\u00fcketim senaryosuna uyan bir \"ke\u015fif\" deneyimi ya\u015fat\u0131r.<\/li>\n<\/ul>\n<h2 id=\"2-environmentally-friendly-materials-and-durability-\">2.\u00a0<strong>\u00c7evre dostu malzemeler ve dayan\u0131kl\u0131l\u0131k<\/strong><\/h2>\n<ul>\n<li><strong>FSC sertifikal\u0131 ku\u015fe ka\u011f\u0131t<\/strong>: Temel malzeme s\u00fcrd\u00fcr\u00fclebilir \u015fekilde y\u00f6netilen ormanlardan gelir, uluslararas\u0131 \u00e7evre standartlar\u0131n\u0131 kar\u015f\u0131lar, FSC faturalar\u0131n\u0131n (sertifika numaralar\u0131 dahil) d\u00fczenlenmesini destekler ve marka ESG raporlar\u0131n\u0131n g\u00fcvenilirli\u011fine yard\u0131mc\u0131 olur;<\/li>\n<li><strong>\u0130ste\u011fe ba\u011fl\u0131 laminasyon i\u015flemi<\/strong>: \u00c7izilmeye ve parmak izine dayan\u0131kl\u0131, hassas bir dokunu\u015fa ve uzun hizmet \u00f6mr\u00fcne sahip, farkl\u0131 ta\u015f\u0131ma ve sergileme ortamlar\u0131 i\u00e7in uygun mat \/ parlak su bazl\u0131 laminasyon sa\u011flar.<\/li>\n<\/ul>\n<h2 id=\"3-high-precision-printing-and-visual-communication-\">3.\u00a0<strong>Y\u00fcksek hassasiyetli bask\u0131 ve g\u00f6rsel ileti\u015fim<\/strong><\/h2>\n<ul>\n<li><strong>Alt\u0131 renkli y\u00fcksek \u00e7\u00f6z\u00fcn\u00fcrl\u00fckl\u00fc bask\u0131<\/strong>: 98% renk doygunlu\u011fu ile bitki dokular\u0131n\u0131, marka LOGO'sunu ve di\u011fer ayr\u0131nt\u0131lar\u0131 do\u011fru bir \u015fekilde geri y\u00fckleyerek profesyonel imaj\u0131 geli\u015ftirir;<\/li>\n<li><strong>Teknoloji y\u00fckseltme<\/strong>: Marka logosunu veya i\u00e7erik a\u00e7\u0131klamas\u0131n\u0131 vurgulamak ve ambalaj\u0131n g\u00f6rsel seviyesini art\u0131rmak i\u00e7in s\u0131cak damgalama, UV k\u0131smi kabartma ve di\u011fer i\u015flemleri destekleyin;<\/li>\n<li><strong>Mavi ve beyaz ana renkler<\/strong>: Mavi, do\u011fall\u0131\u011f\u0131 ve yat\u0131\u015ft\u0131r\u0131c\u0131l\u0131\u011f\u0131 sembolize ederken, beyaz temizlik ve teknoloji hissini yans\u0131t\u0131yor ve iki renk kombinasyonu t\u00fcketicilerin \u00fcr\u00fcn g\u00fcvenli\u011fi ve profesyonelli\u011fe olan g\u00fcvenini g\u00fc\u00e7lendiriyor.<\/li>\n<\/ul>\n<h2 id=\"4-eva-cushioning-lining-system-\">4.\u00a0<strong>EVA yast\u0131klama astar sistemi<\/strong><\/h2>\n<ul>\n<li><strong>Hassas uyum tasar\u0131m\u0131<\/strong>: \"S\u0131f\u0131r yer de\u011fi\u015ftirme\" sabitlemesi elde etmek ve nakliye \u00e7arp\u0131\u015fmas\u0131 riskini azaltmak i\u00e7in astar olu\u011funu konsantrenin boyutuna g\u00f6re \u00f6zelle\u015ftirin;<\/li>\n<li><strong>Anti-sismik yast\u0131klama performans\u0131<\/strong>: EVA malzeme 90% geri tepme esnekli\u011fine sahiptir, d\u0131\u015f darbeleri etkili bir \u015fekilde emer ve uzun mesafeli lojistik senaryolar\u0131 i\u00e7in uygundur.<\/li>\n<\/ul>\n<h2 id=\"5-full-dimensional-customization-service-\">5.\u00a0<strong>Tam boyutlu \u00f6zelle\u015ftirme hizmeti<\/strong><\/h2>\n<ul>\n<li><strong>Esnek adaptasyon gereksinimleri<\/strong>: Kutu boyutunun (1g-10g kapasiteye uyarlama), \u00e7ekmece a\u00e7ma ve kapama y\u00f6n\u00fcn\u00fcn (yandan \u00e7ekme \/ \u00fcstten \u00e7ekme), bask\u0131 i\u015fleminin (s\u0131cak damgalama \/ UV \/ kabartma), astar yap\u0131s\u0131n\u0131n (b\u00f6lme \/ katmanlama) vb. \u00f6zelle\u015ftirilmesini destekler;<\/li>\n<li><strong>H\u0131zl\u0131 yan\u0131t mekanizmas\u0131<\/strong>: Tasar\u0131m onay\u0131ndan teslimata kadar sadece 10-15 i\u015f g\u00fcn\u00fc s\u00fcrer, k\u00fc\u00e7\u00fck parti deneme \u00fcretimini ve b\u00fcy\u00fck \u00f6l\u00e7ekli sipari\u015fleri destekler.<\/li>\n<\/ul>\n<h2 id=\"6-environmental-protection-and-compliance-advantages-\">6.\u00a0<strong>, \u00c7evre koruma ve uyumluluk avantajlar\u0131<\/strong><\/h2>\n<ul>\n<li><strong>D\u00f6ng\u00fcsel ekonomi tasar\u0131m\u0131<\/strong>: Tek malzeme yap\u0131s\u0131 (ka\u011f\u0131t + EVA) ana ak\u0131m geri d\u00f6n\u00fc\u015f\u00fcm sistemi ile uyumludur ve EVA astar ayr\u0131\u015ft\u0131r\u0131labilir ve \u00e7evresel y\u00fck\u00fc azaltmak i\u00e7in geri d\u00f6n\u00fc\u015ft\u00fcr\u00fclebilir;<\/li>\n<li><strong>Uluslararas\u0131 standart sertifikasyonu<\/strong>: Markan\u0131n k\u00fcresel d\u00fczenine yard\u0131mc\u0131 olmak i\u00e7in Avrupa ve Amerika pazar\u0131 \u00e7evre d\u00fczenlemelerine (AB REACH, plastik vergi muafiyeti gibi) uygun olarak FSC, ISO 14001 ve di\u011fer sertifikalar\u0131 ge\u00e7ti.<\/li>\n<\/ul>\n<h2 id=\"7-application-scenarios-and-value-\">7.\u00a0<strong>, Uygulama senaryolar\u0131 ve de\u011fer<\/strong><\/h2>\n<ul>\n<li><strong>Terminal perakende<\/strong>: \u00dcst d\u00fczey eczanelerde ve CBD \u00f6zel ma\u011fazalar\u0131nda sergilenen \u00e7ekmece a\u00e7ma ve kapama tasar\u0131m\u0131, \u00fcr\u00fcn etkile\u015fimini ve haf\u0131za noktalar\u0131n\u0131 art\u0131r\u0131r;<\/li>\n<li><strong>E-ticaret lojisti\u011fi<\/strong>: EVA astar ve bas\u0131nca dayan\u0131kl\u0131 kutu g\u00f6vde kombinasyonu, nakliye hasar oran\u0131n\u0131 1%'den daha aza indirir;<\/li>\n<li><strong>Marka pazarlamas\u0131<\/strong>: \u00d6zelle\u015ftirilmi\u015f s\u0131cak damgalama LOGO, i\u00e7erik izlenebilirli\u011fi QR kodu ve di\u011fer tasar\u0131mlar, t\u00fcketicilerin marka teknolojisi ve sorumlulu\u011fu konusundaki fark\u0131ndal\u0131\u011f\u0131n\u0131 g\u00fc\u00e7lendirir.<\/li>\n<\/ul>","protected":false},"excerpt":{"rendered":"<p>Ka\u011f\u0131t \u00e7ekmece kutusu a\u00e7ma ve kapama yap\u0131s\u0131 ve p\u00fcr\u00fczs\u00fcz ka\u011f\u0131t \u00e7ekmece kutusu tek elle kolayca kullan\u0131labilir. Hem i\u015flevselli\u011fe hem de rit\u00fcel duygusuna sahiptir. Bask\u0131 hassasiyeti y\u00fcksektir, desen detaylar\u0131 nettir (bitki dokusu gibi), renk \u00fcretimi g\u00fc\u00e7l\u00fcd\u00fcr ve markan\u0131n profesyonel imaj\u0131n\u0131 yans\u0131t\u0131r. Ana renk, kenevir \u00fcr\u00fcnlerinin do\u011fal ve yat\u0131\u015ft\u0131r\u0131c\u0131 \u00f6zelliklerine uyan mavidir.<\/p>","protected":false},"featured_media":1216,"template":"","meta":{"_kad_post_transparent":"default","_kad_post_title":"","_kad_post_layout":"default","_kad_post_sidebar_id":"","_kad_post_content_style":"default","_kad_post_vertical_padding":"default","_kad_post_feature":"","_kad_post_feature_position":"","_kad_post_header":false,"_kad_post_footer":false,"_kad_post_classname":""},"product_brand":[],"product_cat":[15,20,17],"product_tag":[475,474,473],"class_list":{"0":"post-1212","1":"product","2":"type-product","3":"status-publish","4":"has-post-thumbnail","6":"product_cat-red-light-therapy","7":"product_cat-led-face-light-therapy","8":"product_cat-services","9":"product_tag-concentrate-packaging","10":"product_tag-custom-cannabis-concentrate-packaging","11":"product_tag-custom-concentrate-packaging-boxes","13":"first","14":"instock","15":"shipping-taxable","16":"product-type-simple","17":"entry","18":"content-bg","19":"loop-entry"},"_links":{"self":[{"href":"https:\/\/red-lighttherapy.com\/tr\/wp-json\/wp\/v2\/product\/1212","targetHints":{"allow":["GET"]}}],"collection":[{"href":"https:\/\/red-lighttherapy.com\/tr\/wp-json\/wp\/v2\/product"}],"about":[{"href":"https:\/\/red-lighttherapy.com\/tr\/wp-json\/wp\/v2\/types\/product"}],"wp:featuredmedia":[{"embeddable":true,"href":"https:\/\/red-lighttherapy.com\/tr\/wp-json\/wp\/v2\/media\/1216"}],"wp:attachment":[{"href":"https:\/\/red-lighttherapy.com\/tr\/wp-json\/wp\/v2\/media?parent=1212"}],"wp:term":[{"taxonomy":"product_brand","embeddable":true,"href":"https:\/\/red-lighttherapy.com\/tr\/wp-json\/wp\/v2\/product_brand?post=1212"},{"taxonomy":"product_cat","embeddable":true,"href":"https:\/\/red-lighttherapy.com\/tr\/wp-json\/wp\/v2\/product_cat?post=1212"},{"taxonomy":"product_tag","embeddable":true,"href":"https:\/\/red-lighttherapy.com\/tr\/wp-json\/wp\/v2\/product_tag?post=1212"}],"curies":[{"name":"wp","href":"https:\/\/api.w.org\/{rel}","templated":true}]}}