{"id":1206,"date":"2025-04-17T06:38:12","date_gmt":"2025-04-17T06:38:12","guid":{"rendered":"https:\/\/red-lighttherapy.com\/?post_type=product&#038;p=1206"},"modified":"2025-04-17T06:50:23","modified_gmt":"2025-04-17T06:50:23","slug":"premium-custom-wax-hemp-3ml-5ml-7ml-concentrate-packaging","status":"publish","type":"product","link":"https:\/\/red-lighttherapy.com\/tr\/premium-custom-wax-hemp-3ml-5ml-7ml-concentrate-packaging\/","title":{"rendered":"Premium \u00d6zel Balmumu Kenevir 3ml 5ml 7ml Konsantre Ambalaj"},"content":{"rendered":"<h2 id=\"-customized-hemp-wax-concentrate-packaging-product-description-\"><strong>Premium \u00d6zel Balmumu Kenevir 3ml 5ml 7ml Konsantre Ambalaj \u00dcr\u00fcn A\u00e7\u0131klamas\u0131<\/strong><\/h2>\n<h2 id=\"-1-innovative-magnetic-flip-cover-structure-stable-and-convenient-opening-experience-\"><strong>1. Yenilik\u00e7i manyetik \u00e7evirmeli kapak yap\u0131s\u0131: sa\u011flam ve rahat a\u00e7ma deneyimi<\/strong><\/h2>\n<p>Kapatma \u00e7ekirde\u011fi olarak y\u00fcksek mukavemetli NdFeB m\u0131knat\u0131s ile manyetik kapak tasar\u0131m\u0131n\u0131 benimseyen \"dokun ve a\u00e7\" tek elle \u00e7al\u0131\u015fma deneyimi, hassas manyetik kutup da\u011f\u0131l\u0131m\u0131 ile elde edilir. Kutu kapa\u011f\u0131n\u0131n yerle\u015fik manyetik emme par\u00e7alar\u0131, kutu g\u00f6vdesinin m\u0131knat\u0131slar\u0131 ile anizotropik adsorpsiyon olu\u015fturur. A\u00e7\u0131lma ve kapanma a\u00e7\u0131s\u0131 90\u00b0'ye ula\u015ft\u0131\u011f\u0131nda, otomatik olarak tamamen a\u00e7\u0131k duruma geri d\u00f6nebilir ve geleneksel kayar kapak s\u0131k\u0131\u015fmas\u0131 sorununu \u00f6nler.<\/p>\n<ul>\n<li><strong>Kararl\u0131l\u0131k optimizasyonu<\/strong>: Manyetik emme kuvveti, ta\u015f\u0131ma s\u0131ras\u0131nda kazara a\u00e7\u0131lmamas\u0131n\u0131 sa\u011flamak i\u00e7in 3ml \/ 5ml \/ 7ml \u015fi\u015felerin a\u011f\u0131rl\u0131\u011f\u0131na uyum sa\u011flayacak \u015fekilde mekanik olarak hesaplan\u0131r ve deformasyon olmadan 5.000'den fazla kez tekrarlanan a\u00e7ma ve kapamay\u0131 destekler.<\/li>\n<li><strong>Ergonomik detaylar<\/strong>: Kutu kapa\u011f\u0131n\u0131n kenar\u0131nda ayr\u0131lm\u0131\u015f bir yay olu\u011fu vard\u0131r ve ba\u015fparmak basma alan\u0131n\u0131n s\u00fcrt\u00fcnmesi, h\u0131zl\u0131 t\u00fcketim senaryolar\u0131nda verimli kullan\u0131m ihtiya\u00e7lar\u0131n\u0131 kar\u015f\u0131lamak i\u00e7in geli\u015ftirilmi\u015ftir.<\/li>\n<\/ul>\n<h2 id=\"-2-modular-display-system-brand-visual-unity-solution-\"><strong>2. Mod\u00fcler ekran sistemi: Marka g\u00f6rsel b\u00fct\u00fcnl\u00fc\u011f\u00fc \u00e7\u00f6z\u00fcm\u00fc<\/strong><\/h2>\n<p>Ambalaj sistemi, perakende raf te\u015fhiri ve hediye kutusu seti kombinasyonuyla uyumludur ve standartla\u015ft\u0131r\u0131lm\u0131\u015f boyut tasar\u0131m\u0131 (3ml\/5ml\/7ml kutu y\u00fcksekli\u011fi gradyan fark\u0131 15mm) ile g\u00f6rsel bir matris olu\u015fturulmu\u015ftur.<\/p>\n<ul>\n<li><strong>Kombinasyon mant\u0131\u011f\u0131<\/strong>: Tek kutu bir \u00fcst ve alt kapak yap\u0131s\u0131na sahiptir ve hediye kutusu seti, birden fazla spesifikasyonun sorunsuz bir \u015fekilde birle\u015ftirilmesini sa\u011flamak i\u00e7in g\u00f6m\u00fcl\u00fc bir kart yuvas\u0131 kullan\u0131r. D\u0131\u015f kutu, terminal ekran etkisini art\u0131rmak i\u00e7in ayn\u0131 anda ayn\u0131 renk \u015femas\u0131n\u0131 ve kutu tipi dilini kullan\u0131r.<\/li>\n<li><strong>Marka bask\u0131s\u0131<\/strong>: G\u00f6r\u00fcnmez UV marka logosu kutu kapa\u011f\u0131n\u0131n i\u00e7 k\u0131sm\u0131na bas\u0131l\u0131r ve a\u00e7\u0131l\u0131p kapanma an\u0131nda haf\u0131za temas\u0131 olu\u015fur. Kapal\u0131 durum, birle\u015fik ye\u015fil kutu g\u00f6vdesi arac\u0131l\u0131\u011f\u0131yla kategori niteliklerini aktar\u0131r.<\/li>\n<\/ul>\n<h2 id=\"-3-double-upgrade-of-environmental-protection-and-protection-fsc-certified-cardboard-pressure-resistant-coated-paper-\"><strong>3. \u00c7evre koruma ve koruman\u0131n \u00e7ifte y\u00fckseltilmesi: FSC sertifikal\u0131 karton + bas\u0131nca dayan\u0131kl\u0131 ku\u015fe ka\u011f\u0131t<\/strong><\/h2>\n<ul>\n<li><strong>S\u00fcrd\u00fcr\u00fclebilir malzemeler<\/strong>: 100% FSC sertifikal\u0131 karton kullan\u0131l\u0131r, hammadde izlenebilirli\u011fi kontrol edilebilir ve su bazl\u0131 soya fasulyesi m\u00fcrekkebi ile bas\u0131l\u0131r. SGS a\u011f\u0131r metal ve u\u00e7ucu organik bile\u015fik testlerinden ge\u00e7mi\u015ftir ve FDA g\u0131da ile temas s\u0131n\u0131f\u0131 standartlar\u0131n\u0131 kar\u015f\u0131lamaktad\u0131r.<\/li>\n<li><strong>Yap\u0131sal koruma<\/strong>: 2,5 mm kal\u0131nla\u015ft\u0131r\u0131lm\u0131\u015f kaplamal\u0131 mukavva, cam \/ plastik ya\u011f \u015fi\u015felerinin k\u00f6\u015fe zay\u0131fl\u0131klar\u0131n\u0131 hedefleyen 12KGF \/ cm\u00b2 bas\u0131n\u00e7 dayan\u0131m\u0131 ile oluklu kompozit i\u015flemle i\u015flenir ve d\u00fc\u015fme testi ISTA 3A ta\u015f\u0131ma standard\u0131n\u0131 ge\u00e7er.<\/li>\n<\/ul>\n<h2 id=\"-4-precision-manufacturing-process-ultimate-opening-and-closing-experience-guarantee-\"><strong>4. Hassas \u00fcretim s\u00fcreci: \u00fcst\u00fcn a\u00e7ma ve kapama deneyimi garantisi<\/strong><\/h2>\n<ul>\n<li><strong>Lazer kal\u0131p kesim teknolojisi<\/strong>: Alman Kurz kal\u0131p kesme sistemi 0,01 mm hassasiyetle kutu kenar\u0131n\u0131n R k\u00f6\u015fesinin \u00e7apaks\u0131z i\u015flenmesini sa\u011flar ve katlama hatt\u0131n\u0131n \u00f6n indentasyon derinli\u011fi hatas\u0131 \u22640,2 mm'dir ve a\u00e7ma kuvvetinin 0,8-1,2N aral\u0131\u011f\u0131nda sabit olmas\u0131n\u0131 sa\u011flar.<\/li>\n<li><strong>Is\u0131rma sistemi<\/strong>: Kutu g\u00f6vdesi, \"\u00e7ift kanca + manyetik emme yard\u0131m\u0131\" \u00fc\u00e7l\u00fc kapanma mekanizmas\u0131n\u0131 benimser. Laboratuvar \u00f6l\u00e7\u00fcmlerine g\u00f6re, kutu kapa\u011f\u0131n\u0131n yer de\u011fi\u015ftirmesi 200 ard\u0131\u015f\u0131k a\u00e7ma ve kapamadan sonra &lt;0,3 mm&#039;dir ve bu end\u00fcstri ortalamas\u0131ndan \u00f6nemli \u00f6l\u00e7\u00fcde daha iyidir.<\/li>\n<\/ul>\n<h2 id=\"-5-color-strategy-and-minimalist-aesthetics-establishing-category-mental-cognition-\"><strong>5. Renk stratejisi ve minimalist estetik: Kategori zihinsel bili\u015finin olu\u015fturulmas\u0131<\/strong><\/h2>\n<ul>\n<li><strong>Renk psikolojisinin uygulanmas\u0131<\/strong>: Kutu g\u00f6vdesinin ana rengi Pantone 17-0230TN'dir (kenevir yapra\u011f\u0131 damar ye\u015fili) ve bitkinin orijinal dokusunu sim\u00fcle etmek i\u00e7in 5 seviyeli gradyan bask\u0131 i\u015flemi kullan\u0131l\u0131r. Pazar ara\u015ft\u0131rmas\u0131, bu renk sisteminin hedef kullan\u0131c\u0131lar\u0131n \"do\u011fal ve organik\" \u00e7a\u011fr\u0131\u015f\u0131m\u0131n\u0131 43% oran\u0131nda art\u0131rabilece\u011fini g\u00f6stermektedir.<\/li>\n<li><strong>Dekorasyon tasar\u0131m\u0131<\/strong>: S\u0131cak damgalama\/kabartma gibi geleneksel s\u00fcre\u00e7ler terk edilerek, kutunun \u00fc\u00e7 boyutlu kavisli y\u00fczeyi arac\u0131l\u0131\u011f\u0131yla profesyonel bir g\u00f6r\u00fcnt\u00fc olu\u015fturulur ve marka LOGOSUNU sunmak i\u00e7in i\u00e7 astar kartonunda yaln\u0131zca mikron d\u00fczeyinde kabartma i\u015flemi kullan\u0131larak \"az \u00e7oktur\" g\u00f6rsel oda\u011f\u0131 elde edilir.<\/li>\n<\/ul>","protected":false},"excerpt":{"rendered":"<p>Manyetik kapakl\u0131 kutu yap\u0131s\u0131, sa\u011flaml\u0131\u011f\u0131 kullan\u0131m kolayl\u0131\u011f\u0131 ile birle\u015ftirir. Tek elle kolayca a\u00e7\u0131l\u0131p kapat\u0131labilir ve t\u00fcketicilerin h\u0131zl\u0131 bir \u015fekilde almas\u0131n\u0131 kolayla\u015ft\u0131r\u0131r. Hammaddelerin s\u00fcrd\u00fcr\u00fclebilir \u015fekilde y\u00f6netilen ormanlardan gelmesini sa\u011flamak i\u00e7in FSC sertifikal\u0131 karton kullan\u0131r ve bu da \u00e7evrenin korunmas\u0131 i\u00e7in sa\u011fl\u0131k kategorisinin do\u011fal \u00f6zellik gereksinimlerini kar\u015f\u0131lar. Perakende raf te\u015fhiri veya hediye kutusu seti kombinasyonu i\u00e7in uygundur ve marka b\u00fct\u00fcnl\u00fc\u011f\u00fcn\u00fc g\u00f6rsel olarak geli\u015ftirir.<\/p>","protected":false},"featured_media":1207,"template":"","meta":{"_kad_post_transparent":"default","_kad_post_title":"","_kad_post_layout":"default","_kad_post_sidebar_id":"","_kad_post_content_style":"default","_kad_post_vertical_padding":"default","_kad_post_feature":"","_kad_post_feature_position":"","_kad_post_header":false,"_kad_post_footer":false,"_kad_post_classname":""},"product_brand":[],"product_cat":[15,27,17],"product_tag":[471,470,472],"class_list":{"0":"post-1206","1":"product","2":"type-product","3":"status-publish","4":"has-post-thumbnail","6":"product_cat-red-light-therapy","7":"product_cat-red-light-therapy-belt","8":"product_cat-services","9":"product_tag-best-concentrate-packaging-wholesale","10":"product_tag-concentrate-packaging-box","11":"product_tag-custom-concentrate-packaging-wholesale","13":"first","14":"instock","15":"shipping-taxable","16":"product-type-simple","17":"entry","18":"content-bg","19":"loop-entry"},"_links":{"self":[{"href":"https:\/\/red-lighttherapy.com\/tr\/wp-json\/wp\/v2\/product\/1206","targetHints":{"allow":["GET"]}}],"collection":[{"href":"https:\/\/red-lighttherapy.com\/tr\/wp-json\/wp\/v2\/product"}],"about":[{"href":"https:\/\/red-lighttherapy.com\/tr\/wp-json\/wp\/v2\/types\/product"}],"wp:featuredmedia":[{"embeddable":true,"href":"https:\/\/red-lighttherapy.com\/tr\/wp-json\/wp\/v2\/media\/1207"}],"wp:attachment":[{"href":"https:\/\/red-lighttherapy.com\/tr\/wp-json\/wp\/v2\/media?parent=1206"}],"wp:term":[{"taxonomy":"product_brand","embeddable":true,"href":"https:\/\/red-lighttherapy.com\/tr\/wp-json\/wp\/v2\/product_brand?post=1206"},{"taxonomy":"product_cat","embeddable":true,"href":"https:\/\/red-lighttherapy.com\/tr\/wp-json\/wp\/v2\/product_cat?post=1206"},{"taxonomy":"product_tag","embeddable":true,"href":"https:\/\/red-lighttherapy.com\/tr\/wp-json\/wp\/v2\/product_tag?post=1206"}],"curies":[{"name":"wp","href":"https:\/\/api.w.org\/{rel}","templated":true}]}}