{"id":1199,"date":"2025-04-17T06:17:17","date_gmt":"2025-04-17T06:17:17","guid":{"rendered":"https:\/\/red-lighttherapy.com\/?post_type=product&#038;p=1199"},"modified":"2025-04-17T06:37:57","modified_gmt":"2025-04-17T06:37:57","slug":"trader-custom-cbd-tincture-hemp-oil-packaging-cardboard-box","status":"publish","type":"product","link":"https:\/\/red-lighttherapy.com\/tr\/trader-custom-cbd-tincture-hemp-oil-packaging-cardboard-box\/","title":{"rendered":"T\u00fcccar \u00d6zel CBD Tent\u00fcr Kenevir Ya\u011f\u0131 Ambalaj Karton Kutu"},"content":{"rendered":"<h2 id=\"cbd-tincture-hemp-oil-packaging-paper-box-product-description\">CBD Tent\u00fcr Kenevir Ya\u011f\u0131 Ambalaj Ka\u011f\u0131t Kutusu \u00dcr\u00fcn A\u00e7\u0131klamas\u0131<\/h2>\n<h2 id=\"1-minimalist-geometric-cutting-\">1.\u00a0<strong>Minimalist Geometrik Kesim<\/strong><\/h2>\n<p>A\u00e7\u0131sal \u00fc\u00e7 boyutlu kutu tasar\u0131m\u0131 benimsenmi\u015ftir ve \u00e7izgiler basit ve d\u00fczg\u00fcnd\u00fcr, bu da CBD end\u00fcstrisinin teknoloji ve profesyonellik duygusu pe\u015finde ko\u015fan ambalaj trendiyle uyumludur (Gaoai CBD markas\u0131n\u0131n basit stiline bak\u0131n). Alt\u0131 y\u00fczl\u00fc yap\u0131, hassas bir katlama i\u015flemiyle sorunsuz bir \u015fekilde birle\u015ftirilir ve kapak ve kutu g\u00f6vdesi, hem g\u00fczelli\u011fi hem de pratikli\u011fi dikkate alan manyetik toka veya dil ile a\u00e7\u0131l\u0131r ve kapan\u0131r.<\/p>\n<h2 id=\"2-flat-transportation-optimization-\">2.\u00a0<strong>D\u00fcz Ta\u015f\u0131mac\u0131l\u0131k Optimizasyonu<\/strong><\/h2>\n<p>Kutu g\u00f6vdesi, sevk edildi\u011finde d\u00fcz bir bi\u00e7imde istiflenen katlanabilir bir yap\u0131 tasar\u0131m\u0131na sahiptir ve nakliye hacmi, lojistik maliyetlerini \u00f6nemli \u00f6l\u00e7\u00fcde azaltan (FSC \u00e7evre dostu ka\u011f\u0131t torbalar\u0131n d\u00fczle\u015ftirme i\u015flemine benzer \u015fekilde) 60% oran\u0131nda azalt\u0131lm\u0131\u015ft\u0131r. Kullan\u0131ld\u0131\u011f\u0131nda, d\u00f6ng\u00fcsel ekonomi konseptine uygun olarak, tutkal yap\u0131\u015ft\u0131rma olmadan \u00fc\u00e7 boyutlu \u015feklini geri kazanmak i\u00e7in sadece basit\u00e7e a\u00e7\u0131lmas\u0131 gerekir.<\/p>\n<h2 id=\"3-gradient-blue-green-aesthetics-\">3.\u00a0<strong>Degrade Mavi-Ye\u015fil Estetik<\/strong><\/h2>\n<p>Ana renk, do\u011fal kenevir yapra\u011f\u0131 damarlar\u0131n\u0131n ak\u0131\u015f\u0131n\u0131 sim\u00fcle eden mavi-ye\u015fil gradyan ge\u00e7i\u015fidir ve beyaz taban renk kontrast\u0131n\u0131 art\u0131r\u0131r ve raf g\u00f6r\u00fcnt\u00fcleme \u00e7ekicili\u011fini art\u0131r\u0131r (Gaoai CBD markas\u0131n\u0131n renk dengesi stratejisinden esinlenmi\u015ftir). Degrade i\u015fleminde bask\u0131 i\u00e7in 98% renk gam\u0131 kapsam\u0131na sahip \u00e7evre dostu su bazl\u0131 m\u00fcrekkep kullan\u0131lm\u0131\u015f ve g\u0131da s\u0131n\u0131f\u0131 g\u00fcvenlik standartlar\u0131n\u0131 kar\u015f\u0131larken renk doygunlu\u011fu sa\u011flanm\u0131\u015ft\u0131r.<\/p>\n<h2 id=\"4-hierarchical-layout-of-information-\">4.\u00a0<strong>Hiyerar\u015fik bilgi d\u00fczeni<\/strong><\/h2>\n<ul>\n<li><strong>\u00d6nemli veri vurgusu<\/strong>: CBD i\u00e7eri\u011fi (\"500mg\/10ml\" gibi), \u00f6nerilen dozaj (\"1 damla = 2,5mg\" gibi) ve di\u011fer temel bilgiler kal\u0131n sans serif yaz\u0131 tipleri kullan\u0131r, yaz\u0131 tipi boyutu 20% b\u00fcy\u00fct\u00fcl\u00fcr ve \u00f6n g\u00f6rsel merkez alan\u0131na yerle\u015ftirilir (t\u00fcketicilerin dozaj \u015feffafl\u0131\u011f\u0131 talebi do\u011frultusunda).<\/li>\n<li><strong>Yard\u0131mc\u0131 bilgi entegrasyonu<\/strong>: \u0130\u00e7erik listesi, FSC sertifikasyon logosu ve geri d\u00f6n\u00fc\u015ft\u00fcr\u00fclebilir logosu gibi k\u00fc\u00e7\u00fck bilgiler yan tarafta d\u00fczg\u00fcn bir \u015fekilde d\u00fczenlenmi\u015ftir ve k\u00fc\u00e7\u00fck gri tonlamal\u0131 yaz\u0131 tipleri kullan\u0131larak d\u00fczen d\u00fczg\u00fcn tutulmu\u015ftur.<\/li>\n<\/ul>\n<h2 id=\"5-fsc-certified-paper-base-\">5.\u00a0<strong>FSC sertifikal\u0131 ka\u011f\u0131t taban<\/strong><\/h2>\n<p>Ka\u011f\u0131t kutuda FSC-COC sertifikal\u0131 rejenere sel\u00fcloz mukavva kullan\u0131lmaktad\u0131r ve odun hamuru kayna\u011f\u0131, tedarik zinciri \u015feffafl\u0131\u011f\u0131n\u0131 sa\u011flamak i\u00e7in s\u00fcrd\u00fcr\u00fclebilir \u015fekilde y\u00f6netilen ormanlara kadar izlenebilmektedir (AB plastik vergi muafiyeti standartlar\u0131na uygun olarak). \u0130\u00e7 katman, geleneksel plastik kaplaman\u0131n yerine IPX4 su ve ya\u011f ge\u00e7irmezlik performans\u0131na sahip g\u0131da s\u0131n\u0131f\u0131 selofan kaplama ile eklenmi\u015ftir.<\/p>\n<h2 id=\"6-environmental-protection-throughout-the-entire-life-cycle-\">6.\u00a0<strong>T\u00fcm ya\u015fam d\u00f6ng\u00fcs\u00fc boyunca \u00e7evre koruma<\/strong><\/h2>\n<ul>\n<li><strong>Geri d\u00f6n\u00fc\u015ft\u00fcr\u00fclebilir<\/strong>: At\u0131k ka\u011f\u0131t geri d\u00f6n\u00fc\u015f\u00fcm sistemi ile uyumlu, elyaf geri d\u00f6n\u00fc\u015f\u00fcm oran\u0131 &gt; 95%;<\/li>\n<li><strong>Kompostlanabilir<\/strong>: End\u00fcstriyel kompostlama ko\u015fullar\u0131 alt\u0131nda 180 g\u00fcnde bozunma oran\u0131 &gt; 90%;<\/li>\n<li><strong>D\u00fc\u015f\u00fck karbonlu \u00fcretim<\/strong>: Karbon ayak izi geleneksel ambalaja k\u0131yasla 42% azalt\u0131lm\u0131\u015ft\u0131r.<\/li>\n<\/ul>\n<h2 id=\"7-scene-adaptation-and-brand-value-\">7.\u00a0<strong>Sahne adaptasyonu ve marka de\u011feri<\/strong><\/h2>\n<ol>\n<li><strong>Perakende te\u015fhir avantajlar\u0131<\/strong>\u00a0D\u00fcz cephe tasar\u0131m\u0131, \"\u0130svi\u00e7re organik \u00e7iftliklerinden geliyor\" ve \"s\u0131f\u0131r ilave sentetik madde\" (t\u00fcketicilerin kalite ve izlenebilirlik taleplerini yans\u0131t\u0131yor) gibi farkl\u0131la\u015ft\u0131r\u0131lm\u0131\u015f sat\u0131\u015f noktalar\u0131n\u0131n bas\u0131lmas\u0131 gibi marka hikayeleri ve sa\u011fl\u0131k beyanlar\u0131 i\u00e7in geni\u015f bir sergileme alan\u0131 sa\u011fl\u0131yor.<\/li>\n<li><strong>Geli\u015ftirilmi\u015f kullan\u0131c\u0131 deneyimi<\/strong><\/li>\n<li><strong>Dokunma \u00f6nleyici tasar\u0131m<\/strong>: Ta\u015f\u0131ma s\u0131ras\u0131nda \u00e7arp\u0131\u015fmay\u0131 \u00f6nlemek i\u00e7in cam damlal\u0131k \u015fi\u015fesini sabitlemek i\u00e7in kutuya g\u00f6m\u00fcl\u00fc \u00f6zelle\u015ftirilmi\u015f EVA astar;<\/li>\n<li><strong>Etkile\u015fimli uzant\u0131<\/strong>: Arka tarafta bir QR kodu alan\u0131 ayr\u0131lm\u0131\u015ft\u0131r ve kod tarand\u0131\u011f\u0131nda \u00fcr\u00fcn izlenebilirlik sayfas\u0131na veya dozaj hesaplama arac\u0131na atlanabilir.<\/li>\n<\/ol>","protected":false},"excerpt":{"rendered":"<p>Bu karton kutu ambalaj, CBD ya\u011f\u0131 ve kenevir ya\u011f\u0131n\u0131n ambalaj trendine uygun olarak basit ve d\u00fczg\u00fcn hatlara ve keskin kenarlara sahiptir. D\u00fcz cephe, g\u00f6rsel bilgiler i\u00e7in geni\u015f bir sergileme alan\u0131 sa\u011flar ve perakende te\u015fhir i\u00e7in uygundur.<\/p>","protected":false},"featured_media":1202,"template":"","meta":{"_kad_post_transparent":"default","_kad_post_title":"","_kad_post_layout":"default","_kad_post_sidebar_id":"","_kad_post_content_style":"default","_kad_post_vertical_padding":"default","_kad_post_feature":"","_kad_post_feature_position":"","_kad_post_header":false,"_kad_post_footer":false,"_kad_post_classname":""},"product_brand":[],"product_cat":[15,24,17],"product_tag":[467,466,469],"class_list":{"0":"post-1199","1":"product","2":"type-product","3":"status-publish","4":"has-post-thumbnail","6":"product_cat-red-light-therapy","7":"product_cat-red-light-therapy-bed","8":"product_cat-services","9":"product_tag-custom-cbd-packaging","10":"product_tag-custom-cbd-packaging-boxes","11":"product_tag-custom-hemp-oil-boxes","13":"first","14":"instock","15":"shipping-taxable","16":"product-type-simple","17":"entry","18":"content-bg","19":"loop-entry"},"_links":{"self":[{"href":"https:\/\/red-lighttherapy.com\/tr\/wp-json\/wp\/v2\/product\/1199","targetHints":{"allow":["GET"]}}],"collection":[{"href":"https:\/\/red-lighttherapy.com\/tr\/wp-json\/wp\/v2\/product"}],"about":[{"href":"https:\/\/red-lighttherapy.com\/tr\/wp-json\/wp\/v2\/types\/product"}],"wp:featuredmedia":[{"embeddable":true,"href":"https:\/\/red-lighttherapy.com\/tr\/wp-json\/wp\/v2\/media\/1202"}],"wp:attachment":[{"href":"https:\/\/red-lighttherapy.com\/tr\/wp-json\/wp\/v2\/media?parent=1199"}],"wp:term":[{"taxonomy":"product_brand","embeddable":true,"href":"https:\/\/red-lighttherapy.com\/tr\/wp-json\/wp\/v2\/product_brand?post=1199"},{"taxonomy":"product_cat","embeddable":true,"href":"https:\/\/red-lighttherapy.com\/tr\/wp-json\/wp\/v2\/product_cat?post=1199"},{"taxonomy":"product_tag","embeddable":true,"href":"https:\/\/red-lighttherapy.com\/tr\/wp-json\/wp\/v2\/product_tag?post=1199"}],"curies":[{"name":"wp","href":"https:\/\/api.w.org\/{rel}","templated":true}]}}