{"id":1192,"date":"2025-04-17T03:53:24","date_gmt":"2025-04-17T03:53:24","guid":{"rendered":"https:\/\/red-lighttherapy.com\/?post_type=product&#038;p=1192"},"modified":"2025-04-17T06:22:08","modified_gmt":"2025-04-17T06:22:08","slug":"wholesale-cannabis-concentrate-magnetic-lid-packaging-boxes","status":"publish","type":"product","link":"https:\/\/red-lighttherapy.com\/tr\/wholesale-cannabis-concentrate-magnetic-lid-packaging-boxes\/","title":{"rendered":"Toptan Kenevir Konsantresi Manyetik Kapakl\u0131 Ambalaj Kutular\u0131"},"content":{"rendered":"<h2 id=\"-product-description-of-paper-drawer-box-for-marijuana-concentrate-magnetic-cover-\"><strong>Marijuana Konsantre Manyetik Kapak i\u00e7in Ka\u011f\u0131t \u00c7ekmece Kutusu \u00dcr\u00fcn A\u00e7\u0131klamas\u0131<\/strong><\/h2>\n<h2 id=\"-1-paper-drawer-box-slide-rail-design-easy-and-efficient-opening-and-closing-\"><strong>1. Ka\u011f\u0131t \u00c7ekmecesi Kutusu K\u0131zak Ray\u0131 Tasar\u0131m\u0131, Kolay ve Verimli A\u00e7ma ve Kapama<\/strong><\/h2>\n<ul>\n<li><strong>Hassas Konumland\u0131rma ve D\u00fc\u015fmeyi \u00d6nleme<\/strong>: S\u00fcrg\u00fc ray\u0131 hassas bir \u015fekilde hesaplan\u0131r ve kutu kapa\u011f\u0131, kazara kaymay\u0131 \u00f6nlemek ve kullan\u0131mda stabiliteyi sa\u011flamak i\u00e7in a\u00e7ma ve kapama s\u0131ras\u0131nda otomatik olarak \u00f6nceden ayarlanm\u0131\u015f konuma kilitlenir.<\/li>\n<\/ul>\n<h2 id=\"-2-double-childproof-lock-mechanism-safe-and-worry-free-\"><strong>2. \u00c7ift \u00c7ocuk Korumal\u0131 Kilit Mekanizmas\u0131, G\u00fcvenli ve Endi\u015fesiz<\/strong><\/h2>\n<ul>\n<li><strong>Kilidi A\u00e7mak i\u00e7in Bas\u0131n Teknolojisi<\/strong>: Kutu g\u00f6vdesinin yan taraf\u0131na gizli bir basma anahtar\u0131 yerle\u015ftirilmi\u015ftir ve kutu kapa\u011f\u0131 e\u015fzamanl\u0131 olarak kaymadan \u00f6nce bir yeti\u015fkinin belirli bir kuvvetle basmas\u0131 gerekir, bu da \u00e7ocuklar\u0131n yanl\u0131\u015fl\u0131kla a\u00e7mas\u0131n\u0131 etkili bir \u015fekilde \u00f6nler.<\/li>\n<li><strong>Ayarlanabilir Manyetik Emi\u015f G\u00fcc\u00fc<\/strong>: M\u0131knat\u0131s adsorpsiyon kuvvetini \u00f6zelle\u015ftirerek, \u00e7ocuklar\u0131n g\u00fcvenli\u011fini ve yeti\u015fkinlerin kullan\u0131m kolayl\u0131\u011f\u0131n\u0131 dengeler ve sadece bir yeti\u015fkinin parmaklar\u0131n\u0131n g\u00fcc\u00fc ile kolayca \u00e7al\u0131\u015ft\u0131r\u0131labilir.<\/li>\n<\/ul>\n<h2 id=\"-3-stable-and-shock-resistant-structure-upgraded-portable-experience-\"><strong>3. Stabil ve darbeye dayan\u0131kl\u0131 yap\u0131, y\u00fckseltilmi\u015f ta\u015f\u0131nabilir deneyim<\/strong><\/h2>\n<ul>\n<li><strong>Dahili \u00f6zelle\u015ftirilmi\u015f kart yuvas\u0131<\/strong>: Konsantrenin boyutuna g\u00f6re (\u015fi\u015felenmi\u015f ve torbalanm\u0131\u015f gibi) do\u011fru \u015fekilde kal\u0131planm\u0131\u015f, darbeye dayan\u0131kl\u0131 EVA astarl\u0131, i\u00e7eri\u011fi s\u0131k\u0131ca sabitleyin, nakliye s\u0131ras\u0131nda s\u0131f\u0131r sallanma ve \u00e7arp\u0131\u015fma hasar\u0131n\u0131 \u00f6nleyin.<\/li>\n<li><strong>Hafif ve ta\u015f\u0131nabilir tasar\u0131m<\/strong>: Kutu g\u00f6vdesinin kal\u0131nl\u0131\u011f\u0131 ve a\u011f\u0131rl\u0131\u011f\u0131, hem koruma hem de ta\u015f\u0131nabilirlik dikkate al\u0131narak optimize edilmi\u015ftir, ta\u015f\u0131ma veya depolama istifleme ihtiya\u00e7lar\u0131 i\u00e7in uygundur.<\/li>\n<\/ul>\n<h2 id=\"-4-coated-paper-multi-layer-composite-material-pressure-resistant-and-damage-resistant-\"><strong>4. Kaplamal\u0131 ka\u011f\u0131t \u00e7ok katmanl\u0131 kompozit malzeme, bas\u0131nca dayan\u0131kl\u0131 ve hasara dayan\u0131kl\u0131<\/strong><\/h2>\n<ul>\n<li><strong>Y\u00fcksek mukavemetli alt tabaka<\/strong>: 400g kal\u0131nla\u015ft\u0131r\u0131lm\u0131\u015f ku\u015fe ka\u011f\u0131t kullan\u0131l\u0131r ve y\u00fczey, bas\u0131nca dayan\u0131kl\u0131, neme dayan\u0131kl\u0131 ve \u00e7izilmeye kar\u015f\u0131 dayan\u0131kl\u0131 olan ve lojistik nakliye s\u0131ras\u0131nda istifleme ve ekstr\u00fczyona dayanabilen mat \/ parlak \u00e7evre dostu film ile kaplan\u0131r.<\/li>\n<li><strong>Geri d\u00f6n\u00fc\u015ft\u00fcr\u00fclebilir tasar\u0131m<\/strong>: Malzeme sa\u011flam ve dayan\u0131kl\u0131d\u0131r, birden fazla a\u00e7\u0131l\u0131p kapanmay\u0131 ve yeniden kullan\u0131m\u0131 destekler, ambalaj de\u011fi\u015ftirme maliyetini azalt\u0131r ve \u00e7evre koruma konseptine uygundur.<\/li>\n<\/ul>\n<h2 id=\"-5-high-precision-printing-technology-excellent-visual-texture-\"><strong>5. Y\u00fcksek hassasiyetli bask\u0131 teknolojisi, m\u00fckemmel g\u00f6rsel doku<\/strong><\/h2>\n<ul>\n<li><strong>Tam renkli UV bask\u0131 teknolojisi<\/strong>: 95%'den daha fazla renk doygunlu\u011funa sahip degrade renkler ve metalik parlakl\u0131k gibi karma\u015f\u0131k desenleri destekler ve s\u00fcrt\u00fcnme testinden sonra solmas\u0131 kolay de\u011fildir.<\/li>\n<li><strong>\u00c7e\u015fitlendirilmi\u015f y\u00fczey s\u00fcre\u00e7leri<\/strong>: Marka tan\u0131n\u0131rl\u0131\u011f\u0131n\u0131 art\u0131rmak ve ambalaj kalitesini iyile\u015ftirmek i\u00e7in iste\u011fe ba\u011fl\u0131 s\u0131cak damgalama, kabartma, yerel UV ve di\u011fer i\u015flemler.<\/li>\n<\/ul>\n<h2 id=\"-6-minimalist-white-tone-conveying-a-professional-brand-image-\"><strong>6. Profesyonel marka imaj\u0131n\u0131 yans\u0131tan minimalist beyaz ton<\/strong><\/h2>\n<ul>\n<li><strong>Saf beyaz kutu<\/strong>: Temel renk olarak beyaz, g\u00fcvenli\u011fi, profesyonelli\u011fi ve temizli\u011fi sembolize eder, t\u0131bbi s\u0131n\u0131f kenevir \u00fcr\u00fcnlerinin konumland\u0131r\u0131lmas\u0131na uyum sa\u011flar ve t\u00fcketici g\u00fcvenini g\u00fc\u00e7lendirir.<\/li>\n<li><strong>Esnek g\u00f6rsel e\u015fle\u015ftirme<\/strong>: Marka renginin, degrade dokunun veya minimalist LOGO'nun k\u0131smi s\u00fcslemesini destekler, sadelikte ki\u015fili\u011fi vurgular ve a\u015f\u0131r\u0131 tasar\u0131mdan ka\u00e7\u0131n\u0131r.<\/li>\n<\/ul>\n<h2 id=\"-7-all-round-customization-service-empowering-brand-differentiation-\"><strong>7. Marka farkl\u0131la\u015fmas\u0131n\u0131 g\u00fc\u00e7lendiren \u00e7ok y\u00f6nl\u00fc \u00f6zelle\u015ftirme hizmeti<\/strong><\/h2>\n<ul>\n<li><strong>Esnek boyut adaptasyonu<\/strong>: \u00dcr\u00fcn hatt\u0131 ihtiya\u00e7lar\u0131n\u0131 kar\u015f\u0131lamak i\u00e7in 10 ml mikro \u015fi\u015felerden 100 ml b\u00fcy\u00fck kapasiteli kutulara kadar tam boyutlu \u00f6zelle\u015ftirmeyi destekler.<\/li>\n<li><strong>Derinlemesine marka entegrasyonu<\/strong>: Benzersiz bir marka tan\u0131mlama sistemi olu\u015fturmak i\u00e7in \u00f6zelle\u015ftirilebilir kutu rengi (gradyan rengi, mat siyah gibi), desen (ill\u00fcstrasyon, geometrik desen), metin bilgileri (d\u00fczenleyici beyan, kullan\u0131m talimatlar\u0131) vb.<\/li>\n<\/ul>\n<h2 id=\"-application-scenarios-\"><strong>Uygulama senaryolar\u0131<\/strong><\/h2>\n<ul>\n<li><strong>Toptan ve perakende sat\u0131\u015f<\/strong>: Kenevir konsantreleri, CBD ya\u011f\u0131, balmumu \u00f6zleri vb. \u00fcr\u00fcnlerin B2B d\u00f6kme ambalajlar\u0131 ve terminal sat\u0131\u015f te\u015fhirleri i\u00e7in ge\u00e7erlidir.<\/li>\n<li><strong>\u00c7ok senaryolu uyarlama<\/strong>: Pratiklik ve marka ileti\u015fimini g\u00f6z \u00f6n\u00fcnde bulundurarak depolama ve ta\u015f\u0131ma, ma\u011faza te\u015fhiri ve kullan\u0131c\u0131lar taraf\u0131ndan g\u00fcnl\u00fck ta\u015f\u0131ma gibi \u00e7oklu senaryolar\u0131n ihtiya\u00e7lar\u0131n\u0131 kar\u015f\u0131lay\u0131n.<\/li>\n<\/ul>","protected":false},"excerpt":{"rendered":"<p>Bu kenevir konsantresi manyetik kapakl\u0131 ambalaj kutusu, \u00fcst d\u00fczey kenevir \u00fcr\u00fcn\u00fc markalar\u0131 i\u00e7in \u00f6zel olarak tasarlanm\u0131\u015ft\u0131r. Yenilik\u00e7i yap\u0131s\u0131, g\u00fcvenlik korumas\u0131 ve \u00f6zelle\u015ftirilmi\u015f hizmetleri ile i\u015flevselli\u011fi ve estetik de\u011feri bir araya getirerek \u00fcr\u00fcn depolama, ta\u015f\u0131ma ve marka te\u015fhir ihtiya\u00e7lar\u0131n\u0131 tam olarak kar\u015f\u0131lar, kullan\u0131c\u0131 deneyimini ve markan\u0131n profesyonel imaj\u0131n\u0131 geli\u015ftirmeye yard\u0131mc\u0131 olur.<\/p>","protected":false},"featured_media":1194,"template":"","meta":{"_kad_post_transparent":"default","_kad_post_title":"","_kad_post_layout":"default","_kad_post_sidebar_id":"","_kad_post_content_style":"default","_kad_post_vertical_padding":"default","_kad_post_feature":"","_kad_post_feature_position":"","_kad_post_header":false,"_kad_post_footer":false,"_kad_post_classname":""},"product_brand":[],"product_cat":[15,27,17],"product_tag":[467,466,468],"class_list":{"0":"post-1192","1":"product","2":"type-product","3":"status-publish","4":"has-post-thumbnail","6":"product_cat-red-light-therapy","7":"product_cat-red-light-therapy-belt","8":"product_cat-services","9":"product_tag-custom-cbd-packaging","10":"product_tag-custom-cbd-packaging-boxes","11":"product_tag-magnetic-lid-boxes-for-concentrate","13":"first","14":"instock","15":"shipping-taxable","16":"product-type-simple","17":"entry","18":"content-bg","19":"loop-entry"},"_links":{"self":[{"href":"https:\/\/red-lighttherapy.com\/tr\/wp-json\/wp\/v2\/product\/1192","targetHints":{"allow":["GET"]}}],"collection":[{"href":"https:\/\/red-lighttherapy.com\/tr\/wp-json\/wp\/v2\/product"}],"about":[{"href":"https:\/\/red-lighttherapy.com\/tr\/wp-json\/wp\/v2\/types\/product"}],"wp:featuredmedia":[{"embeddable":true,"href":"https:\/\/red-lighttherapy.com\/tr\/wp-json\/wp\/v2\/media\/1194"}],"wp:attachment":[{"href":"https:\/\/red-lighttherapy.com\/tr\/wp-json\/wp\/v2\/media?parent=1192"}],"wp:term":[{"taxonomy":"product_brand","embeddable":true,"href":"https:\/\/red-lighttherapy.com\/tr\/wp-json\/wp\/v2\/product_brand?post=1192"},{"taxonomy":"product_cat","embeddable":true,"href":"https:\/\/red-lighttherapy.com\/tr\/wp-json\/wp\/v2\/product_cat?post=1192"},{"taxonomy":"product_tag","embeddable":true,"href":"https:\/\/red-lighttherapy.com\/tr\/wp-json\/wp\/v2\/product_tag?post=1192"}],"curies":[{"name":"wp","href":"https:\/\/api.w.org\/{rel}","templated":true}]}}