{"id":1185,"date":"2025-04-17T03:35:56","date_gmt":"2025-04-17T03:35:56","guid":{"rendered":"https:\/\/red-lighttherapy.com\/?post_type=product&#038;p=1185"},"modified":"2025-04-17T14:44:35","modified_gmt":"2025-04-17T14:44:35","slug":"purchase-luxury-lipstick-tube-gift-set-magnetic-lid-boxes","status":"publish","type":"product","link":"https:\/\/red-lighttherapy.com\/tr\/purchase-luxury-lipstick-tube-gift-set-magnetic-lid-boxes\/","title":{"rendered":"L\u00fcks Ruj T\u00fcp\u00fc Hediye Seti Manyetik Kapakl\u0131 Kutular Sat\u0131n Al\u0131n"},"content":{"rendered":"<h2 id=\"product-description-of-luxury-lipstick-tube-gift-box-with-magnetic-lid\">Manyetik Kapakl\u0131 L\u00fcks Ruj T\u00fcp\u00fc Hediye Kutusunun \u00dcr\u00fcn A\u00e7\u0131klamas\u0131<\/h2>\n<h2 id=\"-1-innovative-magnetic-opening-and-closing-system-with-both-ritual-and-practicality-\"><strong>1. Hem rit\u00fcel hem de pratikli\u011fe sahip yenilik\u00e7i manyetik a\u00e7ma ve kapama sistemi<\/strong><\/h2>\n<p>Bu hediye kutusu \u015funlar\u0131 benimser\u00a0<strong>A\u00e7\u0131l\u0131r ve kapan\u0131r manyetik yap\u0131 tasar\u0131m\u0131<\/strong>Yerle\u015fik y\u00fcksek mukavemetli dairesel m\u0131knat\u0131s bile\u015fenlerine sahiptir ve m\u0131knat\u0131s halkas\u0131 bir ve m\u0131knat\u0131s halkas\u0131 ikinin hassas hizalanmas\u0131 yoluyla kutu kapa\u011f\u0131n\u0131n ve kutu g\u00f6vdesinin sabit kapanmas\u0131n\u0131 ger\u00e7ekle\u015ftirir. A\u00e7ma ve kapama tek elle itme ile tamamlanabilir. Geleneksel toka tasar\u0131m\u0131 ile kar\u015f\u0131la\u015ft\u0131r\u0131ld\u0131\u011f\u0131nda, i\u015flem daha rahatt\u0131r ve mekanik a\u015f\u0131nma riski yoktur. Kapanma an\u0131na keskin bir \"klik\" sesi e\u015flik eder, bu da a\u00e7ma i\u015flemine \u00fcst d\u00fczey g\u00fczellik \u00fcr\u00fcnlerinin kullan\u0131m deneyimine uyan zarif bir rit\u00fcel hissi verir.<\/p>\n<h2 id=\"-2-precision-magnetic-closure-system-to-ensure-safety-and-convenience-\"><strong>2. G\u00fcvenlik ve rahatl\u0131k sa\u011flamak i\u00e7in hassas manyetik kapatma sistemi<\/strong><\/h2>\n<p>Manyetik kapatma sistemi a\u015fa\u011f\u0131dakilere dayanmaktad\u0131r\u00a0<strong>\u00e7ift m\u0131knat\u0131sl\u0131 halka d\u00fczeni<\/strong>D\u00fczg\u00fcn manyetik kuvvet da\u011f\u0131l\u0131m\u0131 ve end\u00fcstri lideri adsorpsiyon kuvveti ile rujun sa\u00e7\u0131lmas\u0131n\u0131 veya kirlenmesini \u00f6nlemek i\u00e7in kutu g\u00f6vdesinin nakliye veya kazara d\u00fc\u015fme s\u0131ras\u0131nda s\u0131k\u0131ca kapal\u0131 kalmas\u0131n\u0131 sa\u011flar. Kutu kapa\u011f\u0131n\u0131n kenar\u0131\u00a0<strong>pah k\u0131rma i\u015flemi<\/strong>Kad\u0131n kullan\u0131c\u0131lar\u0131n kullan\u0131m al\u0131\u015fkanl\u0131klar\u0131 ve sahne ihtiya\u00e7lar\u0131 g\u00f6z \u00f6n\u00fcnde bulundurularak ergonomiye uygun, tek elle a\u00e7ma ve kapama p\u00fcr\u00fczs\u00fcz ve engelsizdir.<\/p>\n<h2 id=\"-3-modular-lining-design-efficient-storage-and-display-\"><strong>3. Mod\u00fcler astar tasar\u0131m\u0131, verimli depolama ve sergileme<\/strong><\/h2>\n<p>Hediye kutusunun i\u00e7 k\u0131sm\u0131nda\u00a0<strong>\u00f6zelle\u015ftirilmi\u015f TPU astar<\/strong>Ba\u011f\u0131ms\u0131z kart yuvalar\u0131 olu\u015fturmak i\u00e7in hassas lazer kesimi ile olu\u015fturulan, farkl\u0131 \u00f6zelliklere sahip ruj t\u00fcpleri (silindirik, kare vb.) i\u00e7in uygundur. Her ruj g\u00f6m\u00fcld\u00fckten sonra kart yuvas\u0131na s\u0131k\u0131ca oturur ve sars\u0131nt\u0131 \u00f6nleyici tasar\u0131m, macunun \u00e7arp\u0131\u015fma nedeniyle hasar g\u00f6rmesini \u00f6nler. Astar s\u00f6k\u00fclebilir ve yeniden d\u00fczenlenebilir, 6-12 rujun serbest\u00e7e d\u00fczenlenmesini destekler, depolama i\u015flevini ve g\u00f6rsel ekran g\u00fczelli\u011fini dikkate al\u0131r ve t\u00fcketicilerin \"koleksiyon d\u00fczeyinde\" sergileme ihtiya\u00e7lar\u0131n\u0131 kar\u015f\u0131lar.<\/p>\n<h2 id=\"-4-environmentally-friendly-materials-and-structural-reinforcement-double-protection-\"><strong>4. \u00c7evre dostu malzemeler ve yap\u0131sal g\u00fc\u00e7lendirme, \u00e7ift koruma<\/strong><\/h2>\n<p>Hediye kutusunun ana g\u00f6vdesi \u015funlardan yap\u0131lm\u0131\u015ft\u0131r\u00a0<strong>FSC sertifikal\u0131 ku\u015fe ka\u011f\u0131t<\/strong>Y\u00fczeyinde mat \u00e7evre dostu bir kaplama, 2000 g\/m\u00b2 sertlik ve s\u0131radan ka\u011f\u0131t kutulardan 3 kat daha iyi bir s\u0131k\u0131\u015ft\u0131rma direnci ile. Hafif al\u00fcminyum ala\u015f\u0131ml\u0131 \u00e7er\u00e7eve, genel y\u00fck ta\u015f\u0131ma kapasitesini art\u0131rmak i\u00e7in per\u00e7inler arac\u0131l\u0131\u011f\u0131yla ka\u011f\u0131t kutuyla sorunsuz bir \u015fekilde birle\u015ftirilmi\u015ftir. Deformasyon olmadan 50 kg statik bas\u0131nca dayanabilir ve harici ekstr\u00fczyona etkili bir \u015fekilde direnebilir. Malzeme, l\u00fcks doku ve s\u00fcrd\u00fcr\u00fclebilir konseptleri dikkate alarak AB REACH \u00e7evre koruma standartlar\u0131na uygundur.<\/p>\n<h2 id=\"-5-high-precision-printing-technology-double-upgrade-of-vision-and-touch-\"><strong>5. Y\u00fcksek hassasiyetli bask\u0131 teknolojisi, g\u00f6rme ve dokunman\u0131n iki kat y\u00fckseltilmesi<\/strong><\/h2>\n<p>Kutu y\u00fczeyi\u00a0<strong>6 renkli serigrafi bask\u0131 + k\u0131smi UV s\u0131cak damgalama teknolojisi<\/strong>ve dudak renk bloklar\u0131n\u0131n ve dudak bask\u0131 desenlerinin kenar hassasiyeti, lekeler ve \u00e7apaklar olmadan 0,1 mm'ye ula\u015f\u0131r (Dior ruj paketleme teknolojisi gibi). Renk bloklar\u0131, ger\u00e7ek ruj renginin 95%'den fazlas\u0131n\u0131 geri y\u00fcklemek i\u00e7in Pantone \u00f6zel renk m\u00fcrekkeplerini kullan\u0131r, bu da t\u00fcketicilerin renk numaras\u0131n\u0131 h\u0131zl\u0131 bir \u015fekilde tan\u0131mlamas\u0131 i\u00e7in uygundur. Bask\u0131 katman\u0131 a\u015f\u0131nma direnci a\u00e7\u0131s\u0131ndan test edilmi\u015ftir ve 500 kez tekrar tekrar a\u00e7\u0131l\u0131p kapat\u0131ld\u0131ktan sonra parlakl\u0131\u011f\u0131n\u0131 koruyarak fabrikan\u0131n en ileri bask\u0131 teknolojisini g\u00f6stermektedir.<\/p>\n<h2 id=\"-6-aesthetic-detail-design-to-enhance-brand-tonality-\"><strong>6. Marka tonalitesini geli\u015ftirmek i\u00e7in estetik detay tasar\u0131m\u0131<\/strong><\/h2>\n<p>Astar ve kutu g\u00f6vdesi benimsenir\u00a0<strong>ayn\u0131 renk sisteminin gradyan toz tasar\u0131m\u0131<\/strong>Kutu y\u00fczeyindeki mat kiraz \u00e7i\u00e7e\u011fi pudras\u0131ndan astar \u00fczerindeki sedefli mercan pudras\u0131na ge\u00e7i\u015f. Renk tutarl\u0131l\u0131\u011f\u0131, genel g\u00f6rsel uyumu geli\u015ftirmek i\u00e7in profesyonel bir spektrofotometre ile kalibre edilmi\u015ftir. Kutu, makyaj aynas\u0131 olarak kullan\u0131labilen manyetik bir ayna b\u00f6lmesiyle birlikte gelir. Aynan\u0131n kenar\u0131, m\u0131knat\u0131s halkas\u0131 ile ayn\u0131 renk sistemine sahip pembe alt\u0131n dekoratif \u015feritlerle i\u015flenmi\u015ftir ve detaylar l\u00fcks marka genini yans\u0131tmaktad\u0131r.<\/p>\n<h2 id=\"-applicable-scenarios-\"><strong>Uygulanabilir senaryolar<\/strong><\/h2>\n<ul>\n<li><strong>Tatil hediyesi<\/strong>: Manyetik a\u00e7\u0131l\u0131\u015f ve kapan\u0131\u015f rit\u00fceli Sevgililer G\u00fcn\u00fc, Noel vb. bayram atmosferine uyar.<\/li>\n<li><strong>Marka \u00f6zelle\u015ftirme<\/strong>: LOGO s\u0131cak damgalamay\u0131, m\u0131knat\u0131s halkalar\u0131n\u0131n ki\u015fiselle\u015ftirilmi\u015f renk kaplamas\u0131n\u0131 (alt\u0131n \/ g\u00fcl alt\u0131n \/ platin) destekler<\/li>\n<li><strong>Perakende te\u015fhir<\/strong>: Mod\u00fcler astar, tezgah\u0131n \u00e7oklu SKU ekran ihtiya\u00e7lar\u0131na uyum sa\u011flar<\/li>\n<\/ul>","protected":false},"excerpt":{"rendered":"<p>Manyetik kapatma sistemi kutunun s\u0131k\u0131ca kapanmas\u0131n\u0131 sa\u011flar ve tek elle kolayca a\u00e7\u0131l\u0131p kapat\u0131labilir. Geleneksel tokalara g\u00f6re daha kullan\u0131\u015fl\u0131d\u0131r. Birden fazla ruj, hassas konumland\u0131rma sayesinde i\u00e7eride s\u0131rayla d\u00fczenlenebilir. Y\u00fcksek alan kullan\u0131m\u0131na sahiptir ve sallanmay\u0131 \u00f6nler, saklamay\u0131 ve sergilemeyi kolayla\u015ft\u0131r\u0131r.<\/p>","protected":false},"featured_media":1174,"template":"","meta":{"_kad_post_transparent":"default","_kad_post_title":"","_kad_post_layout":"default","_kad_post_sidebar_id":"","_kad_post_content_style":"default","_kad_post_vertical_padding":"default","_kad_post_feature":"","_kad_post_feature_position":"","_kad_post_header":false,"_kad_post_footer":false,"_kad_post_classname":""},"product_brand":[],"product_cat":[15,27,17],"product_tag":[459,457,458],"class_list":{"0":"post-1185","1":"product","2":"type-product","3":"status-publish","4":"has-post-thumbnail","6":"product_cat-red-light-therapy","7":"product_cat-red-light-therapy-belt","8":"product_cat-services","9":"product_tag-lipstick-gift-set-boxes","10":"product_tag-luxury-lipstick-boxes","11":"product_tag-magnetic-lid-boxes","13":"first","14":"instock","15":"shipping-taxable","16":"product-type-simple","17":"entry","18":"content-bg","19":"loop-entry"},"_links":{"self":[{"href":"https:\/\/red-lighttherapy.com\/tr\/wp-json\/wp\/v2\/product\/1185","targetHints":{"allow":["GET"]}}],"collection":[{"href":"https:\/\/red-lighttherapy.com\/tr\/wp-json\/wp\/v2\/product"}],"about":[{"href":"https:\/\/red-lighttherapy.com\/tr\/wp-json\/wp\/v2\/types\/product"}],"wp:featuredmedia":[{"embeddable":true,"href":"https:\/\/red-lighttherapy.com\/tr\/wp-json\/wp\/v2\/media\/1174"}],"wp:attachment":[{"href":"https:\/\/red-lighttherapy.com\/tr\/wp-json\/wp\/v2\/media?parent=1185"}],"wp:term":[{"taxonomy":"product_brand","embeddable":true,"href":"https:\/\/red-lighttherapy.com\/tr\/wp-json\/wp\/v2\/product_brand?post=1185"},{"taxonomy":"product_cat","embeddable":true,"href":"https:\/\/red-lighttherapy.com\/tr\/wp-json\/wp\/v2\/product_cat?post=1185"},{"taxonomy":"product_tag","embeddable":true,"href":"https:\/\/red-lighttherapy.com\/tr\/wp-json\/wp\/v2\/product_tag?post=1185"}],"curies":[{"name":"wp","href":"https:\/\/api.w.org\/{rel}","templated":true}]}}