{"id":1173,"date":"2025-04-17T01:17:56","date_gmt":"2025-04-17T01:17:56","guid":{"rendered":"https:\/\/red-lighttherapy.com\/?post_type=product&#038;p=1173"},"modified":"2025-04-17T14:43:42","modified_gmt":"2025-04-17T14:43:42","slug":"vendor-order-custom-rigid-drawer-box-sigwarjewelry-packaging","status":"publish","type":"product","link":"https:\/\/red-lighttherapy.com\/tr\/vendor-order-custom-rigid-drawer-box-sigwarjewelry-packaging\/","title":{"rendered":"Sat\u0131c\u0131 Sipari\u015fi \u00d6zel Sert \u00c7ekmece Kutusu Sigwarjewelry Ambalaj\u0131"},"content":{"rendered":"<h2 id=\"-product-description-of-sigwarjewelry-custom-hard-drawer-box-paper-drawer-box-\"><strong>\u00d6zel Sert \u00c7ekmece Kutusu \u00dcr\u00fcn A\u00e7\u0131klamas\u0131\u00a0<\/strong><\/h2>\n<h2>1.\u00a0<strong>Ergonomik <\/strong><strong>\u00c7ekmece <\/strong><strong>Tasar\u0131m<\/strong><\/h2>\n<p>Ka\u011f\u0131t \u00e7ekmecesi, hassas yap\u0131sal tasar\u0131m ve y\u00fcksek hassasiyetli kal\u0131p teknolojisi ile birle\u015ftirilmi\u015f bir ka\u011f\u0131t \u00e7ekmecesi a\u00e7ma ve kapama sistemi ile zahmetsizce \u00e7al\u0131\u015f\u0131r. Kutu g\u00f6vdesi ile \u00e7ekmece aras\u0131ndaki ba\u011flant\u0131lar, gev\u015feklik veya s\u0131k\u0131\u015fmay\u0131 \u00f6nlemek i\u00e7in g\u00fc\u00e7lendirilmi\u015ftir ve s\u0131k kullan\u0131mda bile \u00e7al\u0131\u015fma deneyimi sorunsuz bir \u015fekilde s\u00fcrd\u00fcr\u00fclebilir.<\/p>\n<h2 id=\"2-fsc-certified-environmentally-friendly-materials-\">2.\u00a0<strong>FSC sertifikal\u0131 \u00e7evre dostu malzemeler<\/strong><\/h2>\n<p>Hammaddeler, t\u00fcm \u00fcretim s\u00fcrecinin \u00e7evre standartlar\u0131n\u0131 kar\u015f\u0131lamas\u0131n\u0131 sa\u011flamak i\u00e7in FSC (Orman Y\u00f6netim Konseyi) taraf\u0131ndan sertifikaland\u0131r\u0131lm\u0131\u015f s\u00fcrd\u00fcr\u00fclebilir orman a\u011fac\u0131 liflerinden yap\u0131lm\u0131\u015ft\u0131r. Malzeme hem \u00e7evre koruma kavramlar\u0131n\u0131 hem de fiziksel \u00f6zellikleri dikkate al\u0131r ve bas\u0131n\u00e7 dayan\u0131m\u0131 sekt\u00f6r lideri seviyesine ula\u015farak i\u00e7 \u00fcr\u00fcnleri nakliye kay\u0131plar\u0131ndan etkili bir \u015fekilde korur.<\/p>\n<h2 id=\"3-high-strength-coated-paper-structure-\">3.\u00a0<strong>Y\u00fcksek mukavemetli ku\u015fe ka\u011f\u0131t yap\u0131s\u0131<\/strong><\/h2>\n<p>Kutu g\u00f6vdesi 300g\/m\u00b2 kaplamal\u0131 ka\u011f\u0131t malzemeden yap\u0131lm\u0131\u015ft\u0131r ve sertlik ve stabilite \u00e7ok katmanl\u0131 bir kompozit i\u015flemle geli\u015ftirilmi\u015ftir ve y\u00fck ta\u015f\u0131ma kapasitesi 5 kg'dan fazlas\u0131na ula\u015fabilir. \u0130\u00e7 alan tasar\u0131m\u0131, mod\u00fcler b\u00f6l\u00fcmleri (iste\u011fe ba\u011fl\u0131 alt tabaka veya b\u00f6lmeler) desteklemek, hacim kullan\u0131m\u0131n\u0131 en \u00fcst d\u00fczeye \u00e7\u0131karmak i\u00e7in bilimsel olarak hesaplanm\u0131\u015ft\u0131r ve m\u00fccevher ve saat gibi zarif \u00fcr\u00fcnler i\u00e7in uygundur.<\/p>\n<h2 id=\"4-durable-nylon-handle-\">4.\u00a0<strong>Dayan\u0131kl\u0131 naylon sap<\/strong><\/h2>\n<p>Sap, 100 kg'\u0131n \u00fczerinde gerilme mukavemetine sahip y\u00fcksek mukavemetli naylon kay\u0131\u015ftan yap\u0131lm\u0131\u015ft\u0131r. On binlerce \u00e7ekme testinden sonra k\u0131r\u0131lmam\u0131\u015ft\u0131r. Ayn\u0131 zamanda, ta\u015f\u0131ma konforunu art\u0131rmak i\u00e7in avu\u00e7 i\u00e7i e\u011frili\u011fine uyar. Marka tan\u0131n\u0131rl\u0131\u011f\u0131n\u0131 art\u0131rmak i\u00e7in sap geni\u015fli\u011fi, renk ve LOGO bask\u0131s\u0131n\u0131n ki\u015fiselle\u015ftirilmi\u015f \u00f6zelle\u015ftirmesini destekler.<\/p>\n<h2 id=\"-customized-service-and-production-advantages-\"><strong>\u00d6zelle\u015ftirilmi\u015f hizmet ve \u00fcretim avantajlar\u0131<\/strong><\/h2>\n<ul>\n<li><strong>48 saat h\u0131zl\u0131 prova<\/strong>: Dijital prova sistemine dayanarak, tasar\u0131m ayr\u0131nt\u0131lar\u0131n\u0131 do\u011fru bir \u015fekilde geri y\u00fcklemek i\u00e7in 3D renderlar ve fiziksel numuneler ayn\u0131 anda teslim edilir.<\/li>\n<li><strong>Esnek minimum sipari\u015f miktar\u0131<\/strong>: K\u00fc\u00e7\u00fck ve orta \u00f6l\u00e7ekli markalar\u0131n deneme \u00fcretim ihtiya\u00e7lar\u0131n\u0131 kar\u015f\u0131lamak i\u00e7in minimum 500 adetlik sipari\u015f miktar\u0131n\u0131 destekler ve seri \u00fcretim d\u00f6ng\u00fcs\u00fc 7-10 i\u015f g\u00fcn\u00fcne k\u0131salt\u0131l\u0131r.<\/li>\n<li><strong>Son derece \u00f6zelle\u015ftirilmi\u015f<\/strong>:<\/li>\n<li><strong>Boyut<\/strong>: Son derece \u00f6zelle\u015ftirilmi\u015f.<\/li>\n<li><strong>Teknoloji<\/strong>: L\u00fcks s\u0131n\u0131f doku gereksinimlerine uyarlanm\u0131\u015f s\u0131cak damgalama, UV kabartma, serigrafi bask\u0131, kabartma vb. gibi iste\u011fe ba\u011fl\u0131 y\u00fczey i\u015fleme s\u00fcre\u00e7leri.<\/li>\n<\/ul>\n<h2 id=\"-applicable-scenarios-and-certification-guarantees-\"><strong>Uygulanabilir senaryolar ve sertifikasyon garantileri<\/strong><\/h2>\n<ul>\n<li><strong>Uygulanabilir \u00fcr\u00fcnler<\/strong>: \u00dcst d\u00fczey m\u00fccevherler, saatler, l\u00fcks \u00fcr\u00fcnler, \u00f6zelle\u015ftirilmi\u015f hediyeler ve di\u011fer y\u00fcksek katma de\u011ferli \u00fcr\u00fcn ambalajlar\u0131.<\/li>\n<li><strong>\u00c7evresel taahh\u00fct<\/strong>: T\u00fcm s\u00fcre\u00e7 FSC \u00fcretim ve sat\u0131\u015f denetim zinciri sertifikasyonuna uygundur ve izlenebilir \u00e7evre koruma malzemesi sertifikasyon belgeleri sa\u011flar.<\/li>\n<li><strong>Garanti hizmeti<\/strong>: 12 ayl\u0131k kalite g\u00fcvencesi sa\u011flay\u0131n, parti sipari\u015flerinin a\u015famal\u0131 kalite denetimini destekleyin ve teslimat tutarl\u0131l\u0131\u011f\u0131n\u0131 sa\u011flay\u0131n.<\/li>\n<\/ul>","protected":false},"excerpt":{"rendered":"<p>Ka\u011f\u0131t \u00e7ekmece kutusu a\u00e7ma ve kapama sistemi ergonomik olarak tasarlanm\u0131\u015ft\u0131r, sorunsuz ve emek tasarrufu sa\u011flayan bir \u00e7al\u0131\u015fma sa\u011flar. Hem \u00e7evre koruma konseptleri hem de fiziksel \u00f6zellikler dikkate al\u0131narak FSC sertifikal\u0131 malzemelerden yap\u0131lm\u0131\u015ft\u0131r. 48 saatlik h\u0131zl\u0131 prova sistemine sahiptir, minimum 500 adet sipari\u015f miktar\u0131n\u0131 destekler ve \u00fcr\u00fcn\u00fcn\u00fcze uyacak \u015fekilde son derece \u00f6zelle\u015ftirilebilir.<\/p>","protected":false},"featured_media":1179,"template":"","meta":{"_kad_post_transparent":"default","_kad_post_title":"","_kad_post_layout":"default","_kad_post_sidebar_id":"","_kad_post_content_style":"default","_kad_post_vertical_padding":"default","_kad_post_feature":"","_kad_post_feature_position":"","_kad_post_header":false,"_kad_post_footer":false,"_kad_post_classname":""},"product_brand":[],"product_cat":[15,20,17],"product_tag":[460,461,462],"class_list":{"0":"post-1173","1":"product","2":"type-product","3":"status-publish","4":"has-post-thumbnail","6":"product_cat-red-light-therapy","7":"product_cat-led-face-light-therapy","8":"product_cat-services","9":"product_tag-custom-drawer-box","10":"product_tag-order-custom-rigid-box","11":"product_tag-sigwarjewelry-packaging-box-order","13":"first","14":"instock","15":"shipping-taxable","16":"product-type-simple","17":"entry","18":"content-bg","19":"loop-entry"},"_links":{"self":[{"href":"https:\/\/red-lighttherapy.com\/tr\/wp-json\/wp\/v2\/product\/1173","targetHints":{"allow":["GET"]}}],"collection":[{"href":"https:\/\/red-lighttherapy.com\/tr\/wp-json\/wp\/v2\/product"}],"about":[{"href":"https:\/\/red-lighttherapy.com\/tr\/wp-json\/wp\/v2\/types\/product"}],"wp:featuredmedia":[{"embeddable":true,"href":"https:\/\/red-lighttherapy.com\/tr\/wp-json\/wp\/v2\/media\/1179"}],"wp:attachment":[{"href":"https:\/\/red-lighttherapy.com\/tr\/wp-json\/wp\/v2\/media?parent=1173"}],"wp:term":[{"taxonomy":"product_brand","embeddable":true,"href":"https:\/\/red-lighttherapy.com\/tr\/wp-json\/wp\/v2\/product_brand?post=1173"},{"taxonomy":"product_cat","embeddable":true,"href":"https:\/\/red-lighttherapy.com\/tr\/wp-json\/wp\/v2\/product_cat?post=1173"},{"taxonomy":"product_tag","embeddable":true,"href":"https:\/\/red-lighttherapy.com\/tr\/wp-json\/wp\/v2\/product_tag?post=1173"}],"curies":[{"name":"wp","href":"https:\/\/api.w.org\/{rel}","templated":true}]}}