{"id":1167,"date":"2025-04-16T16:18:16","date_gmt":"2025-04-16T16:18:16","guid":{"rendered":"https:\/\/red-lighttherapy.com\/?post_type=product&#038;p=1167"},"modified":"2025-04-16T16:40:06","modified_gmt":"2025-04-16T16:40:06","slug":"large-silver-glitter-magnetic-closure-gift-box-for-promotion","status":"publish","type":"product","link":"https:\/\/red-lighttherapy.com\/tr\/large-silver-glitter-magnetic-closure-gift-box-for-promotion\/","title":{"rendered":"Promosyon i\u00e7in B\u00fcy\u00fck G\u00fcm\u00fc\u015f Par\u0131lt\u0131l\u0131 Manyetik Kapakl\u0131 Hediye Kutusu"},"content":{"rendered":"<h2 id=\"product-description-of-large-silver-sequin-magnetic-buckle-promotional-gift-box\">B\u00fcy\u00fck G\u00fcm\u00fc\u015f Pullu Manyetik Toka Promosyon Hediye Kutusunun \u00dcr\u00fcn A\u00e7\u0131klamas\u0131<\/h2>\n<h2 id=\"-1-magnetic-closure-system-precision-and-elegance-\"><strong>1. Manyetik Kapatma Sistemi: Hassasiyet ve \u015e\u0131kl\u0131k<\/strong><\/h2>\n<p>Kapak \u015fu \u00f6zelliklere sahiptir <strong>g\u00fc\u00e7l\u00fc manyetik adsorpsiyon teknolojisi<\/strong>ve manyetik \u015ferit g\u00f6m\u00fcl\u00fc tasar\u0131m, s\u0131k\u0131\u015fma olmadan kapanmay\u0131 sa\u011flamak i\u00e7in kullan\u0131l\u0131r. Manyetik kuvvet, kapat\u0131ld\u0131\u011f\u0131nda hassas bir \u015fekilde konumland\u0131r\u0131l\u0131r ve temas y\u00fczeyi, geleneksel tokalar\u0131n \u00e7arp\u0131\u015fma sesini ortadan kald\u0131rmak i\u00e7in esnek bir ses emici kadife katmanla kaplan\u0131r. A\u00e7ma ve kapama eylemi ipek kadar p\u00fcr\u00fczs\u00fczd\u00fcr ve i\u015flem tek elle tamamlanabilir, bu da l\u00fcks ambalaj\u0131n rit\u00fcel ve rahatl\u0131k i\u00e7in ikili ihtiya\u00e7lar\u0131n\u0131 kar\u015f\u0131lar.<\/p>\n<h2 id=\"-2-minimalist-geometric-structure-balance-of-rigidity-and-beauty-\"><strong>2. Minimalist geometrik yap\u0131: sertlik ve g\u00fczellik dengesi<\/strong><\/h2>\n<p>Kutu g\u00f6vdesi \u015funlar\u0131 benimser\u00a0<strong>sunta kompozi\u0307t yapi<\/strong>Kenarlar\u0131 ve k\u00f6\u015feleri 45\u00b0 pah k\u0131rma i\u015flemiyle i\u015flenmi\u015ftir, sert hatlara sahiptir ancak yumu\u015fakt\u0131r. Dairesel basamakl\u0131 oluk destek \u00e7er\u00e7evesinin i\u00e7 konfig\u00fcrasyonu, m\u00fccevher ve saat gibi k\u0131r\u0131lgan \u00fcst d\u00fczey hediyelerin koruma ihtiya\u00e7lar\u0131 i\u00e7in uygun olan deformasyon olmadan 3 kg ta\u015f\u0131yabilir. Alt\u0131 y\u00fczl\u00fc s\u0131k\u0131\u015ft\u0131rma testi, uzun mesafeli nakliye g\u00fcvenli\u011fini sa\u011flamak i\u00e7in uluslararas\u0131 nakliye standard\u0131 ISTA-3A'y\u0131 kar\u015f\u0131lar.<\/p>\n<h2 id=\"-3-dynamic-optical-surface-glitter-paper-process-\"><strong>3. Dinamik optik y\u00fczey: Glitter Ka\u011f\u0131t i\u015flemi<\/strong><\/h2>\n<p>Y\u00fczey kullan\u0131mlar\u0131\u00a0<strong>stardust s\u0131n\u0131f\u0131 par\u0131lt\u0131l\u0131 ka\u011f\u0131t<\/strong>\u00a0Almanya'dan ithal edilmi\u015ftir ve nano d\u00fczeydeki par\u0131lt\u0131 y\u00f6nl\u00fc d\u00fczenleme teknolojisi sayesinde 270\u00b0 \u0131\u015f\u0131k k\u0131r\u0131lma kapsam\u0131na ula\u015f\u0131r. Statik olarak galaksi \u00e7ak\u0131l dokusunu ve dinamik olarak par\u0131ldama etkisini sunar. I\u015f\u0131k yans\u0131t\u0131c\u0131l\u0131\u011f\u0131, geleneksel s\u0131cak damgalama i\u015flemine k\u0131yasla 60% ile art\u0131r\u0131l\u0131r ve ticari pencerelerin ayd\u0131nlatmas\u0131 alt\u0131nda benzersiz bir marka g\u00f6rsel haf\u0131za noktas\u0131 olu\u015fturabilir.<\/p>\n<h2 id=\"-4-precision-manufacturing-system-millimeter-level-quality-control-standard-\"><strong>4. Hassas \u00fcretim sistemi: milimetre d\u00fczeyinde kalite kontrol standard\u0131<\/strong><\/h2>\n<p>T\u00fcm s\u00fcre\u00e7, Japon Mitsubishi lazer kesim sistemini benimseyerek\u00a0<strong>0,1 mm d\u00fczeyinde diki\u015f hassasiyeti<\/strong>. Kutu g\u00f6vdesi \u00fc\u00e7l\u00fc kalite kontrol\u00fcnden ge\u00e7er: Mikro \u00e7atlaklar\u0131 tespit etmek i\u00e7in UV kusur tespiti, deformasyonu do\u011frulamak i\u00e7in \u00fc\u00e7 boyutlu \u00f6l\u00e7\u00fcm cihaz\u0131 ve her \u00fcr\u00fcn\u00fcn sanat\u0131n g\u00f6r\u00fcn\u00fcm standard\u0131n\u0131 kar\u015f\u0131lad\u0131\u011f\u0131ndan emin olmak i\u00e7in \u25b3E\u22641.5'i kontrol etmek i\u00e7in kolorimetre.<\/p>\n<h2 id=\"-5-lasting-visual-communication-ink-curing-technology-\"><strong>5. Kal\u0131c\u0131 g\u00f6rsel ileti\u015fim: m\u00fcrekkep k\u00fcrleme teknolojisi<\/strong><\/h2>\n<p>Metin bask\u0131s\u0131nda \u0130svi\u00e7re\u00a0<strong>\u00e7evre dostu UV k\u00fcrleme m\u00fcrekkebi<\/strong>72 saatlik tuz p\u00fcsk\u00fcrtme testini ve 5000 kez s\u00fcrt\u00fcnme testini ge\u00e7mi\u015ftir ve renk hasl\u0131\u011f\u0131 8. seviyeye ula\u015fm\u0131\u015ft\u0131r. Pantone spot renk + 4 renkli kaplama bask\u0131s\u0131n\u0131 destekler, karma\u015f\u0131k logolar 0,2 mm \u00e7izgi geni\u015fli\u011finde yeniden \u00fcretilebilir ve l\u00fcks sahtecili\u011fe kar\u015f\u0131 mikro bask\u0131 ihtiya\u00e7lar\u0131n\u0131 kar\u015f\u0131lar.<\/p>\n<h2 id=\"-6-restrained-aesthetic-design-functional-minimalism-\"><strong>6. \u00d6l\u00e7\u00fcl\u00fc estetik tasar\u0131m: i\u015flevsel minimalizm<\/strong><\/h2>\n<p>Uygulamak\u00a0<strong>Bauhaus tasar\u0131m konsepti<\/strong>\u00a0ve t\u00fcm gereksiz dekoratif par\u00e7alar\u0131 ortadan kald\u0131r\u0131n. Geleneksel donan\u0131m\u0131 manyetik a\u00e7ma ve kapama yap\u0131s\u0131yla de\u011fi\u015ftirin ve g\u00f6rsel bir odak olu\u015fturmak i\u00e7in malzemenin kendisinin yans\u0131t\u0131c\u0131 \u00f6zelliklerini kullan\u0131n. \u0130\u00e7 bo\u015fluk, yaln\u0131zca birden fazla kategorinin depolama ihtiya\u00e7lar\u0131n\u0131 kar\u015f\u0131lamakla kalmay\u0131p ayn\u0131 zamanda g\u00f6r\u00fcn\u00fcm\u00fcn safl\u0131\u011f\u0131n\u0131 da koruyan \u00e7\u0131kar\u0131labilir bir petek b\u00f6lme sistemi kullan\u0131r.<\/p>\n<h2 id=\"-7-in-depth-customization-service-brand-specific-solution-\"><strong>7. Derinlemesine \u00f6zelle\u015ftirme hizmeti: markaya \u00f6zel \u00e7\u00f6z\u00fcm<\/strong><\/h2>\n<ul>\n<li><strong>Y\u00fczey teknolojisi<\/strong>: so\u011fuk damgalama \/ s\u0131cak presleme \/ lazer grav\u00fcr \u00fc\u00e7 modlu logo teknolojisini destekler, s\u0131cak damgalama hassasiyeti \u00b1 0,3 mm<\/li>\n<li><strong>Mek\u00e2nsal yeniden yap\u0131land\u0131rma<\/strong>\u00d6zel \u015fekilli \u00fcr\u00fcn sabitleme i\u00e7in uygun EVA floklama \/ blister \/ PP \u0131zgara i\u00e7 deste\u011fi sa\u011flayabilir<\/li>\n<li><strong>\u00c7evik yan\u0131t<\/strong>Mod\u00fcler kal\u0131p sistemine g\u00fcvenerek, 72 saat i\u00e7inde tam boyut ayar provas\u0131<\/li>\n<\/ul>\n<h2 id=\"-8-smart-manufacturing-service-guarantee-flexible-production-system-\"><strong>8. Ak\u0131ll\u0131 \u00fcretim hizmeti garantisi: esnek \u00fcretim sistemi<\/strong><\/h2>\n<p>\u00dcretici a\u015fa\u011f\u0131dakilere sahiptir\u00a0<strong>FSC orman sertifikas\u0131<\/strong>\u00a0ve ISO14001 \u00e7evre sistemi sertifikas\u0131na sahiptir ve 16 y\u0131ll\u0131k profesyonel ambalaj \u00fcretim deneyimine sahiptir. Sa\u011flamak\u00a0<strong>k\u00fc\u00e7\u00fck parti\u0307 \u00f6zelle\u015fti\u0307rme hi\u0307zmeti\u0307<\/strong>\u00a0Minimum 500 adet sipari\u015fle, 3D yap\u0131 \u00e7izim \u00f6n incelemesini, malzeme numune kitab\u0131 teslimat\u0131n\u0131, d\u00fc\u015fme testi video geri bildirimini ve di\u011fer tam s\u00fcre\u00e7 hizmetlerini destekler, bu da end\u00fcstri ortalama deneme yan\u0131lma maliyetinden 40% daha d\u00fc\u015f\u00fckt\u00fcr.<\/p>","protected":false},"excerpt":{"rendered":"<p>Kullan\u0131m\u0131 kolay ve hassas bir \u015fekilde kapanan manyetik bir kapatma teknolojisi olarak. Geleneksel tokalara gerek yoktur ve a\u00e7ma ve kapama deneyimi daha p\u00fcr\u00fczs\u00fcz ve daha zariftir. Y\u00fczey, hassas bir par\u0131lt\u0131 efekti sunan ve \u0131\u015f\u0131\u011f\u0131n k\u0131r\u0131lmas\u0131 alt\u0131nda dinamik parlakl\u0131k \u00fcreten, \u00fcr\u00fcn\u00fcn g\u00f6rsel derecesini art\u0131ran ve markan\u0131n ki\u015fiselle\u015ftirilmi\u015f ihtiya\u00e7lar\u0131n\u0131 kar\u015f\u0131layan Glitter Paper ile kaplanm\u0131\u015ft\u0131r.<\/p>","protected":false},"featured_media":1169,"template":"","meta":{"_kad_post_transparent":"default","_kad_post_title":"","_kad_post_layout":"default","_kad_post_sidebar_id":"","_kad_post_content_style":"default","_kad_post_vertical_padding":"default","_kad_post_feature":"","_kad_post_feature_position":"","_kad_post_header":false,"_kad_post_footer":false,"_kad_post_classname":""},"product_brand":[],"product_cat":[15,17],"product_tag":[455,456,454],"class_list":{"0":"post-1167","1":"product","2":"type-product","3":"status-publish","4":"has-post-thumbnail","6":"product_cat-red-light-therapy","7":"product_cat-services","8":"product_tag-glitter-paper-boxes","9":"product_tag-glitter-paper-promotion-gift-box","10":"product_tag-silver-glitter-gift-box","12":"first","13":"instock","14":"shipping-taxable","15":"product-type-simple","16":"entry","17":"content-bg","18":"loop-entry"},"_links":{"self":[{"href":"https:\/\/red-lighttherapy.com\/tr\/wp-json\/wp\/v2\/product\/1167","targetHints":{"allow":["GET"]}}],"collection":[{"href":"https:\/\/red-lighttherapy.com\/tr\/wp-json\/wp\/v2\/product"}],"about":[{"href":"https:\/\/red-lighttherapy.com\/tr\/wp-json\/wp\/v2\/types\/product"}],"wp:featuredmedia":[{"embeddable":true,"href":"https:\/\/red-lighttherapy.com\/tr\/wp-json\/wp\/v2\/media\/1169"}],"wp:attachment":[{"href":"https:\/\/red-lighttherapy.com\/tr\/wp-json\/wp\/v2\/media?parent=1167"}],"wp:term":[{"taxonomy":"product_brand","embeddable":true,"href":"https:\/\/red-lighttherapy.com\/tr\/wp-json\/wp\/v2\/product_brand?post=1167"},{"taxonomy":"product_cat","embeddable":true,"href":"https:\/\/red-lighttherapy.com\/tr\/wp-json\/wp\/v2\/product_cat?post=1167"},{"taxonomy":"product_tag","embeddable":true,"href":"https:\/\/red-lighttherapy.com\/tr\/wp-json\/wp\/v2\/product_tag?post=1167"}],"curies":[{"name":"wp","href":"https:\/\/api.w.org\/{rel}","templated":true}]}}