{"id":1162,"date":"2025-04-16T15:56:25","date_gmt":"2025-04-16T15:56:25","guid":{"rendered":"https:\/\/red-lighttherapy.com\/?post_type=product&#038;p=1162"},"modified":"2025-04-17T08:49:42","modified_gmt":"2025-04-17T08:49:42","slug":"dealers-glitter-gift-paper-magnetic-closure-boxes-for-shoe","status":"publish","type":"product","link":"https:\/\/red-lighttherapy.com\/tr\/dealers-glitter-gift-paper-magnetic-closure-boxes-for-shoe\/","title":{"rendered":"Bayiler Glitter Hediyelik Ka\u011f\u0131t Ayakkab\u0131 i\u00e7in Manyetik Kapatma Kutular\u0131"},"content":{"rendered":"<h2 id=\"1-convenience-and-durability-\">1.\u00a0<strong>Rahatl\u0131k ve dayan\u0131kl\u0131l\u0131k<\/strong><\/h2>\n<p>Manyetik kapatma tasar\u0131m\u0131, kutu kapa\u011f\u0131n\u0131n hassas bir \u015fekilde emilmesini sa\u011flamak i\u00e7in manyetik bile\u015fenler kullan\u0131r ve geleneksel toka yap\u0131s\u0131n\u0131n mekanik a\u015f\u0131nma sorununu \u00f6nler. \u00d6rne\u011fin, sayfa 1'de bahsedilen ka\u011f\u0131t mendil kutusu, birden fazla m\u0131knat\u0131s seti arac\u0131l\u0131\u011f\u0131yla katlanabilir ve sabit bir kapatma sa\u011flar ve sayfa 2'deki hediye kutusu, manyetik teknolojinin g\u00fcvenilirli\u011fini ve uzun s\u00fcreli kullan\u0131m avantajlar\u0131n\u0131 do\u011frulayan sabit bir yap\u0131 olu\u015fturmak i\u00e7in m\u0131knat\u0131slar\u0131 ve d\u0131\u015f kutu g\u00f6vdesini kullan\u0131r.<\/p>\n<h2 id=\"2-sealing-performance-optimization-\">2.\u00a0<strong>S\u0131zd\u0131rmazl\u0131k performans\u0131 optimizasyonu<\/strong><\/h2>\n<p>Manyetik kapatma, toz girmesini \u00f6nlemek i\u00e7in ta\u015f\u0131ma veya depolama s\u0131ras\u0131nda kutu g\u00f6vdesinin s\u0131k\u0131 kalmas\u0131n\u0131 sa\u011flar. Sayfa 3'teki ambalaj kutusu, manyetik bile\u015fenlerin ve bo\u015fluk oluklar\u0131n\u0131n tasar\u0131m\u0131 sayesinde kapat\u0131ld\u0131\u011f\u0131nda kusursuz bir uyum sa\u011flar. Bu prensip, s\u0131zd\u0131rmazl\u0131\u011f\u0131 art\u0131rmak i\u00e7in ayakkab\u0131 kutusu yap\u0131s\u0131na aktar\u0131labilir.<\/p>\n<h2>3.\u00a0<strong>Sim uygulamas\u0131 <\/strong><strong>Ka\u011f\u0131t <\/strong><strong>malzeme<\/strong><\/h2>\n<p>Y\u00fczey Glitter Paper malzemesiyle kapl\u0131d\u0131r ve sedefli dokusu \u0131\u015f\u0131\u011f\u0131n k\u0131r\u0131lmas\u0131 alt\u0131nda dinamik bir g\u00f6rsel etki olu\u015fturarak \u00fcr\u00fcn\u00fcn tan\u0131n\u0131rl\u0131\u011f\u0131n\u0131 \u00f6nemli \u00f6l\u00e7\u00fcde art\u0131r\u0131r. Sayfa 4'te bahsedilen \"alt\u0131n \u00fcst ve alt kapakl\u0131 kutuya\" benzer \u015fekilde, alt\u0131n ve k\u0131rm\u0131z\u0131n\u0131n kontrast tasar\u0131m\u0131, parlak malzemelerin l\u00fcks\u00fc artt\u0131rd\u0131\u011f\u0131n\u0131 do\u011frulamaktad\u0131r.<\/p>\n<h2 id=\"4-color-and-brand-tone-match-\">4.\u00a0<strong>Renk ve marka tonu uyumu<\/strong><\/h2>\n<p>D\u00fc\u015f\u00fck doygunluktaki pembe ana renk, \u00fcst d\u00fczey peruk \u00fcr\u00fcnlerinin konumland\u0131r\u0131lmas\u0131yla uyumlu olan g\u00fcl k\u0131rm\u0131z\u0131s\u0131 kurdele ile yumu\u015fak bir kontrast olu\u015fturarak zarafet hissi veriyor. Web sayfas\u0131 8, malzeme se\u00e7iminin marka imaj\u0131yla tutarl\u0131 olmas\u0131 gerekti\u011fini vurguluyor. \u00d6rne\u011fin, ah\u015fap veya deri ambalajlar kaliteyi art\u0131rabilir ve bu \u00e7\u00f6z\u00fcm de rafine renk ve malzeme kombinasyonuyla benzer bir etki yarat\u0131yor.<\/p>\n<h2 id=\"5-fusion-of-functional-and-aesthetic-lining-\">5.\u00a0<strong>Fonksiyonel ve estetik astar\u0131n birle\u015fimi<\/strong><\/h2>\n<p>\u00d6zelle\u015ftirilmi\u015f g\u00fcl k\u0131rm\u0131z\u0131s\u0131 saten astar hem anti-statik hem de cilt dostu \u00f6zelliklere sahiptir. Web sayfas\u0131 6'da bahsedilen sim\u00fcle edilmi\u015f kafa derisi i\u00e7 a\u011f malzemesinin tasar\u0131m mant\u0131\u011f\u0131na bak\u0131n. Malzemenin fiziksel \u00f6zellikleri s\u00fcrt\u00fcnme hasar\u0131n\u0131 azaltmak i\u00e7in kullan\u0131l\u0131rken, kurdelenin rengini yans\u0131tarak kutudan \u00e7\u0131karma t\u00f6reni hissini art\u0131r\u0131r.<\/p>\n<h2 id=\"6-flexibility-of-size-and-structure-\">6.\u00a0<strong>Boyut ve yap\u0131 esnekli\u011fi<\/strong><\/h2>\n<p>Kutu g\u00f6vdesinin peruk boyutuna g\u00f6re do\u011fru bir \u015fekilde e\u015fle\u015ftirilmesi gerekir. Web sayfas\u0131 7, \u00f6zelle\u015ftirilmi\u015f ambalaj kutusunun i\u00e7 yap\u0131n\u0131n \u00fcr\u00fcne kar\u015f\u0131 korunmas\u0131n\u0131 dikkate almas\u0131 gerekti\u011fine i\u015faret etmektedir. \u00d6rne\u011fin, \u00fcst ve alt kapak kutusunun kapal\u0131 alan tasar\u0131m\u0131, Web sayfas\u0131 4'teki \"alt\u0131n \u00fcst ve alt kapak kutusunun\" koruma performans\u0131 optimizasyon plan\u0131na ba\u015fvurabilir.<\/p>\n<h2 id=\"7-logo-technology-and-brand-recognition-\">7.\u00a0<strong>LOGO teknolojisi ve marka bilinirli\u011fi<\/strong><\/h2>\n<p>LOGO s\u0131cak damgalama, kabartma veya lazer kaz\u0131ma ile yap\u0131labilir. Sayfa 4'teki Red Beauty hediye kutusunun s\u0131cak damgalama desen tasar\u0131m\u0131, i\u015flem ayr\u0131nt\u0131lar\u0131yla marka tan\u0131n\u0131rl\u0131\u011f\u0131n\u0131 art\u0131r\u0131r. Bu \u00e7\u00f6z\u00fcm, yan\u0131p s\u00f6nen malzemenin y\u00fczey \u00f6zellikleriyle birlikte uygun i\u015flemi se\u00e7ebilir.<\/p>","protected":false},"excerpt":{"rendered":"<p>Bu manyetik kapakl\u0131 kutu, par\u0131lt\u0131l\u0131 Ka\u011f\u0131t malzeme ve d\u00fc\u015f\u00fck doygunluklu renk sistemi, farkl\u0131 markalar\u0131n ihtiya\u00e7lar\u0131na uyum sa\u011flamak i\u00e7in tam boyutlu \u00f6zelle\u015ftirme yeteneklerine dayan\u0131rken, i\u015flevsellik ve estetikte \u00e7ifte at\u0131l\u0131m sa\u011flar.<\/p>","protected":false},"featured_media":1166,"template":"","meta":{"_kad_post_transparent":"default","_kad_post_title":"","_kad_post_layout":"default","_kad_post_sidebar_id":"","_kad_post_content_style":"default","_kad_post_vertical_padding":"default","_kad_post_feature":"","_kad_post_feature_position":"","_kad_post_header":false,"_kad_post_footer":false,"_kad_post_classname":""},"product_brand":[],"product_cat":[15,30,17],"product_tag":[453,441,452],"class_list":{"0":"post-1162","1":"product","2":"type-product","3":"status-publish","4":"has-post-thumbnail","6":"product_cat-red-light-therapy","7":"product_cat-dropshipping","8":"product_cat-services","9":"product_tag-gift-paper-boxes-for-shoe","10":"product_tag-glitter-gift-boxes","11":"product_tag-magnetic-closure-boxes","13":"first","14":"instock","15":"shipping-taxable","16":"product-type-simple","17":"entry","18":"content-bg","19":"loop-entry"},"_links":{"self":[{"href":"https:\/\/red-lighttherapy.com\/tr\/wp-json\/wp\/v2\/product\/1162","targetHints":{"allow":["GET"]}}],"collection":[{"href":"https:\/\/red-lighttherapy.com\/tr\/wp-json\/wp\/v2\/product"}],"about":[{"href":"https:\/\/red-lighttherapy.com\/tr\/wp-json\/wp\/v2\/types\/product"}],"wp:featuredmedia":[{"embeddable":true,"href":"https:\/\/red-lighttherapy.com\/tr\/wp-json\/wp\/v2\/media\/1166"}],"wp:attachment":[{"href":"https:\/\/red-lighttherapy.com\/tr\/wp-json\/wp\/v2\/media?parent=1162"}],"wp:term":[{"taxonomy":"product_brand","embeddable":true,"href":"https:\/\/red-lighttherapy.com\/tr\/wp-json\/wp\/v2\/product_brand?post=1162"},{"taxonomy":"product_cat","embeddable":true,"href":"https:\/\/red-lighttherapy.com\/tr\/wp-json\/wp\/v2\/product_cat?post=1162"},{"taxonomy":"product_tag","embeddable":true,"href":"https:\/\/red-lighttherapy.com\/tr\/wp-json\/wp\/v2\/product_tag?post=1162"}],"curies":[{"name":"wp","href":"https:\/\/api.w.org\/{rel}","templated":true}]}}