{"id":1156,"date":"2025-04-16T13:34:13","date_gmt":"2025-04-16T13:34:13","guid":{"rendered":"https:\/\/red-lighttherapy.com\/?post_type=product&#038;p=1156"},"modified":"2025-04-17T08:49:17","modified_gmt":"2025-04-17T08:49:17","slug":"gold-glitter-magnetic-closure-collapsible-watch-box-dealer","status":"publish","type":"product","link":"https:\/\/red-lighttherapy.com\/tr\/gold-glitter-magnetic-closure-collapsible-watch-box-dealer\/","title":{"rendered":"Alt\u0131n Simli Manyetik Kapakl\u0131 Katlanabilir Saat Kutusu Sat\u0131c\u0131s\u0131"},"content":{"rendered":"<h2 id=\"-golden-sequin-magnetic-clasp-folding-watch-box-product-description-\"><strong>Alt\u0131n Pullu Manyetik Tokal\u0131 Katlan\u0131r Saat Kutusu \u00dcr\u00fcn A\u00e7\u0131klamas\u0131<\/strong><\/h2>\n<h2 id=\"1-precision-magnetic-box-design-\">1.\u00a0<strong>Hassas Manyetik Kutu Tasar\u0131m\u0131<\/strong><\/h2>\n<ul>\n<li>Patentli manyetik yap\u0131, a\u00e7\u0131lma ve kapanma a\u00e7\u0131s\u0131 ak\u0131\u015fkanlar mekani\u011fi sim\u00fclasyonu ile optimize edilmi\u015ftir ve tek elle kullan\u0131m 120\u00b0 p\u00fcr\u00fczs\u00fcz a\u00e7\u0131lma ve kapanma sa\u011flayabilir. Manyetik kuvvet e\u015fit olarak da\u011f\u0131t\u0131l\u0131r ve kapat\u0131ld\u0131\u011f\u0131nda uyum hatas\u0131 0,1 mm'den azd\u0131r, bu da nakliye s\u0131ras\u0131nda kazara a\u00e7\u0131lma riskinin s\u0131f\u0131r olmas\u0131n\u0131 sa\u011flar.<\/li>\n<li>M\u0131knat\u0131s, saatin \u00e7izilmesini veya oksidasyonla temas etmesini \u00f6nlemek i\u00e7in a\u00e7\u0131kta metal olmadan kutu g\u00f6vdesinin ara katman\u0131na tamamen g\u00f6m\u00fcl\u00fcd\u00fcr. Minimalist \u00e7izgi tasar\u0131m\u0131 modern esteti\u011fe uygundur ve kutu g\u00f6vdesi kapat\u0131ld\u0131\u011f\u0131nda bir ayna kadar p\u00fcr\u00fczs\u00fczd\u00fcr.<\/li>\n<\/ul>\n<h2 id=\"2-glitter-paper-iridescent-material-\">2.\u00a0<strong>Par\u0131lt\u0131l\u0131 Ka\u011f\u0131t Yanard\u00f6ner Malzeme<\/strong><\/h2>\n<ul>\n<li>Saat kutusu \u00f6zel bir kompozit i\u015flem olan Glitter Paper kullan\u0131r, temel malzeme FSC sertifikal\u0131 \u00e7evre dostu ka\u011f\u0131t hamurudur ve y\u00fczey optik dereceli payet film ile kaplanm\u0131\u015ft\u0131r. I\u015f\u0131k kayna\u011f\u0131 alt\u0131nda 5'ten fazla yanard\u00f6ner gradyan efekti sunarak l\u00fcks \u00fcr\u00fcnlerin g\u00f6rsel sunum ihtiya\u00e7lar\u0131n\u0131 kar\u015f\u0131layabilir.<\/li>\n<li>Y\u00fczey, 100.000 s\u00fcrt\u00fcnme testini ge\u00e7en nano-antifouling kaplama ile kaplanm\u0131\u015ft\u0131r ve ter ve ya\u011f direnci 300% art\u0131r\u0131lm\u0131\u015ft\u0131r. Uzun s\u00fcreli kullan\u0131mdan sonra 90%'den daha fazla ayna yans\u0131t\u0131c\u0131l\u0131\u011f\u0131n\u0131 koruyabilir.<\/li>\n<\/ul>\n<h2 id=\"3-safety-protection-and-convenient-storage-\">3.\u00a0<strong>G\u00fcvenlik korumas\u0131 ve rahat saklama<\/strong><\/h2>\n<ul>\n<li>\u0130\u00e7 yap\u0131, b\u00f6l\u00fcmlere ayr\u0131lm\u0131\u015f bir tampon yap\u0131s\u0131n\u0131 benimser: \u00dcstte 3 mm mikrofiber \u00e7izilmez katman + ortada haf\u0131zal\u0131 k\u00f6p\u00fck anti-\u015fok katman\u0131 + altta silikon kaymaz ped, 3 metrelik d\u00fc\u015fme etkisine dayanabilir.<\/li>\n<li>Katlanabilir katmanl\u0131 tasar\u0131m, 36 mm kad\u0131n saatlerinden 45 mm dal\u0131\u015f saatlerine kadar tam boyutlu ihtiya\u00e7lar i\u00e7in uygun olan tek bir kutuda 2-3 saatin depolanmas\u0131n\u0131 destekler.<\/li>\n<\/ul>\n<h2 id=\"-quality-assurance-system-\"><strong>4. Kalite g\u00fcvence sistemi<\/strong><\/h2>\n<ul>\n<li><strong>Sertifika onay\u0131<\/strong>: \u00dcretici, FSC orman sertifikas\u0131, ISO 9001 kalite y\u00f6netim sistemi sertifikas\u0131 ve BSCI sosyal sorumluluk sertifikas\u0131na sahip, \u00c7in'in ambalaj end\u00fcstrisinde referans bir kurulu\u015ftur ve 16 y\u0131ld\u0131r 50'den fazla uluslararas\u0131 l\u00fcks markaya hizmet vermi\u015ftir.<\/li>\n<li><strong>Test standartlar\u0131<\/strong>: 72 saatlik tuz p\u00fcsk\u00fcrtme testini (korozyon direnci), -20 \u2103 ~ 60 \u2103 s\u0131cakl\u0131k de\u011fi\u015fim testini (anti-deformasyon) ve 100.000 a\u00e7ma ve kapama yorulma testini (dayan\u0131kl\u0131l\u0131k) ge\u00e7mi\u015ftir.<\/li>\n<\/ul>\n<h2 id=\"-application-scenarios-and-value-added-services-\"><strong>Uygulama senaryolar\u0131 ve katma de\u011ferli hizmetler<\/strong><\/h2>\n<ul>\n<li><strong>Marka \u00f6zelle\u015ftirme<\/strong>: Kutuyu a\u00e7ma hissini ve marka tan\u0131n\u0131rl\u0131\u011f\u0131n\u0131 art\u0131rmak i\u00e7in LOGO s\u0131cak damgalama, astar rengi \u00f6zelle\u015ftirme ve \u00f6zel koku implantasyonunu (sandal a\u011fac\u0131 \/ sedir kokusu gibi) destekler.<\/li>\n<li><strong>Senaryo geni\u015fletme<\/strong>: Saat saklaman\u0131n yan\u0131 s\u0131ra, kol d\u00fc\u011fmeleri ve alyans gibi de\u011ferli aksesuarlar\u0131n saklanmas\u0131yla uyumludur, d\u00fc\u011f\u00fcn hediyeleri ve marka VIP hediyeleri gibi \u00fcst d\u00fczey senaryolar i\u00e7in uygundur.<\/li>\n<\/ul>","protected":false},"excerpt":{"rendered":"<p>Manyetik katlan\u0131r kapakl\u0131 kutu p\u00fcr\u00fczs\u00fcz ve do\u011fal bir a\u00e7\u0131lma ve kapanma a\u00e7\u0131s\u0131na sahiptir ve hem kolayl\u0131k hem de rit\u00fcel duygusu dikkate al\u0131narak tek elle kolayca \u00e7al\u0131\u015ft\u0131r\u0131labilir. Glitter ka\u011f\u0131t malzeme, \u0131\u015f\u0131k kayna\u011f\u0131 alt\u0131nda \u00e7ok a\u00e7\u0131l\u0131 yanard\u00f6ner bir etki sunar. Kutu g\u00f6vdesi d\u00fczg\u00fcnd\u00fcr ve gereksiz \u00e7izgiler i\u00e7ermez. Kapat\u0131ld\u0131\u011f\u0131nda, ta\u015f\u0131ma s\u0131ras\u0131nda kazara kolayca a\u00e7\u0131lmamas\u0131n\u0131 sa\u011flamak i\u00e7in manyetik kuvvet e\u015fit olarak da\u011f\u0131t\u0131l\u0131r.<\/p>","protected":false},"featured_media":1159,"template":"","meta":{"_kad_post_transparent":"default","_kad_post_title":"","_kad_post_layout":"default","_kad_post_sidebar_id":"","_kad_post_content_style":"default","_kad_post_vertical_padding":"default","_kad_post_feature":"","_kad_post_feature_position":"","_kad_post_header":false,"_kad_post_footer":false,"_kad_post_classname":""},"product_brand":[],"product_cat":[15,17],"product_tag":[451,450,431],"class_list":{"0":"post-1156","1":"product","2":"type-product","3":"status-publish","4":"has-post-thumbnail","6":"product_cat-red-light-therapy","7":"product_cat-services","8":"product_tag-collapsible-watch-gift-box","9":"product_tag-gold-glitter-watch-box","10":"product_tag-magnetic-closure-box","12":"first","13":"instock","14":"shipping-taxable","15":"product-type-simple","16":"entry","17":"content-bg","18":"loop-entry"},"_links":{"self":[{"href":"https:\/\/red-lighttherapy.com\/tr\/wp-json\/wp\/v2\/product\/1156","targetHints":{"allow":["GET"]}}],"collection":[{"href":"https:\/\/red-lighttherapy.com\/tr\/wp-json\/wp\/v2\/product"}],"about":[{"href":"https:\/\/red-lighttherapy.com\/tr\/wp-json\/wp\/v2\/types\/product"}],"wp:featuredmedia":[{"embeddable":true,"href":"https:\/\/red-lighttherapy.com\/tr\/wp-json\/wp\/v2\/media\/1159"}],"wp:attachment":[{"href":"https:\/\/red-lighttherapy.com\/tr\/wp-json\/wp\/v2\/media?parent=1156"}],"wp:term":[{"taxonomy":"product_brand","embeddable":true,"href":"https:\/\/red-lighttherapy.com\/tr\/wp-json\/wp\/v2\/product_brand?post=1156"},{"taxonomy":"product_cat","embeddable":true,"href":"https:\/\/red-lighttherapy.com\/tr\/wp-json\/wp\/v2\/product_cat?post=1156"},{"taxonomy":"product_tag","embeddable":true,"href":"https:\/\/red-lighttherapy.com\/tr\/wp-json\/wp\/v2\/product_tag?post=1156"}],"curies":[{"name":"wp","href":"https:\/\/api.w.org\/{rel}","templated":true}]}}