{"id":1150,"date":"2025-04-16T13:14:34","date_gmt":"2025-04-16T13:14:34","guid":{"rendered":"https:\/\/red-lighttherapy.com\/?post_type=product&#038;p=1150"},"modified":"2025-04-17T08:50:48","modified_gmt":"2025-04-17T08:50:48","slug":"glitter-red-hot-foil-stamping-boxes-for-wig-hair-extension","status":"publish","type":"product","link":"https:\/\/red-lighttherapy.com\/tr\/glitter-red-hot-foil-stamping-boxes-for-wig-hair-extension\/","title":{"rendered":"Peruk Sa\u00e7 Uzatma i\u00e7in Glitter K\u0131rm\u0131z\u0131 S\u0131cak Folyo Damgalama Kutular\u0131"},"content":{"rendered":"<h2 id=\"product-description-of-flashing-gold-stamping-magnetic-closure-wig-storage-box\">\u00dcr\u00fcn A\u00e7\u0131klamas\u0131 Yan\u0131p S\u00f6nen Alt\u0131n Damgalama Manyetik Kapatma Peruk Saklama Kutusu<\/h2>\n<h2 id=\"-1-magnetic-closure-system-the-perfect-combination-of-convenience-and-stability-\"><strong>1. Manyetik Kapatma Sistemi: Kolayl\u0131k ve Stabilitenin M\u00fckemmel Kombinasyonu<\/strong><\/h2>\n<p>Bu \u00fcr\u00fcn \u015fu \u00f6zelliklere sahiptir\u00a0<strong>Manyetik Kapatma Sistemi<\/strong>Hassas manyetik kontrol teknolojisinden yararlanan ve tek elle dokunma ve kapatma elde etmek i\u00e7in \u00fcst ve alt kutulara g\u00fc\u00e7l\u00fc m\u0131knat\u0131s mod\u00fclleri yerle\u015ftiren ve kapat\u0131ld\u0131ktan sonra adsorpsiyon kuvveti 3,5N'den fazla olabilir, bu da kutunun sabit olmas\u0131n\u0131 ve nakliye veya y\u00fcksek frekansl\u0131 kullan\u0131m s\u0131ras\u0131nda gev\u015fememesini sa\u011flar. Geleneksel tokalarla kar\u015f\u0131la\u015ft\u0131r\u0131ld\u0131\u011f\u0131nda, manyetik tasar\u0131m mekanik a\u015f\u0131nma riskini \u00f6nler ve gizli m\u0131knat\u0131s yuvas\u0131 tasar\u0131m\u0131, basit \u00e7izgiler i\u00e7in \u00fcst d\u00fczey \u00fcr\u00fcnlerin gereksinimlerini kar\u015f\u0131layan \u00e7\u0131k\u0131nt\u0131s\u0131z bir g\u00f6r\u00fcn\u00fcm sa\u011flar.<\/p>\n<h2 id=\"-2-one-handed-opening-and-closing-and-high-frequency-adaptability-\"><strong>2. Tek elle a\u00e7ma ve kapama ve y\u00fcksek frekansl\u0131 uyarlanabilirlik<\/strong><\/h2>\n<p>Kutu g\u00f6vde geleneksel toka yap\u0131s\u0131n\u0131 terk eder ve \u00e7al\u0131\u015fma mant\u0131\u011f\u0131n\u0131\u00a0<strong>yay destekli manyetik a\u00e7ma ve kapama sistemi<\/strong>Kullan\u0131c\u0131n\u0131n kutu g\u00f6vdesinin yan taraf\u0131ndaki tetik noktas\u0131na tek parma\u011f\u0131yla basmas\u0131 yeterlidir, manyetik kuvvet an\u0131nda serbest kal\u0131r ve yay kutu kapa\u011f\u0131n\u0131n yakla\u015f\u0131k 30\u00b0'lik bir a\u00e7\u0131yla a\u00e7\u0131lmas\u0131na yard\u0131mc\u0131 olur. T\u00fcm i\u015flem i\u00e7in iki el gerekmez, bu da \u00f6zellikle kuaf\u00f6r salonlar\u0131, canl\u0131 yay\u0131nlar ve peruklar\u0131n h\u0131zl\u0131 bir \u015fekilde al\u0131n\u0131p tak\u0131lmas\u0131 gereken di\u011fer sahneler i\u00e7in uygundur.<\/p>\n<h2 id=\"-three-minimalist-geometry-and-space-utilization-\"><strong>3. Minimalist geometri ve alan kullan\u0131m\u0131<\/strong><\/h2>\n<p>Kutu g\u00f6vdesi \u015funlar\u0131 benimser\u00a0<strong>hexahedral geometri\u0307 tasarimi<\/strong>Kenar ve k\u00f6\u015feler, hem zorlu i\u015f anlay\u0131\u015f\u0131 hem de g\u00fcvenli dokunu\u015f dikkate al\u0131narak R2 yuvarlat\u0131lm\u0131\u015f k\u00f6\u015felerle ge\u00e7ilmi\u015ftir. \u0130\u00e7 d\u00fczen, peruk ve bak\u0131m aletleri gibi aksesuarlara uyarlanabilen mod\u00fcler b\u00f6l\u00fcmlere dayanmaktad\u0131r. \u0130stifleme s\u0131ras\u0131nda \u0131s\u0131rma tolerans\u0131 \u22640,1 mm'dir ve nakliye alan\u0131 doluluk oran\u0131 geleneksel ambalaja k\u0131yasla 40% azalt\u0131lm\u0131\u015ft\u0131r. D\u0131\u015f duvar kal\u0131nl\u0131\u011f\u0131 3 mm'dir ve uzun mesafeli nakliye ihtiya\u00e7lar\u0131n\u0131 kar\u015f\u0131layan 50 kg bas\u0131n\u00e7 dayan\u0131m\u0131na sahip hafif kompozit malzemeler se\u00e7ilmi\u015ftir.<\/p>\n<h2 id=\"-four-high-end-visual-language-and-surface-technology-\"><strong>4. \u00dcst d\u00fczey g\u00f6rsel dil ve y\u00fczey teknolojisi<\/strong><\/h2>\n<ol>\n<li><strong>Renkli ve s\u0131cak damgalama teknolojisi<\/strong>: Kutu g\u00f6vdesi a\u015fa\u011f\u0131dakilere dayanmaktad\u0131r\u00a0<strong>mat siyah PET kaplama<\/strong>lazer kaz\u0131ma ile\u00a0<strong>parlak s\u0131cak k\u0131rm\u0131z\u0131 alt\u0131n metin\/LOGO<\/strong>marka tan\u0131n\u0131rl\u0131\u011f\u0131n\u0131 art\u0131rmak i\u00e7in iki renk kontrast\u0131 ile g\u00f6rsel bir odak olu\u015fturur.<\/li>\n<li><strong>End\u00fcstriyel hassasiyet standard\u0131<\/strong>: Kutu g\u00f6vdesi \u015funlar\u0131 benimser\u00a0<strong>diki\u015fsiz enjeksiyon kal\u0131plama s\u00fcreci<\/strong>Eklemin tolerans\u0131 \u00b1 0,05 mm i\u00e7inde kontrol edilir, kenar CNC ile hassas bir \u015fekilde parlat\u0131l\u0131r, dokunu\u015f p\u00fcr\u00fczs\u00fcz ve \u00e7apaks\u0131zd\u0131r ve t\u0131bbi ekipman\u0131n y\u00fczey i\u015fleme standard\u0131n\u0131 kar\u015f\u0131lar.<\/li>\n<\/ol>\n<h2 id=\"-v-customized-service-plan-\"><strong>5. \u00d6zelle\u015ftirilmi\u015f hizmet plan\u0131<\/strong><\/h2>\n<ol>\n<li><strong>Boyut ve yap\u0131<\/strong>: Y\u00fcksek \u00f6zelle\u015ftirmeyi destekler, \u00f6zelle\u015ftirilmi\u015f boyut sa\u011flar ve ayr\u0131ca talep \u00fczerine \u00f6zel \u015fekilli kutu g\u00f6vdesi tasarlayabilir.<\/li>\n<li><strong>Renk ve aksesuarlar<\/strong>: Klasik siyah ve alt\u0131n rengine ek olarak, \u015fampanya alt\u0131n ve g\u00fcl alt\u0131n gibi 6 s\u0131cak damgalama \u015femas\u0131 mevcuttur ve dahili manyetik ayna, nem ge\u00e7irmez silikon katman ve di\u011fer aksesuarlar\u0131 destekler.<\/li>\n<\/ol>\n<h2 id=\"-six-applicable-scenarios-and-added-value-enhancement-\"><strong>6. Uygulanabilir senaryolar ve katma de\u011fer art\u0131r\u0131m\u0131<\/strong><\/h2>\n<p>Bu \u00fcr\u00fcn, l\u00fcks \u00fcr\u00fcnler, \u00fcst d\u00fczey kozmetikler ve di\u011fer kategorilerin te\u015fhir sistemine sorunsuz bir \u015fekilde entegre edilebilir.\u00a0<strong>i\u0307\u015f tasarim di\u0307li\u0307<\/strong>\u00a0ve\u00a0<strong>end\u00fcstri\u0307yel kali\u0307te<\/strong>\u00d6rne\u011fin:<\/p>\n<ul>\n<li><strong>\u00c7evrimd\u0131\u015f\u0131 saya\u00e7lar<\/strong>Ekran i\u00e7in istiflendi\u011finde birle\u015fik bir g\u00f6rsel dizi olu\u015fturarak terminal g\u00f6r\u00fcnt\u00fcs\u00fcn\u00fc geli\u015ftirir;<\/li>\n<li><strong>E-ticaret lojisti\u011fi<\/strong>Bas\u0131nca dayan\u0131kl\u0131 yap\u0131s\u0131 ve hafif tasar\u0131m\u0131 sayesinde k\u0131r\u0131lma oran\u0131n\u0131 ve nakliye maliyetlerini azalt\u0131r;<\/li>\n<li><strong>Hediye pazar\u0131<\/strong>Y\u00fcksek kaliteli ortak markal\u0131 hediye kutular\u0131 olu\u015fturmak i\u00e7in m\u00fc\u015fteriye \u00f6zel logolar\u0131n s\u0131cak damgalanmas\u0131n\u0131 destekler.<\/li>\n<\/ul>","protected":false},"excerpt":{"rendered":"<p>Manyetik kapatma sisteminin kullan\u0131m\u0131 kolayd\u0131r ve s\u0131k\u0131ca kapan\u0131r, bu da kullan\u0131c\u0131 deneyimini geli\u015ftirir. Karma\u015f\u0131k tokalar gerektirmez ve tek elle kolayca a\u00e7\u0131l\u0131p kapat\u0131labilir. Y\u00fcksek frekansl\u0131 kullan\u0131m senaryolar\u0131 i\u00e7in uygundur. \u00c7izgiler basit ve d\u00fczg\u00fcnd\u00fcr, alan kullan\u0131m oran\u0131 y\u00fcksektir ve istiflenmesi ve ta\u015f\u0131nmas\u0131 kolayd\u0131r. D\u00fczenli geometrik \u015fekil, \u00fcr\u00fcne peruk gibi y\u00fcksek katma de\u011ferli kategoriler i\u00e7in uygun olan \u00fcst d\u00fczey bir i\u015f hissi verir.<\/p>","protected":false},"featured_media":1151,"template":"","meta":{"_kad_post_transparent":"default","_kad_post_title":"","_kad_post_layout":"default","_kad_post_sidebar_id":"","_kad_post_content_style":"default","_kad_post_vertical_padding":"default","_kad_post_feature":"","_kad_post_feature_position":"","_kad_post_header":false,"_kad_post_footer":false,"_kad_post_classname":""},"product_brand":[],"product_cat":[15,27,17],"product_tag":[449,448,447],"class_list":{"0":"post-1150","1":"product","2":"type-product","3":"status-publish","4":"has-post-thumbnail","6":"product_cat-red-light-therapy","7":"product_cat-red-light-therapy-belt","8":"product_cat-services","9":"product_tag-custom-wig-boxes","10":"product_tag-hair-extension-boxes","11":"product_tag-wig-glitter-boxes","13":"first","14":"instock","15":"shipping-taxable","16":"product-type-simple","17":"entry","18":"content-bg","19":"loop-entry"},"_links":{"self":[{"href":"https:\/\/red-lighttherapy.com\/tr\/wp-json\/wp\/v2\/product\/1150","targetHints":{"allow":["GET"]}}],"collection":[{"href":"https:\/\/red-lighttherapy.com\/tr\/wp-json\/wp\/v2\/product"}],"about":[{"href":"https:\/\/red-lighttherapy.com\/tr\/wp-json\/wp\/v2\/types\/product"}],"wp:featuredmedia":[{"embeddable":true,"href":"https:\/\/red-lighttherapy.com\/tr\/wp-json\/wp\/v2\/media\/1151"}],"wp:attachment":[{"href":"https:\/\/red-lighttherapy.com\/tr\/wp-json\/wp\/v2\/media?parent=1150"}],"wp:term":[{"taxonomy":"product_brand","embeddable":true,"href":"https:\/\/red-lighttherapy.com\/tr\/wp-json\/wp\/v2\/product_brand?post=1150"},{"taxonomy":"product_cat","embeddable":true,"href":"https:\/\/red-lighttherapy.com\/tr\/wp-json\/wp\/v2\/product_cat?post=1150"},{"taxonomy":"product_tag","embeddable":true,"href":"https:\/\/red-lighttherapy.com\/tr\/wp-json\/wp\/v2\/product_tag?post=1150"}],"curies":[{"name":"wp","href":"https:\/\/api.w.org\/{rel}","templated":true}]}}