{"id":1144,"date":"2025-04-16T13:04:28","date_gmt":"2025-04-16T13:04:28","guid":{"rendered":"https:\/\/red-lighttherapy.com\/?post_type=product&#038;p=1144"},"modified":"2025-04-17T08:50:20","modified_gmt":"2025-04-17T08:50:20","slug":"glitter-magnetic-closure-paper-box-for-wig-hair-extension","status":"publish","type":"product","link":"https:\/\/red-lighttherapy.com\/tr\/glitter-magnetic-closure-paper-box-for-wig-hair-extension\/","title":{"rendered":"Peruk Sa\u00e7 Uzatma i\u00e7in Glitter Manyetik Kapatma Ka\u011f\u0131t Kutusu"},"content":{"rendered":"<h2 id=\"-glitter-paper-magnetic-wig-extension-paper-box-product-manual-\"><strong>Par\u0131lt\u0131l\u0131 ka\u011f\u0131t manyetik peruk uzatma ka\u011f\u0131t kutusu \u00fcr\u00fcn k\u0131lavuzu<\/strong><\/h2>\n<h2 id=\"1-magnetic-closure-system-\">1.\u00a0<strong>Manyetik kapatma sistemi<\/strong><\/h2>\n<ul>\n<li><strong>Hassas manyetik devre tasar\u0131m\u0131<\/strong>: Tek noktadan 12N emi\u015f kuvveti, d\u00fczg\u00fcn a\u00e7ma ve kapama ve IP54 s\u0131zd\u0131rmazl\u0131k elde etmek i\u00e7in dairesel \u00e7ok kutuplu d\u00fczen manyetik devreli N52 s\u0131n\u0131f\u0131 NdFeB sabit m\u0131knat\u0131s\u0131 benimseyin.<\/li>\n<li><strong>Tek elle kullan\u0131m optimizasyonu<\/strong>: 60\u00b0 konik konumland\u0131rma a\u00e7\u0131s\u0131 ve elastik toka i\u015fbirlik\u00e7i tasar\u0131m\u0131 sayesinde manyetik nokta otomatik olarak hizalan\u0131r ve 15\u00b0 d\u00f6nd\u00fcr\u00fclerek kilidi a\u00e7\u0131labilir. Tek elle a\u00e7ma ve kapama hatas\u0131 0,3 mm'den azd\u0131r.<\/li>\n<li><strong>Kazara a\u00e7\u0131lmaya kar\u015f\u0131<\/strong>: Manyetik nokta, kart yuvas\u0131 \u0131s\u0131r\u0131k yap\u0131s\u0131 ile e\u015fle\u015ftirilir ve ay\u0131rmak i\u00e7in 5N d\u00f6nd\u00fcrme torku gerekir. Ta\u015f\u0131ma titre\u015fim testi ISTA 3A standard\u0131n\u0131 ge\u00e7er.<\/li>\n<\/ul>\n<h2 id=\"2-box-structure-\">2.\u00a0<strong>Kutu yap\u0131s\u0131<\/strong><\/h2>\n<ul>\n<li><strong>Geometrik optimizasyon kutu tipi<\/strong>: Sonlu eleman analizi ve hesaplamas\u0131na dayal\u0131 olarak, \u00b10,5 mm kenar hatas\u0131 ve 800 kg \/ m\u00b2 bas\u0131n\u00e7 dayan\u0131m\u0131 ile alt\u0131 y\u00fczl\u00fc bir katlama \u00e7izgisi tasar\u0131m\u0131 benimser.<\/li>\n<li><strong>Hassas \u0131s\u0131rma sistemi<\/strong>: Kapak ve alt kutu, 0,5 mm manyetik \u00e7elik sac takviye nerv\u00fcrleri ile 2 mm kademeli bir i\u00e7 i\u00e7e ge\u00e7me yap\u0131s\u0131na sahiptir, genel d\u00fc\u015fme \u00f6nleme performans\u0131 40% ile iyile\u015ftirilmi\u015ftir.<\/li>\n<\/ul>\n<h2 id=\"3-environmentally-friendly-materials-\">3.\u00a0<strong>\u00c7evre dostu malzemeler<\/strong><\/h2>\n<ul>\n<li><strong>FSC sertifikal\u0131 karton<\/strong>: Y\u00fczeyinde 120g\/m\u00b2 fla\u015f film bulunan 1,5 mm kal\u0131nl\u0131\u011f\u0131nda \u00e7ift gri tahta alt tabakay\u0131 benimser ve SGS a\u011f\u0131r metal ve REACH \u00e7evre sertifikas\u0131n\u0131 ge\u00e7mi\u015ftir.<\/li>\n<li><strong>Antistatik \u015ferit<\/strong>: Siyah \u015ferit, \u226410\u2076\u03a9 y\u00fczey direncine ve &lt;0,5s statik bozunma s\u00fcresine sahip nano-karbon kaplama ile i\u015flenir ve nakliye s\u0131ras\u0131nda deformasyon olmaz.<\/li>\n<\/ul>","protected":false},"excerpt":{"rendered":"<p>Peruk uzatma \u00fcr\u00fcnleri i\u00e7in \u00f6zel olarak tasarlanan bu ambalaj kutusu, manyetik kapatma teknolojisi ve \u00e7evre dostu malzeme i\u015f\u00e7ili\u011fini bir araya getirerek hem estetik hem de i\u015flevsel olan \u00fcst d\u00fczey bir ambalaj \u00e7\u00f6z\u00fcm\u00fc olu\u015fturuyor. Kutu g\u00f6vdesi, nakliye g\u00fcvenli\u011fi ve kullan\u0131m kolayl\u0131\u011f\u0131 sa\u011flamak i\u00e7in \u0131\u015f\u0131lt\u0131l\u0131 bir ka\u011f\u0131t y\u00fczey ve manyetik a\u00e7ma ve kapama sistemi ile keskin bir geometrik yap\u0131ya sahiptir.<\/p>","protected":false},"featured_media":1146,"template":"","meta":{"_kad_post_transparent":"default","_kad_post_title":"","_kad_post_layout":"default","_kad_post_sidebar_id":"","_kad_post_content_style":"default","_kad_post_vertical_padding":"default","_kad_post_feature":"","_kad_post_feature_position":"","_kad_post_header":false,"_kad_post_footer":false,"_kad_post_classname":""},"product_brand":[],"product_cat":[15,27,17],"product_tag":[444,445,446],"class_list":{"0":"post-1144","1":"product","2":"type-product","3":"status-publish","4":"has-post-thumbnail","6":"product_cat-red-light-therapy","7":"product_cat-red-light-therapy-belt","8":"product_cat-services","9":"product_tag-glitter-paper-for-wig","10":"product_tag-magnetic-closure-box-for-hair-extension","11":"product_tag-wig-hair-extension-paper-box","13":"first","14":"instock","15":"shipping-taxable","16":"product-type-simple","17":"entry","18":"content-bg","19":"loop-entry"},"_links":{"self":[{"href":"https:\/\/red-lighttherapy.com\/tr\/wp-json\/wp\/v2\/product\/1144","targetHints":{"allow":["GET"]}}],"collection":[{"href":"https:\/\/red-lighttherapy.com\/tr\/wp-json\/wp\/v2\/product"}],"about":[{"href":"https:\/\/red-lighttherapy.com\/tr\/wp-json\/wp\/v2\/types\/product"}],"wp:featuredmedia":[{"embeddable":true,"href":"https:\/\/red-lighttherapy.com\/tr\/wp-json\/wp\/v2\/media\/1146"}],"wp:attachment":[{"href":"https:\/\/red-lighttherapy.com\/tr\/wp-json\/wp\/v2\/media?parent=1144"}],"wp:term":[{"taxonomy":"product_brand","embeddable":true,"href":"https:\/\/red-lighttherapy.com\/tr\/wp-json\/wp\/v2\/product_brand?post=1144"},{"taxonomy":"product_cat","embeddable":true,"href":"https:\/\/red-lighttherapy.com\/tr\/wp-json\/wp\/v2\/product_cat?post=1144"},{"taxonomy":"product_tag","embeddable":true,"href":"https:\/\/red-lighttherapy.com\/tr\/wp-json\/wp\/v2\/product_tag?post=1144"}],"curies":[{"name":"wp","href":"https:\/\/api.w.org\/{rel}","templated":true}]}}