{"id":1138,"date":"2025-04-16T12:47:16","date_gmt":"2025-04-16T12:47:16","guid":{"rendered":"https:\/\/red-lighttherapy.com\/?post_type=product&#038;p=1138"},"modified":"2025-04-20T06:06:46","modified_gmt":"2025-04-20T06:06:46","slug":"silver-glitter-double-side-open-gift-boxes-for-jewelry-ring","status":"publish","type":"product","link":"https:\/\/red-lighttherapy.com\/tr\/silver-glitter-double-side-open-gift-boxes-for-jewelry-ring\/","title":{"rendered":"G\u00fcm\u00fc\u015f Simli \u00c7ift Taraf\u0131 A\u00e7\u0131k M\u00fccevher Y\u00fcz\u00fck Hediye Kutular\u0131"},"content":{"rendered":"<h2 id=\"silver-glitter-paper-double-sided-open-jewelry-ring-gift-box-that-meets-the-needs-of-the-high-end-market\">\u00dcst D\u00fczey Pazar\u0131n \u0130htiya\u00e7lar\u0131n\u0131 Kar\u015f\u0131layan G\u00fcm\u00fc\u015f Simli Ka\u011f\u0131t \u00c7ift Tarafl\u0131 A\u00e7\u0131k M\u00fccevher Y\u00fcz\u00fck Hediye Kutusu<\/h2>\n<h2 id=\"1-ergonomic-double-sided-door-structure-\">1.\u00a0<strong>Ergonomik \u00c7ift Tarafl\u0131 Kap\u0131 Yap\u0131s\u0131<\/strong><\/h2>\n<p>Simetrik \u00e7ift tarafl\u0131 a\u00e7ma ve kapama tasar\u0131m\u0131 benimsenmi\u015ftir. Kap\u0131 kanad\u0131n\u0131n a\u00e7\u0131lma a\u00e7\u0131s\u0131 ergonomik hesaplama ile 120\u00b0'ye optimize edilmi\u015ftir. Tek elle \u00e7al\u0131\u015ft\u0131r\u0131ld\u0131\u011f\u0131nda, ba\u015fparmak ve i\u015faret parma\u011f\u0131 a\u00e7ma ve kapama i\u015flemini tamamlamak i\u00e7in do\u011fal olarak kuvvet uygulayabilir. Kutu g\u00f6vdesinin i\u00e7inde gizli mente\u015fe ba\u011flant\u0131 yap\u0131s\u0131 benimsenmi\u015ftir. A\u00e7ma ve kapama i\u015flemi mekanik bale kadar p\u00fcr\u00fczs\u00fczd\u00fcr. A\u00e7\u0131lma s\u00fcresi 2 saniye i\u00e7inde kontrol edilir, bu da sadece g\u00f6rsel rit\u00fcel duygusunu sa\u011flamakla kalmaz, ayn\u0131 zamanda bekleme utanc\u0131n\u0131 da \u00f6nler.<\/p>\n<h2 id=\"2-magnetic-positioning-system-\">2.\u00a0<strong>Manyetik Konumland\u0131rma Sistemi<\/strong><\/h2>\n<p>Yerle\u015fik \u00e7ift noktal\u0131 manyetik toka cihaz\u0131, N52 s\u0131n\u0131f\u0131 neodim demir bor m\u0131knat\u0131slar arac\u0131l\u0131\u011f\u0131yla \u00b10,5 mm konumland\u0131rma do\u011frulu\u011fu sa\u011flar. Kutu g\u00f6vdesi tamamen a\u00e7\u0131ld\u0131\u011f\u0131nda, manyetik sistem otomatik olarak kilitlenir, b\u00f6ylece y\u00fcz\u00fck tutucu 30 \u00b0 e\u011fim a\u00e7\u0131s\u0131nda sunulur ve LED \u0131\u015f\u0131k kayna\u011f\u0131 elmas ate\u015f seviyesinde yans\u0131t\u0131c\u0131 bir etki olu\u015fturabilir. Ger\u00e7ek \u00f6l\u00e7\u00fcmler, manyetik a\u00e7ma ve kapaman\u0131n p\u00fcr\u00fczs\u00fczl\u00fc\u011f\u00fcn\u00fcn geleneksel tokalara g\u00f6re 40% daha y\u00fcksek oldu\u011funu ve tekrarlanan hizmet \u00f6mr\u00fcn\u00fcn 100.000 kereden fazla oldu\u011funu g\u00f6stermektedir.<\/p>\n<h2 id=\"3-glitter-paper-diamond-faceted-reflective-technology-\">3.\u00a0<strong>Par\u0131lt\u0131l\u0131 Ka\u011f\u0131t Elmas Y\u00fczl\u00fc Yans\u0131t\u0131c\u0131 Teknoloji<\/strong><\/h2>\n<p>Y\u00fczeyde \u00fc\u00e7 katmanl\u0131 bir kompozit i\u015flem uygulanm\u0131\u015ft\u0131r: alt tabaka FSC sertifikal\u0131 \u00e7am lif levhad\u0131r, orta katman ayna yans\u0131tma katman\u0131 olu\u015fturmak i\u00e7in vakumla kaplanm\u0131\u015f al\u00fcminyum filmdir ve y\u00fczeye 58 y\u00f6nl\u00fc elmas kesme etkisini sim\u00fcle edebilen cam boncuklar i\u00e7eren UV ile k\u00fcrlenmi\u015f yap\u0131\u015ft\u0131r\u0131c\u0131 p\u00fcsk\u00fcrt\u00fclm\u00fc\u015ft\u00fcr. 1000 l\u00fcmenlik bir \u0131\u015f\u0131k kayna\u011f\u0131 alt\u0131nda yans\u0131tma yo\u011funlu\u011fu 1200cd\/m\u00b2'ye ula\u015farak do\u011fal elmaslar\u0131n k\u0131r\u0131lma indisi (2,42) ile kar\u015f\u0131la\u015ft\u0131r\u0131labilir.<\/p>\n<h2 id=\"4-sustainable-environmental-protection-system-\">4.\u00a0<strong>S\u00fcrd\u00fcr\u00fclebilir \u00c7evre Koruma Sistemi<\/strong><\/h2>\n<p>Ana malzeme FSC Orman Y\u00f6netim Konseyi taraf\u0131ndan onaylanm\u0131\u015ft\u0131r ve ah\u015fap Kuzey Avrupa'daki s\u00fcrd\u00fcr\u00fclebilir ve rejeneratif ormanlardan al\u0131nm\u0131\u015ft\u0131r. \u00dcretilen her ton karton 1,2 ton karbonu sabitleyebilir. Astar, AB REACH \u00e7evre koruma standartlar\u0131n\u0131 kar\u015f\u0131layan 0,01 mg\/m\u00b3'ten daha az u\u00e7ucu organik bile\u015fik (VOC) i\u00e7eri\u011fine sahip, g\u0131da s\u0131n\u0131f\u0131 silikon ve geri d\u00f6n\u00fc\u015ft\u00fcr\u00fclm\u00fc\u015f polyester elyaftan olu\u015fan kompozit bir malzemeden yap\u0131lm\u0131\u015ft\u0131r.<\/p>\n<h2 id=\"5-luxury-ribbon-accessories-system-\">5.\u00a0<strong>L\u00fcks \u015eerit Aksesuar Sistemi<\/strong><\/h2>\n<p>Standart olarak 12 Pantone \u00f6zel rengi sa\u011flayan 1,5 cm geni\u015fli\u011finde \u0130talyan ipek nerv\u00fcrl\u00fc kurdele ile birlikte gelir. Orijinal patentli \"\u00e7ift ilmekli sarma\" ba\u011flama teknolojisi, kutu a\u00e7\u0131ld\u0131\u011f\u0131nda kurdelenin otomatik olarak a\u015fa\u011f\u0131 d\u00fc\u015ferek dalgal\u0131 bir dekorasyon olu\u015fturmas\u0131n\u0131 sa\u011flar ve manyetik toka sabitleme cihaz\u0131, geleneksel kurdelelerin kolayca gev\u015fetilmesi sorununu \u00f6nleyebilir. Hediye kutusunun koleksiyon de\u011ferini art\u0131rmak i\u00e7in iste\u011fe ba\u011fl\u0131 Swarovski kristal kolye aksesuarlar\u0131 eklenebilir.<\/p>\n<h2 id=\"6-intelligent-production-and-service-system-\">6.\u00a0<strong>Ak\u0131ll\u0131 \u00fcretim ve hizmet sistemi<\/strong><\/h2>\n<p>Tam otomatik bir \u00fcretim hatt\u0131na dayanarak, g\u00fcnl\u00fck 3 milyon adet kapasite ile b\u00fcy\u00fck \u00f6l\u00e7ekli \u00fcretim ger\u00e7ekle\u015ftirir ve hammadde kesiminden bitmi\u015f \u00fcr\u00fcn paketlemesine kadar t\u00fcm s\u00fcre\u00e7 \u226415 dakika s\u00fcrer. 72 saatlik ultra h\u0131zl\u0131 provay\u0131 destekler, 3D bask\u0131 modeli \u00f6nizleme hizmetleri sa\u011flar ve desen lazer kaz\u0131ma do\u011frulu\u011fu 0,05 mm'ye ula\u015f\u0131r. \u015eu anda, Tiffany ve Cartier gibi markalarla tedarik zinciri yerle\u015ftirme i\u015flemi tamamlanm\u0131\u015ft\u0131r ve seri \u00fcretim verim oran\u0131 99,3%'de sabittir.<\/p>\n<h2 id=\"-application-scenario-examples-\"><strong>Uygulama senaryosu \u00f6rnekleri<\/strong><\/h2>\n<ul>\n<li><strong>Evlenme teklifi t\u00f6reni<\/strong>: CNC ayd\u0131nlatma programlama mod\u00fcl\u00fc ile kutu a\u00e7\u0131ld\u0131\u011f\u0131nda 3 saniyelik kademeli \u0131\u015f\u0131k efekti tetiklenir ve \u0131\u015f\u0131k spot y\u00f6r\u00fcngesi ile Glitter Paper'\u0131n yans\u0131t\u0131c\u0131 y\u00fczeyi dinamik bir \u0131\u015f\u0131k ve g\u00f6lge etkile\u015fimi olu\u015fturur<\/li>\n<li><strong>\u00dcst d\u00fczey perakende<\/strong>: AR \u00e7ip yerle\u015ftirme teknolojisi sayesinde kutu, marka hikayesini ve m\u00fccevher kimlik bilgilerini g\u00f6r\u00fcnt\u00fclemek i\u00e7in cep telefonu ile taranabilir<\/li>\n<li><strong>Sanat koleksiyonu<\/strong>: S\u0131n\u0131rl\u0131 say\u0131da \u00fcretilen bu \u00fcr\u00fcn meteor par\u00e7as\u0131 kakma se\u00e7enekleri sunar ve her hediye kutusu ba\u011f\u0131ms\u0131z bir NFT dijital sertifikas\u0131 ile birlikte gelir<\/li>\n<\/ul>","protected":false},"excerpt":{"rendered":"<p>A\u00e7\u0131k kap\u0131l\u0131 bir yap\u0131 tasar\u0131m\u0131na sahiptir ve a\u00e7\u0131lma ve kapanma a\u00e7\u0131lar\u0131 ergonomik olarak hesaplanm\u0131\u015ft\u0131r. Tek elle zarif bir \u015fekilde a\u00e7\u0131labilir. Yerle\u015fik manyetik toka, aksesuarlar\u0131n en iyi sergileme duru\u015funda sunulmas\u0131n\u0131 sa\u011flamak i\u00e7in hassas konumland\u0131rma sa\u011flar. \u00d6zel bir kompozit i\u015flemle olu\u015fturulan Glitter ka\u011f\u0131t, elmas seviyesinde yans\u0131t\u0131c\u0131 bir etki sunabilir.<\/p>","protected":false},"featured_media":1139,"template":"","meta":{"_kad_post_transparent":"default","_kad_post_title":"","_kad_post_layout":"default","_kad_post_sidebar_id":"","_kad_post_content_style":"default","_kad_post_vertical_padding":"default","_kad_post_feature":"","_kad_post_feature_position":"","_kad_post_header":false,"_kad_post_footer":false,"_kad_post_classname":""},"product_brand":[],"product_cat":[15,17],"product_tag":[441,443,442],"class_list":{"0":"post-1138","1":"product","2":"type-product","3":"status-publish","4":"has-post-thumbnail","6":"product_cat-red-light-therapy","7":"product_cat-services","8":"product_tag-glitter-gift-boxes","9":"product_tag-jewelry-ring-gift-boxes","10":"product_tag-silver-glitter-box","12":"first","13":"instock","14":"shipping-taxable","15":"product-type-simple","16":"entry","17":"content-bg","18":"loop-entry"},"_links":{"self":[{"href":"https:\/\/red-lighttherapy.com\/tr\/wp-json\/wp\/v2\/product\/1138","targetHints":{"allow":["GET"]}}],"collection":[{"href":"https:\/\/red-lighttherapy.com\/tr\/wp-json\/wp\/v2\/product"}],"about":[{"href":"https:\/\/red-lighttherapy.com\/tr\/wp-json\/wp\/v2\/types\/product"}],"wp:featuredmedia":[{"embeddable":true,"href":"https:\/\/red-lighttherapy.com\/tr\/wp-json\/wp\/v2\/media\/1139"}],"wp:attachment":[{"href":"https:\/\/red-lighttherapy.com\/tr\/wp-json\/wp\/v2\/media?parent=1138"}],"wp:term":[{"taxonomy":"product_brand","embeddable":true,"href":"https:\/\/red-lighttherapy.com\/tr\/wp-json\/wp\/v2\/product_brand?post=1138"},{"taxonomy":"product_cat","embeddable":true,"href":"https:\/\/red-lighttherapy.com\/tr\/wp-json\/wp\/v2\/product_cat?post=1138"},{"taxonomy":"product_tag","embeddable":true,"href":"https:\/\/red-lighttherapy.com\/tr\/wp-json\/wp\/v2\/product_tag?post=1138"}],"curies":[{"name":"wp","href":"https:\/\/api.w.org\/{rel}","templated":true}]}}