{"id":1132,"date":"2025-04-16T12:33:46","date_gmt":"2025-04-16T12:33:46","guid":{"rendered":"https:\/\/red-lighttherapy.com\/?post_type=product&#038;p=1132"},"modified":"2025-04-16T12:47:01","modified_gmt":"2025-04-16T12:47:01","slug":"rigid-glitter-paper-lid-and-base-jewelry-boxes-distributors","status":"publish","type":"product","link":"https:\/\/red-lighttherapy.com\/tr\/rigid-glitter-paper-lid-and-base-jewelry-boxes-distributors\/","title":{"rendered":"Sert Simli Ka\u011f\u0131t Kapak ve Taban M\u00fccevher Kutular\u0131 Distrib\u00fct\u00f6rleri"},"content":{"rendered":"<h2 id=\"1-classic-top-and-bottom-lid-structure-design-\">1.\u00a0<strong>Klasik \u00fcst ve alt kapak yap\u0131s\u0131 tasar\u0131m\u0131<\/strong><\/h2>\n<p>\u00dcst ve alt kapaklar\u0131n i\u00e7 i\u00e7e ge\u00e7mi\u015f yap\u0131s\u0131, y\u00fcksek de\u011ferli m\u00fccevherleri toz ve nem erozyonundan etkili bir \u015fekilde koruyabilen hassas bir uyum, d\u00fczg\u00fcn a\u00e7ma ve kapama ve m\u00fckemmel s\u0131zd\u0131rmazl\u0131\u011fa sahiptir. Baz\u0131 \u00fcreticiler (Lufeng Zhifa ve Dongguan Jiucai gibi) p\u00fcr\u00fczs\u00fcz ve \u00e7apaks\u0131z kutu g\u00f6vdesi diki\u015fleri elde etmek i\u00e7in alt\u0131 tarafl\u0131 kanal a\u00e7ma makineleri ve diki\u015fsiz presleme teknolojisi kullanarak genel inceli\u011fi art\u0131rmaktad\u0131r.<\/p>\n<h2 id=\"2-material-and-visual-effects-\">2.\u00a0<strong>Malzeme ve g\u00f6rsel efektler<\/strong><\/h2>\n<p>Glitter Paper malzemesi, alt\u0131n kutu g\u00f6vdesinin s\u0131cak ve so\u011fuk kontrast tasar\u0131m\u0131 ve mat saten kurdele fiyonkuyla birlikte \u0131\u015f\u0131\u011f\u0131n dinamik k\u0131r\u0131lma etkisini elde etmek i\u00e7in \u00f6zel bir kaplama i\u015flemi kullan\u0131r, bu da yaln\u0131zca g\u00f6rsel oda\u011f\u0131 \u00e7ekmekle kalmaz, ayn\u0131 zamanda zarafet de katar. Shanghai Chengjin Printing gibi \u00fcreticiler de UV bask\u0131 ve sedefli laminasyon teknolojisi ile y\u00fczey dokusunu geli\u015ftirmektedir.<\/p>\n<h2 id=\"3-functional-optimization-\">3.\u00a0<strong>Fonksiyonel optimizasyon<\/strong><\/h2>\n<ul>\n<li><strong>Ergonomik tasar\u0131m<\/strong>: Kapa\u011f\u0131n kutu g\u00f6vdesine oran\u0131 \u00e7ok say\u0131da a\u00e7ma ve kapama testiyle optimize edilmi\u015ftir ve tek elle kolayca a\u00e7\u0131labilir, kullan\u0131c\u0131 dostu bir deneyim sunar.<\/li>\n<li><strong>Mek\u00e2nsal uyarlanabilirlik<\/strong>: Astar oluklar\u0131n\u0131n (floklama, s\u00fcnger b\u00f6lmeleri gibi) \u00f6zelle\u015ftirilmesini destekler, y\u00fcz\u00fck ve kolye gibi \u00f6zel \u015fekilli tak\u0131lara uyum sa\u011flar ve alan kullan\u0131m\u0131n\u0131 iyile\u015ftirir.<\/li>\n<li><strong>Dayan\u0131kl\u0131l\u0131k<\/strong>: Kutu g\u00f6vdesi sert karton veya kompozit malzemelerden yap\u0131lm\u0131\u015ft\u0131r. Testlerden sonra, deformasyon olmadan uzun s\u00fcreli a\u00e7ma ve kapamaya dayanabilir. Sim tabakas\u0131 g\u00fc\u00e7l\u00fc bir yap\u0131\u015fma \u00f6zelli\u011fine sahiptir ve \u00e7atlama riski yoktur.<\/li>\n<\/ul>\n<h2 id=\"4-personalized-adjustment-\">4.\u00a0<strong>Ki\u015fiselle\u015ftirilmi\u015f ayarlama<\/strong><\/h2>\n<p>Kutu boyutunun esnek ayarlanmas\u0131n\u0131 (kare, dikd\u00f6rtgen gibi), LOGO s\u0131cak damgalama \/ serigrafi bask\u0131s\u0131n\u0131 (esas olarak alt\u0131n ve g\u00fcm\u00fc\u015f folyo s\u0131cak damgalama) destekler ve aksesuar ekleyebilir veya \u00e7\u0131karabilir (\u015feritler, manyetik tokalar gibi). \u00d6rne\u011fin, Shenzhen Caimeng Packaging k\u00fc\u00e7\u00fck parti \u00f6zelle\u015ftirme hizmetleri sunar, LOGO bask\u0131s\u0131n\u0131 ve astar b\u00f6lmesi tasar\u0131m\u0131n\u0131 destekler.<\/p>\n<h2 id=\"5-environmental-protection-and-intelligent-upgrade-\">5.\u00a0<strong>\u00c7evre koruma ve ak\u0131ll\u0131 y\u00fckseltme<\/strong><\/h2>\n<p>Fabrikam\u0131z FSC sertifikal\u0131 \u00e7evre dostu ka\u011f\u0131t malzemeleri piyasaya s\u00fcrm\u00fc\u015f ve \u00fcr\u00fcn izlenebilirli\u011fini ve interaktif i\u015flevleri ger\u00e7ekle\u015ftirmek i\u00e7in ak\u0131ll\u0131 \u00e7iplerin veya QR kod teknolojisinin entegrasyonunu ara\u015ft\u0131rm\u0131\u015ft\u0131r.<\/p>\n<h2 id=\"6-high-value-product-packaging-\">6.\u00a0<strong>Y\u00fcksek de\u011ferli \u00fcr\u00fcn ambalaj\u0131<\/strong><\/h2>\n<p>Esas olarak l\u00fcks \u00fcr\u00fcnler, m\u00fccevherler ve \u00fcst d\u00fczey kozmetikler gibi kategoriler i\u00e7in hem te\u015fhir hem de koruma i\u00e7in uygundur.<\/p>","protected":false},"excerpt":{"rendered":"<p>Klasik Kapak ve Taban Kutular\u0131 yap\u0131s\u0131, y\u00fcksek uyum, p\u00fcr\u00fczs\u00fcz a\u00e7ma ve kapama, iyi s\u0131zd\u0131rmazl\u0131k ve geli\u015fmi\u015f \u00fcr\u00fcn korumas\u0131 ile \u00fcst ve alt kapaklar\u0131n i\u00e7 i\u00e7e tasar\u0131m\u0131n\u0131 benimser. Glitter Ka\u011f\u0131t malzeme, \u0131\u015f\u0131k k\u0131r\u0131lmas\u0131 alt\u0131nda dinamik yan\u0131p s\u00f6nme efekti sunar ve an\u0131nda g\u00f6rsel oda\u011f\u0131 \u00e7eker. L\u00fcks \u00fcr\u00fcnler, m\u00fccevherler, kozmetikler vb. gibi y\u00fcksek de\u011ferli \u00fcr\u00fcn ambalajlar\u0131 i\u00e7in hem sergileme hem de depolama i\u015flevselli\u011fi ile uygundur.<\/p>","protected":false},"featured_media":1133,"template":"","meta":{"_kad_post_transparent":"default","_kad_post_title":"","_kad_post_layout":"default","_kad_post_sidebar_id":"","_kad_post_content_style":"default","_kad_post_vertical_padding":"default","_kad_post_feature":"","_kad_post_feature_position":"","_kad_post_header":false,"_kad_post_footer":false,"_kad_post_classname":""},"product_brand":[],"product_cat":[15,19,17],"product_tag":[440,99,439],"class_list":{"0":"post-1132","1":"product","2":"type-product","3":"status-publish","4":"has-post-thumbnail","6":"product_cat-red-light-therapy","7":"product_cat-red-light-therapy-stand","8":"product_cat-services","9":"product_tag-glitter-paper-jewelry-boxes","10":"product_tag-jewelry-rigid-boxes","11":"product_tag-lid-and-base-jewelry-boxes","13":"first","14":"instock","15":"shipping-taxable","16":"product-type-simple","17":"entry","18":"content-bg","19":"loop-entry"},"_links":{"self":[{"href":"https:\/\/red-lighttherapy.com\/tr\/wp-json\/wp\/v2\/product\/1132","targetHints":{"allow":["GET"]}}],"collection":[{"href":"https:\/\/red-lighttherapy.com\/tr\/wp-json\/wp\/v2\/product"}],"about":[{"href":"https:\/\/red-lighttherapy.com\/tr\/wp-json\/wp\/v2\/types\/product"}],"wp:featuredmedia":[{"embeddable":true,"href":"https:\/\/red-lighttherapy.com\/tr\/wp-json\/wp\/v2\/media\/1133"}],"wp:attachment":[{"href":"https:\/\/red-lighttherapy.com\/tr\/wp-json\/wp\/v2\/media?parent=1132"}],"wp:term":[{"taxonomy":"product_brand","embeddable":true,"href":"https:\/\/red-lighttherapy.com\/tr\/wp-json\/wp\/v2\/product_brand?post=1132"},{"taxonomy":"product_cat","embeddable":true,"href":"https:\/\/red-lighttherapy.com\/tr\/wp-json\/wp\/v2\/product_cat?post=1132"},{"taxonomy":"product_tag","embeddable":true,"href":"https:\/\/red-lighttherapy.com\/tr\/wp-json\/wp\/v2\/product_tag?post=1132"}],"curies":[{"name":"wp","href":"https:\/\/api.w.org\/{rel}","templated":true}]}}