{"id":1120,"date":"2025-04-16T12:06:57","date_gmt":"2025-04-16T12:06:57","guid":{"rendered":"https:\/\/red-lighttherapy.com\/?post_type=product&#038;p=1120"},"modified":"2025-04-16T12:20:07","modified_gmt":"2025-04-16T12:20:07","slug":"magnetic-closure-cosmetic-eyelash-glitter-paper-box-solution","status":"publish","type":"product","link":"https:\/\/red-lighttherapy.com\/tr\/magnetic-closure-cosmetic-eyelash-glitter-paper-box-solution\/","title":{"rendered":"Manyetik Kapatma Kozmetik Kirpik Glitter Ka\u011f\u0131t Kutu \u00c7\u00f6z\u00fcm\u00fc"},"content":{"rendered":"<h2 id=\"product-description-of-magnetic-clamp-eyelash-glitter-paper-box-solution\">Manyetik Kelep\u00e7e Kirpik Glitter Ka\u011f\u0131t Kutu \u00c7\u00f6z\u00fcm\u00fc \u00dcr\u00fcn A\u00e7\u0131klamas\u0131<\/h2>\n<h2 id=\"-1-magnetic-opening-and-closing-system-precise-alignment-one-hand-operation-and-upgraded-sealing-\"><strong>1. Manyetik a\u00e7ma ve kapama sistemi: hassas hizalama, tek elle kullan\u0131m ve y\u00fckseltilmi\u015f s\u0131zd\u0131rmazl\u0131k<\/strong><\/h2>\n<ul>\n<li><strong>Manyetik hassas tasar\u0131m<\/strong>: G\u00fc\u00e7l\u00fc manyetik hizalama teknolojisini benimseyen manyetik toka bile\u015fenleri, sapma olmadan a\u00e7\u0131lma ve kapanma sa\u011flamak i\u00e7in manyetik kutuplarla tam olarak e\u015fle\u015ftirilir ve geleneksel toka kutular\u0131na g\u00f6re daha iyi toz ve nem direnci ile kapand\u0131ktan sonra s\u0131k\u0131ca oturur.<\/li>\n<li><strong>Tek elle rahat kullan\u0131m<\/strong>: Manyetik g\u00fcc\u00fc ve a\u00e7ma ve kapama a\u00e7\u0131s\u0131n\u0131 optimize edin ve i\u015flem, t\u00fcketicilerin her g\u00fcn h\u0131zl\u0131 bir \u015fekilde \u00e7\u0131karmas\u0131 ve kullan\u0131c\u0131 deneyimini iyile\u015ftirmesi i\u00e7in uygun olan tek elle itme ile tamamlanabilir.<\/li>\n<li><strong>Geli\u015ftirilmi\u015f s\u0131zd\u0131rmazl\u0131k<\/strong>: Kart yuvas\u0131 ve manyetik \u00e7ift kilitleme ile birlikte, kutu kapat\u0131ld\u0131ktan sonra bo\u015fluk kalmamas\u0131n\u0131 sa\u011flar, kirpik par\u0131lt\u0131s\u0131n\u0131 d\u0131\u015f kirlilikten etkili bir \u015fekilde korur ve \u00fcr\u00fcn\u00fcn raf \u00f6mr\u00fcn\u00fc uzat\u0131r.<\/li>\n<\/ul>\n<h2 id=\"-2-standardized-size-adaptation-unified-display-aesthetics-\"><strong>2. Standartla\u015ft\u0131r\u0131lm\u0131\u015f boyut uyarlamas\u0131, birle\u015ftirilmi\u015f ekran esteti\u011fi<\/strong><\/h2>\n<ul>\n<li><strong>Ana ak\u0131m boyut uyumlulu\u011fu<\/strong>: \u00d6zelle\u015ftirilmi\u015f boyut, g\u00fc\u00e7l\u00fc uyumluluk ile tek maskara ve \u00e7ok renkli par\u0131lt\u0131l\u0131 setler gibi ana ak\u0131m \u00fcr\u00fcnler i\u00e7in uygundur.<\/li>\n<li><strong>\u0130stifleme ekran\u0131n\u0131n avantajlar\u0131<\/strong>: Kutunun hatlar\u0131 kare ve d\u00fczg\u00fcnd\u00fcr ve istiflendi\u011finde ekran y\u00fczeyi d\u00fcz ve tekd\u00fczedir. Markan\u0131n g\u00f6rsel etkisini art\u0131rmak i\u00e7in esnek bir \u015fekilde bir raf matrisi veya yarat\u0131c\u0131 bir \u015fekilde birle\u015ftirilebilir.<\/li>\n<\/ul>\n<h2 id=\"-3-minimalist-aesthetic-design-sharp-edges-and-full-of-modern-sense-\"><strong>3. Minimalist estetik tasar\u0131m: keskin kenarlar ve modern anlay\u0131\u015fla dolu<\/strong><\/h2>\n<ul>\n<li><strong>\u00dc\u00e7 boyutlu yap\u0131sal dil<\/strong>: Kutu g\u00f6vdesi, so\u011fuk bir teknoloji duygusu ve modern minimalist tarz sunan mat dokulu Glitter Paper malzeme ile birle\u015ftirilmi\u015f keskin kenarlar\u0131 ve k\u00f6\u015feleri olan dik a\u00e7\u0131l\u0131 katlama \u00e7izgileri ve d\u00fczlem kesme teknolojisini benimser.<\/li>\n<li><strong>Marka logosu geli\u015ftirme<\/strong>: Marka LOGOSUNU \u00f6zelle\u015ftirmek i\u00e7in s\u0131cak damgalama, kabartma ve di\u011fer i\u015flemleri destekleyin, gen\u00e7 t\u00fcketicilerin \"az daha \u00e7oktur\" estetik tercihine uygun olarak sade \u00e7izgilerle \u00fcst d\u00fczey tonu vurgulay\u0131n.<\/li>\n<\/ul>\n<h2 id=\"-4-glitter-paper-material-both-wear-resistance-and-luxury-\"><strong>4. Glitter Ka\u011f\u0131t malzeme: hem a\u015f\u0131nma direnci hem de l\u00fcks<\/strong><\/h2>\n<ul>\n<li><strong>Son derece dayan\u0131kl\u0131 y\u00fczey<\/strong>: S\u0131radan s\u0131cak damgalama ka\u011f\u0131d\u0131ndan 40% daha fazla a\u015f\u0131nmaya dayan\u0131kl\u0131, m\u00fckemmel \u00e7izilme direncine sahip ve nakliye ve kullan\u0131m s\u0131ras\u0131nda \u00e7izilmesi kolay olmayan Glitter Ka\u011f\u0131t substrat\u0131 kullan\u0131l\u0131r.<\/li>\n<li><strong>L\u00fcks s\u0131cak damgalama teknolojisi<\/strong>: mikron d\u00fczeyinde s\u0131cak damgalama \/ s\u0131cak g\u00fcm\u00fc\u015f teknolojisi, \u00b10,1 mm desen kenar\u0131 do\u011frulu\u011fu, dinamik \u0131zgara etkisi ile birle\u015fti\u011finde, \u0131\u015f\u0131k k\u0131r\u0131lmas\u0131 alt\u0131nda \u00e7ok seviyeli bir parlayan doku sunar.<\/li>\n<\/ul>\n<h2 id=\"-5-flexible-production-service-fast-response-sustainable-supply-\"><strong>5. Esnek \u00fcretim hizmeti: h\u0131zl\u0131 yan\u0131t, s\u00fcrd\u00fcr\u00fclebilir tedarik<\/strong><\/h2>\n<ul>\n<li><strong>Esnek minimum sipari\u015f miktar\u0131<\/strong>: 500 ila 2 milyon adet aras\u0131ndaki esnek sipari\u015fleri destekler, yeni ba\u015flayan markalar\u0131n deneme \u00fcretimini ve b\u00fcy\u00fck markalar\u0131n toplu talebini minimum sipari\u015f e\u015fi\u011fi k\u0131s\u0131tlamas\u0131 olmaks\u0131z\u0131n kar\u015f\u0131lar.<\/li>\n<li><strong>Son derece h\u0131zl\u0131 prova d\u00f6ng\u00fcs\u00fc<\/strong>Dijital kal\u0131p sistemine dayanarak, prova d\u00f6ng\u00fcs\u00fc 72 saate k\u0131salt\u0131lm\u0131\u015f, 3 temel renk e\u015fle\u015ftirme ve 2 i\u015flem kombinasyonu h\u0131zl\u0131 numune onay hizmetleri sa\u011flanm\u0131\u015ft\u0131r.<\/li>\n<\/ul>\n<h2 id=\"-6-environmental-certification-and-sustainability-\"><strong>6. \u00c7evresel sertifikasyon ve s\u00fcrd\u00fcr\u00fclebilirlik<\/strong><\/h2>\n<ul>\n<li><strong>FSC sertifikal\u0131 hammaddeler<\/strong>: Ka\u011f\u0131t kutu temel malzemesinin 100%'si, hammaddelerin Avrupa Birli\u011fi \u00e7evre standartlar\u0131ndan ve stratejik gereksinimlere uygun ESG markalar\u0131ndan, s\u00fcrekli y\u00f6netilen ormanlardan gelmesini sa\u011flamak i\u00e7in FSC sertifikal\u0131 ka\u011f\u0131t kullan\u0131r.<\/li>\n<li><strong>Geri d\u00f6n\u00fc\u015ft\u00fcr\u00fclebilir tasar\u0131m<\/strong>: Kutu g\u00f6vdesi tutkal yap\u0131\u015ft\u0131rma yap\u0131s\u0131na sahip de\u011fildir ve manyetik emme bile\u015fenleri ayr\u0131labilir ve ayr\u0131labilir, bu da s\u0131n\u0131fland\u0131rma ve geri d\u00f6n\u00fc\u015f\u00fcm i\u00e7in uygundur, \u00e7evresel y\u00fck\u00fc azalt\u0131r.<\/li>\n<\/ul>\n<h2 id=\"-core-advantages-\"><strong>Temel Avantajlar<\/strong><\/h2>\n<ul>\n<li><strong>Teknoloji Entegrasyonu<\/strong>: Manyetik a\u00e7ma ve kapama + Glitter Ka\u011f\u0131t malzeme + i\u015flevsellik ve g\u00f6rsel \u00e7ekicilik dikkate al\u0131narak s\u0131cak damgalama i\u015flemi.<\/li>\n<li><strong>\u0130\u015f Dostu<\/strong>: Esnek tedarik zinciri ve h\u0131zl\u0131 prova, marka deneme yan\u0131lma maliyetlerini azalt\u0131r ve pazara sunumu h\u0131zland\u0131r\u0131r.<\/li>\n<li><strong>\u00c7evresel Sorumluluk<\/strong>: FSC sertifikas\u0131 ve geri d\u00f6n\u00fc\u015ft\u00fcr\u00fclebilir tasar\u0131m, markalar\u0131n ye\u015fil bir imaj yaratmas\u0131na yard\u0131mc\u0131 olur.<\/li>\n<\/ul>","protected":false},"excerpt":{"rendered":"<p>Bu ambalaj kutusu, modern minimalist bir estetik sergileyen keskin kenarlara ve temiz \u00e7izgilere sahiptir. Manyetik a\u00e7ma ve kapama sistemi hassas bir \u015fekilde hizalanm\u0131\u015ft\u0131r, tek elle kullan\u0131m\u0131 kolayd\u0131r ve s\u0131radan tokal\u0131 kutulardan daha g\u00fc\u00e7l\u00fc bir s\u0131zd\u0131rmazl\u0131\u011fa sahiptir. Par\u0131lt\u0131l\u0131 ka\u011f\u0131t malzeme, ana ak\u0131m kirpik \u00fcr\u00fcnlerine uyacak \u015fekilde a\u015f\u0131nmaya kar\u015f\u0131 son derece dayan\u0131kl\u0131d\u0131r.<\/p>","protected":false},"featured_media":1121,"template":"","meta":{"_kad_post_transparent":"default","_kad_post_title":"","_kad_post_layout":"default","_kad_post_sidebar_id":"","_kad_post_content_style":"default","_kad_post_vertical_padding":"default","_kad_post_feature":"","_kad_post_feature_position":"","_kad_post_header":false,"_kad_post_footer":false,"_kad_post_classname":""},"product_brand":[],"product_cat":[15,28,27,17],"product_tag":[434,436,435],"class_list":{"0":"post-1120","1":"product","2":"type-product","3":"status-publish","4":"has-post-thumbnail","6":"product_cat-red-light-therapy","7":"product_cat-customize","8":"product_cat-red-light-therapy-belt","9":"product_cat-services","10":"product_tag-glitter-eyelash-packaging","11":"product_tag-glitter-paper-eyelash-box","12":"product_tag-magnetic-closure-box-for-cosmetic","14":"first","15":"instock","16":"shipping-taxable","17":"product-type-simple","18":"entry","19":"content-bg","20":"loop-entry"},"_links":{"self":[{"href":"https:\/\/red-lighttherapy.com\/tr\/wp-json\/wp\/v2\/product\/1120","targetHints":{"allow":["GET"]}}],"collection":[{"href":"https:\/\/red-lighttherapy.com\/tr\/wp-json\/wp\/v2\/product"}],"about":[{"href":"https:\/\/red-lighttherapy.com\/tr\/wp-json\/wp\/v2\/types\/product"}],"wp:featuredmedia":[{"embeddable":true,"href":"https:\/\/red-lighttherapy.com\/tr\/wp-json\/wp\/v2\/media\/1121"}],"wp:attachment":[{"href":"https:\/\/red-lighttherapy.com\/tr\/wp-json\/wp\/v2\/media?parent=1120"}],"wp:term":[{"taxonomy":"product_brand","embeddable":true,"href":"https:\/\/red-lighttherapy.com\/tr\/wp-json\/wp\/v2\/product_brand?post=1120"},{"taxonomy":"product_cat","embeddable":true,"href":"https:\/\/red-lighttherapy.com\/tr\/wp-json\/wp\/v2\/product_cat?post=1120"},{"taxonomy":"product_tag","embeddable":true,"href":"https:\/\/red-lighttherapy.com\/tr\/wp-json\/wp\/v2\/product_tag?post=1120"}],"curies":[{"name":"wp","href":"https:\/\/api.w.org\/{rel}","templated":true}]}}