{"id":1115,"date":"2025-04-16T10:55:19","date_gmt":"2025-04-16T10:55:19","guid":{"rendered":"https:\/\/red-lighttherapy.com\/?post_type=product&#038;p=1115"},"modified":"2025-04-16T12:06:44","modified_gmt":"2025-04-16T12:06:44","slug":"custom-magnetic-closure-glitter-paper-box-jewelry-necklace","status":"publish","type":"product","link":"https:\/\/red-lighttherapy.com\/tr\/custom-magnetic-closure-glitter-paper-box-jewelry-necklace\/","title":{"rendered":"\u00d6zel Manyetik Kapakl\u0131 Glitter Ka\u011f\u0131t Kutu Tak\u0131 Kolye"},"content":{"rendered":"<h2 id=\"-customized-magnetic-buckle-glitter-paper-box-jewelry-necklace-product-description-\"><strong>\u00d6zelle\u015ftirilmi\u015f Manyetik Kapatma Glitter Ka\u011f\u0131t Kutusu Tak\u0131 Kolye \u00dcr\u00fcn A\u00e7\u0131klamas\u0131<\/strong><\/h2>\n<h2 id=\"-1-magnetic-flip-top-ritual-sense-\"><strong>1. Manyetik Flip-top Rit\u00fcel Anlam\u0131<\/strong><\/h2>\n<p>Bu m\u00fccevher kutusu patentli bir manyetik flip-top yap\u0131ya sahiptir. Kutu g\u00f6vdesi ve kapak, y\u00fcksek hassasiyetli m\u0131knat\u0131slar taraf\u0131ndan hassas bir \u015fekilde hizalan\u0131r ve kapat\u0131l\u0131r. Emi\u015f g\u00fcc\u00fc end\u00fcstri standard\u0131n\u0131n 1,5 kat\u0131d\u0131r. Tek elle serbest\u00e7e a\u00e7\u0131l\u0131p kapat\u0131labilir. Kapat\u0131ld\u0131\u011f\u0131nda, keskin bir manyetik ses efekti e\u015flik eder ve kutuya m\u00fccevher m\u00fch\u00fcr\u00fcn\u00fc a\u00e7mak gibi bir rit\u00fcel hissi verir. Kutunun i\u00e7i g\u00fc\u00e7lendirilmi\u015f bir dikd\u00f6rtgen halka olu\u011fu ile takviye edilmi\u015f ve ta\u015f\u0131ma s\u0131ras\u0131nda bas\u0131n\u00e7 direnci ve \u015fok direnci sa\u011flamak i\u00e7in elastik tampon bile\u015fenlerle e\u015fle\u015ftirilmi\u015ftir. Sa\u011flaml\u0131k 100.000 a\u00e7ma ve kapama testinden ge\u00e7erek \u00fcst d\u00fczey m\u00fccevher depolaman\u0131n dayan\u0131kl\u0131 gereksinimlerini kar\u015f\u0131lam\u0131\u015ft\u0131r.<\/p>\n<h2 id=\"-2-minimalist-aesthetics-and-practical-details-\"><strong>2. Minimalist estetik ve pratik detaylar<\/strong><\/h2>\n<p>Hediye kutusu, geometrik kesim \u00e7izgileriyle modern minimalist bir taslak \u00e7iziyor. Y\u00fcksek hassasiyetli kal\u0131p \u015fekillendirme i\u015flemi 0,5 mm'lik bir tolerans dahilinde kutu g\u00f6vdesinin s\u0131k\u0131ca oturmas\u0131n\u0131 sa\u011flar. Kenarlar 3 kez cilalanm\u0131\u015ft\u0131r ve dokunu\u015f hassas ve \u00e7apaks\u0131zd\u0131r. Manyetik kapatma noktas\u0131 kutu kapa\u011f\u0131n\u0131n i\u00e7 kenar\u0131na gizlenmi\u015ftir ve mat metal kenar, g\u00f6rsel olarak entegre olmas\u0131n\u0131 ve \u00e7a\u011fda\u015f tasar\u0131m esteti\u011fine uygun olmas\u0131n\u0131 sa\u011flar.<\/p>\n<h2 id=\"-3-glitter-paper-glitter-craftsmanship-\"><strong>3. Par\u0131lt\u0131l\u0131 Ka\u011f\u0131t par\u0131lt\u0131l\u0131 i\u015f\u00e7ilik<\/strong><\/h2>\n<p>Kutu g\u00f6vdesi \u00f6zelle\u015ftirilmi\u015f par\u0131lt\u0131l\u0131 ka\u011f\u0131ttan (Glitter Paper) yap\u0131lm\u0131\u015ft\u0131r ve y\u00fczey UV k\u00fcrleme i\u015flemi ile mikron d\u00fczeyinde par\u0131lt\u0131l\u0131 par\u00e7ac\u0131klarla kaplanm\u0131\u015ft\u0131r. I\u015f\u0131\u011f\u0131n k\u0131r\u0131lmas\u0131 alt\u0131nda, galaksi y\u0131ld\u0131z kumu gibi gradyan bir parlakl\u0131k sunar ve IP5X a\u015f\u0131nma ve \u00e7izilme direncine sahiptir. Malzeme kal\u0131nl\u0131\u011f\u0131 sadece 1,2 mm olup, geleneksel m\u00fccevher kutular\u0131ndan 30% daha hafiftir ve hem ta\u015f\u0131nabilirli\u011fe hem de g\u00f6rsel etkiye sahiptir.<\/p>\n<h2 id=\"-4-flocking-groove-protection-system-\"><strong>4. Floklama olu\u011fu koruma sistemi<\/strong><\/h2>\n<p>Kutunun i\u00e7indeki \u00f6zelle\u015ftirilmi\u015f b\u00f6lme d\u00fczeni, kolye olu\u011fu, farkl\u0131 zincir uzunluklar\u0131na ve kolye boyutlar\u0131na do\u011fru bir \u015fekilde uyarlanm\u0131\u015f 3D tarama modelleme teknolojisini benimser. Oluk y\u00fczeyi 0,8 mm mikrofiber flok ile kapl\u0131d\u0131r ve metal tak\u0131lar\u0131n \u00e7izilmesini \u00f6nlemek i\u00e7in s\u00fcrt\u00fcnme katsay\u0131s\u0131 \u22640,3't\u00fcr; U \u015feklindeki kart yuvas\u0131 tasar\u0131m\u0131, dolanmay\u0131 ve d\u00fc\u011f\u00fcmlenmeyi \u00f6nlemek i\u00e7in kolye tokas\u0131n\u0131 sabitleyebilir ve k\u00f6pr\u00fcc\u00fck kemi\u011fi zincirleri ve uzun zincirler gibi \u00e7e\u015fitli stiller i\u00e7in uygundur.<\/p>\n<h2 id=\"-5-pink-and-purple-collide-with-glitter-\"><strong>5. Pembe ve mor par\u0131lt\u0131yla \u00e7arp\u0131\u015f\u0131yor<\/strong><\/h2>\n<p>Kutunun ana rengi pembe ve mordur. Alt katman 6 renkle serigrafi bask\u0131l\u0131d\u0131r ve sedefli kaplama ile \u00fcst \u00fcste bindirilmi\u015ftir. Y\u00fczey par\u0131lt\u0131s\u0131, y\u0131ld\u0131z \u0131\u015f\u0131\u011f\u0131 sa\u00e7\u0131lma efekti sunmak i\u00e7in kumlanm\u0131\u015ft\u0131r. I\u015f\u0131k de\u011fi\u015fimi alt\u0131nda, sabah \u0131\u015f\u0131\u011f\u0131 ve alacakaranl\u0131k g\u00fcl\u00fcn\u00fcn iki atmosferini sim\u00fcle edebilir ve kad\u0131ns\u0131 romantik geni g\u00fc\u00e7lendirebilir.<\/p>\n<h2 id=\"-6-hot-stamping-slogan-strengthens-memory-\"><strong>6. Alt\u0131n s\u0131cak damgalama folyo slogan\u0131 haf\u0131zay\u0131 g\u00fc\u00e7lendirir<\/strong><\/h2>\n<p>Marka slogan\u0131, lazer s\u0131cak damgalama teknolojisi ile kutu kapa\u011f\u0131n\u0131n i\u00e7 k\u0131sm\u0131na bas\u0131lm\u0131\u015ft\u0131r. Yaz\u0131 tipinde 0,1 mm \u00fc\u00e7 boyutlu kabartma efekti kullan\u0131lm\u0131\u015ft\u0131r. Alt\u0131n rengi ile pembe ve mor arka plan g\u00f6rsel bir kontrast olu\u015fturur ve marka de\u011fer \u00f6nermesi kutu a\u00e7\u0131ld\u0131\u011f\u0131 anda aktar\u0131l\u0131r.<\/p>\n<h2 id=\"-7-flexible-customization-scheme-\"><strong>7. Esnek \u00f6zelle\u015ftirme \u015femas\u0131<\/strong><\/h2>\n<p>Kutu tipinden, boyutundan i\u015flevine kadar tam boyutlu \u00f6zelle\u015ftirmeyi destekler:<\/p>\n<ul>\n<li><strong>Kutu tipi<\/strong>: Kare kutu \/ yuvarlak kutu \/ kalp \u015feklinde kutu iste\u011fe ba\u011fl\u0131, manyetik toka konumu yana veya \u00fcste ayarlanabilir;<\/li>\n<li><strong>Renk<\/strong>: 12 temel Pantone renk se\u00e7ene\u011fi sa\u011flay\u0131n, \u00f6zel renk par\u0131lt\u0131 oran\u0131 \u00f6zelle\u015ftirmesini destekleyin;<\/li>\n<li><strong>Slogan<\/strong>: M\u00fc\u015fteri ad\u0131, anma tarihi veya \u00f6zel mesaj ile de\u011fi\u015ftirilebilir, yaz\u0131 tipi k\u00fct\u00fcphanesi 15 dil s\u00fcr\u00fcm\u00fc i\u00e7erir;<\/li>\n<li><strong>Astar<\/strong>: \u0130ste\u011fe ba\u011fl\u0131 floklama \/ ipek \/ s\u00fcnger astar, oluk d\u00fczeni m\u00fccevher kategorisine g\u00f6re yeniden d\u00fczenlemeyi destekler.<\/li>\n<\/ul>\n<h2 id=\"-8-environmental-protection-and-quality-control-guarantee-\"><strong>8. \u00c7evre koruma ve kalite kontrol garantisi<\/strong><\/h2>\n<p>Kutu g\u00f6vdesi FSC sertifikal\u0131 \u00e7evre dostu ka\u011f\u0131t substratt\u0131r ve \u00fcretim s\u00fcrecinde su bazl\u0131 yap\u0131\u015ft\u0131r\u0131c\u0131lar ve benzen i\u00e7ermeyen m\u00fcrekkepler kullan\u0131l\u0131r; bitmi\u015f \u00fcr\u00fcnlerin her partisi, manyetik emme performans\u0131 ve kutu deformasyon oran\u0131n\u0131n \u22640,5% olmas\u0131n\u0131 sa\u011flamak i\u00e7in 72 saat boyunca sabit bir s\u0131cakl\u0131k ve nemde test edilir.<\/p>","protected":false},"excerpt":{"rendered":"<ul>\n<li><strong>M\u00fccevher markas\u0131 hediyesi<\/strong>: \u00dcst d\u00fczey kolyelerin standart ambalaj\u0131 olarak, kutudan \u00e7\u0131karma deneyimini ve marka primini art\u0131r\u0131r;<\/li>\n<li><strong>Ki\u015fisel hat\u0131ra koleksiyonu<\/strong>: Ki\u015fiye \u00f6zel isim ve y\u0131ld\u00f6n\u00fcm\u00fc, d\u00fc\u011f\u00fcn ve y\u0131ld\u00f6n\u00fcm\u00fc hediyeleri i\u00e7in duygusal bir ta\u015f\u0131y\u0131c\u0131 haline gelir;<\/li>\n<li><strong>Perakende te\u015fhir aksesuarlar\u0131<\/strong>: Te\u015fhir dolab\u0131ndaki manyetik a\u00e7ma ve kapama tasar\u0131m\u0131, m\u00fccevherlerin g\u00f6r\u00fcn\u00fcm\u00fcn\u00fc korurken m\u00fc\u015fterilerin denemesi i\u00e7in uygundur.<\/li>\n<\/ul>","protected":false},"featured_media":1117,"template":"","meta":{"_kad_post_transparent":"default","_kad_post_title":"","_kad_post_layout":"default","_kad_post_sidebar_id":"","_kad_post_content_style":"default","_kad_post_vertical_padding":"default","_kad_post_feature":"","_kad_post_feature_position":"","_kad_post_header":false,"_kad_post_footer":false,"_kad_post_classname":""},"product_brand":[],"product_cat":[15,27,17],"product_tag":[432,431,433],"class_list":{"0":"post-1115","1":"product","2":"type-product","3":"status-publish","4":"has-post-thumbnail","6":"product_cat-red-light-therapy","7":"product_cat-red-light-therapy-belt","8":"product_cat-services","9":"product_tag-glitter-paper-jewelry-box","10":"product_tag-magnetic-closure-box","11":"product_tag-necklace-paper-box","13":"first","14":"instock","15":"shipping-taxable","16":"product-type-simple","17":"entry","18":"content-bg","19":"loop-entry"},"_links":{"self":[{"href":"https:\/\/red-lighttherapy.com\/tr\/wp-json\/wp\/v2\/product\/1115","targetHints":{"allow":["GET"]}}],"collection":[{"href":"https:\/\/red-lighttherapy.com\/tr\/wp-json\/wp\/v2\/product"}],"about":[{"href":"https:\/\/red-lighttherapy.com\/tr\/wp-json\/wp\/v2\/types\/product"}],"wp:featuredmedia":[{"embeddable":true,"href":"https:\/\/red-lighttherapy.com\/tr\/wp-json\/wp\/v2\/media\/1117"}],"wp:attachment":[{"href":"https:\/\/red-lighttherapy.com\/tr\/wp-json\/wp\/v2\/media?parent=1115"}],"wp:term":[{"taxonomy":"product_brand","embeddable":true,"href":"https:\/\/red-lighttherapy.com\/tr\/wp-json\/wp\/v2\/product_brand?post=1115"},{"taxonomy":"product_cat","embeddable":true,"href":"https:\/\/red-lighttherapy.com\/tr\/wp-json\/wp\/v2\/product_cat?post=1115"},{"taxonomy":"product_tag","embeddable":true,"href":"https:\/\/red-lighttherapy.com\/tr\/wp-json\/wp\/v2\/product_tag?post=1115"}],"curies":[{"name":"wp","href":"https:\/\/api.w.org\/{rel}","templated":true}]}}