{"id":1109,"date":"2025-04-16T09:00:28","date_gmt":"2025-04-16T09:00:28","guid":{"rendered":"https:\/\/red-lighttherapy.com\/?post_type=product&#038;p=1109"},"modified":"2025-04-16T09:38:13","modified_gmt":"2025-04-16T09:38:13","slug":"trading-textured-paper-portable-power-bank-drawer-boxes","status":"publish","type":"product","link":"https:\/\/red-lighttherapy.com\/tr\/trading-textured-paper-portable-power-bank-drawer-boxes\/","title":{"rendered":"Ticaret Dokulu Ka\u011f\u0131t Ta\u015f\u0131nabilir G\u00fc\u00e7 Bankas\u0131 \u00c7ekmece Kutular\u0131"},"content":{"rendered":"<h2 id=\"-product-description-of-portable-power-bank-pull-out-box-\"><strong>\u00dcr\u00fcn A\u00e7\u0131klamas\u0131 Ta\u015f\u0131nabilir G\u00fc\u00e7 Bankas\u0131 Ma\u00e7 Kayd\u0131r\u0131c\u0131 Stil Kutusu<\/strong><\/h2>\n<h2 id=\"1-high-grade-textured-specialty-paper-\">1.\u00a0<strong>Y\u00fcksek Kaliteli Dokulu \u00d6zel Ka\u011f\u0131t<\/strong><\/h2>\n<p>\u00dcr\u00fcn\u00fcn d\u0131\u015f ambalaj\u0131, narin ve katmanl\u0131 bir y\u00fczeye sahip 120G y\u00fcksek kaliteli dokulu \u00f6zel ka\u011f\u0131ttan yap\u0131lm\u0131\u015ft\u0131r ve ambalaja gizemli serinin y\u00fcksek dereceli hissini verir. \u00d6zel ka\u011f\u0131d\u0131n benzersiz dokusu ve \u0131\u015f\u0131k ve g\u00f6lge efektleri, koyu veya metalik renklerle birle\u015fti\u011finde, marka tonuyla m\u00fckemmel bir \u015fekilde e\u015fle\u015febilir ve sade ve l\u00fcks bir g\u00f6rsel deneyim yaratabilir.<\/p>\n<h2 id=\"2-drawer-type-box-structure-\">2.\u00a0<strong>\u00c7ekmece tipi kutu yap\u0131s\u0131<\/strong><\/h2>\n<p>P\u00fcr\u00fczs\u00fcz ve rit\u00fcelistik olan d\u0131\u015far\u0131 \u00e7ekilebilir tasar\u0131m benimsenmi\u015ftir. Kullan\u0131c\u0131lar kolayl\u0131k ve rit\u00fceli g\u00f6z \u00f6n\u00fcnde bulundurarak g\u00fc\u00e7 bankas\u0131n\u0131 kolayca \u00e7\u0131karabilir. \u0130\u00e7 yap\u0131, kutu g\u00f6vdesinin g\u00fc\u00e7l\u00fc ve bas\u0131nca dayan\u0131kl\u0131 olmas\u0131n\u0131 sa\u011flamak i\u00e7in 1200G y\u00fcksek yo\u011funluklu gri tahta ile desteklenir ve i\u00e7 k\u0131s\u0131m d\u00fcz ve p\u00fcr\u00fczs\u00fczd\u00fcr, g\u00fc\u00e7 bankas\u0131n\u0131 nakliye veya g\u00fcnl\u00fck kullan\u0131m s\u0131ras\u0131nda darbelerden korur.<\/p>\n<h2 id=\"3-gold-stamping-technology-is-the-finishing-touch-\">3.\u00a0<strong>Alt\u0131n s\u0131cak damgalama folyo teknolojisi son dokunu\u015f<\/strong><\/h2>\n<p>Ambalaj y\u00fczeyi \"alt\u0131n s\u0131cak damga folyo\" teknolojisini kullan\u0131r ve marka logosu veya deseni alt\u0131n \u00e7izgiler veya bloklar halinde sunulur, farkl\u0131 \u0131\u015f\u0131k a\u00e7\u0131lar\u0131nda metalik parlakl\u0131\u011f\u0131 yans\u0131t\u0131r, markan\u0131n g\u00f6rsel tan\u0131n\u0131rl\u0131\u011f\u0131n\u0131 ve \u00fcst d\u00fczey tonunu art\u0131r\u0131r.<\/p>\n<h2 id=\"4-professional-adaptation-solution-\">4.\u00a0<strong>Profesyonel adaptasyon \u00e7\u00f6z\u00fcm\u00fc<\/strong><\/h2>\n<p>Mobil g\u00fcc\u00fcn boyutuna, kapasitesine ve kullan\u0131m senaryolar\u0131na (i\u015f, d\u0131\u015f mekan ve hediye gibi) ba\u011fl\u0131 olarak, bire bir kutu tipi \u00f6neri hizmeti sunuyoruz. \u00d6rne\u011fin:<\/p>\n<ul>\n<li><strong>Kompakt g\u00fc\u00e7 kayna\u011f\u0131<\/strong>: Kolay ta\u015f\u0131ma i\u00e7in dar ve uzun bir \u00e7ekmece kutu \u00f6nerin;<\/li>\n<li><strong>B\u00fcy\u00fck kapasiteli g\u00fc\u00e7 kayna\u011f\u0131<\/strong>: Korumay\u0131 art\u0131rmak i\u00e7in g\u00fc\u00e7lendirilmi\u015f b\u00f6lme tasar\u0131m\u0131 ile.<\/li>\n<\/ul>\n<h2 id=\"5-efficient-service-guarantee-\">5.\u00a0<strong>Verimli hizmet garantisi<\/strong><\/h2>\n<ul>\n<li><strong>Y\u0131ld\u0131r\u0131m teslimat\u0131<\/strong>: Standart teslimat s\u00fcresi 5-7 g\u00fcnd\u00fcr ve acil ihtiya\u00e7lar\u0131 kar\u015f\u0131lamak i\u00e7in h\u0131zland\u0131r\u0131lm\u0131\u015f hizmet 3 g\u00fcne kadar k\u0131salt\u0131labilir;<\/li>\n<li><strong>Kalite taahh\u00fcd\u00fc<\/strong>: Kutu g\u00f6vdesinde \u00e7izik olmamas\u0131n\u0131, s\u0131cak damgalaman\u0131n d\u00fc\u015fmemesini ve d\u0131\u015far\u0131 \u00e7ekmenin p\u00fcr\u00fczs\u00fcz olmas\u0131n\u0131 sa\u011flamak i\u00e7in tam kalite kontrol\u00fc;<\/li>\n<li><strong>\u00d6zelle\u015ftirilmi\u015f hizmet<\/strong>: LOGO \u00f6zelle\u015ftirmesi ve astar malzemesi se\u00e7imi (EVA s\u00fcnger, flanel gibi) gibi ki\u015fiselle\u015ftirilmi\u015f ihtiya\u00e7lar\u0131 destekler.<\/li>\n<\/ul>\n<h2 id=\"6-fsc-forest-certification-\">6.\u00a0<strong>FSC orman sertifikas\u0131<\/strong><\/h2>\n<p>T\u00fcm \u00f6zel ka\u011f\u0131tlar ve gri levhalar, hammaddelerin s\u00fcrd\u00fcr\u00fclebilir \u015fekilde y\u00f6netilen ormanlardan geldi\u011finden ve \u00fcst d\u00fczey markalar\u0131n \u00e7evre koruma ve sosyal sorumluluk konusundaki kat\u0131 gereksinimlerini kar\u015f\u0131lad\u0131\u011f\u0131ndan emin olmak i\u00e7in FSC orman sertifikal\u0131d\u0131r.<\/p>\n<h3 id=\"7-applicable-scenarios-\">7.\u00a0<strong>Uygulanabilir senaryolar<\/strong><\/h3>\n<ul>\n<li><strong>\u0130\u015f hediyeleri<\/strong>: E\u015fle\u015fen s\u0131cak damgalama teknolojisi ve koyu renkli \u00f6zel ka\u011f\u0131t, markan\u0131n asil duygusunu aktar\u0131r;<\/li>\n<li><strong>Teknoloji \u00fcr\u00fcnleri<\/strong>: Minimalist tasar\u0131m ve metalik doku ile teknolojik nitelikleri g\u00fc\u00e7lendirin;<\/li>\n<li><strong>D\u0131\u015f mekan ekipmanlar\u0131<\/strong>: D\u0131\u015f mekan kullan\u0131m senaryolar\u0131na uyum sa\u011flamak i\u00e7in a\u015f\u0131nmaya dayan\u0131kl\u0131 ve neme dayan\u0131kl\u0131 \u00f6zel ka\u011f\u0131t kullan\u0131n.<\/li>\n<\/ul>\n<h2 id=\"-v-summary-of-core-advantages-\"><strong>8. Temel avantajlar\u0131n \u00f6zeti<\/strong><\/h2>\n<table>\n<thead>\n<tr>\n<th>Avantaj boyutlar\u0131<\/th>\n<th>\u00d6zel a\u00e7\u0131klama<\/th>\n<\/tr>\n<\/thead>\n<tbody>\n<tr>\n<td><strong>Malzeme teknolojisi<\/strong><\/td>\n<td>Hem g\u00fczel hem de bas\u0131nca dayan\u0131kl\u0131 \u00f6zel ka\u011f\u0131t + gri karton kombinasyonu; s\u0131cak damgalama teknolojisi marka tan\u0131n\u0131rl\u0131\u011f\u0131n\u0131 art\u0131r\u0131r<\/td>\n<\/tr>\n<tr>\n<td><strong>Yap\u0131sal tasar\u0131m<\/strong><\/td>\n<td>D\u0131\u015far\u0131ya \u00e7ekilebilir tasar\u0131m kullan\u0131\u015fl\u0131 ve pratiktir, birden fazla boyuttaki g\u00fc\u00e7 kaynaklar\u0131 i\u00e7in uygundur ve y\u00fcksek i\u00e7 alan kullan\u0131m\u0131na sahiptir<\/td>\n<\/tr>\n<tr>\n<td><strong>\u00c7evre sertifikas\u0131<\/strong><\/td>\n<td>Uluslararas\u0131 \u00e7evre standartlar\u0131na uygun FSC sertifikal\u0131 malzemeler<\/td>\n<\/tr>\n<tr>\n<td><strong>Hizmet yan\u0131t\u0131<\/strong><\/td>\n<td>Profesyonel ekip, \u00f6zelle\u015ftirilmi\u015f \u00e7\u00f6z\u00fcmler ve tasar\u0131mdan teslimata kadar tam takip sa\u011flar<\/td>\n<\/tr>\n<\/tbody>\n<\/table>","protected":false},"excerpt":{"rendered":"<p>Ka\u011f\u0131t \u00e7ekmece kutusu kolayca a\u00e7\u0131l\u0131p kapat\u0131labilir. 120G dokulu \u00f6zel ka\u011f\u0131t ve 1200G gri kartondan yap\u0131lm\u0131\u015ft\u0131r. Sa\u011flam, dayan\u0131kl\u0131d\u0131r ve gizemli ve \u00fcst d\u00fczey bir hissiyata sahiptir. Y\u00fczey, markan\u0131n alt\u0131n hissini vurgulamak ve markan\u0131n tonunu g\u00f6stermek i\u00e7in \u00fcst d\u00fczey \"alt\u0131n s\u0131cak damga folyo\" i\u015flemini benimser.<\/p>","protected":false},"featured_media":1112,"template":"","meta":{"_kad_post_transparent":"default","_kad_post_title":"","_kad_post_layout":"default","_kad_post_sidebar_id":"","_kad_post_content_style":"default","_kad_post_vertical_padding":"default","_kad_post_feature":"","_kad_post_feature_position":"","_kad_post_header":false,"_kad_post_footer":false,"_kad_post_classname":""},"product_brand":[],"product_cat":[15,20,17],"product_tag":[429,428,430],"class_list":{"0":"post-1109","1":"product","2":"type-product","3":"status-publish","4":"has-post-thumbnail","6":"product_cat-red-light-therapy","7":"product_cat-led-face-light-therapy","8":"product_cat-services","9":"product_tag-match-style-box-for-power-bank","10":"product_tag-portable-power-bank-packaging-box","11":"product_tag-power-bank-slider-packaging-box","13":"first","14":"instock","15":"shipping-taxable","16":"product-type-simple","17":"entry","18":"content-bg","19":"loop-entry"},"_links":{"self":[{"href":"https:\/\/red-lighttherapy.com\/tr\/wp-json\/wp\/v2\/product\/1109","targetHints":{"allow":["GET"]}}],"collection":[{"href":"https:\/\/red-lighttherapy.com\/tr\/wp-json\/wp\/v2\/product"}],"about":[{"href":"https:\/\/red-lighttherapy.com\/tr\/wp-json\/wp\/v2\/types\/product"}],"wp:featuredmedia":[{"embeddable":true,"href":"https:\/\/red-lighttherapy.com\/tr\/wp-json\/wp\/v2\/media\/1112"}],"wp:attachment":[{"href":"https:\/\/red-lighttherapy.com\/tr\/wp-json\/wp\/v2\/media?parent=1109"}],"wp:term":[{"taxonomy":"product_brand","embeddable":true,"href":"https:\/\/red-lighttherapy.com\/tr\/wp-json\/wp\/v2\/product_brand?post=1109"},{"taxonomy":"product_cat","embeddable":true,"href":"https:\/\/red-lighttherapy.com\/tr\/wp-json\/wp\/v2\/product_cat?post=1109"},{"taxonomy":"product_tag","embeddable":true,"href":"https:\/\/red-lighttherapy.com\/tr\/wp-json\/wp\/v2\/product_tag?post=1109"}],"curies":[{"name":"wp","href":"https:\/\/api.w.org\/{rel}","templated":true}]}}