{"id":1103,"date":"2025-04-16T08:41:45","date_gmt":"2025-04-16T08:41:45","guid":{"rendered":"https:\/\/red-lighttherapy.com\/?post_type=product&#038;p=1103"},"modified":"2025-04-16T09:00:18","modified_gmt":"2025-04-16T09:00:18","slug":"maker-magnetic-closure-box-for-hair-extensions-removal-device","status":"publish","type":"product","link":"https:\/\/red-lighttherapy.com\/tr\/maker-magnetic-closure-box-for-hair-extensions-removal-device\/","title":{"rendered":"Sa\u00e7 Uzant\u0131lar\u0131 \u00c7\u0131karma Cihaz\u0131 i\u00e7in Maker Manyetik Kapatma Kutusu"},"content":{"rendered":"<h2 id=\"magnetic-closure-wig-extension-disassembly-device-packaging-box-product-description\">Manyetik kapama peruk uzatma s\u00f6kme cihaz\u0131 ambalaj kutusu \u00fcr\u00fcn a\u00e7\u0131klamas\u0131<\/h2>\n<h2 id=\"-1-appearance-design-simple-and-stylish-book-shaped-box-body-enhances-exquisiteness-\"><strong>1. G\u00f6r\u00fcn\u00fcm tasar\u0131m\u0131: basit ve \u015f\u0131k, kitap \u015feklindeki kutu g\u00f6vdesi zarifli\u011fi art\u0131r\u0131r<\/strong><\/h2>\n<p>Bu \u00fcr\u00fcn, klasik kitap \u015feklindeki kutu yap\u0131s\u0131nda sunulan, basit ve p\u00fcr\u00fczs\u00fcz hatlara ve zarif g\u00f6r\u00fcn\u00fcme sahip a\u00e7\u0131k beyaz seri tasar\u0131m\u0131n\u0131 benimser. Kutu g\u00f6vdesinin y\u00fczeyi 157 GSM ku\u015fe ka\u011f\u0131t ile bas\u0131lm\u0131\u015ft\u0131r ve hafif l\u00fcks tarz\u0131 vurgulamaktad\u0131r. Manyetik kapak tasar\u0131m\u0131, a\u00e7\u0131l\u0131p kapanmas\u0131 kolay olan ve s\u0131k\u0131ca kapanan, \u00fcst d\u00fczey hissi art\u0131r\u0131rken kullan\u0131c\u0131 deneyimini geli\u015ftiren pop\u00fcler manyetik emi\u015f kutusu \u00fcr\u00fcnlerinden esinlenmi\u015ftir.<\/p>\n<h2 id=\"-2-internal-and-external-double-color-contrast-combination-of-function-and-aesthetics-\"><strong>2. \u0130\u00e7 ve d\u0131\u015f \u00e7ift renk kontrast\u0131, fonksiyon ve esteti\u011fin kombinasyonu<\/strong><\/h2>\n<p>D\u0131\u015f kutu a\u00e7\u0131k beyaz, i\u00e7 kutu ise saf beyazd\u0131r. Renk kontrast\u0131, kutudaki peruk uzatma cihaz\u0131n\u0131n yap\u0131sal ayr\u0131nt\u0131lar\u0131n\u0131 a\u00e7\u0131k\u00e7a g\u00f6sterebilen ve sergilenirken \u00fcr\u00fcn\u00fcn h\u0131zl\u0131 bir \u015fekilde tan\u0131mlanmas\u0131n\u0131 kolayla\u015ft\u0131ran g\u00f6rsel bir hiyerar\u015fi olu\u015fturur. Kal\u0131pla kesilmi\u015f \u015fekilli astar ile birlikte, \u00fcr\u00fcn\u00fcn dengeli bir \u015fekilde saklanmas\u0131n\u0131 sa\u011flar.<\/p>\n<h2 id=\"-3-material-and-structure-professional-grade-protection-stable-and-durable-\"><strong>3. Malzeme ve yap\u0131: profesyonel d\u00fczeyde koruma, sa\u011flam ve dayan\u0131kl\u0131<\/strong><\/h2>\n<ul>\n<li><strong>Temel malzeme<\/strong>: 1200 GSM y\u00fcksek mukavemetli gri tahta, s\u0131radan kartondan daha iyi bas\u0131n\u00e7 direncine sahiptir ve nakliye darbelerine ve uzun s\u00fcreli istiflemeye dayanabilir.<\/li>\n<li><strong>Y\u00fczey i\u015fleme<\/strong>: 157 GSM mat filmli ku\u015fe ka\u011f\u0131t, \u00e7izilmeye ve a\u015f\u0131nmaya dayan\u0131kl\u0131, hassas dokunu\u015f ve geli\u015fmi\u015f marka bilinirli\u011fi.<\/li>\n<li><strong>\u0130\u00e7 astar<\/strong>: Hassas kal\u0131p kesme i\u015flemi ile \u00f6zelle\u015ftirilmi\u015f, \u00fcr\u00fcn\u00fcn sallanmas\u0131n\u0131 veya a\u015f\u0131nmas\u0131n\u0131 \u00f6nlemek i\u00e7in peruk cihaz\u0131n\u0131n d\u0131\u015f hatlar\u0131na m\u00fckemmel uyum sa\u011flar.<\/li>\n<\/ul>\n<h2 id=\"-4-brand-empowerment-double-upgrade-of-texture-and-added-value-\"><strong>4. Marka g\u00fc\u00e7lendirme: Doku ve katma de\u011ferin iki kat\u0131na \u00e7\u0131kar\u0131lmas\u0131<\/strong><\/h2>\n<p>Ambalaj kutusu tasar\u0131m\u0131, manyetik tokalar\u0131n gizli a\u00e7\u0131l\u0131p kapanmas\u0131 ve \u00e7arp\u0131\u015fma \u00f6nleyici i\u015flem i\u00e7in yuvarlat\u0131lm\u0131\u015f k\u00f6\u015feler gibi l\u00fcks d\u00fczeyde ayr\u0131nt\u0131lar i\u00e7ermektedir. Kutunun arkas\u0131, t\u00fcketicilerin marka i\u015f\u00e7ili\u011fine ve kalitesine olan g\u00fcvenini g\u00fc\u00e7lendirmek ve premium alan\u0131 art\u0131rmaya yard\u0131mc\u0131 olmak i\u00e7in bir marka hikayesi s\u0131cak damgalama alan\u0131 ile \u00f6zelle\u015ftirilebilir.<\/p>\n<h2 id=\"-5-supply-chain-advantages-16-years-of-professional-guarantee-flexible-customization-\"><strong>5. Tedarik zinciri avantajlar\u0131: 16 y\u0131ll\u0131k profesyonel garanti, esnek \u00f6zelle\u015ftirme<\/strong><\/h2>\n<ul>\n<li><strong>S\u00fcre\u00e7 se\u00e7imi<\/strong>: UV yerel vernik, kabartma, manyetik adsorpsiyon g\u00fcc\u00fc ayar\u0131 vb. gibi 20'den fazla i\u015flem \u00f6zelle\u015ftirmesini destekler.<\/li>\n<li><strong>Boyut adaptasyonu<\/strong>: Kutu boyutu, k\u00fc\u00e7\u00fck ve orta \u00f6l\u00e7ekli markalar\u0131n ihtiya\u00e7lar\u0131n\u0131 kar\u015f\u0131lamak i\u00e7in 500 adet gibi d\u00fc\u015f\u00fck bir minimum sipari\u015f miktar\u0131 ile peruk cihazlar\u0131n\u0131n farkl\u0131 \u00f6zelliklerine g\u00f6re ayarlanabilir.<\/li>\n<li><strong>Maliyet avantaj\u0131<\/strong>: B\u00fcy\u00fck \u00f6l\u00e7ekli hammadde tedariki, 15%-20% benzer \u00fcr\u00fcnlerden daha d\u00fc\u015f\u00fck fiyat ve 2 y\u0131la kadar garanti s\u00fcresi.<\/li>\n<\/ul>\n<h2 id=\"-customization-process-description-\"><strong>\u00d6zelle\u015ftirme s\u00fcreci a\u00e7\u0131klamas\u0131<\/strong><\/h2>\n<ol>\n<li><strong>Talep ileti\u015fimi<\/strong>: Marka VI, \u00fcr\u00fcn boyutu ve i\u015flevsel gereksinimleri (h\u0131rs\u0131zl\u0131k \u00f6nleyici manyetik \u015feritlerin gerekli olup olmad\u0131\u011f\u0131 gibi) sa\u011flay\u0131n.<\/li>\n<li><strong>3D prova<\/strong>: Yap\u0131y\u0131 ve g\u00f6rsel efektleri onaylamak i\u00e7in 72 saat i\u00e7inde fiziksel numune kutular\u0131 \u00e7\u0131kar\u0131n.<\/li>\n<li><strong>Seri \u00fcretim<\/strong>: \u00c7evre dostu su bazl\u0131 m\u00fcrekkeple yazd\u0131r\u0131n, 7-14 g\u00fcn i\u00e7inde teslim edin ve k\u00fcresel lojistik takibini destekleyin.<\/li>\n<\/ol>","protected":false},"excerpt":{"rendered":"<p>Kutu basit ve \u015f\u0131k bir a\u00e7\u0131k beyaz seriyi benimser, manyetik kapakl\u0131 kutu tasar\u0131m\u0131 basit ve zariftir, insanlara bir incelik hissi verir ve 1200 GSM gri tahta ve 157 GSM ku\u015fe ka\u011f\u0131ttan yap\u0131lm\u0131\u015ft\u0131r. Yap\u0131 sa\u011flamd\u0131r ve peruk Epilasyon Cihaz\u0131 Ambalaj\u0131n\u0131z\u0131 korumak kolayd\u0131r.<\/p>","protected":false},"featured_media":1104,"template":"","meta":{"_kad_post_transparent":"default","_kad_post_title":"","_kad_post_layout":"default","_kad_post_sidebar_id":"","_kad_post_content_style":"default","_kad_post_vertical_padding":"default","_kad_post_feature":"","_kad_post_feature_position":"","_kad_post_header":false,"_kad_post_footer":false,"_kad_post_classname":""},"product_brand":[],"product_cat":[15,28,27,17],"product_tag":[426,425,427],"class_list":{"0":"post-1103","1":"product","2":"type-product","3":"status-publish","4":"has-post-thumbnail","6":"product_cat-red-light-therapy","7":"product_cat-customize","8":"product_cat-red-light-therapy-belt","9":"product_cat-services","10":"product_tag-hair-removal-device-box","11":"product_tag-magnetic-hair-extensions-packaging-box","12":"product_tag-wig-magnetic-closure-box","14":"first","15":"instock","16":"shipping-taxable","17":"product-type-simple","18":"entry","19":"content-bg","20":"loop-entry"},"_links":{"self":[{"href":"https:\/\/red-lighttherapy.com\/tr\/wp-json\/wp\/v2\/product\/1103","targetHints":{"allow":["GET"]}}],"collection":[{"href":"https:\/\/red-lighttherapy.com\/tr\/wp-json\/wp\/v2\/product"}],"about":[{"href":"https:\/\/red-lighttherapy.com\/tr\/wp-json\/wp\/v2\/types\/product"}],"wp:featuredmedia":[{"embeddable":true,"href":"https:\/\/red-lighttherapy.com\/tr\/wp-json\/wp\/v2\/media\/1104"}],"wp:attachment":[{"href":"https:\/\/red-lighttherapy.com\/tr\/wp-json\/wp\/v2\/media?parent=1103"}],"wp:term":[{"taxonomy":"product_brand","embeddable":true,"href":"https:\/\/red-lighttherapy.com\/tr\/wp-json\/wp\/v2\/product_brand?post=1103"},{"taxonomy":"product_cat","embeddable":true,"href":"https:\/\/red-lighttherapy.com\/tr\/wp-json\/wp\/v2\/product_cat?post=1103"},{"taxonomy":"product_tag","embeddable":true,"href":"https:\/\/red-lighttherapy.com\/tr\/wp-json\/wp\/v2\/product_tag?post=1103"}],"curies":[{"name":"wp","href":"https:\/\/api.w.org\/{rel}","templated":true}]}}