{"id":1097,"date":"2025-04-16T08:13:37","date_gmt":"2025-04-16T08:13:37","guid":{"rendered":"https:\/\/red-lighttherapy.com\/?post_type=product&#038;p=1097"},"modified":"2025-04-16T08:41:20","modified_gmt":"2025-04-16T08:41:20","slug":"order-custom-paper-drawer-style-boxes-trader-for-electronic","status":"publish","type":"product","link":"https:\/\/red-lighttherapy.com\/tr\/order-custom-paper-drawer-style-boxes-trader-for-electronic\/","title":{"rendered":"Elektronik i\u00e7in \u00d6zel Ka\u011f\u0131t \u00c7ekmece Stili Kutular T\u00fcccar\u0131 Sipari\u015f Edin"},"content":{"rendered":"<h2 id=\"1-color-scheme-\">1.\u00a0<strong>Renk d\u00fczeni<\/strong><\/h2>\n<p>Koyu gri d\u0131\u015f kabuk, g\u00f6rsel bir kontrast olu\u015fturmak i\u00e7in siyah bir i\u00e7 kutu ile e\u015fle\u015ftirilmi\u015ftir. Koyu gri ana renk, sade ve istikrarl\u0131 bir i\u015f dokusunu yans\u0131t\u0131r ve siyah astar, kutu a\u00e7\u0131l\u0131r a\u00e7\u0131lmaz g\u00f6r\u00fc\u015fe odaklanabilen renk kontrast\u0131 yoluyla \u00fcr\u00fcn sergileme etkisini art\u0131r\u0131r.<\/p>\n<h2 id=\"2-drawer-type-structure-\">2.\u00a0<strong>\u00c7ekmece tipi yap\u0131<\/strong><\/h2>\n<p>Klasik \u00e7ekmece tasar\u0131m\u0131 end\u00fcstriyel estetikten yararlan\u0131r. Kutu g\u00f6vdesi ve \u00e7ekmece hassas toleranslarla e\u015fle\u015ftirilmi\u015ftir. K\u0131lavuz ray sistemi 5.000 a\u00e7ma ve kapama testinden sonra p\u00fcr\u00fczs\u00fcz kal\u0131r. Kutu kovan\u0131, bas\u0131n\u00e7 direncini art\u0131rmak i\u00e7in boru \u015feklinde katlan\u0131r bir yap\u0131ya sahiptir ve \u00e7ekmece kenar\u0131 \u00e7izilmeleri \u00f6nlemek i\u00e7in yuvarlat\u0131lm\u0131\u015ft\u0131r.<\/p>\n<h2 id=\"3-substrate-selection-\">3.\u00a0<strong>Substrat se\u00e7imi<\/strong><\/h2>\n<p>D\u0131\u015f kabukta 1,5 mm tam gri tahta (FSC sertifikal\u0131 \u00e7evre dostu malzeme) kullan\u0131l\u0131r ve y\u00fczey parmak izi b\u0131rakmayan kaplamal\u0131 120 g koyu gri dokunmatik \u00f6zel ka\u011f\u0131tla kaplanm\u0131\u015ft\u0131r. \u0130\u00e7 kutuda 0,8 mm \u00e7ift gri tahta + siyah mat kaplamal\u0131 ka\u011f\u0131t kullan\u0131l\u0131r, 15N-m\u00b2\/g b\u00fck\u00fclme mukavemetine sahiptir ve deformasyon olmadan 5 kg ta\u015f\u0131yabilir.<\/p>\n<h2 id=\"4-printing-process-\">4.\u00a0<strong>Bask\u0131 s\u00fcreci<\/strong><\/h2>\n<p>S\u0131cak damgalama alt\u0131n \/ g\u00fcm\u00fc\u015f, k\u0131smi UV, kabartma vb. dahil olmak \u00fczere 12 i\u015flem kombinasyonunu destekler. LOGO \u00fc\u00e7 boyutlu bir kabartma i\u015flemiyle kabart\u0131labilir ve metalik m\u00fcrekkep AB EN71-3 g\u00fcvenlik sertifikas\u0131n\u0131 ge\u00e7mi\u015ftir.<\/p>\n<h2 id=\"5-modular-lining-\">5.\u00a0<strong>Mod\u00fcler astar<\/strong><\/h2>\n<p>EVA k\u00f6p\u00fck, inci pamuk, floklama vb. dahil olmak \u00fczere 6 malzeme se\u00e7ene\u011fi sunar. \u00dcr\u00fcn kontur verileri 3D tarama yoluyla olu\u015fturulur ve CNC kesim hassasiyeti, \u00f6zel \u015fekilli elektronik \u00fcr\u00fcnler i\u00e7in uygun olan \u00b1 0,2 mm'ye ula\u015f\u0131r. \u00c7ok katmanl\u0131 b\u00f6lme tasar\u0131m\u0131, ana bilgisayar\u0131, aksesuarlar\u0131 ve talimatlar\u0131 ayn\u0131 anda sabitleyebilir.<\/p>\n<h2 id=\"6-seismic-performance-\">6.\u00a0<strong>Sismik performans<\/strong><\/h2>\n<p>EVA astar, ISTA 3A nakliye ile test edilmi\u015ftir ve 1,2 m'lik bir d\u00fc\u015f\u00fc\u015f\u00fcn etkisini tamponlayabilir. K\u00f6p\u00fck geri tepme oran\u0131 &gt;90%'dir ve 100.000 s\u00fcrekli s\u0131k\u0131\u015ft\u0131rmadan sonra deformasyon oran\u0131 &lt;5%&#039;dir.<\/p>","protected":false},"excerpt":{"rendered":"<p>Kutu, m\u00fc\u015fterilere \u00fcr\u00fcnleri \u00e7\u0131karma konusunda sorunsuz bir deneyim ya\u015fatabilecek klasik bir ka\u011f\u0131t \u00e7ekmece y\u00f6ntemiyle tasarlanm\u0131\u015ft\u0131r. Genel renk koyu gri olup, sade, sakin ve \u015f\u0131kt\u0131r.<\/p>","protected":false},"featured_media":1098,"template":"","meta":{"_kad_post_transparent":"default","_kad_post_title":"","_kad_post_layout":"default","_kad_post_sidebar_id":"","_kad_post_content_style":"default","_kad_post_vertical_padding":"default","_kad_post_feature":"","_kad_post_feature_position":"","_kad_post_header":false,"_kad_post_footer":false,"_kad_post_classname":""},"product_brand":[],"product_cat":[15,20,17],"product_tag":[422,423,424],"class_list":{"0":"post-1097","1":"product","2":"type-product","3":"status-publish","4":"has-post-thumbnail","6":"product_cat-red-light-therapy","7":"product_cat-led-face-light-therapy","8":"product_cat-services","9":"product_tag-custom-electronic-boxes","10":"product_tag-drawer-style-boxes-for-electronic","11":"product_tag-order-electronic-paper-boxes","13":"first","14":"instock","15":"shipping-taxable","16":"product-type-simple","17":"entry","18":"content-bg","19":"loop-entry"},"_links":{"self":[{"href":"https:\/\/red-lighttherapy.com\/tr\/wp-json\/wp\/v2\/product\/1097","targetHints":{"allow":["GET"]}}],"collection":[{"href":"https:\/\/red-lighttherapy.com\/tr\/wp-json\/wp\/v2\/product"}],"about":[{"href":"https:\/\/red-lighttherapy.com\/tr\/wp-json\/wp\/v2\/types\/product"}],"wp:featuredmedia":[{"embeddable":true,"href":"https:\/\/red-lighttherapy.com\/tr\/wp-json\/wp\/v2\/media\/1098"}],"wp:attachment":[{"href":"https:\/\/red-lighttherapy.com\/tr\/wp-json\/wp\/v2\/media?parent=1097"}],"wp:term":[{"taxonomy":"product_brand","embeddable":true,"href":"https:\/\/red-lighttherapy.com\/tr\/wp-json\/wp\/v2\/product_brand?post=1097"},{"taxonomy":"product_cat","embeddable":true,"href":"https:\/\/red-lighttherapy.com\/tr\/wp-json\/wp\/v2\/product_cat?post=1097"},{"taxonomy":"product_tag","embeddable":true,"href":"https:\/\/red-lighttherapy.com\/tr\/wp-json\/wp\/v2\/product_tag?post=1097"}],"curies":[{"name":"wp","href":"https:\/\/api.w.org\/{rel}","templated":true}]}}