{"id":1091,"date":"2025-04-16T07:58:12","date_gmt":"2025-04-16T07:58:12","guid":{"rendered":"https:\/\/red-lighttherapy.com\/?post_type=product&#038;p=1091"},"modified":"2025-04-16T08:13:25","modified_gmt":"2025-04-16T08:13:25","slug":"agency-luxury-lid-and-base-box-for-clothing-sock-packaging","status":"publish","type":"product","link":"https:\/\/red-lighttherapy.com\/tr\/agency-luxury-lid-and-base-box-for-clothing-sock-packaging\/","title":{"rendered":"Giysi \u00c7orap Ambalaj\u0131 i\u00e7in Ajans L\u00fcks Kapak ve Taban Kutusu"},"content":{"rendered":"<h2 id=\"-product-instructions-for-the-agent-of-luxury-clothing-and-socks-packaging-heaven-and-earth-box-\">Ajans Giyim \u00c7orap Ambalaj\u0131 i\u00e7in L\u00fcks Kapak ve Taban Kutusu \u00dcr\u00fcn A\u00e7\u0131klamas\u0131<\/h2>\n<h2 id=\"-1-visual-presentation-a-balance-between-simplicity-and-luxury-\"><strong>1. G\u00f6rsel Sunum: Sadelik ve L\u00fcks Aras\u0131nda Bir Denge<\/strong><\/h2>\n<ul>\n<li><strong>Renk E\u015fle\u015ftirme ve Logo<\/strong>: Kutu g\u00f6vdesi mat siyah \u00f6zel ka\u011f\u0131tla kapl\u0131d\u0131r ve y\u00fczey hassast\u0131r; logo kabartmal\u0131 veya s\u0131cak damgalanm\u0131\u015ft\u0131r (iste\u011fe ba\u011fl\u0131) ve tek renkli mikro kabartma efekti, marka tan\u0131n\u0131rl\u0131\u011f\u0131n\u0131 art\u0131rmak, karma\u015f\u0131k renklerin kar\u0131\u015fmas\u0131n\u0131 \u00f6nlemek ve \u00fcst d\u00fczey markalar\u0131n \u00f6l\u00e7\u00fcl\u00fc mizac\u0131na uymak i\u00e7in kullan\u0131l\u0131r.<\/li>\n<li><strong>Modelleme Dili<\/strong>: Kare kutu d\u00fczg\u00fcn hatlara sahiptir ve gereksiz s\u00fcslemeler i\u00e7ermez. Ka\u011f\u0131d\u0131n dokusu ile \u0131\u015f\u0131k ve g\u00f6lge seviyesi dokuyu g\u00fc\u00e7lendiriyor ve \"az \u00e7oktur\" tasar\u0131m felsefesini vurguluyor.<\/li>\n<\/ul>\n<h2 id=\"-2-structure-and-opening-and-closing-experience-\"><strong>2. Yap\u0131 ve A\u00e7\u0131l\u0131\u015f ve Kapan\u0131\u015f Deneyimi<\/strong><\/h2>\n<ul>\n<li><strong>Ba\u015f ve Toprak \u00d6rt\u00fcs\u00fc Tasar\u0131m\u0131<\/strong>: \u00dcst ve alt kapaklar tam olarak oturur ve a\u00e7\u0131lma ve kapanma p\u00fcr\u00fczs\u00fcz ve kapanma sabittir. A\u00e7\u0131ld\u0131\u011f\u0131nda, kapak do\u011fal bir \u015fekilde kayar, astar \u00fcr\u00fcn\u00fc ortaya \u00e7\u0131kar\u0131r, kutudan \u00e7\u0131karma i\u015flemine bir hediye kutusu gibi rit\u00fcel bir his verir ve m\u00fc\u015fterinin ilk dokunma deneyimini geli\u015ftirir.<\/li>\n<li><strong>Y\u00fck ta\u015f\u0131ma ve dayan\u0131kl\u0131l\u0131k<\/strong>: 120g y\u00fcksek a\u011f\u0131rl\u0131kl\u0131 \u00f6zel ka\u011f\u0131t, end\u00fcstri standard\u0131n\u0131n 1,2 kat\u0131 bas\u0131n\u00e7 dayan\u0131m\u0131na sahip 1,5 mm kal\u0131nla\u015ft\u0131r\u0131lm\u0131\u015f karton \u00fczerine kaplanm\u0131\u015ft\u0131r ve nakliye ve uzun s\u00fcreli depolama s\u0131ras\u0131nda deforme olmamas\u0131n\u0131 sa\u011flar.<\/li>\n<\/ul>\n<h2 id=\"-3-material-and-process-details-\"><strong>3. Malzeme ve s\u00fcre\u00e7 detaylar\u0131<\/strong><\/h2>\n<ul>\n<li><strong>D\u0131\u015f kutu malzemesi<\/strong>: \u00d6zel ka\u011f\u0131d\u0131n y\u00fczeyi \u00e7izilmez, parmak izine dayan\u0131kl\u0131 ve temizlenmesi kolayd\u0131r; karton \u00e7ekirdek katman\u0131nda s\u00fcrd\u00fcr\u00fclebilirlik kavram\u0131na uygun FSC sertifikal\u0131 \u00e7evre dostu malzemeler kullan\u0131l\u0131r.<\/li>\n<li><strong>\u00d6zelle\u015ftirilmi\u015f astar<\/strong>: EVA s\u00fcnger, inci pamuk veya flok i\u00e7 tepsi ve di\u011fer se\u00e7enekleri sa\u011flay\u0131n ve tek ve \u00e7ift paketler, hediye kutusu setleri ve di\u011fer ihtiya\u00e7lar i\u00e7in uygun olan \u00fcr\u00fcn sabitleme ve \u015fok koruman\u0131n ikili i\u015flevlerini elde etmek i\u00e7in oluklar\u0131 \u00e7orap boyutuna g\u00f6re \u00f6zelle\u015ftirebilir.<\/li>\n<\/ul>\n<h2 id=\"-4-customized-service-\"><strong>4. \u00d6zelle\u015ftirilmi\u015f hizmet<\/strong><\/h2>\n<ul>\n<li><strong>Bask\u0131 esnekli\u011fi<\/strong>: Logolar\u0131n, marka sloganlar\u0131n\u0131n ve desenlerin UV bask\u0131s\u0131n\u0131, serigrafi bask\u0131s\u0131n\u0131 veya s\u0131cak damgalanmas\u0131n\u0131 destekler ve g\u00f6rsel tutarl\u0131l\u0131\u011f\u0131 sa\u011flamak i\u00e7in Pantone spot renkleriyle e\u015fle\u015febilir.<\/li>\n<li><strong>Boyut adaptasyonu<\/strong>: K\u00fc\u00e7\u00fck ve orta \u00f6l\u00e7ekli parti \u00f6zelle\u015ftirme ihtiya\u00e7lar\u0131n\u0131 kar\u015f\u0131lamak i\u00e7in minimum 500 adet sipari\u015f miktar\u0131 ile kutu boyutunu m\u00fc\u015fteri \u00fcr\u00fcn \u00f6zelliklerine (\u00e7orap uzunlu\u011fu ve \u00e7orap y\u00fcksekli\u011fi gibi) g\u00f6re ayarlay\u0131n.<\/li>\n<\/ul>\n<h2 id=\"-5-quality-assurance-system-\"><strong>5. Kalite g\u00fcvence sistemi<\/strong><\/h2>\n<ul>\n<li><strong>\u00dcretim standard\u0131<\/strong>: 16 y\u0131ll\u0131k profesyonel bask\u0131 ve paketleme deneyimine dayanarak, kutu g\u00f6vdesi hatas\u0131n\u0131n \u22640,5 mm olmas\u0131n\u0131 ve bitmi\u015f \u00fcr\u00fcnlerin nitelikli oran\u0131n\u0131n 99,8%'ye ula\u015fmas\u0131n\u0131 sa\u011flamak i\u00e7in tam otomatik kal\u0131p kesme makineleri ve kalite kontrol sistemleri kullanarak.<\/li>\n<li><strong>Hizmet taahh\u00fcd\u00fc<\/strong>: Tasar\u0131m provas\u0131ndan toplu teslimata kadar tam takip, 30 g\u00fcnl\u00fck kalite endi\u015fesiz iade ve de\u011fi\u015fim sa\u011flama ve \u00f6zelle\u015ftirilmi\u015f ihtiya\u00e7lara 72 saat i\u00e7inde yan\u0131t verme.<\/li>\n<\/ul>\n<h2 id=\"-6-application-scenarios-\"><strong>6. Uygulama senaryolar\u0131<\/strong><\/h2>\n<ul>\n<li><strong>\u00dcst d\u00fczey perakende<\/strong>: Bir marka ma\u011faza te\u015fhir ambalaj\u0131 olarak, raf\u0131n \u00e7ekicili\u011fini art\u0131r\u0131r.<\/li>\n<li><strong>Hediye pazar\u0131<\/strong>: Hediyelerin de\u011ferini art\u0131rmak i\u00e7in kurdeleler veya bel m\u00fch\u00fcrleri ile tatil hediye kutular\u0131na y\u00fckseltin.<\/li>\n<li><strong>E-ticaret lojisti\u011fi<\/strong>: Sismik yap\u0131 tasar\u0131m\u0131n\u0131 optimize edin, nakliye kay\u0131plar\u0131n\u0131 azalt\u0131n ve sat\u0131\u015f sonras\u0131 maliyetleri d\u00fc\u015f\u00fcr\u00fcn.<\/li>\n<\/ul>","protected":false},"excerpt":{"rendered":"<p>Bu kapak ve taban kutusu, \u00fcst d\u00fczey giysi ve aksesuarlar i\u00e7in tasarlanm\u0131\u015ft\u0131r. Sade esteti\u011fi pratik i\u015flevlerle birle\u015ftirerek hem t\u00f6ren hem de kalite duygusuna sahip bir ambalaj \u00e7\u00f6z\u00fcm\u00fc yarat\u0131r. Kutu g\u00f6vdesi, siyah ana renk ve marka logosu ile klasik bir kapak ve kapak yap\u0131s\u0131n\u0131 benimser. L\u00fcks \u00fcr\u00fcnler, hafif l\u00fcks giysiler ve hediye sahneleri i\u00e7in uygun, sade ve l\u00fcks bir marka tonu iletmek i\u00e7in minimalist bir tasar\u0131m dili kullan\u0131r.<\/p>","protected":false},"featured_media":1095,"template":"","meta":{"_kad_post_transparent":"default","_kad_post_title":"","_kad_post_layout":"default","_kad_post_sidebar_id":"","_kad_post_content_style":"default","_kad_post_vertical_padding":"default","_kad_post_feature":"","_kad_post_feature_position":"","_kad_post_header":false,"_kad_post_footer":false,"_kad_post_classname":""},"product_brand":[],"product_cat":[15,30,19,17],"product_tag":[421,419,420],"class_list":{"0":"post-1091","1":"product","2":"type-product","3":"status-publish","4":"has-post-thumbnail","6":"product_cat-red-light-therapy","7":"product_cat-dropshipping","8":"product_cat-red-light-therapy-stand","9":"product_cat-services","10":"product_tag-custom-clothing-sock-packaging","11":"product_tag-lid-and-base-box-for-clothing","12":"product_tag-lid-and-base-box-for-sock","14":"first","15":"instock","16":"shipping-taxable","17":"product-type-simple","18":"entry","19":"content-bg","20":"loop-entry"},"_links":{"self":[{"href":"https:\/\/red-lighttherapy.com\/tr\/wp-json\/wp\/v2\/product\/1091","targetHints":{"allow":["GET"]}}],"collection":[{"href":"https:\/\/red-lighttherapy.com\/tr\/wp-json\/wp\/v2\/product"}],"about":[{"href":"https:\/\/red-lighttherapy.com\/tr\/wp-json\/wp\/v2\/types\/product"}],"wp:featuredmedia":[{"embeddable":true,"href":"https:\/\/red-lighttherapy.com\/tr\/wp-json\/wp\/v2\/media\/1095"}],"wp:attachment":[{"href":"https:\/\/red-lighttherapy.com\/tr\/wp-json\/wp\/v2\/media?parent=1091"}],"wp:term":[{"taxonomy":"product_brand","embeddable":true,"href":"https:\/\/red-lighttherapy.com\/tr\/wp-json\/wp\/v2\/product_brand?post=1091"},{"taxonomy":"product_cat","embeddable":true,"href":"https:\/\/red-lighttherapy.com\/tr\/wp-json\/wp\/v2\/product_cat?post=1091"},{"taxonomy":"product_tag","embeddable":true,"href":"https:\/\/red-lighttherapy.com\/tr\/wp-json\/wp\/v2\/product_tag?post=1091"}],"curies":[{"name":"wp","href":"https:\/\/api.w.org\/{rel}","templated":true}]}}