{"id":1080,"date":"2025-04-16T07:33:52","date_gmt":"2025-04-16T07:33:52","guid":{"rendered":"https:\/\/red-lighttherapy.com\/?post_type=product&#038;p=1080"},"modified":"2025-04-16T07:57:50","modified_gmt":"2025-04-16T07:57:50","slug":"top-and-bottom-packaging-boxes-vendor-for-phone-accessories","status":"publish","type":"product","link":"https:\/\/red-lighttherapy.com\/tr\/top-and-bottom-packaging-boxes-vendor-for-phone-accessories\/","title":{"rendered":"Telefon Aksesuarlar\u0131 i\u00e7in \u00dcst ve Alt Ambalaj Kutular\u0131 Sat\u0131c\u0131s\u0131"},"content":{"rendered":"<h2 id=\"-mobile-phone-accessories-box-packaging-solution-\"><strong>Cep telefonu aksesuarlar\u0131 kutu ambalaj \u00e7\u00f6z\u00fcm\u00fc<\/strong><\/h2>\n<h2 id=\"-i-core-material-environmentally-friendly-and-stable-\"><strong>1. \u00c7ekirdek malzeme: \u00e7evre dostu ve kararl\u0131<\/strong><\/h2>\n<p><strong>300g'dan fazla \u00e7ift bak\u0131r ka\u011f\u0131t<\/strong>\u00a0y\u00fczey ka\u011f\u0131d\u0131 olarak kullan\u0131l\u0131r ve\u00a0<strong>tek tarafl\u0131 beyaz y\u00fcksek yo\u011funluklu gri tahta<\/strong>\u00a0sa\u011flam ve istikrarl\u0131 bir kutu yap\u0131s\u0131 olu\u015fturmak i\u00e7in taban olarak kullan\u0131l\u0131r. Bak\u0131r ka\u011f\u0131d\u0131n y\u00fczeyi p\u00fcr\u00fczs\u00fcz ve hassast\u0131r, y\u00fcksek renk \u00fcretimi ile net ve parlak bask\u0131l\u0131 desenler sa\u011flar; gri tahta m\u00fckemmel bas\u0131n\u00e7 direnci ve dayan\u0131kl\u0131l\u0131k sa\u011flar, nakliye s\u0131ras\u0131nda sars\u0131nt\u0131 ve \u00e7arp\u0131\u015fmay\u0131 \u00f6nlemek i\u00e7in cep telefonu aksesuarlar\u0131n\u0131 (\u015farj cihazlar\u0131, veri kablolar\u0131, kulakl\u0131klar vb.) etkili bir \u015fekilde sabitler. T\u00fcm malzemeler \u00e7evre koruma standartlar\u0131n\u0131 kar\u015f\u0131lar, geri d\u00f6n\u00fc\u015f\u00fcm\u00fc ve yeniden kullan\u0131m\u0131 destekler ve ye\u015fil ambalaj trendini kar\u015f\u0131lar.<\/p>\n<h2 id=\"-ii-appearance-design-simple-and-atmospheric-the-brand-image-is-vivid-on-the-box-\"><strong>2. G\u00f6r\u00fcn\u00fcm tasar\u0131m\u0131: basit ve atmosferik, marka imaj\u0131 kutu \u00fczerinde canl\u0131<\/strong><\/h2>\n<ol>\n<li>Kutu g\u00f6vdesi a\u015fa\u011f\u0131dakilere dayanmaktad\u0131r\u00a0<strong>saf beyaz<\/strong>\u00a0ve benimser\u00a0<strong>d\u00f6rt renkli bask\u0131 (CMYK) teknolojisi<\/strong>\u00a0M\u00fc\u015fterinin logosunu ve grafik bilgilerini do\u011fru bir \u015fekilde sunmak i\u00e7in renk doygunlu\u011fu ve detay katmanlamas\u0131 sa\u011flar.<\/li>\n<li>Destek\u00a0<strong>degrade, spot renk, s\u0131cak damgalama<\/strong>\u00a0ve UV bask\u0131 yoluyla yerel parlakl\u0131\u011f\u0131 art\u0131rmak veya marka logosunun \u00fc\u00e7 boyutlu hissini vurgulamak i\u00e7in kabartma teknolojisini kullanmak gibi di\u011fer \u00f6zel i\u015flemler.<\/li>\n<li>\u00dcst ve alt kutular\u0131n y\u00fczeyi\u00a0<strong>mat film laminasyon teknolojisi<\/strong>\u00a0A\u015f\u0131nma direncini ve kirlenme \u00f6nleme performans\u0131n\u0131 art\u0131rmak i\u00e7in, kutu g\u00f6vdesinin dokusunu geli\u015ftirirken g\u00fcnl\u00fck kullan\u0131mda parmak izi veya \u00e7izik b\u0131rakmak kolay de\u011fildir.<\/li>\n<\/ol>\n<h2 id=\"-three-structural-optimization-humanized-opening-and-closing-and-adaptability-\"><strong>3. yap\u0131sal optimizasyon: insanc\u0131lla\u015ft\u0131r\u0131lm\u0131\u015f a\u00e7ma ve kapama ve uyarlanabilirlik<\/strong><\/h2>\n<ol>\n<li><strong>Kolay a\u00e7\u0131l\u0131r ve kapan\u0131r<\/strong>: Kutu kapa\u011f\u0131 ve kutunun alt k\u0131sm\u0131 hassas kal\u0131p kesim teknolojisini benimser ve hava yava\u015flatma tasar\u0131m\u0131, kutuyu a\u00e7arken alt kutunun sorunsuz bir \u015fekilde d\u00fc\u015fmesini sa\u011flar (Apple'\u0131n patentli yap\u0131s\u0131na bak\u0131n).<\/li>\n<li><strong>Yan parmak pozisyonu<\/strong>: Yan taraf, kullan\u0131c\u0131 deneyimini iyile\u015ftirmek i\u00e7in tek elle kolayca a\u00e7\u0131labilen bir yay olu\u011fu ile ayr\u0131lm\u0131\u015ft\u0131r.<\/li>\n<li>Sa\u011flamak\u00a0<strong>kare, alt\u0131gen, \u00e7ekmece tipi, manyetik emi\u015f tipi<\/strong>\u00a0ve di\u011fer kutu t\u00fcrlerini farkl\u0131 aksesuar boyutlar\u0131na ve sergileme ihtiya\u00e7lar\u0131na uyarlamak i\u00e7in kullanabilirsiniz. \u00d6rne\u011fin:<\/li>\n<li><strong>\u00c7ekmece kutusu<\/strong>: \u00c7ok aksesuarl\u0131 kombinasyon setleri i\u00e7in uygun olan yandan \u00e7ekmeli tasar\u0131m\u0131n s\u0131n\u0131fland\u0131r\u0131lmas\u0131 ve saklanmas\u0131 kolayd\u0131r.<\/li>\n<li><strong>Manyetik toka kutusu<\/strong>: Sa\u011flam bir kapan\u0131\u015f ve g\u00fc\u00e7l\u00fc bir t\u00f6ren duygusu ile \u00fcst d\u00fczey modeller i\u00e7in en iyi se\u00e7im.<\/li>\n<\/ol>\n<h2 id=\"-fourth-customized-service-flexibly-meet-personalized-needs-\"><strong>4. \u00d6zelle\u015ftirilmi\u015f hizmet: ki\u015fiselle\u015ftirilmi\u015f ihtiya\u00e7lar\u0131 esnek bir \u015fekilde kar\u015f\u0131lay\u0131n<\/strong><\/h2>\n<ol>\n<li>Marka hikayeleri, \u00fcr\u00fcn parametreleri veya sanatsal ill\u00fcstrasyonlarla entegre edilebilen t\u00fcm kutu y\u00fczeyinin \u00f6zelle\u015ftirilmi\u015f tasar\u0131m\u0131n\u0131 destekler. \u00d6rne\u011fin:<\/li>\n<li><strong>K\u0131smi oyuk a\u00e7ma<\/strong>: Aksesuar detaylar\u0131n\u0131 g\u00f6r\u00fcnt\u00fclemek i\u00e7in \u015feffaf bir pencere ile.<\/li>\n<li><strong>K\u00fclt\u00fcrel unsurlar<\/strong>: Geleneksel desenleri sunmak ve \u00fcr\u00fcn tonunu vurgulamak i\u00e7in s\u0131cak damgalama teknolojisi ile birle\u015ftirilmi\u015ftir.<\/li>\n<li>Astar yap\u0131s\u0131n\u0131 aksesuarlar\u0131n boyutuna g\u00f6re (kablosuz kulakl\u0131klar, mobil g\u00fc\u00e7 kaynaklar\u0131 gibi) \u00f6zelle\u015ftirin ve kullan\u0131n\u00a0<strong>EVA blister tepsiler veya bal pete\u011fi kartonlar<\/strong>\u00a0Hem koruma hem de hafifli\u011fi dikkate alarak \u00fcr\u00fcn\u00fc sabitlemek i\u00e7in.<\/li>\n<\/ol>\n<h2 id=\"-v-production-capacity-and-quality-control-guarantee-\"><strong>5. \u00dcretim Kapasitesi ve Kalite Kontrol Garantisi<\/strong><\/h2>\n<ol>\n<li>ile\u00a0<strong>5.320 metrekarelik modern at\u00f6lye<\/strong>Tam otomatik kal\u0131p kesme makineleri, UV bask\u0131 hatlar\u0131 ve \u00e7evre dostu laminasyon ekipmanlar\u0131 ile donat\u0131lm\u0131\u015f olan bu tesis, g\u00fcnl\u00fck 100.000 par\u00e7adan fazla \u00fcretim kapasitesini desteklemektedir ve teslimat d\u00f6ng\u00fcs\u00fc\u00a0<strong>15-20 i\u015f g\u00fcn\u00fc<\/strong>.<\/li>\n<li>Hammaddelerin depolanmas\u0131ndan bitmi\u015f \u00fcr\u00fcnlerin teslimine kadar a\u015fa\u011f\u0131dakileri uyguluyoruz\u00a0<strong>alti sevi\u0307yeli\u0307 kali\u0307te deneti\u0307m s\u00fcre\u00e7leri\u0307<\/strong>renk fark\u0131 alg\u0131lama (\u0394E\u22641,5), d\u00fc\u015fme testi (1,5 metre y\u00fckseklikte hasars\u0131z), nem ve hava ko\u015fullar\u0131na dayan\u0131kl\u0131l\u0131k testi vb.<\/li>\n<\/ol>\n<h2 id=\"-vi-application-scenarios-and-case-studies-\"><strong>6. Uygulama Senaryolar\u0131 ve Vaka \u00c7al\u0131\u015fmalar\u0131<\/strong><\/h2>\n<ul>\n<li><strong>\u00dcst d\u00fczey aksesuarlar<\/strong>: kablosuz Bluetooth kulakl\u0131k kutusu gibi, kutudan \u00e7\u0131karma deneyimini geli\u015ftirmek i\u00e7in manyetik emme kutusu + s\u0131cak damgalama Logo tasar\u0131m\u0131n\u0131 benimser.<\/li>\n<li><strong>\u00c7evre dostu set<\/strong>S\u00fcrd\u00fcr\u00fclebilir kalk\u0131nma konseptine uygun olarak bozunabilir gri tahta ve m\u00fcrekkep bask\u0131 kullan\u0131lmas\u0131.<\/li>\n<\/ul>\n<h2 id=\"-choose-us-you-will-get-\"><strong>Bizi se\u00e7in, alacaks\u0131n\u0131z:<\/strong><\/h2>\n<p>\u2705\u00a0<strong>Profesyonel tasar\u0131m ekibi<\/strong>: Talep ileti\u015fiminden prova onay\u0131na kadar 1'e 1 hizmet. \u2705\u00a0<strong>Verimli teslimat<\/strong>: H\u0131zland\u0131r\u0131lm\u0131\u015f sipari\u015fler, k\u00fcresel lojistik takibini destekleyerek 7 g\u00fcn gibi k\u0131sa bir s\u00fcrede g\u00f6nderilebilir. \u2705\u00a0<strong>Maliyet optimizasyonu<\/strong>: B\u00fcy\u00fck \u00f6l\u00e7ekli tedarik ve yal\u0131n \u00fcretim, 15%-20% piyasa ortalama fiyat\u0131ndan daha d\u00fc\u015f\u00fck.<\/p>","protected":false},"excerpt":{"rendered":"<p>Kapak ve taban kutusu rengi saf beyazd\u0131r ve m\u00fc\u015fterinin logosunu \u00fczerine do\u011fru bir \u015fekilde basmak i\u00e7in d\u00f6rt renkli bask\u0131 i\u015flemi kullan\u0131l\u0131r. Bu tasar\u0131m sade ve zarif bir genel stil yarat\u0131r. Y\u00fcz ka\u011f\u0131d\u0131 olarak ku\u015fe ka\u011f\u0131t ve taban olarak tek tarafl\u0131 beyaz gri tahta ile y\u00fcksek kaliteli malzemeler se\u00e7ilmi\u015ftir. Kutu g\u00f6vdesi sa\u011flam ve stabildir ve \u00fcr\u00fcn g\u00fcvenilir bir \u015fekilde sabitlenebilir.<\/p>","protected":false},"featured_media":1089,"template":"","meta":{"_kad_post_transparent":"default","_kad_post_title":"","_kad_post_layout":"default","_kad_post_sidebar_id":"","_kad_post_content_style":"default","_kad_post_vertical_padding":"default","_kad_post_feature":"","_kad_post_feature_position":"","_kad_post_header":false,"_kad_post_footer":false,"_kad_post_classname":""},"product_brand":[],"product_cat":[15,19,17],"product_tag":[417,418,416],"class_list":{"0":"post-1080","1":"product","2":"type-product","3":"status-publish","4":"has-post-thumbnail","6":"product_cat-red-light-therapy","7":"product_cat-red-light-therapy-stand","8":"product_cat-services","9":"product_tag-phone-accessories-packaging-boxes","10":"product_tag-phone-packaging-boxes-vendor","11":"product_tag-top-and-bottom-packaging-boxes","13":"first","14":"instock","15":"shipping-taxable","16":"product-type-simple","17":"entry","18":"content-bg","19":"loop-entry"},"_links":{"self":[{"href":"https:\/\/red-lighttherapy.com\/tr\/wp-json\/wp\/v2\/product\/1080","targetHints":{"allow":["GET"]}}],"collection":[{"href":"https:\/\/red-lighttherapy.com\/tr\/wp-json\/wp\/v2\/product"}],"about":[{"href":"https:\/\/red-lighttherapy.com\/tr\/wp-json\/wp\/v2\/types\/product"}],"wp:featuredmedia":[{"embeddable":true,"href":"https:\/\/red-lighttherapy.com\/tr\/wp-json\/wp\/v2\/media\/1089"}],"wp:attachment":[{"href":"https:\/\/red-lighttherapy.com\/tr\/wp-json\/wp\/v2\/media?parent=1080"}],"wp:term":[{"taxonomy":"product_brand","embeddable":true,"href":"https:\/\/red-lighttherapy.com\/tr\/wp-json\/wp\/v2\/product_brand?post=1080"},{"taxonomy":"product_cat","embeddable":true,"href":"https:\/\/red-lighttherapy.com\/tr\/wp-json\/wp\/v2\/product_cat?post=1080"},{"taxonomy":"product_tag","embeddable":true,"href":"https:\/\/red-lighttherapy.com\/tr\/wp-json\/wp\/v2\/product_tag?post=1080"}],"curies":[{"name":"wp","href":"https:\/\/api.w.org\/{rel}","templated":true}]}}