{"id":1074,"date":"2025-04-16T07:17:06","date_gmt":"2025-04-16T07:17:06","guid":{"rendered":"https:\/\/red-lighttherapy.com\/?post_type=product&#038;p=1074"},"modified":"2025-04-16T07:33:44","modified_gmt":"2025-04-16T07:33:44","slug":"custom-black-slide-drawer-t-shirt-clothes-packaging-dealers","status":"publish","type":"product","link":"https:\/\/red-lighttherapy.com\/tr\/custom-black-slide-drawer-t-shirt-clothes-packaging-dealers\/","title":{"rendered":"\u00d6zel Siyah S\u00fcrg\u00fcl\u00fc \u00c7ekmece T-Shirt Giysi Paketleme Bayileri"},"content":{"rendered":"<h2 id=\"-customized-black-drawer-style-t-shirt-clothing-packaging-solution-\"><strong>\u00d6zelle\u015ftirilmi\u015f siyah \u00e7ekmece tarz\u0131 T-shirt giysi paketleme \u00e7\u00f6z\u00fcm\u00fc<\/strong><\/h2>\n<h2 id=\"1-advanced-materials-and-craftsmanship-\">1.\u00a0<strong>Geli\u015fmi\u015f malzemeler ve i\u015f\u00e7ilik<\/strong><\/h2>\n<ul>\n<li><strong>\u00d6zel ka\u011f\u0131t ve gri karton kombinasyonu<\/strong>: D\u0131\u015f ambalajda, hassas ve katmanl\u0131 bir y\u00fczeye sahip 120G dokulu \u00f6zel ka\u011f\u0131t kullan\u0131lm\u0131\u015f ve hem g\u00f6r\u00fcn\u00fcm dokusu hem de koruma performans\u0131 dikkate al\u0131narak kutunun sert ve bas\u0131nca dayan\u0131kl\u0131 olmas\u0131n\u0131 sa\u011flamak i\u00e7in 1200G y\u00fcksek yo\u011funluklu gri karton astar ile e\u015fle\u015ftirilmi\u015ftir.<\/li>\n<li><strong>Bronz damgalama teknolojisi nimeti<\/strong>: Y\u00fczeyde \u00fc\u00e7 boyutlu alt\u0131n damgalama teknolojisi kullan\u0131l\u0131r ve marka logosu veya deseni metalik bir parlakl\u0131kla ka\u011f\u0131d\u0131n \u00fczerine s\u0131\u00e7rayarak \"alt\u0131n\" l\u00fcks bir g\u00f6rsel sunar, marka tan\u0131n\u0131rl\u0131\u011f\u0131n\u0131 ve tonalitesini art\u0131r\u0131r.<\/li>\n<\/ul>\n<h2 id=\"2-drawer-style-structure-design-\">2.\u00a0<strong>\u00c7ekmece tarz\u0131 yap\u0131 tasar\u0131m\u0131<\/strong><\/h2>\n<ul>\n<li><strong>T\u00f6ren ve rahatl\u0131k bir arada<\/strong>: \u00c7ekmece kutusu \u015fekli klasik saklama tasar\u0131m\u0131ndan esinlenmi\u015ftir ve d\u0131\u015far\u0131ya \u00e7ekilmesi p\u00fcr\u00fczs\u00fcz ve p\u00fcr\u00fczs\u00fczd\u00fcr. A\u00e7ma ve kapama i\u015flemi kullan\u0131c\u0131lara \"kutudan \u00e7\u0131karma t\u00f6reni hissi\" verirken, ti\u015f\u00f6rtlerin tekrar tekrar saklanmas\u0131n\u0131 ve geri al\u0131nmas\u0131n\u0131 kolayla\u015ft\u0131r\u0131r. Kutu yap\u0131s\u0131, gev\u015fekli\u011fi \u00f6nlemek i\u00e7in \u00e7ekmece ve d\u0131\u015f kutunun s\u0131k\u0131ca ba\u011flanmas\u0131n\u0131 sa\u011flamak \u00fczere hassas bir \u015fekilde hesaplanm\u0131\u015ft\u0131r.<\/li>\n<li><strong>Ergonomik uyum<\/strong>: Kutu oran\u0131n\u0131 T-shirt'\u00fcn katlama boyutuna g\u00f6re \u00f6zelle\u015ftirin ve i\u015f hediyeleri, s\u0131n\u0131rl\u0131 say\u0131da sat\u0131\u015f ve di\u011fer senaryolar i\u00e7in uygun tek katmanl\u0131 veya \u00e7ok katmanl\u0131 \u00e7ekmece yap\u0131s\u0131 (\u00e7ok par\u00e7al\u0131 hediye kutular\u0131 gibi) \u00f6nerin.<\/li>\n<\/ul>\n<h2 id=\"3-environmental-certification-and-sustainable-concept-\">3.\u00a0<strong>\u00c7evre sertifikasyonu ve s\u00fcrd\u00fcr\u00fclebilir konsept<\/strong><\/h2>\n<ul>\n<li><strong>FSC orman sertifikas\u0131<\/strong>: T\u00fcm ambalaj malzemeleri, ka\u011f\u0131t kayna\u011f\u0131n\u0131n s\u00fcrd\u00fcr\u00fclebilir ormanc\u0131l\u0131k y\u00f6netimi standartlar\u0131n\u0131 kar\u015f\u0131lad\u0131\u011f\u0131ndan emin olmak ve \u00fcst d\u00fczey markalar\u0131n \u00e7evre koruma ve sosyal sorumluluk ihtiya\u00e7lar\u0131n\u0131 kar\u015f\u0131lamak i\u00e7in FSC sertifikal\u0131d\u0131r.<\/li>\n<li><strong>Geri d\u00f6n\u00fc\u015ft\u00fcr\u00fclebilir tasar\u0131m<\/strong>: Hem g\u00fczelli\u011fi hem de \u00e7evre korumas\u0131n\u0131 dikkate alarak \u00e7evre dostu tutkal ve par\u00e7alanabilir s\u0131cak damgalama folyosu benimsemek, markan\u0131n ye\u015fil de\u011ferleri aktarmas\u0131na yard\u0131mc\u0131 olur.<\/li>\n<\/ul>\n<h2 id=\"4-service-system-and-advantages-\">4.\u00a0<strong>Servis sistemi ve avantajlar\u0131<\/strong><\/h2>\n<ul>\n<li><strong>Bire bir profesyonel \u00e7\u00f6z\u00fcm<\/strong>: T-shirt boyutundan, marka tonundan kullan\u0131m senaryolar\u0131na (tatil hediye kutular\u0131, ortak sat\u0131\u015flar gibi) kadar, \u00fcr\u00fcnlerin ve ambalajlar\u0131n uyarlanabilirli\u011fini art\u0131rmak i\u00e7in \u00f6zelle\u015ftirilmi\u015f kutu tipi, s\u00fcre\u00e7 ve g\u00f6rsel tasar\u0131m \u00f6nerileri sa\u011flay\u0131n.<\/li>\n<li><strong>Y\u0131ld\u0131r\u0131m teslimat garantisi<\/strong>: Ak\u0131ll\u0131 \u00fcretim hatlar\u0131na (lazer kesim ve s\u0131k\u0131\u015ft\u0131rmal\u0131 kal\u0131plama teknolojisi gibi) g\u00fcvenerek, k\u00fc\u00e7\u00fckten b\u00fcy\u00fc\u011fe toplu sipari\u015fleri destekler ve 72 saate kadar h\u0131zl\u0131 teslimat yapar ve bitmi\u015f \u00fcr\u00fcn\u00fcn kusursuz olmas\u0131n\u0131 sa\u011flamak i\u00e7in tam kalite denetimi yapar.<\/li>\n<li><strong>Y\u00fcksek maliyet-etkin se\u00e7im<\/strong>: Yeni kurulan markalardan l\u00fcks \u00fcr\u00fcnlere kadar \u00e7e\u015fitli ihtiya\u00e7lara uygun, \u00fcst d\u00fczey dokuyu korurken s\u00fcre\u00e7 kombinasyonu optimizasyonu (k\u0131smi s\u0131cak damgalama + d\u00fcz \u00f6zel ka\u011f\u0131t gibi) yoluyla maliyetleri azalt\u0131n.<\/li>\n<\/ul>\n<h2 id=\"5-application-scenarios-and-cases-\">5.\u00a0<strong>Uygulama senaryolar\u0131 ve vakalar<\/strong><\/h2>\n<ul>\n<li><strong>L\u00fcks eklem modelleri<\/strong>: Mat dokulu ka\u011f\u0131da sahip siyah s\u0131cak damgalama \u00e7ekmece kutusu, s\u0131n\u0131rl\u0131 say\u0131da \u00fcretilen ti\u015f\u00f6rtlerin az bulunurlu\u011funu ve koleksiyon de\u011ferini vurgular (referans vaka: LV sert kutu ambalaj tasar\u0131m\u0131 mant\u0131\u011f\u0131).<\/li>\n<li><strong>Tatil hediye seti<\/strong>: \u00c7ok katmanl\u0131 \u00e7ekmece yap\u0131s\u0131 T-shirt + aksesuarlar\u0131 bar\u0131nd\u0131r\u0131r ve arkadaki gizli bask\u0131, kutudan \u00e7\u0131karma s\u00fcrprizini art\u0131rmak i\u00e7in tatil temal\u0131 desenlerle \u00f6zelle\u015ftirilebilir.<\/li>\n<li><strong>Marka fla\u015f etkinli\u011fi<\/strong>: Gen\u00e7 t\u00fcketicileri foto\u011fraf \u00e7ekmeye ve yaymaya \u00e7ekmek i\u00e7in etkile\u015fimli ambalajlar olu\u015fturmak \u00fczere \u0131\u015f\u0131kl\u0131 s\u0131cak damgalama veya s\u0131cakl\u0131\u011fa duyarl\u0131 renk de\u011fi\u015ftirme teknolojisini (SOULGOODS \u0131\u015f\u0131kl\u0131 stadyum tasar\u0131m\u0131 gibi) birle\u015ftirin.<\/li>\n<\/ul>","protected":false},"excerpt":{"rendered":"<p>Ka\u011f\u0131t \u00e7ekmece kutusu, \u00e7\u0131karmas\u0131 kolay ve daha kullan\u0131\u015fl\u0131, y\u00fcksek kaliteli dokulu \u00f6zel ka\u011f\u0131ttan yap\u0131lm\u0131\u015f, gizemli \u00fcst d\u00fczey his serisi, kullan\u0131lan malzeme 120G dokulu \u00f6zel ka\u011f\u0131t ve 1200G sert tahta, g\u00fc\u00e7l\u00fc ve dayan\u0131kl\u0131d\u0131r<\/p>","protected":false},"featured_media":1078,"template":"","meta":{"_kad_post_transparent":"default","_kad_post_title":"","_kad_post_layout":"default","_kad_post_sidebar_id":"","_kad_post_content_style":"default","_kad_post_vertical_padding":"default","_kad_post_feature":"","_kad_post_feature_position":"","_kad_post_header":false,"_kad_post_footer":false,"_kad_post_classname":""},"product_brand":[],"product_cat":[15,30,20,17],"product_tag":[414,415,413],"class_list":{"0":"post-1074","1":"product","2":"type-product","3":"status-publish","4":"has-post-thumbnail","6":"product_cat-red-light-therapy","7":"product_cat-dropshipping","8":"product_cat-led-face-light-therapy","9":"product_cat-services","10":"product_tag-clothes-packaging-dealers","11":"product_tag-custom-black-clothes-box","12":"product_tag-drawer-t-shirt-packaging","14":"first","15":"instock","16":"shipping-taxable","17":"product-type-simple","18":"entry","19":"content-bg","20":"loop-entry"},"_links":{"self":[{"href":"https:\/\/red-lighttherapy.com\/tr\/wp-json\/wp\/v2\/product\/1074","targetHints":{"allow":["GET"]}}],"collection":[{"href":"https:\/\/red-lighttherapy.com\/tr\/wp-json\/wp\/v2\/product"}],"about":[{"href":"https:\/\/red-lighttherapy.com\/tr\/wp-json\/wp\/v2\/types\/product"}],"wp:featuredmedia":[{"embeddable":true,"href":"https:\/\/red-lighttherapy.com\/tr\/wp-json\/wp\/v2\/media\/1078"}],"wp:attachment":[{"href":"https:\/\/red-lighttherapy.com\/tr\/wp-json\/wp\/v2\/media?parent=1074"}],"wp:term":[{"taxonomy":"product_brand","embeddable":true,"href":"https:\/\/red-lighttherapy.com\/tr\/wp-json\/wp\/v2\/product_brand?post=1074"},{"taxonomy":"product_cat","embeddable":true,"href":"https:\/\/red-lighttherapy.com\/tr\/wp-json\/wp\/v2\/product_cat?post=1074"},{"taxonomy":"product_tag","embeddable":true,"href":"https:\/\/red-lighttherapy.com\/tr\/wp-json\/wp\/v2\/product_tag?post=1074"}],"curies":[{"name":"wp","href":"https:\/\/api.w.org\/{rel}","templated":true}]}}