{"id":1061,"date":"2025-04-16T06:22:13","date_gmt":"2025-04-16T06:22:13","guid":{"rendered":"https:\/\/red-lighttherapy.com\/?post_type=product&#038;p=1061"},"modified":"2025-04-16T06:54:40","modified_gmt":"2025-04-16T06:54:40","slug":"trading-logo-custom-printed-shopping-paper-bags-for-clothing","status":"publish","type":"product","link":"https:\/\/red-lighttherapy.com\/tr\/trading-logo-custom-printed-shopping-paper-bags-for-clothing\/","title":{"rendered":"Giyim i\u00e7in Ticaret Logosu \u00d6zel Bask\u0131l\u0131 Al\u0131\u015fveri\u015f Ka\u011f\u0131t Torbalar\u0131"},"content":{"rendered":"<h2 id=\"-trading-logo-custom-printed-shopping-paper-bags-for-clothing-product-description-\"><strong>Giyim i\u00e7in Ticaret Logosu \u00d6zel Bask\u0131l\u0131 Al\u0131\u015fveri\u015f Ka\u011f\u0131t Torbalar\u0131 \u00dcr\u00fcn A\u00e7\u0131klamas\u0131<\/strong><\/h2>\n<h2 id=\"-1-aesthetic-design-axially-symmetrical-geometric-shapes-and-mexican-totem-elements-\"><strong>1. Estetik tasar\u0131m: Eksenel simetrik geometrik \u015fekiller ve Meksika totem unsurlar\u0131<\/strong><\/h2>\n<ul>\n<li><strong>Simetrik estetik<\/strong>: Ka\u011f\u0131t torba, modern ambalaj tasar\u0131m\u0131ndaki \"simetri g\u00f6rsel rahatl\u0131k ve kalite \u00e7a\u011fr\u0131\u015f\u0131m\u0131 getirir\" temel konseptine uygun olarak, sol ve sa\u011f ayna dengesinin g\u00f6rsel dili arac\u0131l\u0131\u011f\u0131yla \u00fcst d\u00fczey doku ve d\u00fczen duygusunu ileten simetrik bir geometrik tasar\u0131ma sahiptir.<\/li>\n<li><strong>K\u00fclt\u00fcrel f\u00fczyon<\/strong>: Y\u00fczeyin ana g\u00f6rseli, Maya uygarl\u0131\u011f\u0131n\u0131n geometrik desenleri veya Aztek tarz\u0131 semboller gibi geleneksel Meksika totem unsurlar\u0131n\u0131 zengin etnik renklerle (\u00e7\u00f6mlek k\u0131rm\u0131z\u0131s\u0131 ve \u00e7ivit mavisi gibi) bir araya getirerek markan\u0131n k\u00fclt\u00fcrel kapsay\u0131c\u0131l\u0131\u011f\u0131n\u0131 vurgulamakla kalm\u0131yor, ayn\u0131 zamanda ka\u011f\u0131t torbaya benzersiz bir sanatsal tan\u0131n\u0131rl\u0131k kazand\u0131r\u0131yor.<\/li>\n<\/ul>\n<h2 id=\"-2-structural-optimization-bottom-load-bearing-reinforcement-and-flattening-adaptation-\"><strong>2. Yap\u0131sal optimizasyon: alt y\u00fck ta\u015f\u0131y\u0131c\u0131 takviye ve d\u00fczle\u015ftirme adaptasyonu<\/strong><\/h2>\n<ul>\n<li><strong>Alt g\u00fc\u00e7lendirme s\u00fcreci<\/strong>: Otomatik kilitli alt kutu yap\u0131s\u0131 tasar\u0131m\u0131 benimsenmi\u015ftir ve alt destek, hassas kal\u0131p kesme ve \u00e7ift katmanl\u0131 karton yap\u0131\u015ft\u0131rma i\u015flemi ile geli\u015ftirilmi\u015ftir. Mayo ve plaj havlusu gibi d\u00fcz \u00fcr\u00fcnlerin ta\u015f\u0131ma ihtiya\u00e7lar\u0131n\u0131 ta\u015f\u0131yabilir ve istifleme veya ekstr\u00fczyon nedeniyle deformasyonu \u00f6nleyebilir.<\/li>\n<li><strong>Uyarlanabilirlik y\u00fckseltmesi<\/strong>: \u00c7anta g\u00f6vdesinin oran\u0131 mekanik olarak hesaplanm\u0131\u015ft\u0131r ve i\u00e7 alan, ince ve hafif giysilerin katlanmas\u0131na ve depolanmas\u0131na esnek bir \u015fekilde uyarlanabilir. Ayn\u0131 zamanda, s\u00fcrt\u00fcnme kayb\u0131n\u0131 azaltmak i\u00e7in kenar tamponu ayr\u0131lm\u0131\u015ft\u0131r.<\/li>\n<\/ul>\n<h2 id=\"-3-material-selection-environmentally-friendly-high-weight-white-cardboard-and-thickened-ribbon-\"><strong>3. Malzeme se\u00e7imi: \u00e7evre dostu y\u00fcksek a\u011f\u0131rl\u0131kl\u0131 beyaz karton ve kal\u0131nla\u015ft\u0131r\u0131lm\u0131\u015f \u015ferit<\/strong><\/h2>\n<ul>\n<li><strong>\u00c7evre sertifikas\u0131<\/strong>: 280g\/m\u00b2 y\u00fcksek a\u011f\u0131rl\u0131kl\u0131 beyaz karton se\u00e7ilmi\u015ftir ve malzeme, hem sertlik hem de \u00e7evre koruma \u00f6zellikleri dikkate al\u0131narak hammaddelerin s\u00fcrd\u00fcr\u00fclebilir \u015fekilde y\u00f6netilen ormanlardan geldi\u011finden emin olmak i\u00e7in FSC orman sertifikal\u0131d\u0131r.<\/li>\n<li><strong>Y\u00fck ta\u015f\u0131ma kolu<\/strong>: \u00c7ift tutamaklar kal\u0131nla\u015ft\u0131r\u0131lm\u0131\u015f \u015feritten (geni\u015flik \u2265 20 mm) yap\u0131lm\u0131\u015ft\u0131r, i\u00e7ine gerilebilen bir fiber \u00e7ekirdek yerle\u015ftirilmi\u015ftir ve tek tarafl\u0131 y\u00fck 8 kg'a ula\u015fabilir, bu da elin rahatl\u0131\u011f\u0131n\u0131 ve dayan\u0131kl\u0131l\u0131\u011f\u0131n\u0131 sa\u011flar.<\/li>\n<\/ul>\n<h2 id=\"-4-customization-flexibility-and-process-combination-\"><strong>4. \u00d6zelle\u015ftirme esnekli\u011fi ve s\u00fcre\u00e7 kombinasyonu<\/strong><\/h2>\n<ul>\n<li><strong>Mod\u00fcler s\u00fcre\u00e7<\/strong>: S\u0131cak damgalama, kabartma ve UV yerel vernik gibi i\u015flemlerin mod\u00fcler kombinasyonunu destekler. \u00d6rne\u011fin, totem \u00e7izgileri \u00fc\u00e7 boyutlu etkiyi artt\u0131rmak i\u00e7in s\u0131cak damgalama kullan\u0131r ve marka logosu, a\u00e7ma ve kapama hissini artt\u0131rmak i\u00e7in manyetik bir s\u0131zd\u0131rmazl\u0131k tasar\u0131m\u0131 ile \u00fcst \u00fcste bindirilebilir.<\/li>\n<li><strong>D\u00fc\u015f\u00fck sipari\u015f miktar\u0131<\/strong>: Minimum sipari\u015f miktar\u0131 500 adettir ve k\u00fc\u00e7\u00fck ve orta \u00f6l\u00e7ekli markalar\u0131n hafif deneme sipari\u015fi ihtiya\u00e7lar\u0131n\u0131 kar\u015f\u0131lamak i\u00e7in ek kal\u0131p maliyetleri olmadan boyut, renk ve desenin derinlemesine \u00f6zelle\u015ftirilmesini destekler.<\/li>\n<\/ul>\n<h2 id=\"-5-production-guarantee-and-production-capacity-advantage-\"><strong>5. \u00dcretim garantisi ve \u00fcretim kapasitesi avantaj\u0131<\/strong><\/h2>\n<ul>\n<li><strong>Yeterlilik sertifikas\u0131<\/strong>: ISO 9001\/FSC sertifikal\u0131 fabrikan\u0131n 16 y\u0131ll\u0131k yeterlili\u011fine dayanarak, t\u00fcm s\u00fcre\u00e7 \u00fcr\u00fcn\u00fcn SGS g\u00fcvenlik testini ge\u00e7mesini sa\u011flamak i\u00e7in uluslararas\u0131 \u00e7evre koruma ve kalite y\u00f6netim sistemine uygundur.<\/li>\n<li><strong>Verimli teslimat<\/strong>: Fabrika g\u00fcnl\u00fck 1 milyon adet \u00fcretim kapasitesine sahiptir, 72 saatlik prova ve 15 g\u00fcnl\u00fck parti teslimat\u0131n\u0131 destekler ve yo\u011fun sezonda sipari\u015flerin yerine getirilme oran\u0131n\u0131 sa\u011flamak i\u00e7in ak\u0131ll\u0131 bir depolama sistemi ile donat\u0131lm\u0131\u015ft\u0131r.<\/li>\n<\/ul>\n<p id=\"-application-scenarios-suitable-for-clothing-stores-e-commerce-gift-packaging-brand-flash-events-and-other-scenarios-with-both-functionality-and-brand-communication-value-through-the-dual-innovation-of-vision-and-structure-it-helps-customers-establish-a-differentiated-image-in-the-competitive-market-\"><strong>Uygulama senaryolar\u0131<\/strong>: Hem i\u015flevsellik hem de marka ileti\u015fim de\u011feri ile giyim ma\u011fazalar\u0131, e-ticaret hediye paketleri, marka fla\u015f etkinlikleri ve di\u011fer senaryolar i\u00e7in uygundur. Vizyon ve yap\u0131n\u0131n ikili inovasyonu sayesinde, m\u00fc\u015fterilerin rekabet\u00e7i pazarda farkl\u0131la\u015ft\u0131r\u0131lm\u0131\u015f bir imaj olu\u015fturmas\u0131na yard\u0131mc\u0131 olur.<\/p>","protected":false},"excerpt":{"rendered":"<p>Bu ka\u011f\u0131t hediye \u00e7antas\u0131, g\u00f6rsel bir denge hissi veren merkezi eksende simetrik bir geometrik \u015fekle sahiptir. G\u00fc\u00e7l\u00fc y\u00fck ta\u015f\u0131y\u0131c\u0131 taban, \u00fcr\u00fcn\u00fcn nakliye s\u0131ras\u0131nda deforme olmas\u0131n\u0131 \u00f6nler. Mayo ve plaj havlusu gibi d\u00fcz \u00fcr\u00fcnler i\u00e7in kullan\u0131labilir.<\/p>","protected":false},"featured_media":1062,"template":"","meta":{"_kad_post_transparent":"default","_kad_post_title":"","_kad_post_layout":"default","_kad_post_sidebar_id":"","_kad_post_content_style":"default","_kad_post_vertical_padding":"default","_kad_post_feature":"","_kad_post_feature_position":"","_kad_post_header":false,"_kad_post_footer":false,"_kad_post_classname":""},"product_brand":[],"product_cat":[15,30,17],"product_tag":[407,409,408],"class_list":{"0":"post-1061","1":"product","2":"type-product","3":"status-publish","4":"has-post-thumbnail","6":"product_cat-red-light-therapy","7":"product_cat-dropshipping","8":"product_cat-services","9":"product_tag-custom-paper-bags-for-clothing","10":"product_tag-logo-custom-clothing-paper-bags","11":"product_tag-shopping-paper-bags","13":"first","14":"instock","15":"shipping-taxable","16":"product-type-simple","17":"entry","18":"content-bg","19":"loop-entry"},"_links":{"self":[{"href":"https:\/\/red-lighttherapy.com\/tr\/wp-json\/wp\/v2\/product\/1061","targetHints":{"allow":["GET"]}}],"collection":[{"href":"https:\/\/red-lighttherapy.com\/tr\/wp-json\/wp\/v2\/product"}],"about":[{"href":"https:\/\/red-lighttherapy.com\/tr\/wp-json\/wp\/v2\/types\/product"}],"wp:featuredmedia":[{"embeddable":true,"href":"https:\/\/red-lighttherapy.com\/tr\/wp-json\/wp\/v2\/media\/1062"}],"wp:attachment":[{"href":"https:\/\/red-lighttherapy.com\/tr\/wp-json\/wp\/v2\/media?parent=1061"}],"wp:term":[{"taxonomy":"product_brand","embeddable":true,"href":"https:\/\/red-lighttherapy.com\/tr\/wp-json\/wp\/v2\/product_brand?post=1061"},{"taxonomy":"product_cat","embeddable":true,"href":"https:\/\/red-lighttherapy.com\/tr\/wp-json\/wp\/v2\/product_cat?post=1061"},{"taxonomy":"product_tag","embeddable":true,"href":"https:\/\/red-lighttherapy.com\/tr\/wp-json\/wp\/v2\/product_tag?post=1061"}],"curies":[{"name":"wp","href":"https:\/\/api.w.org\/{rel}","templated":true}]}}