{"id":1059,"date":"2025-04-16T06:18:27","date_gmt":"2025-04-16T06:18:27","guid":{"rendered":"https:\/\/red-lighttherapy.com\/?post_type=product&#038;p=1059"},"modified":"2025-04-16T06:22:03","modified_gmt":"2025-04-16T06:22:03","slug":"elegant-lid-and-base-gift-box-smart-watch-packaging-solution","status":"publish","type":"product","link":"https:\/\/red-lighttherapy.com\/tr\/elegant-lid-and-base-gift-box-smart-watch-packaging-solution\/","title":{"rendered":"Zarif Kapak ve Taban Hediye Kutusu Ak\u0131ll\u0131 Saat Ambalaj \u00c7\u00f6z\u00fcm\u00fc"},"content":{"rendered":"<h2 id=\"-product-description-of-smart-watch-top-and-bottom-cover-gift-box-\"><strong>Ak\u0131ll\u0131 Saat \u00dcst ve Alt Kapak Hediye Kutusu \u00dcr\u00fcn A\u00e7\u0131klamas\u0131<\/strong><\/h2>\n<h2 id=\"1-classic-top-and-bottom-cover-structure-\">1.\u00a0<strong>Klasik \u00dcst ve Alt Kapak Yap\u0131s\u0131<\/strong><\/h2>\n<p>\u00dcst ve alt kapak yap\u0131s\u0131 hassas kal\u0131plarla olu\u015fturulmu\u015ftur. \u00dcst ve alt kutular alt\u0131n oranla yap\u0131lm\u0131\u015ft\u0131r. Birbirlerine s\u0131k\u0131ca otururlar ve manyetik s\u00f6n\u00fcmleme teknolojisi sayesinde a\u00e7ma ve kapama i\u015flemi sorunsuzdur. Kutu kapa\u011f\u0131 kapat\u0131ld\u0131\u011f\u0131nda \u00e7\u0131kan \"klik\" sesi net ve ho\u015ftur, kutuyu a\u00e7arken bir rit\u00fcel hissi verir; birden fazla kullan\u0131mdan sonra sabit ve kapal\u0131 kalmas\u0131n\u0131 sa\u011flamak i\u00e7in i\u00e7ine gizli bir mente\u015fe tasar\u0131m\u0131 eklenmi\u015ftir.<\/p>\n<h2 id=\"2-minimalist-square-profile-\">2.\u00a0<strong>Minimalist Kare Profil<\/strong><\/h2>\n<p>130mm\u00d7130mm\u00d760mm'lik standart kare \u015fekline dayanan kenarlar, yaln\u0131zca kenarlar\u0131n ve k\u00f6\u015felerin sertli\u011fini \u00f6nlemekle kalmay\u0131p ayn\u0131 zamanda modern minimalist esteti\u011fe de uyan bir mikro ark e\u011fim i\u015flemi ile pahlan\u0131r. Kutu g\u00f6vdesi d\u00fcz ve d\u00fczg\u00fcn hatlara sahiptir, istiflendi\u011finde 50% depolama alan\u0131ndan tasarruf sa\u011flar ve lojistik standartla\u015ft\u0131r\u0131lm\u0131\u015f palet ta\u015f\u0131ma ihtiya\u00e7lar\u0131 i\u00e7in uygundur.<\/p>\n<h2 id=\"3-matte-gold-decoration-and-pure-background-\">3.\u00a0<strong>Mat alt\u0131n s\u00fcsleme ve saf arka plan<\/strong><\/h2>\n<p>Kutu g\u00f6vdesi FSC sertifikal\u0131 \u00e7evre dostu beyaz kartondan yap\u0131lm\u0131\u015ft\u0131r ve y\u00fczey hassas sedefli bir kaplama ile kaplanm\u0131\u015ft\u0131r. Ana renk, markan\u0131n teknoloji ve safl\u0131k genini simgeleyen RAL 9016 saf beyazd\u0131r. Kutu kapa\u011f\u0131n\u0131n kenar\u0131 0,5 mm geni\u015fli\u011finde mat alt\u0131n ala\u015f\u0131ml\u0131 bir s\u00fcslemeyle kaplanm\u0131\u015ft\u0131r ve nano termal transfer teknolojisi, g\u00f6rsel seviyeyi d\u00fc\u015f\u00fck anahtarla geli\u015ftiren kesintisiz kenar elde etmek i\u00e7in kullan\u0131l\u0131r.<\/p>\n<h2 id=\"4-geometric-artistic-expression-\">4.\u00a0<strong>Geometrik sanatsal ifade<\/strong><\/h2>\n<p>Kutu y\u00fczeyi a\u00e7\u0131k griden beyaza degrade alt\u0131gen bal pete\u011fi dokusuna dayanmaktad\u0131r ve \u00fc\u00e7 boyutlu \u0131\u015f\u0131k ve g\u00f6lge baz\u0131 k\u0131s\u0131mlarda s\u0131cak damgalama a\u00e7\u0131k alt\u0131n \u00e7izgilerle \u00f6zetlenmi\u015ftir. Desen do\u011frulu\u011fu 300 dpi'a ula\u015farak \"gizleme ama saklamama\" tasar\u0131m felsefesini ger\u00e7ekle\u015ftirir. Astar iste\u011fe ba\u011fl\u0131 olarak 3 mm kal\u0131nl\u0131\u011f\u0131nda EVA s\u00fcnger veya flok malzemesi ile donat\u0131labilir ve saatin ana hatlar\u0131 hem koruma hem de g\u00f6r\u00fcnt\u00fcleme i\u015flevleri dikkate al\u0131narak lazer kaz\u0131ma ile olu\u015fturulur.<\/p>\n<h2 id=\"5-modular-customization-system-\">5.\u00a0<strong>Mod\u00fcler \u00f6zelle\u015ftirme sistemi<\/strong><\/h2>\n<ul>\n<li><strong>Esnek boyut adaptasyonu<\/strong>: \u00d6zelle\u015ftirmeyi destekler, kare, silindirik ve di\u011fer \u00f6zel \u015fekilli saatlerle e\u015fle\u015febilir.<\/li>\n<li><strong>Yap\u0131sal yenilik<\/strong>: Ambalaj\u0131n dijital etkile\u015fimini ger\u00e7ekle\u015ftirmek i\u00e7in dahili NFC \u00e7ipi ile manyetik \u00e7evirmeli kapak, \u00e7ekmece tarz\u0131 katmanlama ve y\u00fczer ekran stand\u0131 gibi de\u011fi\u015fken yap\u0131lar sa\u011flar.<\/li>\n<li><strong>Bask\u0131 s\u00fcreci<\/strong>: \u0130ste\u011fe ba\u011fl\u0131 yerel UV, kabartma, so\u011fuk damgalama renkli folyo ve di\u011fer i\u015flemler, Pantone spot renk e\u015fle\u015ftirme ve AR katman\u0131 implantasyonunu destekler.<\/li>\n<li><strong>\u00c7evresel iyile\u015ftirme<\/strong>: Karbon ayak izi izlenebilirli\u011fi QR kodu ile kahve telvesi geri d\u00f6n\u00fc\u015ft\u00fcr\u00fclm\u00fc\u015f deri ve deniz plasti\u011fi geri d\u00f6n\u00fc\u015ft\u00fcr\u00fclm\u00fc\u015f malzemeler gibi \u00e7evreci se\u00e7enekler sunar.<\/li>\n<\/ul>","protected":false},"excerpt":{"rendered":"<p>\u00dcst d\u00fczey hediye kutular\u0131n\u0131n t\u00f6rensel duygusunu g\u00f6steren, s\u0131k\u0131ca tokalanan ve sorunsuz bir \u015fekilde a\u00e7\u0131l\u0131p kapanan klasik \u00fcst ve alt kutu yap\u0131s\u0131n\u0131 benimser. L\u00fcks \u00fcr\u00fcnler, g\u00fczellik \u00fcr\u00fcnleri ve m\u00fccevher gibi y\u00fcksek de\u011ferli kategorilerin paketlenmesi i\u00e7in uygundur.<\/p>","protected":false},"featured_media":1054,"template":"","meta":{"_kad_post_transparent":"default","_kad_post_title":"","_kad_post_layout":"default","_kad_post_sidebar_id":"","_kad_post_content_style":"default","_kad_post_vertical_padding":"default","_kad_post_feature":"","_kad_post_feature_position":"","_kad_post_header":false,"_kad_post_footer":false,"_kad_post_classname":""},"product_brand":[],"product_cat":[15,19,17],"product_tag":[406,404,405],"class_list":{"0":"post-1059","1":"product","2":"type-product","3":"status-publish","4":"has-post-thumbnail","6":"product_cat-red-light-therapy","7":"product_cat-red-light-therapy-stand","8":"product_cat-services","9":"product_tag-elegant-smart-watch-packaging-box","10":"product_tag-lid-and-base-smart-watch-box","11":"product_tag-smart-watch-packaging-solution","13":"first","14":"instock","15":"shipping-taxable","16":"product-type-simple","17":"entry","18":"content-bg","19":"loop-entry"},"_links":{"self":[{"href":"https:\/\/red-lighttherapy.com\/tr\/wp-json\/wp\/v2\/product\/1059","targetHints":{"allow":["GET"]}}],"collection":[{"href":"https:\/\/red-lighttherapy.com\/tr\/wp-json\/wp\/v2\/product"}],"about":[{"href":"https:\/\/red-lighttherapy.com\/tr\/wp-json\/wp\/v2\/types\/product"}],"wp:featuredmedia":[{"embeddable":true,"href":"https:\/\/red-lighttherapy.com\/tr\/wp-json\/wp\/v2\/media\/1054"}],"wp:attachment":[{"href":"https:\/\/red-lighttherapy.com\/tr\/wp-json\/wp\/v2\/media?parent=1059"}],"wp:term":[{"taxonomy":"product_brand","embeddable":true,"href":"https:\/\/red-lighttherapy.com\/tr\/wp-json\/wp\/v2\/product_brand?post=1059"},{"taxonomy":"product_cat","embeddable":true,"href":"https:\/\/red-lighttherapy.com\/tr\/wp-json\/wp\/v2\/product_cat?post=1059"},{"taxonomy":"product_tag","embeddable":true,"href":"https:\/\/red-lighttherapy.com\/tr\/wp-json\/wp\/v2\/product_tag?post=1059"}],"curies":[{"name":"wp","href":"https:\/\/api.w.org\/{rel}","templated":true}]}}