{"id":1047,"date":"2025-04-16T05:49:00","date_gmt":"2025-04-16T05:49:00","guid":{"rendered":"https:\/\/red-lighttherapy.com\/?post_type=product&#038;p=1047"},"modified":"2025-04-16T06:20:53","modified_gmt":"2025-04-16T06:20:53","slug":"holographic-paper-lid-and-base-software-accessories-boxes","status":"publish","type":"product","link":"https:\/\/red-lighttherapy.com\/tr\/holographic-paper-lid-and-base-software-accessories-boxes\/","title":{"rendered":"Zarif Kapak ve Taban Hediye Kutusu Ak\u0131ll\u0131 Saat Ambalaj \u00c7\u00f6z\u00fcm\u00fc"},"content":{"rendered":"<h2 id=\"-holographic-paper-lid-and-base-software-accessories-boxes-\"><strong>Holografik Ka\u011f\u0131t Kapak ve Taban Yaz\u0131l\u0131m Aksesuar Kutular\u0131<\/strong><\/h2>\n<h2 id=\"-1-standard-lid-and-lid-structure-precise-opening-and-closing-experience-\"><strong>1. Standart kapak ve kapak yap\u0131s\u0131, hassas a\u00e7ma ve kapama deneyimi<\/strong><\/h2>\n<ul>\n<li>Kutu g\u00f6vdesi ve kapa\u011f\u0131, milimetre d\u00fczeyinde tolerans e\u015fle\u015fmesi elde etmek i\u00e7in y\u00fcksek hassasiyetli kal\u0131plarla olu\u015fturulur ve sorunsuz a\u00e7ma ve kapama sa\u011flar.<\/li>\n<li>Astar, EVA veya flanel yast\u0131klama katman\u0131 ile \u00f6zelle\u015ftirilebilir, farkl\u0131 boyutlardaki aksesuarlar i\u00e7in uygundur ve \u00e7ok y\u00f6nl\u00fc koruma sa\u011flar.<\/li>\n<\/ul>\n<h2 id=\"-2-right-angle-folding-process-three-dimensional-load-bearing-design-\"><strong>2. Dik a\u00e7\u0131l\u0131 katlama i\u015flemi, \u00fc\u00e7 boyutlu y\u00fck ta\u015f\u0131y\u0131c\u0131 tasar\u0131m<\/strong><\/h2>\n<ul>\n<li>90\u00b0 dik a\u00e7\u0131l\u0131 katlama i\u015flemi, kutu \u015feklinin d\u00fcz olmas\u0131n\u0131 ve deforme olmamas\u0131n\u0131 sa\u011flamak i\u00e7in kutu yap\u0131s\u0131n\u0131 g\u00fc\u00e7lendirir, 3 kg'dan fazla y\u00fck ta\u015f\u0131ma kapasitesi ile m\u00fccevher ve hassas elektronik bile\u015fenler gibi a\u011f\u0131r \u00fcr\u00fcnler i\u00e7in uygundur.<\/li>\n<li>\u0130\u00e7 ve d\u0131\u015f \u00e7ift tarafl\u0131 laminasyon i\u015flemi, ka\u011f\u0131d\u0131n a\u015f\u0131nma direncini ve bas\u0131n\u00e7 direncini art\u0131r\u0131r ve ambalaj\u0131n hizmet \u00f6mr\u00fcn\u00fc uzat\u0131r.<\/li>\n<\/ul>\n<h2 id=\"-3-183g-holographic-iridescent-paper-dynamic-visual-hierarchy-\"><strong>3. 183g holografik yanard\u00f6ner ka\u011f\u0131t, dinamik g\u00f6rsel hiyerar\u015fi<\/strong><\/h2>\n<ul>\n<li>\u00d6zel holografik ka\u011f\u0131t, \u00e7ok a\u00e7\u0131l\u0131 yanard\u00f6ner gradyan efekti elde etmek i\u00e7in nano d\u00fczeyde lazer katman teknolojisini kullan\u0131r, \u0131\u015f\u0131k k\u0131r\u0131lmas\u0131 alt\u0131nda ak\u0131c\u0131 bir metalik parlakl\u0131k sunar ve ek dekorasyon olmadan l\u00fcks hissi verebilir.<\/li>\n<li>Ka\u011f\u0131t y\u00fczeyi, hem mat dokusu hem de y\u00fcksek yans\u0131t\u0131c\u0131 \u00f6zellikleri ile hassas bir dokunu\u015fa sahiptir ve marka LOGO s\u0131cak damgalama ve UV kabartma gibi \u00f6zelle\u015ftirilmi\u015f i\u015flemler i\u00e7in uygundur.<\/li>\n<\/ul>\n<h2 id=\"-4-minimalist-design-focusing-on-material-aesthetics-\"><strong>4. Minimalist tasar\u0131m, malzeme esteti\u011fine odaklanma<\/strong><\/h2>\n<ul>\n<li>Metal tokalar ve kurdeleler gibi gereksiz s\u00fcslemelerden vazge\u00e7en ka\u011f\u0131d\u0131n yanard\u00f6ner \u0131\u015f\u0131k efekti ve kutu \u015feklindeki yap\u0131s\u0131, modern t\u00fcketicilerin sadelik ve \u00fcst d\u00fczey estetik ihtiya\u00e7lar\u0131n\u0131 kar\u015f\u0131layan bir l\u00fcks hissi veriyor.<\/li>\n<li>Mat siyah, fantezi g\u00fcm\u00fc\u015f ve y\u0131ld\u0131zl\u0131 mavi gibi holografik tema renkleri, farkl\u0131 markalar\u0131n tonlamas\u0131n\u0131 kar\u015f\u0131lamak i\u00e7in iste\u011fe ba\u011fl\u0131d\u0131r.<\/li>\n<\/ul>\n<h2 id=\"-5-strengthen-the-sense-of-unboxing-ceremony-and-adapt-to-high-value-scenarios-\"><strong>5. Kutudan \u00e7\u0131karma t\u00f6reni duygusunu g\u00fc\u00e7lendirin ve y\u00fcksek de\u011ferli senaryolara uyum sa\u011flay\u0131n<\/strong><\/h2>\n<ul>\n<li>\u00d6zellikle l\u00fcks mallar ve teknoloji \u00fcr\u00fcnleri (ak\u0131ll\u0131 giyilebilir cihazlar, yaz\u0131l\u0131m dongle'lar\u0131, \u00fcst d\u00fczey kulakl\u0131klar vb.) i\u00e7in tasarlanan bu \u00fcr\u00fcn, dinamik yanard\u00f6nerlik efektleri ve hassas a\u00e7ma ve kapama deneyimi sayesinde kullan\u0131c\u0131lar\u0131n \u00fcr\u00fcn kalitesine ili\u015fkin ilk izlenimini geli\u015ftirir.<\/li>\n<li>S\u0131n\u0131rl\u0131 say\u0131da \u00fcretilen \u00fcr\u00fcnler, \u00fcye hediye kutular\u0131 ve marka haf\u0131za noktalar\u0131n\u0131 g\u00fc\u00e7lendirmesi gereken di\u011fer senaryolar i\u00e7in uygundur.<\/li>\n<\/ul>\n<h2 id=\"-6-technical-parameters-\"><strong>6. Teknik parametreler<\/strong><\/h2>\n<ul>\n<li><strong>Malzeme<\/strong>: 183g holografik yanard\u00f6ner ka\u011f\u0131t + 1.5mm gri karton astar<\/li>\n<li><strong>S\u00fcre\u00e7<\/strong>: dik a\u00e7\u0131l\u0131 katlama, laminasyon, s\u0131cak damgalama\/UV bask\u0131 (iste\u011fe ba\u011fl\u0131)<\/li>\n<li><strong>Yap\u0131<\/strong>: standart \u00fcst ve alt kapak (\u00f6zelle\u015ftirilebilir kapakl\u0131 kapak, manyetik kapatma ve di\u011fer varyantlar)<\/li>\n<li><strong>Y\u00fck ta\u015f\u0131ma<\/strong>: statik y\u00fck ta\u015f\u0131ma \u22653kg, ISTA 1A testi ile dinamik d\u00fc\u015fme \u00f6nleme<\/li>\n<li><strong>\u00c7evre koruma<\/strong>: FSC sertifikas\u0131na uygun 100% geri d\u00f6n\u00fc\u015ft\u00fcr\u00fclebilir ka\u011f\u0131t malzeme<\/li>\n<\/ul>\n<h2 id=\"-7-applicable-scenarios-\"><strong>7. Uygulanabilir senaryolar<\/strong><\/h2>\n<ul>\n<li><strong>Teknoloji alan\u0131<\/strong>: yaz\u0131l\u0131m dongle'\u0131, USB flash s\u00fcr\u00fcc\u00fc, ak\u0131ll\u0131 saat kay\u0131\u015f\u0131, kulakl\u0131k aksesuarlar\u0131 vb.<\/li>\n<li><strong>L\u00fcks \u00fcr\u00fcnler<\/strong>: m\u00fccevherler, saatler, s\u0131n\u0131rl\u0131 say\u0131da \u00fcretilen hediye kutular\u0131<\/li>\n<li><strong>T\u00fcketici elektroni\u011fi<\/strong>: cep telefonu aksesuarlar\u0131, VR cihaz bile\u015fenleri, oyun \u00e7evre birimleri<\/li>\n<li><strong>Marka \u00f6zelle\u015ftirme<\/strong>: \u00fcyelere \u00f6zel ambalajlar, etkinlik hat\u0131ras\u0131 hediye kutular\u0131<\/li>\n<\/ul>\n<h2 id=\"-8-customized-service-\"><strong>8. \u00d6zelle\u015ftirilmi\u015f hizmet<\/strong><\/h2>\n<ul>\n<li>Boyut, kal\u0131nl\u0131k, astar malzemesi ve y\u00fczey i\u015flemenin (s\u0131cak damgalama\/kabartma\/k\u0131smi UV) esnek bir \u015fekilde \u00f6zelle\u015ftirilmesini destekler.<\/li>\n<li>K\u00fc\u00e7\u00fck parti sipari\u015fleri (MOQ 500 adet) ve 7-14 g\u00fcnl\u00fck bir teslimat s\u00fcresi sa\u011flar.<\/li>\n<\/ul>","protected":false},"excerpt":{"rendered":"<p>Bu \u00fcr\u00fcn \u00fcst d\u00fczey yaz\u0131l\u0131m aksesuarlar\u0131, elektronik \u00fcr\u00fcnler ve l\u00fcks mallar i\u00e7in tasarlanm\u0131\u015ft\u0131r. Hem i\u015flevsel hem de estetik de\u011feri olan bir ambalaj \u00e7\u00f6z\u00fcm\u00fc olu\u015fturmak i\u00e7in standart \u00fcst ve alt kapak yap\u0131s\u0131 ve dik a\u00e7\u0131l\u0131 katlama teknolojisi ile birlikte yenilik\u00e7i 183g holografik yanard\u00f6ner ka\u011f\u0131t kullan\u0131r. Kutu g\u00f6vdesi ve kapak tam olarak oturur ve a\u00e7\u0131lma ve kapanma herhangi bir s\u0131k\u0131\u015fma olmadan sorunsuzdur. Minimalist tasar\u0131m \u00fcst d\u00fczey bir doku sunar, y\u00fcksek katma de\u011ferli \u00fcr\u00fcnlerin ambalajlama ihtiya\u00e7lar\u0131na uyum sa\u011flar ve kullan\u0131c\u0131lar i\u00e7in s\u00fcr\u00fckleyici bir kutu a\u00e7ma deneyimi yarat\u0131r.<\/p>","protected":false},"featured_media":1052,"template":"","meta":{"_kad_post_transparent":"default","_kad_post_title":"","_kad_post_layout":"default","_kad_post_sidebar_id":"","_kad_post_content_style":"default","_kad_post_vertical_padding":"default","_kad_post_feature":"","_kad_post_feature_position":"","_kad_post_header":false,"_kad_post_footer":false,"_kad_post_classname":""},"product_brand":[],"product_cat":[15,19,17],"product_tag":[406,404,405],"class_list":{"0":"post-1047","1":"product","2":"type-product","3":"status-publish","4":"has-post-thumbnail","6":"product_cat-red-light-therapy","7":"product_cat-red-light-therapy-stand","8":"product_cat-services","9":"product_tag-elegant-smart-watch-packaging-box","10":"product_tag-lid-and-base-smart-watch-box","11":"product_tag-smart-watch-packaging-solution","13":"first","14":"instock","15":"shipping-taxable","16":"product-type-simple","17":"entry","18":"content-bg","19":"loop-entry"},"_links":{"self":[{"href":"https:\/\/red-lighttherapy.com\/tr\/wp-json\/wp\/v2\/product\/1047","targetHints":{"allow":["GET"]}}],"collection":[{"href":"https:\/\/red-lighttherapy.com\/tr\/wp-json\/wp\/v2\/product"}],"about":[{"href":"https:\/\/red-lighttherapy.com\/tr\/wp-json\/wp\/v2\/types\/product"}],"wp:featuredmedia":[{"embeddable":true,"href":"https:\/\/red-lighttherapy.com\/tr\/wp-json\/wp\/v2\/media\/1052"}],"wp:attachment":[{"href":"https:\/\/red-lighttherapy.com\/tr\/wp-json\/wp\/v2\/media?parent=1047"}],"wp:term":[{"taxonomy":"product_brand","embeddable":true,"href":"https:\/\/red-lighttherapy.com\/tr\/wp-json\/wp\/v2\/product_brand?post=1047"},{"taxonomy":"product_cat","embeddable":true,"href":"https:\/\/red-lighttherapy.com\/tr\/wp-json\/wp\/v2\/product_cat?post=1047"},{"taxonomy":"product_tag","embeddable":true,"href":"https:\/\/red-lighttherapy.com\/tr\/wp-json\/wp\/v2\/product_tag?post=1047"}],"curies":[{"name":"wp","href":"https:\/\/api.w.org\/{rel}","templated":true}]}}