{"id":1041,"date":"2025-04-16T05:34:12","date_gmt":"2025-04-16T05:34:12","guid":{"rendered":"https:\/\/red-lighttherapy.com\/?post_type=product&#038;p=1041"},"modified":"2025-04-16T05:48:50","modified_gmt":"2025-04-16T05:48:50","slug":"collapsible-magnetic-gifts-box-for-christmas-promotional","status":"publish","type":"product","link":"https:\/\/red-lighttherapy.com\/tr\/collapsible-magnetic-gifts-box-for-christmas-promotional\/","title":{"rendered":"Noel Promosyonu i\u00e7in Katlanabilir Manyetik Hediye Kutusu"},"content":{"rendered":"<h2 id=\"1-geometric-aesthetics-and-functional-innovation-\">1.\u00a0<strong>Geometrik estetik ve i\u015flevsel yenilik<\/strong><\/h2>\n<ul>\n<li><strong>Polihedron yenilik\u00e7i yap\u0131<\/strong>: 12 kenarl\u0131 kat\u0131 geometrik tasar\u0131m\u0131 benimseyen, geleneksel kare \/ dairesel kutu tipinin s\u0131n\u0131rlamalar\u0131n\u0131 k\u0131ran a\u00e7\u0131sal katlama y\u00fczeyi, g\u00f6rsel bir katmanlama ve heykelsi estetik etki olu\u015fturur. G\u00f6m\u00fcl\u00fc mekanik optimizasyon destek yap\u0131s\u0131, katland\u0131ktan sonra sertli\u011fin korunabilmesini sa\u011flar ve bas\u0131n\u00e7 dayan\u0131m\u0131 35% art\u0131r\u0131l\u0131r.<\/li>\n<li><strong>Dinamik katlama sistemi<\/strong>: Kutu g\u00f6vdesi 360\u00b0 serbest katlamay\u0131 destekler ve katlama hatt\u0131n\u0131n a\u00e7\u0131s\u0131 ve derinli\u011fi kal\u0131p kesme k\u0131rma teknolojisi ile do\u011fru bir \u015fekilde kontrol edilir. Katland\u0131ktan sonra hacim, katlanmam\u0131\u015f halinin 1\/6's\u0131na d\u00fc\u015f\u00fcr\u00fcl\u00fcr ve depolama alan\u0131 doluluk oran\u0131 58% azalt\u0131l\u0131r.<\/li>\n<\/ul>\n<h2 id=\"2-environmental-protection-and-sustainability-\">2.\u00a0<strong>\u00c7evrenin korunmas\u0131 ve s\u00fcrd\u00fcr\u00fclebilirlik<\/strong><\/h2>\n<ul>\n<li><strong>FSC sertifikal\u0131 malzemeler<\/strong>: 100% FSC sertifikal\u0131 1,5 mm kal\u0131nla\u015ft\u0131r\u0131lm\u0131\u015f gri karton ka\u011f\u0131t se\u00e7ilir ve y\u00fczey, AB plastik vergi muafiyeti standartlar\u0131n\u0131 kar\u015f\u0131layan, kayna\u011f\u0131 izlenebilir bir orman y\u00f6netim raporu sa\u011flayan mat \u00e7evre dostu su bazl\u0131 kaplama ile kaplan\u0131r.<\/li>\n<li><strong>D\u00f6ng\u00fcsel ekonomi tasar\u0131m\u0131<\/strong>: En az 20 kez tahribats\u0131z katlama ve montaj\u0131 destekler ve geleneksel hediye kutular\u0131ndan 42% daha d\u00fc\u015f\u00fck karbon ayak izi ile hurdaya ayr\u0131ld\u0131ktan sonra 100% geri d\u00f6n\u00fc\u015ft\u00fcr\u00fclebilir veya end\u00fcstriyel olarak kompostlanabilir.<\/li>\n<\/ul>\n<h2 id=\"3-intelligent-interactive-experience-\">3.\u00a0<strong>Ak\u0131ll\u0131 interaktif deneyim<\/strong><\/h2>\n<ul>\n<li><strong>Manyetik h\u0131zl\u0131 toka sistemi<\/strong>: Y\u00fcksek hassasiyetli NdFeB m\u0131knat\u0131slar, saniyeler i\u00e7inde \"tek dokunu\u015fla\" a\u00e7ma ve kapama elde etmek i\u00e7in kutu g\u00f6vdesinin kilit ba\u011flant\u0131lar\u0131na yerle\u015ftirilmi\u015ftir ve \u00e7al\u0131\u015fma verimlili\u011fi geleneksel dil yap\u0131s\u0131ndan 3 kat daha y\u00fcksektir.<\/li>\n<li><strong>Marka bilinirli\u011finin art\u0131r\u0131lmas\u0131<\/strong>: Tek bir turuncu renk tasar\u0131m\u0131n\u0131 benimseyen, minimalist bir s\u0131cak g\u00fcm\u00fc\u015f i\u015flem LOGO'su ile renk fark\u0131 kontrol\u00fc \u0394E\u22641.5, perakende ekran tan\u0131n\u0131rl\u0131\u011f\u0131 70% art\u0131r\u0131ld\u0131.<\/li>\n<\/ul>\n<h2 id=\"4-application-scenarios-and-value-\">4.<strong>Uygulama senaryolar\u0131 ve de\u011fer<\/strong><\/h2>\n<ul>\n<li><strong>Marka pazarlamas\u0131<\/strong>: Turuncu renk tasar\u0131m\u0131 ve polihedron yap\u0131s\u0131 raf te\u015fhirinde g\u00f6rsel bir odak olu\u015fturur ve \u00f6zelle\u015ftirilmi\u015f s\u0131cak damgalama marka haf\u0131zas\u0131n\u0131n derinli\u011fini art\u0131r\u0131r.<\/li>\n<li><strong>Lojistik optimizasyonu<\/strong>: Katland\u0131ktan sonra, tek kutu y\u00fckleme kapasitesi 120 par\u00e7aya ula\u015f\u0131r ve nakliye maliyeti geleneksel hediye kutular\u0131na k\u0131yasla 52% azal\u0131r.<\/li>\n<li><strong>Kullan\u0131c\u0131 etkile\u015fimi<\/strong>: DIY ikincil montaj\u0131 destekleyin (Noel a\u011fac\u0131 s\u00fcsleri, masa\u00fcst\u00fc depolama gibi), ambalaj ya\u015fam d\u00f6ng\u00fcs\u00fcn\u00fc uzat\u0131n ve kullan\u0131c\u0131 yap\u0131\u015fkanl\u0131\u011f\u0131n\u0131 art\u0131r\u0131n.<\/li>\n<\/ul>\n<h2 id=\"5-service-support-\">5.\u00a0<strong>Servis deste\u011fi<\/strong><\/h2>\n<ul>\n<li><strong>\u00d6zelle\u015ftirilmi\u015f \u00e7\u00f6z\u00fcm<\/strong>: Boyut, m\u0131knat\u0131s d\u00fczeni, bask\u0131 i\u015flemi (ofset bask\u0131 \/ UV \/ s\u0131cak damgalama), minimum sipari\u015f miktar\u0131 500 adet, 7-15 g\u00fcn teslimat i\u00e7in derin \u00f6zelle\u015ftirme sa\u011flay\u0131n.<\/li>\n<li><strong>\u00c7evre sertifikasyon deste\u011fi<\/strong>: ESG a\u00e7\u0131klama gerekliliklerini kar\u015f\u0131lamak i\u00e7in FSC faturas\u0131n\u0131 ve karbon ayak izi raporunu destekleyin.<\/li>\n<\/ul>","protected":false},"excerpt":{"rendered":"<p>Bu ambalaj kutusu geleneksel hediye kutusu format\u0131n\u0131 bozar, g\u00f6rsel katmanlamay\u0131 ve \u00fc\u00e7 boyutlu hissi geli\u015ftirir ve \u00fcst d\u00fczey \u00fcr\u00fcn paketleme ihtiya\u00e7lar\u0131 i\u00e7in uygundur. Kutu g\u00f6vdesi esnek bir \u015fekilde katlanabilir, depolama hacmini b\u00fcy\u00fck \u00f6l\u00e7\u00fcde azalt\u0131r, depolama ve nakliye maliyetlerini d\u00fc\u015f\u00fcr\u00fcr ve kullan\u0131c\u0131lar\u0131n tekrar tekrar monte etmesi ve kullanmas\u0131 i\u00e7in uygundur.<\/p>","protected":false},"featured_media":1042,"template":"","meta":{"_kad_post_transparent":"default","_kad_post_title":"","_kad_post_layout":"default","_kad_post_sidebar_id":"","_kad_post_content_style":"default","_kad_post_vertical_padding":"default","_kad_post_feature":"","_kad_post_feature_position":"","_kad_post_header":false,"_kad_post_footer":false,"_kad_post_classname":""},"product_brand":[],"product_cat":[15,22,17],"product_tag":[398,399,400],"class_list":{"0":"post-1041","1":"product","2":"type-product","3":"status-publish","4":"has-post-thumbnail","6":"product_cat-red-light-therapy","7":"product_cat-red-light-therapy-blanket","8":"product_cat-services","9":"product_tag-christmas-collapsible-gifts-box","10":"product_tag-magnetic-gifts-box","11":"product_tag-promotional-gifts-box","13":"first","14":"instock","15":"shipping-taxable","16":"product-type-simple","17":"entry","18":"content-bg","19":"loop-entry"},"_links":{"self":[{"href":"https:\/\/red-lighttherapy.com\/tr\/wp-json\/wp\/v2\/product\/1041","targetHints":{"allow":["GET"]}}],"collection":[{"href":"https:\/\/red-lighttherapy.com\/tr\/wp-json\/wp\/v2\/product"}],"about":[{"href":"https:\/\/red-lighttherapy.com\/tr\/wp-json\/wp\/v2\/types\/product"}],"wp:featuredmedia":[{"embeddable":true,"href":"https:\/\/red-lighttherapy.com\/tr\/wp-json\/wp\/v2\/media\/1042"}],"wp:attachment":[{"href":"https:\/\/red-lighttherapy.com\/tr\/wp-json\/wp\/v2\/media?parent=1041"}],"wp:term":[{"taxonomy":"product_brand","embeddable":true,"href":"https:\/\/red-lighttherapy.com\/tr\/wp-json\/wp\/v2\/product_brand?post=1041"},{"taxonomy":"product_cat","embeddable":true,"href":"https:\/\/red-lighttherapy.com\/tr\/wp-json\/wp\/v2\/product_cat?post=1041"},{"taxonomy":"product_tag","embeddable":true,"href":"https:\/\/red-lighttherapy.com\/tr\/wp-json\/wp\/v2\/product_tag?post=1041"}],"curies":[{"name":"wp","href":"https:\/\/api.w.org\/{rel}","templated":true}]}}