{"id":1035,"date":"2025-04-16T05:14:08","date_gmt":"2025-04-16T05:14:08","guid":{"rendered":"https:\/\/red-lighttherapy.com\/?post_type=product&#038;p=1035"},"modified":"2025-04-16T05:34:02","modified_gmt":"2025-04-16T05:34:02","slug":"china-fabrication-magnetic-collapsible-gift-box-with-ribbon","status":"publish","type":"product","link":"https:\/\/red-lighttherapy.com\/tr\/china-fabrication-magnetic-collapsible-gift-box-with-ribbon\/","title":{"rendered":"\u00c7in Kurdele ile \u0130malat Manyetik Katlanabilir Hediye Kutusu"},"content":{"rendered":"<h2 id=\"-product-description-of-magnetic-folding-gift-box-made-in-china-with-ribbon-\"><strong>\u00c7in Mal\u0131 Manyetik Katlan\u0131r Hediye Kutusu \u00dcr\u00fcn A\u00e7\u0131klamas\u0131 (Kurdeleli)<\/strong><\/h2>\n<h2 id=\"-i-product-structure-and-functional-design-\"><strong>1. \u00dcr\u00fcn Yap\u0131s\u0131 ve Fonksiyonel Tasar\u0131m<\/strong><\/h2>\n<ol>\n<li><strong>Manyetik Kutu Tipi ve Alan Optimizasyonu<\/strong>\u00a0Hediye kutusu keskin bir geometrik yap\u0131 tasar\u0131m\u0131na sahiptir. Hassas katlama teknolojisi sayesinde i\u00e7 alan en \u00fcst d\u00fczeye \u00e7\u0131kar\u0131l\u0131r ve m\u00fccevher, el sanatlar\u0131 ve kozmetik gibi \u00e7e\u015fitli \u00fcr\u00fcnler istikrarl\u0131 bir \u015fekilde saklanabilir. Kutu g\u00f6vdesi, g\u00fc\u00e7l\u00fc bas\u0131n\u00e7 direnci, 2 kg'dan fazla y\u00fck ta\u015f\u0131ma kapasitesi ile y\u00fcksek mukavemetli gri tahta ve oluklu mukavva ara katman\u0131 birle\u015ftirir ve uzun s\u00fcreli kullan\u0131mdan sonra deforme olmas\u0131 kolay de\u011fildir, i\u00e7eri\u011fin sa\u011flam bir \u015fekilde yerle\u015ftirilmesini sa\u011flar.<\/li>\n<li><strong>Manyetik Kapatma Sistemi<\/strong>\u00a0Yerle\u015fik y\u00fcksek hassasiyetli manyetik yap\u0131, kapat\u0131ld\u0131\u011f\u0131nda s\u0131k\u0131ca adsorbe edilir, p\u00fcr\u00fczs\u00fcz ve sessiz a\u00e7ma ve kapama i\u015flemi, sadece kullan\u0131m rahatl\u0131\u011f\u0131n\u0131 art\u0131rmakla kalmaz, ayn\u0131 zamanda kutuyu a\u00e7arken rit\u00fcel hissi verir. Manyetik noktalar\u0131n yerle\u015fimi, tekrarlanan kullan\u0131mdan sonra hala istikrarl\u0131 performans\u0131n\u0131 s\u00fcrd\u00fcrmesini sa\u011flamak i\u00e7in mekanik olarak hesaplanm\u0131\u015ft\u0131r.<\/li>\n<\/ol>\n<h2 id=\"-second-materials-and-environmental-protection-characteristics-\"><strong>2. Malzemeler ve \u00e7evre koruma \u00f6zellikleri<\/strong><\/h2>\n<ol>\n<li><strong>Y\u00fcksek kaliteli \u00e7evre koruma malzemeleri<\/strong>\u00a0D\u0131\u015f katman 300g ku\u015fe ka\u011f\u0131t kullan\u0131r ve y\u00fczey hassas bir dokunu\u015fa sahip ve \u00e7izilmeye kar\u015f\u0131 dayan\u0131kl\u0131 mat laminasyon teknolojisi ile kaplanm\u0131\u015ft\u0131r; i\u00e7 katman, ISO9001 ve ROHS sertifikasyonunu ge\u00e7en, geri d\u00f6n\u00fc\u015ft\u00fcr\u00fclebilir ve par\u00e7alanabilir olan ve hem y\u00fck ta\u015f\u0131ma kapasitesini hem de \u00e7evre koruma ihtiya\u00e7lar\u0131n\u0131 dikkate alan g\u0131da s\u0131n\u0131f\u0131 gri tahta ve \u00e7evre dostu sanat ka\u011f\u0131d\u0131 kullan\u0131r. Kutu yap\u0131s\u0131 \u00f6zel olarak g\u00fc\u00e7lendirilmi\u015ftir ve kay\u0131p maliyetlerini azaltmak i\u00e7in 50 defadan fazla yeniden kullan\u0131labilir.<\/li>\n<\/ol>\n<h2 id=\"-third-visual-aesthetics-and-brand-adaptation-\"><strong>3. G\u00f6rsel estetik ve marka adaptasyonu<\/strong><\/h2>\n<ol>\n<li><strong>G\u00f6steri\u015fsiz l\u00fcks renk e\u015fle\u015ftirme<\/strong>\u00a0Ana renk bej alt\u0131nd\u0131r ve mat dokulu y\u00fczey i\u015flemiyle \u00fcst d\u00fczey markalar\u0131n tonlamas\u0131na uygun, d\u00fc\u015f\u00fck anahtarl\u0131 bir l\u00fcks hissi sunar. Kutu y\u00fczeyi kabartma, s\u0131cak damgalama, UV bask\u0131 ve di\u011fer i\u015flemlerle \u00f6zelle\u015ftirilebilir, marka LOGO'sunu veya ki\u015fiselle\u015ftirilmi\u015f tasar\u0131m\u0131 destekler, g\u00f6rsel olarak g\u00f6lgelenmez, i\u00e7eri\u011fin de\u011ferini vurgular.<\/li>\n<li><strong>\u0130ki renkli \u015ferit tasar\u0131m\u0131<\/strong>\u00a0Pembe alt\u0131n ve bej alt\u0131n \u00e7ift kurdelenin yenilik\u00e7i kullan\u0131m\u0131, hediye kutusunun zarifli\u011fini art\u0131rmak i\u00e7in \u00e7apraz s\u00fcslenebilir ve pratikli\u011fi art\u0131rmak i\u00e7in el kay\u0131\u015f\u0131 olarak da kullan\u0131labilir.<\/li>\n<\/ol>\n<h2 id=\"-fourth-folding-design-and-transportation-advantages-\"><strong>4. Katlanabilir tasar\u0131m ve ta\u015f\u0131ma avantajlar\u0131<\/strong><\/h2>\n<ol>\n<li><strong>Katlanabilir yap\u0131 maliyetleri azalt\u0131r ve verimlili\u011fi art\u0131r\u0131r<\/strong>\u00a0Katland\u0131ktan sonra kal\u0131nl\u0131k sadece 2,5 cm'dir ve hacim 87,5% azal\u0131r, bu da depolama ve lojistik maliyetlerini b\u00fcy\u00fck \u00f6l\u00e7\u00fcde azalt\u0131r. Montaj herhangi bir ekipman gerektirmez ve toplu ta\u015f\u0131ma ve perakende performans senaryolar\u0131 i\u00e7in uygun olan 3 saniye i\u00e7inde ortaya \u00e7\u0131kar\u0131labilir. Ambalaj, uzun mesafeli nakliye s\u0131ras\u0131nda s\u0131f\u0131r hasar sa\u011flamak i\u00e7in neme dayan\u0131kl\u0131 oluklu mukavva kullan\u0131r.<\/li>\n<\/ol>\n<h2 id=\"-five-multi-scenario-application-\"><strong>5. \u00c7oklu senaryo uygulamas\u0131<\/strong><\/h2>\n<ol>\n<li><strong>Hediye paketleme<\/strong>: D\u00fc\u011f\u00fcnler ve tatil hediyeleri i\u00e7in uygundur, alternatif altta yatan darbeye dayan\u0131kl\u0131 k\u00f6p\u00fck tabakas\u0131 ile hassas nesnelerin korunmas\u0131 i\u00e7in.<\/li>\n<li><strong>L\u00fcks ekran<\/strong>: Performans kabininin g\u00f6rsel efektlerini art\u0131rmak i\u00e7in kurdeleli m\u00fccevher ve saat gibi \u00fcst d\u00fczey \u00fcr\u00fcnler i\u00e7in uygundur.<\/li>\n<li><strong>El sanatlar\u0131 deposu<\/strong>: Kutudaki \u00f6zelle\u015ftirilebilir b\u00f6lme, porselen ve lake mutfak e\u015fyalar\u0131 gibi \u00f6zel boyutlu eserleri saklamak i\u00e7in uygundur.<\/li>\n<\/ol>","protected":false},"excerpt":{"rendered":"<p>Bu manyetik kapakl\u0131 kutu net kenarlara ve k\u00f6\u015felere sahiptir, i\u00e7 alan kullan\u0131m\u0131n\u0131 en \u00fcst d\u00fczeye \u00e7\u0131kar\u0131r, \u00e7e\u015fitli \u00f6\u011feleri saklamak i\u00e7in uygundur ve sabit bir \u015fekilde yerle\u015ftirilir. Hediyelik e\u015fya, l\u00fcks mallar, el sanatlar\u0131 vb. gibi birden fazla senaryoda kullan\u0131ma uygundur ve hem g\u00fczelli\u011fi hem de i\u015flevselli\u011fi dikkate al\u0131r.<\/p>","protected":false},"featured_media":1036,"template":"","meta":{"_kad_post_transparent":"default","_kad_post_title":"","_kad_post_layout":"default","_kad_post_sidebar_id":"","_kad_post_content_style":"default","_kad_post_vertical_padding":"default","_kad_post_feature":"","_kad_post_feature_position":"","_kad_post_header":false,"_kad_post_footer":false,"_kad_post_classname":""},"product_brand":[],"product_cat":[15,22,17],"product_tag":[395,397,396],"class_list":{"0":"post-1035","1":"product","2":"type-product","3":"status-publish","4":"has-post-thumbnail","6":"product_cat-red-light-therapy","7":"product_cat-red-light-therapy-blanket","8":"product_cat-services","9":"product_tag-china-gift-box","10":"product_tag-collapsible-gift-box-with-ribbon","11":"product_tag-magnetic-collapsible-gift-box","13":"first","14":"instock","15":"shipping-taxable","16":"product-type-simple","17":"entry","18":"content-bg","19":"loop-entry"},"_links":{"self":[{"href":"https:\/\/red-lighttherapy.com\/tr\/wp-json\/wp\/v2\/product\/1035","targetHints":{"allow":["GET"]}}],"collection":[{"href":"https:\/\/red-lighttherapy.com\/tr\/wp-json\/wp\/v2\/product"}],"about":[{"href":"https:\/\/red-lighttherapy.com\/tr\/wp-json\/wp\/v2\/types\/product"}],"wp:featuredmedia":[{"embeddable":true,"href":"https:\/\/red-lighttherapy.com\/tr\/wp-json\/wp\/v2\/media\/1036"}],"wp:attachment":[{"href":"https:\/\/red-lighttherapy.com\/tr\/wp-json\/wp\/v2\/media?parent=1035"}],"wp:term":[{"taxonomy":"product_brand","embeddable":true,"href":"https:\/\/red-lighttherapy.com\/tr\/wp-json\/wp\/v2\/product_brand?post=1035"},{"taxonomy":"product_cat","embeddable":true,"href":"https:\/\/red-lighttherapy.com\/tr\/wp-json\/wp\/v2\/product_cat?post=1035"},{"taxonomy":"product_tag","embeddable":true,"href":"https:\/\/red-lighttherapy.com\/tr\/wp-json\/wp\/v2\/product_tag?post=1035"}],"curies":[{"name":"wp","href":"https:\/\/api.w.org\/{rel}","templated":true}]}}