{"id":1028,"date":"2025-04-16T04:58:19","date_gmt":"2025-04-16T04:58:19","guid":{"rendered":"https:\/\/red-lighttherapy.com\/?post_type=product&#038;p=1028"},"modified":"2025-04-16T05:42:55","modified_gmt":"2025-04-16T05:42:55","slug":"holographic-laser-paper-rainbow-a5-deep-gift-box-with-ribbon","status":"publish","type":"product","link":"https:\/\/red-lighttherapy.com\/tr\/holographic-laser-paper-rainbow-a5-deep-gift-box-with-ribbon\/","title":{"rendered":"Holografik Lazer Ka\u011f\u0131t G\u00f6kku\u015fa\u011f\u0131 A5 Kurdeleli Derin Hediye Kutusu"},"content":{"rendered":"<h2 id=\"-holographic-laser-paper-rainbow-a5-deep-gift-box-with-ribbon-product-description-\"><strong>Holografik Lazer Ka\u011f\u0131t G\u00f6kku\u015fa\u011f\u0131 A5 Kurdeleli Derin Hediye Kutusu \u00dcr\u00fcn A\u00e7\u0131klamas\u0131<\/strong><\/h2>\n<h2 id=\"-1-industrial-aesthetic-design-highlighting-high-end-texture-\"><strong>1. \u00dcst d\u00fczey dokuyu vurgulayan end\u00fcstriyel estetik tasar\u0131m<\/strong><\/h2>\n<ul>\n<li><strong>Temiz \u00e7izgiler ve k\u00f6\u015feli estetik<\/strong>: Hediye kutusu a\u00e7\u0131ld\u0131ktan sonra minimalist geometrik kesim tasar\u0131m\u0131n\u0131 benimser. Kutu g\u00f6vdesinin hatlar\u0131 keskin ve p\u00fcr\u00fczs\u00fczd\u00fcr, kenarlar\u0131 ve k\u00f6\u015feleri nettir. Modern end\u00fcstriyel esteti\u011fi ve sanatsal anlay\u0131\u015f\u0131 birle\u015ftirir. L\u00fcks mallar, m\u00fccevherler ve saatler gibi y\u00fcksek de\u011ferli mallar\u0131n ambalaj ihtiya\u00e7lar\u0131 i\u00e7in uygundur.<\/li>\n<li><strong>\u00dc\u00e7 boyutlu derin kutu yap\u0131s\u0131<\/strong>: A5 derin kutu tasar\u0131m\u0131, hassas katlama oranlar\u0131yla alan kullan\u0131m\u0131n\u0131 optimize eder, g\u00f6rsel derinlik hissini art\u0131r\u0131r ve m\u00fccevher, kozmetik vb. \u00fcr\u00fcnlerin katmanl\u0131 olarak sergilenmesini gerektiren sahneler i\u00e7in uygundur.<\/li>\n<\/ul>\n<h2 id=\"-2-modular-folding-process-taking-into-account-both-function-and-efficiency-\"><strong>2. Hem i\u015flev hem de verimlili\u011fi dikkate alan mod\u00fcler katlama i\u015flemi<\/strong><\/h2>\n<ul>\n<li><strong>Kompakt ta\u015f\u0131ma tasar\u0131m\u0131<\/strong>: Katlama i\u015fleminden sonra, hacim katlanmam\u0131\u015f halinin 1\/4'\u00fcne s\u0131k\u0131\u015ft\u0131r\u0131l\u0131r ve \u00f6nceden preslenmi\u015f katlama teknolojisi ile tutkals\u0131z ekleme elde edilerek depolama ve lojistik maliyetleri 30% azalt\u0131l\u0131r.<\/li>\n<li><strong>Dayan\u0131kl\u0131l\u0131k ve stabilite<\/strong>: Patentli mod\u00fcler k\u0131r\u0131\u015ft\u0131rma i\u015flemi benimsenmi\u015ftir. Kutu g\u00f6vdesi, 500 a\u00e7ma ve kapama testinden sonra hala 95% deformasyon oran\u0131n\u0131 korumaktad\u0131r, bu da \u00fcst d\u00fczey hediyelerin \u00e7oklu kullan\u0131m ihtiya\u00e7lar\u0131 i\u00e7in uygundur (koleksiyon te\u015fhir ve festival yeniden kullan\u0131m ambalaj\u0131 gibi).<\/li>\n<\/ul>\n<h2 id=\"-3-environmentally-friendly-materials-and-process-certification-\"><strong>3. \u00c7evre dostu malzeme ve s\u00fcre\u00e7 sertifikasyonu<\/strong><\/h2>\n<ul>\n<li><strong>Y\u00fcksek a\u011f\u0131rl\u0131kl\u0131 \u00f6zel ka\u011f\u0131t taban<\/strong>: 400g\/m\u00b2 FSC sertifikal\u0131 \u00e7evre dostu karton se\u00e7ilir ve ka\u011f\u0131t taban yo\u011funlu\u011fu 0,85g\/cm\u00b3'e ula\u015f\u0131r, bu da hem sertlik hem de plastikli\u011fe sahiptir ve s\u0131cak damgalama ve kabartma gibi ikincil i\u015flemleri destekler.<\/li>\n<li><strong>S\u00fcrd\u00fcr\u00fclebilir \u00fcretim<\/strong>: T\u00fcm s\u00fcre\u00e7, AB REACH \u00e7evre koruma standartlar\u0131na uyan, karbon ayak izi sertifikasyonunu ge\u00e7en ve Avrupa ve Amerika Birle\u015fik Devletleri'nde pazara eri\u015fim gereksinimlerini kar\u015f\u0131layan su bazl\u0131 m\u00fcrekkep bask\u0131s\u0131 ve solventsiz laminasyon teknolojisini benimser.<\/li>\n<\/ul>\n<h2 id=\"-4-holographic-iridescent-dynamic-effect-\"><strong>4. Holografik yanard\u00f6ner dinamik efekt<\/strong><\/h2>\n<ul>\n<li><strong>Nano d\u00fczeyde optik katman<\/strong>: Y\u00fczey, k\u0131r\u0131n\u0131m \u0131zgaras\u0131 teknolojisi ile 360\u00b0 dinamik yanard\u00f6ner de\u011fi\u015fiklikler ger\u00e7ekle\u015ftiren, g\u00fc\u00e7l\u00fc \u0131\u015f\u0131k alt\u0131nda (dalga boyu aral\u0131\u011f\u0131 380-780nm) akan bir g\u00f6kku\u015fa\u011f\u0131 \u0131\u015f\u0131\u011f\u0131 efekti sunan ve \u00fcr\u00fcn\u00fcn g\u00f6rsel olarak tan\u0131nmas\u0131n\u0131 art\u0131ran lazer holografik film ile birle\u015ftirilmi\u015ftir.<\/li>\n<li><strong>Sahtecilikle m\u00fccadele ve marka g\u00fc\u00e7lendirme<\/strong>: Holografik desenler, mikro metin ve dinamik \u0131\u015f\u0131k s\u00fctunlar\u0131 gibi \u00f6zelle\u015ftirilmi\u015f \u015fifreleme teknolojilerini destekleyerek sahtecili\u011fi \u00f6nleme i\u015flevlerini marka imaj\u0131 geli\u015ftirme ile birle\u015ftirir.<\/li>\n<\/ul>\n<h2 id=\"-5-digital-customization-service-\"><strong>5. Dijital \u00f6zelle\u015ftirme hizmeti<\/strong><\/h2>\n<ul>\n<li><strong>Tam s\u00fcre\u00e7li ak\u0131ll\u0131 kontrol \u00fcretimi<\/strong>: 3D modellemeden provaya kadar, yap\u0131sal tasar\u0131m\u0131 optimize etmek i\u00e7in AI algoritmalar\u0131 kullan\u0131l\u0131r (\u00fcst ve alt kapaklar, kitap \u015feklindeki kutular, \u00e7ekmece kutular\u0131 vb. gibi 20'den fazla kutu t\u00fcr\u00fcn\u00fc destekler) ve \u00f6rnek kutular 48 saat i\u00e7inde teslim edilir.<\/li>\n<li><strong>Fonksiyonel derin adaptasyon<\/strong>:<\/li>\n<li><strong>Manyetik a\u00e7ma ve kapama<\/strong>: Dahili g\u00f6r\u00fcnmez neodim m\u0131knat\u0131s, emme kuvveti \u22650.5N, sapma olmadan hassas konumland\u0131rma.<\/li>\n<li><strong>Pencere tasar\u0131m\u0131<\/strong>: K\u0131smi \u015feffaf PET pencere a\u00e7\u0131lmas\u0131n\u0131, \u0131\u015f\u0131k ge\u00e7irgenli\u011fini \u2265 92% destekler ve a\u00e7\u0131l\u0131\u015f t\u00f6reni hissini art\u0131rmak i\u00e7in bir kurdele (iste\u011fe ba\u011fl\u0131 polyester \/ asetat kurdele) ile e\u015fle\u015ftirilir.<\/li>\n<li><strong>Y\u00fczey i\u015flemi geni\u015flemesi<\/strong>: Markan\u0131n ki\u015fiselle\u015ftirilmi\u015f ihtiya\u00e7lar\u0131n\u0131 kar\u015f\u0131lamak i\u00e7in hafif desenli s\u0131cak damgalama, kabartma, UV yerel vernik ve di\u011fer i\u015flemlerle uyumludur.<\/li>\n<\/ul>\n<h2 id=\"-application-scenarios-and-compatibility-\"><strong>Uygulama senaryolar\u0131 ve uyumluluk<\/strong><\/h2>\n<ul>\n<li><strong>\u00dcst d\u00fczey alanlar<\/strong>L\u00fcks el \u00e7antalar\u0131, m\u00fccevherler, s\u0131n\u0131rl\u0131 say\u0131da \u00fcretilen elektronik cihazlar, sanat koleksiyonlar\u0131.<\/li>\n<li><strong>\u00c7evre koruma senaryolar\u0131<\/strong>: Tamamen geri d\u00f6n\u00fc\u015ft\u00fcr\u00fclebilir ve bozunabilir, karbon n\u00f6tr marka stratejisine uyarlanabilir<\/li>\n<\/ul>","protected":false},"excerpt":{"rendered":"<p>Katlanabildi\u011finde kutu, \u00fcst d\u00fczey end\u00fcstriyel tasar\u0131m esteti\u011fini yans\u0131tan temiz hatlara ve keskin kenarlara sahiptir. Holografik ka\u011f\u0131t, g\u00fc\u00e7l\u00fc \u0131\u015f\u0131k alt\u0131nda dinamik bir yanard\u00f6ner etki sunarak hediye ve m\u00fccevher gibi y\u00fcksek de\u011ferli \u00fcr\u00fcnlerin \u00e7oklu kullan\u0131m senaryolar\u0131 i\u00e7in uygun hale getirir.<\/p>","protected":false},"featured_media":1034,"template":"","meta":{"_kad_post_transparent":"default","_kad_post_title":"","_kad_post_layout":"default","_kad_post_sidebar_id":"","_kad_post_content_style":"default","_kad_post_vertical_padding":"default","_kad_post_feature":"","_kad_post_feature_position":"","_kad_post_header":false,"_kad_post_footer":false,"_kad_post_classname":""},"product_brand":[],"product_cat":[15,22,17],"product_tag":[394,392,393],"class_list":{"0":"post-1028","1":"product","2":"type-product","3":"status-publish","4":"has-post-thumbnail","6":"product_cat-red-light-therapy","7":"product_cat-red-light-therapy-blanket","8":"product_cat-services","9":"product_tag-gift-box-with-ribbon","10":"product_tag-holographic-paper-gift-box","11":"product_tag-rainbow-a5-deep-gift-box","13":"first","14":"instock","15":"shipping-taxable","16":"product-type-simple","17":"entry","18":"content-bg","19":"loop-entry"},"_links":{"self":[{"href":"https:\/\/red-lighttherapy.com\/tr\/wp-json\/wp\/v2\/product\/1028","targetHints":{"allow":["GET"]}}],"collection":[{"href":"https:\/\/red-lighttherapy.com\/tr\/wp-json\/wp\/v2\/product"}],"about":[{"href":"https:\/\/red-lighttherapy.com\/tr\/wp-json\/wp\/v2\/types\/product"}],"wp:featuredmedia":[{"embeddable":true,"href":"https:\/\/red-lighttherapy.com\/tr\/wp-json\/wp\/v2\/media\/1034"}],"wp:attachment":[{"href":"https:\/\/red-lighttherapy.com\/tr\/wp-json\/wp\/v2\/media?parent=1028"}],"wp:term":[{"taxonomy":"product_brand","embeddable":true,"href":"https:\/\/red-lighttherapy.com\/tr\/wp-json\/wp\/v2\/product_brand?post=1028"},{"taxonomy":"product_cat","embeddable":true,"href":"https:\/\/red-lighttherapy.com\/tr\/wp-json\/wp\/v2\/product_cat?post=1028"},{"taxonomy":"product_tag","embeddable":true,"href":"https:\/\/red-lighttherapy.com\/tr\/wp-json\/wp\/v2\/product_tag?post=1028"}],"curies":[{"name":"wp","href":"https:\/\/api.w.org\/{rel}","templated":true}]}}