{"id":1022,"date":"2025-04-16T04:08:32","date_gmt":"2025-04-16T04:08:32","guid":{"rendered":"https:\/\/red-lighttherapy.com\/?post_type=product&#038;p=1022"},"modified":"2025-04-16T05:43:16","modified_gmt":"2025-04-16T05:43:16","slug":"silver-hologram-paper-folding-gift-sephora-packaging-boxes","status":"publish","type":"product","link":"https:\/\/red-lighttherapy.com\/tr\/silver-hologram-paper-folding-gift-sephora-packaging-boxes\/","title":{"rendered":"G\u00fcm\u00fc\u015f Holograml\u0131 Ka\u011f\u0131t Katlan\u0131r Hediyelik Sephora Ambalaj Kutular\u0131"},"content":{"rendered":"<h2 id=\"-silver-hologram-paper-folding-gift-sephora-packaging-boxes-\"><strong>G\u00fcm\u00fc\u015f Holograml\u0131 Ka\u011f\u0131t Katlan\u0131r Hediyelik Sephora Ambalaj Kutular\u0131<\/strong><\/h2>\n<h2 id=\"-1-regular-folding-structure-design-both-functional-and-aesthetic-\"><strong>1. Hem i\u015flevsel hem de estetik, d\u00fczenli katlan\u0131r yap\u0131 tasar\u0131m\u0131<\/strong><\/h2>\n<p>Bu\u00a0<strong>\"iz hatt\u0131 + b\u0131\u00e7ak hatt\u0131\" kombinasyon i\u015flemi<\/strong>\u00a0d\u00fczg\u00fcn a\u00e7\u0131lma ve kapanma ve sabit \u015fekil sa\u011flamak i\u00e7in katlama hatt\u0131 d\u00fczenini optimize etmek i\u00e7in kullan\u0131l\u0131r. Kutu g\u00f6vdesi \u015funlar\u0131 kullan\u0131r\u00a0<strong>L \u015feklinde birbirine kenetlenen yap\u0131<\/strong>\u00a0\u00dcst ve alt katmanlar\u0131n tam olarak oturmas\u0131n\u0131 sa\u011flamak, s\u0131k\u0131\u015ft\u0131rma direncini ve kapatma s\u0131k\u0131l\u0131\u011f\u0131n\u0131 art\u0131rmak ve nakliye s\u0131ras\u0131nda kazara a\u00e7\u0131lmay\u0131 \u00f6nlemek i\u00e7in. \u0130\u00e7 konfig\u00fcrasyon\u00a0<strong>\u00c7\u0131kar\u0131labilir katmanl\u0131 b\u00f6lmeler<\/strong>\u00a0\u00f6zelle\u015ftirilmi\u015f b\u00f6lme depolamay\u0131 destekler, kozmetik, parf\u00fcm ve farkl\u0131 boyutlardaki di\u011fer \u00fcr\u00fcnlerin sabit ihtiya\u00e7lar\u0131na uyum sa\u011flar ve kapasite ve ta\u015f\u0131nabilirli\u011fi dikkate al\u0131r.<\/p>\n<h2 id=\"-2-flat-folding-design-efficient-adaptation-to-multiple-scenarios-\"><strong>2. D\u00fcz katlan\u0131r tasar\u0131m, \u00e7oklu senaryolara verimli adaptasyon<\/strong><\/h2>\n<p>\u0130\u00e7inden\u00a0<strong>\u00f6nceden ayarlanm\u0131\u015f katlama hatlar\u0131 ve bal pete\u011fi karton teknolojisi<\/strong>ambalaj kutusu depolama i\u00e7in tamamen d\u00fczle\u015ftirilebilir ve s\u0131k\u0131\u015ft\u0131rma oran\u0131 \u015fu \u015fekilde art\u0131r\u0131l\u0131r\u00a0<strong>50%'den daha fazla<\/strong>Bu da depolama ve lojistik maliyetlerini b\u00fcy\u00fck \u00f6l\u00e7\u00fcde azalt\u0131r. E-ticaret toplu ta\u015f\u0131ma, perakende h\u0131zl\u0131 te\u015fhir ve t\u00fcketici yeniden kullan\u0131m senaryolar\u0131 i\u00e7in uygundur. Katland\u0131ktan sonraki kal\u0131nl\u0131k sadece\u00a0<strong>3mm<\/strong>ve tek bir kutu en fazla\u00a0<strong>200<\/strong>alan kullan\u0131m\u0131n\u0131 \u00f6nemli \u00f6l\u00e7\u00fcde iyile\u015ftirir.<\/p>\n<h2 id=\"-3-high-strength-environmentally-friendly-material-lightweight-and-load-bearing-\"><strong>3. Y\u00fcksek mukavemetli \u00e7evre dostu malzeme, hafif ve y\u00fck ta\u015f\u0131y\u0131c\u0131<\/strong><\/h2>\n<p>Ana g\u00f6vde \u015funlardan yap\u0131lm\u0131\u015ft\u0131r\u00a0<strong>FSC sertifikal\u0131 ku\u015fe ka\u011f\u0131t<\/strong>\u00a0(80g\/m\u00b2) ve kompozit ka\u011f\u0131t taban takviye teknolojisi kullan\u0131larak elde edilir.\u00a0<strong>hafiflik ve y\u00fcksek sertlik aras\u0131ndaki denge<\/strong>. Ka\u011f\u0131d\u0131n y\u00fczeyi a\u015fa\u011f\u0131dakilerle kaplanm\u0131\u015ft\u0131r\u00a0<strong>su bazl\u0131 \u00e7evre dostu kaplama<\/strong>ve y\u0131rt\u0131lma direnci \u015fu kadar artar\u00a0<strong>30%<\/strong>. Tek kutu \u015funlar\u0131 ta\u015f\u0131yabilir\u00a0<strong>2kg<\/strong>ve cam \u015fi\u015feler gibi k\u0131r\u0131lgan e\u015fyalar\u0131 g\u00fcvenle y\u00fckleyebilir. Kutu kenar\u0131 takviye tasar\u0131m\u0131, tek elle tutmas\u0131 kolay ve hem ta\u015f\u0131nabilirlik hem de dayan\u0131kl\u0131l\u0131\u011fa sahip ergonomik bir sapla e\u015fle\u015ftirilmi\u015ftir.<\/p>\n<h2 id=\"-4-sustainable-forest-management-environmental-certification-guarantee-\"><strong>4. S\u00fcrd\u00fcr\u00fclebilir orman y\u00f6netimi, \u00e7evresel sertifikasyon garantisi<\/strong><\/h2>\n<p>Hammaddeler kesinlikle\u00a0<strong>FSC orman sertifikasyon standartlar\u0131<\/strong>\u00a0(Forest Stewardship Council), ka\u011f\u0131t hamuru kayna\u011f\u0131n\u0131n s\u00fcrd\u00fcr\u00fclebilir \u015fekilde y\u00f6netilen ormanlara kadar izlenebilmesini sa\u011flar. T\u00fcm \u00fcretim s\u00fcrecinde a\u015fa\u011f\u0131dakiler kullan\u0131l\u0131r\u00a0<strong>solvent i\u00e7ermeyen yap\u0131\u015ft\u0131r\u0131c\u0131<\/strong>\u00a0ve\u00a0<strong>d\u00fc\u015f\u00fck m\u00fcrekkep kaplama s\u00fcreci<\/strong>\u00a0(&lt;20%), AB REACH \u00e7evre koruma standartlar\u0131na uygundur ve a\u015fa\u011f\u0131dakileri destekler\u00a0<strong>100% geri d\u00f6n\u00fc\u015ft\u00fcr\u00fclebilir ve par\u00e7alanabilir<\/strong>.<\/p>\n<h2 id=\"-5-holographic-iridescence-dynamic-display-visual-impact-upgrade-\"><strong>5. Holografik yanard\u00f6ner dinamik ekran, g\u00f6rsel etki y\u00fckseltme<\/strong><\/h2>\n<p>Y\u00fczey uygulamas\u0131\u00a0<strong>\u00fc\u00e7\u00fcnc\u00fc nesi\u0307l mi\u0307kroyapi do\u011frudan yazma holografi\u0307k teknoloji\u0307si\u0307<\/strong>\u00a0hediyeler\u00a0<strong>dinamik yanard\u00f6ner gradyan efekti<\/strong>\u00a0nano d\u00fczeyde \u0131zgara d\u00fczenlemesi yoluyla. I\u015f\u0131\u011f\u0131n k\u0131r\u0131lmas\u0131 alt\u0131nda,\u00a0<strong>\u00e7ok a\u00e7\u0131l\u0131 renk ge\u00e7i\u015fi<\/strong>\u00a0(g\u00fcm\u00fc\u015f mavi\u2192mor k\u0131rm\u0131z\u0131\u2192alt\u0131n ye\u015fil gibi) g\u00f6r\u00fcnt\u00fclenebilir.\u00a0<strong>y\u00fcksek yans\u0131t\u0131c\u0131 al\u00fcminyum tabaka substrat<\/strong>metal doku ve yanard\u00f6ner \u0131\u015f\u0131k ve g\u00f6lge i\u00e7 i\u00e7e ge\u00e7mi\u015ftir ve g\u00f6rsel tan\u0131ma \u015fu \u015fekilde geli\u015ftirilmi\u015ftir\u00a0<strong>200%<\/strong>. Raf \u00e7ekicili\u011fini art\u0131rmak i\u00e7in \u00fcst d\u00fczey g\u00fczellik \u00fcr\u00fcn\u00fc te\u015fhirine uygundur.<\/p>\n<h2 id=\"-6-minimalist-design-philosophy-function-oriented-aesthetics-\"><strong>6. Minimalist tasar\u0131m felsefesi, i\u015flev odakl\u0131 estetik<\/strong><\/h2>\n<p>Sephora'n\u0131n kurallar\u0131na ba\u011fl\u0131 kalarak\u00a0<strong>\"Az \u00c7oktur\"<\/strong>\u00a0marka konsepti, gereksiz dekoratif unsurlar ortadan kald\u0131r\u0131lm\u0131\u015f ve g\u00f6rsel seviyeler\u00a0<strong>geometrik kesim hatlar\u0131<\/strong>\u00a0ve\u00a0<strong>mat-y\u00fcksek parlakl\u0131kta kontrast y\u00fczeyler<\/strong>. Kutu y\u00fczeyi yaln\u0131zca\u00a0<strong>lazerle kaz\u0131nm\u0131\u015f marka logosu<\/strong>\u00dcr\u00fcn\u00fcn temel i\u015flevlerine odaklanarak l\u00fcks ve minimalist \u00fcr\u00fcnlerin tonuna uyum sa\u011flamak.<\/p>\n<h2 id=\"-applicable-scenarios-\"><strong>Uygulanabilir senaryolar<\/strong><\/h2>\n<ul>\n<li><strong>E-ticaret lojisti\u011fi<\/strong>: D\u00fcz katlama, nakliye kay\u0131plar\u0131n\u0131 azaltmak i\u00e7in otomatik s\u0131ralama i\u00e7in uygundur<\/li>\n<li><strong>Perakende te\u015fhir<\/strong>: Holografik yanard\u00f6nerlik m\u00fc\u015fteri ak\u0131\u015f\u0131n\u0131 \u00e7eker ve terminal d\u00f6n\u00fc\u015f\u00fcm oran\u0131n\u0131 art\u0131r\u0131r<\/li>\n<li><strong>Tatil hediyesi<\/strong>: Kullan\u0131m \u00f6mr\u00fcn\u00fc uzatmak i\u00e7in saklama kutusu olarak ikincil kullan\u0131m i\u00e7in \u00f6zelle\u015ftirilebilir<\/li>\n<\/ul>","protected":false},"excerpt":{"rendered":"<p>Bu sert kutu, hem depolama kapasitesi hem de ta\u015f\u0131nabilirlik g\u00f6z \u00f6n\u00fcnde bulundurularak, d\u00fczg\u00fcn a\u00e7\u0131l\u0131p kapanma ve sabit \u015fekle sahip d\u00fczenli bir katlama yap\u0131s\u0131 tasar\u0131m\u0131n\u0131 benimser. Holografik ka\u011f\u0131t, y\u00fcksek yo\u011funluklu g\u00f6r\u00fcnt\u00fc efektiyle dinamik bir yanard\u00f6ner gradyan sunar. S\u00fcrd\u00fcr\u00fclebilir kalk\u0131nma trendine uygun olarak hammaddelerin izlenebilir ve yenilenebilir olmas\u0131n\u0131 sa\u011flamak i\u00e7in FSC orman sertifikasyonundan ge\u00e7mi\u015ftir.<\/p>","protected":false},"featured_media":1026,"template":"","meta":{"_kad_post_transparent":"default","_kad_post_title":"","_kad_post_layout":"default","_kad_post_sidebar_id":"","_kad_post_content_style":"default","_kad_post_vertical_padding":"default","_kad_post_feature":"","_kad_post_feature_position":"","_kad_post_header":false,"_kad_post_footer":false,"_kad_post_classname":""},"product_brand":[],"product_cat":[15,28,22,17],"product_tag":[390,389,391],"class_list":{"0":"post-1022","1":"product","2":"type-product","3":"status-publish","4":"has-post-thumbnail","6":"product_cat-red-light-therapy","7":"product_cat-customize","8":"product_cat-red-light-therapy-blanket","9":"product_cat-services","10":"product_tag-hologram-folding-gift-boxes","11":"product_tag-holographic-laser-paperboard-gift-boxes","12":"product_tag-large-gift-boxes-holographic","14":"first","15":"instock","16":"shipping-taxable","17":"product-type-simple","18":"entry","19":"content-bg","20":"loop-entry"},"_links":{"self":[{"href":"https:\/\/red-lighttherapy.com\/tr\/wp-json\/wp\/v2\/product\/1022","targetHints":{"allow":["GET"]}}],"collection":[{"href":"https:\/\/red-lighttherapy.com\/tr\/wp-json\/wp\/v2\/product"}],"about":[{"href":"https:\/\/red-lighttherapy.com\/tr\/wp-json\/wp\/v2\/types\/product"}],"wp:featuredmedia":[{"embeddable":true,"href":"https:\/\/red-lighttherapy.com\/tr\/wp-json\/wp\/v2\/media\/1026"}],"wp:attachment":[{"href":"https:\/\/red-lighttherapy.com\/tr\/wp-json\/wp\/v2\/media?parent=1022"}],"wp:term":[{"taxonomy":"product_brand","embeddable":true,"href":"https:\/\/red-lighttherapy.com\/tr\/wp-json\/wp\/v2\/product_brand?post=1022"},{"taxonomy":"product_cat","embeddable":true,"href":"https:\/\/red-lighttherapy.com\/tr\/wp-json\/wp\/v2\/product_cat?post=1022"},{"taxonomy":"product_tag","embeddable":true,"href":"https:\/\/red-lighttherapy.com\/tr\/wp-json\/wp\/v2\/product_tag?post=1022"}],"curies":[{"name":"wp","href":"https:\/\/api.w.org\/{rel}","templated":true}]}}