{"id":1017,"date":"2025-04-16T03:57:29","date_gmt":"2025-04-16T03:57:29","guid":{"rendered":"https:\/\/red-lighttherapy.com\/?post_type=product&#038;p=1017"},"modified":"2025-04-16T04:08:23","modified_gmt":"2025-04-16T04:08:23","slug":"exporting-custom-luxury-magnetic-closure-rigid-shoes-boxes","status":"publish","type":"product","link":"https:\/\/red-lighttherapy.com\/tr\/exporting-custom-luxury-magnetic-closure-rigid-shoes-boxes\/","title":{"rendered":"\u00d6zel L\u00fcks Manyetik Kapatma Sert Ayakkab\u0131 Kutular\u0131 \u0130hracat\u0131"},"content":{"rendered":"<h2 id=\"-product-description-of-exporting-custom-luxury-magnetic-closure-rigid-shoes-boxes-\"><strong>\u00d6zel L\u00fcks Manyetik Kapatma Sert Ayakkab\u0131 Kutular\u0131 \u0130hracat \u00dcr\u00fcn A\u00e7\u0131klamas\u0131<\/strong><\/h2>\n<h2 id=\"1-magnetic-box-design-\">1.\u00a0<strong>Manyetik kutu tasar\u0131m\u0131<\/strong><\/h2>\n<p>Kapak ve kutu g\u00f6vdesi, m\u00fckemmel s\u0131zd\u0131rmazl\u0131k sa\u011flamak ve nakliye veya depolama s\u0131ras\u0131nda kazara a\u00e7\u0131lmay\u0131 etkili bir \u015fekilde \u00f6nlemek i\u00e7in kapat\u0131ld\u0131\u011f\u0131nda manyetik kuvvetle tam olarak adsorbe edilen g\u00f6m\u00fcl\u00fc g\u00fc\u00e7l\u00fc bir manyetik sisteme sahiptir. \u00c7ift manyetik \u015ferit d\u00fczeni, adsorpsiyon stabilitesini art\u0131r\u0131r ve e\u011fildi\u011finde veya titre\u015fti\u011finde bile kapal\u0131 kalabilir ve \u00fcst d\u00fczey ayakkab\u0131lar i\u00e7in kapsaml\u0131 koruma sa\u011flar.<\/p>\n<h2 id=\"2-folding-portability-and-structural-stability-\">2.\u00a0<strong>Katlanabilir ta\u015f\u0131nabilirlik ve yap\u0131sal sa\u011flaml\u0131k<\/strong><\/h2>\n<p>Hassas katlama i\u015flemi benimsenmi\u015ftir ve katlamadan sonraki hacim katlanmam\u0131\u015f halinin sadece 1\/3'\u00fc kadard\u0131r, bu da lojistik ve depolama maliyetlerini \u00f6nemli \u00f6l\u00e7\u00fcde azalt\u0131r. A\u00e7ma s\u0131ras\u0131nda hi\u00e7bir alet veya karma\u015f\u0131k montaj gerekmez. Kutu g\u00f6vdesi, \u00f6n girinti hatt\u0131 arac\u0131l\u0131\u011f\u0131yla \u00fc\u00e7 boyutlu \u015fekli otomatik olarak geri y\u00fckler, kenar sorunsuz bir \u015fekilde olu\u015fturulur ve bas\u0131n\u00e7 dayan\u0131m\u0131, birden fazla senaryonun istifleme ihtiya\u00e7lar\u0131n\u0131 kar\u015f\u0131layan 20 kg \/ katmana ula\u015f\u0131r.<\/p>\n<h2 id=\"3-one-handed-opening-and-closing-flap-structure-\">3.\u00a0<strong>Tek elle a\u00e7\u0131l\u0131p kapanan kapak yap\u0131s\u0131<\/strong><\/h2>\n<p>Yenilik\u00e7i kapak tasar\u0131m\u0131 ergonomik a\u00e7\u0131yla (65\u00b0 a\u00e7ma ve kapama) birle\u015fti\u011finde tek elle sorunsuzca \u00e7al\u0131\u015ft\u0131r\u0131labilir. Mente\u015fe, kal\u0131nla\u015ft\u0131r\u0131lm\u0131\u015f ku\u015fe ka\u011f\u0131t ve manyetik emi\u015f ile g\u00fc\u00e7lendirilmi\u015ftir. Kolayl\u0131k ve dayan\u0131kl\u0131l\u0131k g\u00f6z \u00f6n\u00fcnde bulundurularak binlerce a\u00e7ma ve kapama testinden sonra hi\u00e7bir deformasyona u\u011framam\u0131\u015ft\u0131r.<\/p>\n<h2 id=\"4-high-weight-coated-paper-material-\">4.\u00a0<strong>Y\u00fcksek a\u011f\u0131rl\u0131kl\u0131 ku\u015fe ka\u011f\u0131t malzeme<\/strong><\/h2>\n<p>320g\/m\u00b2 ku\u015fe ka\u011f\u0131t se\u00e7ilmi\u015ftir ve y\u00fczey, sertli\u011fi 40% art\u0131ran ve bas\u0131n\u00e7 dayan\u0131m\u0131 end\u00fcstri standard\u0131n\u0131n 1,5 kat\u0131 olan s\u00fcper parlak kaplama ile i\u015flenmi\u015ftir. Malzeme \u00e7evre dostu ve par\u00e7alanabilirdir, FSC sertifikas\u0131na uygundur, geri d\u00f6n\u00fc\u015f\u00fcm\u00fc destekler ve karbon ayak izini azalt\u0131r.<\/p>\n<h2 id=\"5-sustainable-development-design-\">5.\u00a0<strong>S\u00fcrd\u00fcr\u00fclebilir kalk\u0131nma tasar\u0131m\u0131<\/strong><\/h2>\n<p>Ye\u015fil konsept, hammaddeden \u00fcretime kadar t\u00fcm s\u00fcre\u00e7 boyunca uygulanmaktad\u0131r:<\/p>\n<ul>\n<li>Su bazl\u0131 m\u00fcrekkep bask\u0131s\u0131, zararl\u0131 u\u00e7ucu madde i\u00e7ermez<\/li>\n<li>At\u0131k geri d\u00f6n\u00fc\u015f\u00fcm oran\u0131 \u226595%<\/li>\n<li>ISO 14001 \u00e7evre y\u00f6netim sistemi sertifikas\u0131n\u0131 ge\u00e7ti<\/li>\n<\/ul>\n<h2 id=\"6-high-saturation-blue-visual-design-\">6.\u00a0<strong>Y\u00fcksek doygunluklu mavi g\u00f6rsel tasar\u0131m<\/strong><\/h2>\n<p>Kutu g\u00f6vdesi, y\u00fcksek renk doygunlu\u011funa sahip olan ve solmayan Pantone 286C klasik maviyi benimser, profesyonel ve istikrarl\u0131 bir marka imaj\u0131 ta\u015f\u0131r. Mat y\u00fczey i\u015flemi parlamay\u0131 \u00f6nler, i\u015f hediyeleri, l\u00fcks ambalajlar, \u00fcst d\u00fczey perakende ve di\u011fer senaryolar i\u00e7in uygundur.<\/p>\n<h2 id=\"7-same-color-ribbon-handle-\">7.\u00a0<strong>Ayn\u0131 renk \u015ferit sap<\/strong><\/h2>\n<p>Mavi dokuma \u015ferit sap, kutu g\u00f6vdesi ile ayn\u0131 renktedir ve hem pratiklik hem de rit\u00fcel dikkate al\u0131narak 5 kg kald\u0131rma kuvvetine sahiptir. Sap aray\u00fcz\u00fc y\u0131rt\u0131lma riskini \u00f6nlemek i\u00e7in gizlenmi\u015f ve g\u00fc\u00e7lendirilmi\u015ftir, y\u00fcksek frekansl\u0131 kullan\u0131m i\u00e7in uygundur.<\/p>\n<h2 id=\"-application-scenarios-and-advantages-\"><strong>Uygulama senaryolar\u0131 ve avantajlar\u0131<\/strong><\/h2>\n<ul>\n<li><strong>\u0130\u015f hediyeleri<\/strong>: \u015eerit sap ve manyetik a\u00e7ma ve kapama, i\u015fletmeler i\u00e7in \u00f6zelle\u015ftirilmi\u015f hediyelik e\u015fyalar i\u00e7in uygun olan ambalaj a\u00e7ma rit\u00fceli hissini art\u0131r\u0131r.<\/li>\n<li><strong>L\u00fcks perakende<\/strong>: Y\u00fcksek sertlikte malzeme ve renk tasar\u0131m\u0131, \u00fcr\u00fcnlerin te\u015fhir kalitesini art\u0131r\u0131r ve vitrinlerin kaplad\u0131\u011f\u0131 alan\u0131 azalt\u0131r.<\/li>\n<li><strong>S\u0131n\u0131r \u00f6tesi lojistik<\/strong>: Katlanabilir tasar\u0131m, deniz ve hava ta\u015f\u0131mac\u0131l\u0131\u011f\u0131n\u0131n maliyetini d\u00fc\u015f\u00fcr\u00fcr ve bas\u0131nca dayan\u0131kl\u0131l\u0131k, uzun mesafeli ta\u015f\u0131mac\u0131l\u0131\u011f\u0131n g\u00fcvenli\u011fini sa\u011flar.<\/li>\n<\/ul>","protected":false},"excerpt":{"rendered":"<p>Bu kalp \u015feklindeki kapak ve \u00fcst ve alt kapak, kutuya m\u00fckemmel bir \u015fekilde uyar, i\u00e7te ve d\u0131\u015fta kalp \u015feklindeki konturlarla g\u00f6rsel olarak birle\u015ftirilmi\u015f ve duygusal olarak \u00e7ekici. A\u00e7\u0131lmas\u0131 ve kapat\u0131lmas\u0131 kolay, iyi bir s\u0131zd\u0131rmazl\u0131k sa\u011flayan, i\u00e7eri\u011fi etkili bir \u015fekilde koruyan ve kutuyu a\u00e7arken t\u00f6ren hissini art\u0131ran kapak ve alt k\u0131s\u0131m ayr\u0131lm\u0131\u015ft\u0131r.<\/p>","protected":false},"featured_media":1018,"template":"","meta":{"_kad_post_transparent":"default","_kad_post_title":"","_kad_post_layout":"default","_kad_post_sidebar_id":"","_kad_post_content_style":"default","_kad_post_vertical_padding":"default","_kad_post_feature":"","_kad_post_feature_position":"","_kad_post_header":false,"_kad_post_footer":false,"_kad_post_classname":""},"product_brand":[],"product_cat":[15,30,22,17],"product_tag":[388,387,386],"class_list":{"0":"post-1017","1":"product","2":"type-product","3":"status-publish","4":"has-post-thumbnail","6":"product_cat-red-light-therapy","7":"product_cat-dropshipping","8":"product_cat-red-light-therapy-blanket","9":"product_cat-services","10":"product_tag-custom-shoes-boxes","11":"product_tag-magnetic-closure-boxes-for-shoes","12":"product_tag-rigid-shoes-boxes","14":"first","15":"instock","16":"shipping-taxable","17":"product-type-simple","18":"entry","19":"content-bg","20":"loop-entry"},"_links":{"self":[{"href":"https:\/\/red-lighttherapy.com\/tr\/wp-json\/wp\/v2\/product\/1017","targetHints":{"allow":["GET"]}}],"collection":[{"href":"https:\/\/red-lighttherapy.com\/tr\/wp-json\/wp\/v2\/product"}],"about":[{"href":"https:\/\/red-lighttherapy.com\/tr\/wp-json\/wp\/v2\/types\/product"}],"wp:featuredmedia":[{"embeddable":true,"href":"https:\/\/red-lighttherapy.com\/tr\/wp-json\/wp\/v2\/media\/1018"}],"wp:attachment":[{"href":"https:\/\/red-lighttherapy.com\/tr\/wp-json\/wp\/v2\/media?parent=1017"}],"wp:term":[{"taxonomy":"product_brand","embeddable":true,"href":"https:\/\/red-lighttherapy.com\/tr\/wp-json\/wp\/v2\/product_brand?post=1017"},{"taxonomy":"product_cat","embeddable":true,"href":"https:\/\/red-lighttherapy.com\/tr\/wp-json\/wp\/v2\/product_cat?post=1017"},{"taxonomy":"product_tag","embeddable":true,"href":"https:\/\/red-lighttherapy.com\/tr\/wp-json\/wp\/v2\/product_tag?post=1017"}],"curies":[{"name":"wp","href":"https:\/\/api.w.org\/{rel}","templated":true}]}}