{"id":1011,"date":"2025-04-16T03:44:51","date_gmt":"2025-04-16T03:44:51","guid":{"rendered":"https:\/\/red-lighttherapy.com\/?post_type=product&#038;p=1011"},"modified":"2025-04-16T03:57:17","modified_gmt":"2025-04-16T03:57:17","slug":"valentines-day-heart-shaped-gift-box-packaging-for-jewelry","status":"publish","type":"product","link":"https:\/\/red-lighttherapy.com\/tr\/valentines-day-heart-shaped-gift-box-packaging-for-jewelry\/","title":{"rendered":"Sevgililer G\u00fcn\u00fc M\u00fccevher i\u00e7in Kalp \u015eeklinde Hediye Kutusu Ambalaj\u0131"},"content":{"rendered":"<h2 id=\"valentine-s-day-heart-shaped-jewelry-gift-box-packaging-product-description\">Sevgililer G\u00fcn\u00fc Kalp \u015eeklinde M\u00fccevher Hediye Kutusu Ambalaj\u0131 \u00dcr\u00fcn A\u00e7\u0131klamas\u0131<\/h2>\n<h2 id=\"-1-heart-shaped-top-and-bottom-design-perfect-fusion-of-vision-and-emotion-\"><strong>1. Kalp \u015eeklinde \u00dcst ve Alt Tasar\u0131m: Vizyon ve Duygunun M\u00fckemmel F\u00fczyonu<\/strong><\/h2>\n<p>Hediye kutusu kalp \u015feklinde bir \u00fcst ve alt kapak yap\u0131s\u0131na sahiptir. Kapak ve kutu g\u00f6vdesi, a\u00e7ma ve kapama aras\u0131ndaki g\u00f6rsel b\u00fct\u00fcnl\u00fc\u011f\u00fc ve duygusal gerilimi g\u00f6steren p\u00fcr\u00fczs\u00fcz kalp \u015feklinde bir d\u0131\u015f hat ile b\u00fct\u00fcnle\u015fik olarak olu\u015fturulmu\u015ftur. Kapa\u011f\u0131n i\u00e7i s\u0131cak damgalama veya kabartma teknolojisi ile \u00f6zelle\u015ftirilebilir ve kalp \u015feklindeki i\u00e7i bo\u015f pencere tasar\u0131m\u0131 ile m\u00fccevher tam olarak a\u00e7\u0131lmad\u0131\u011f\u0131nda ortaya \u00e7\u0131karak \"kalp at\u0131\u015f\u0131\" benzeri bir beklenti duygusu yarat\u0131r.<\/p>\n<h2 id=\"-2-separate-opening-and-closing-structure-convenience-and-ritual-coexistence-\"><strong>2. Ayr\u0131 a\u00e7\u0131l\u0131\u015f ve kapan\u0131\u015f yap\u0131s\u0131: kolayl\u0131k ve rit\u00fcel birlikteli\u011fi<\/strong><\/h2>\n<p>Kutunun kapa\u011f\u0131 ve taban\u0131 ayr\u0131lm\u0131\u015ft\u0131r ve hassas tokalar veya manyetik cihazlar arac\u0131l\u0131\u011f\u0131yla kesintisiz kapatma sa\u011flan\u0131r, bu da yaln\u0131zca s\u0131zd\u0131rmazl\u0131\u011f\u0131 (toz ve neme dayan\u0131kl\u0131) sa\u011flamakla kalmaz, ayn\u0131 zamanda a\u00e7ma eylemine zarif bir rit\u00fcel hissi verir. Astar\u0131n kenar\u0131, a\u00e7ma ve kapama s\u0131ras\u0131nda m\u00fccevher y\u00fczeyinde s\u00fcrt\u00fcnmeyi \u00f6nlemek i\u00e7in bir kenar sarma i\u015flemi uygular ve ayr\u0131nt\u0131lar de\u011ferli e\u015fyalar\u0131n korunmas\u0131n\u0131 yans\u0131t\u0131r.<\/p>\n<h2 id=\"-3-coated-paper-material-double-guarantee-of-firmness-and-beauty-\"><strong>3. Kaplamal\u0131 ka\u011f\u0131t malzeme: \u00e7ifte sa\u011flaml\u0131k ve g\u00fczellik garantisi<\/strong><\/h2>\n<p>Hediye kutusunun ana g\u00f6vdesi, mat bir filmle kaplanm\u0131\u015f, hassas dokunu\u015flu ve \u00e7izilmeye kar\u015f\u0131 dayan\u0131kl\u0131 300 gram y\u00fcksek gramajl\u0131 ku\u015fe ka\u011f\u0131ttan yap\u0131lm\u0131\u015ft\u0131r. \u0130\u00e7 katman, 5 kg'dan fazla y\u00fck ta\u015f\u0131ma kapasitesine sahip gri karton ka\u011f\u0131t ile g\u00fc\u00e7lendirilmi\u015ftir ve ta\u015f\u0131ma s\u0131ras\u0131nda deforme olmas\u0131 kolay de\u011fildir, bu da hediyenin kutu fabrikas\u0131ndan ambalaj\u0131ndan yeni \u00e7\u0131kmas\u0131n\u0131 sa\u011flar.<\/p>\n<h2 id=\"-4-red-main-color-visual-communication-of-romantic-atmosphere-\"><strong>4. K\u0131rm\u0131z\u0131 ana renk: romantik atmosferin g\u00f6rsel ileti\u015fimi<\/strong><\/h2>\n<p>Kutu g\u00f6vdesi Pantone renk kart\u0131 standart k\u0131rm\u0131z\u0131s\u0131n\u0131 benimser ve d\u00f6rt renkli bask\u0131 i\u015flemi, yerel UV veya s\u0131cak damgalama i\u015flemi ile tek tip ve parlak bir renk efekti sunar ve kalp \u015feklindeki anahatt\u0131n \u00fc\u00e7 boyutlu hissini vurgular. Festival atmosferini geli\u015ftirmek i\u00e7in iste\u011fe ba\u011fl\u0131 kurdeleler veya ayn\u0131 renkte sonsuz \u00e7i\u00e7ekler kullan\u0131labilir.<\/p>\n<h2 id=\"-5-high-resilience-sponge-lining-professional-grade-jewelry-protection-\"><strong>5. Y\u00fcksek esneklikli s\u00fcnger astar: profesyonel d\u00fczeyde m\u00fccevher korumas\u0131<\/strong><\/h2>\n<p>Astarda, kalp \u015feklindeki d\u0131\u015f hatlara uyacak \u015fekilde CNC taraf\u0131ndan kesilen 3 cm kal\u0131nl\u0131\u011f\u0131nda y\u00fcksek yo\u011funluklu s\u00fcnger kullan\u0131l\u0131r ve oluk derinli\u011fi \u00f6zelle\u015ftirilebilir (y\u00fcz\u00fckler ve kolyeler gibi farkl\u0131 m\u00fccevher formlar\u0131 i\u00e7in uygundur). S\u00fcngerin y\u00fczeyi, de\u011ferli metallerin ve de\u011ferli ta\u015flar\u0131n \u00e7izilmesini \u00f6nleyen yumu\u015fak ve cilt dostu k\u0131sa flanel ile kaplanm\u0131\u015ft\u0131r. Anti-sismik test, 1,2 metrelik d\u00fc\u015fme etkisine dayanabilece\u011fini ve s\u0131n\u0131r \u00f6tesi ta\u015f\u0131mac\u0131l\u0131k i\u00e7in uygun oldu\u011funu g\u00f6stermektedir.<\/p>\n<h2 id=\"-6-customized-printing-service-deep-adaptation-of-brands-and-scenarios-\"><strong>6. \u00d6zelle\u015ftirilmi\u015f bask\u0131 hizmeti: markalar\u0131n ve senaryolar\u0131n derinlemesine uyarlanmas\u0131<\/strong><\/h2>\n<p>Serigrafi bask\u0131, s\u0131cak damgalama, lazer kaz\u0131ma gibi \u00e7e\u015fitli i\u015flemleri destekler ve kutu kapa\u011f\u0131na kurumsal LOGO, \u00e7ift isimleri, hat\u0131ra tarihleri vb. gibi ki\u015fiselle\u015ftirilmi\u015f i\u00e7erikler basabilir. D\u00fc\u011f\u00fcne \u00f6zel modeller, s\u0131cak damgalama yeminleri veya kabartmal\u0131 g\u00fcl desenleri ile bas\u0131labilir ve hediye kutusunun katma de\u011ferini art\u0131rmak i\u00e7in kurumsal hediyelerin markan\u0131n ana vizyonu ve slogan\u0131yla e\u015fle\u015ftirilmesi \u00f6nerilir.<\/p>\n<h2 id=\"-7-made-by-a-local-old-factory-dual-commitment-of-quality-and-production-capacity-\"><strong>7. Yerel eski bir fabrika taraf\u0131ndan \u00fcretilmi\u015ftir: kalite ve \u00fcretim kapasitesinin ikili taahh\u00fcd\u00fc<\/strong><\/h2>\n<p>Shenzhen Bask\u0131 Fabrikas\u0131 taraf\u0131ndan 16 y\u0131ll\u0131k deneyimle \u00fcretilen bu \u00fcr\u00fcn, ayl\u0131k 500.000 adetten fazla \u00fcretim kapasitesine sahip tam otomatik kal\u0131p kesme makineleri ve kalite kontrol hatlar\u0131 kullan\u0131r ve 72 saatlik h\u0131zland\u0131r\u0131lm\u0131\u015f prova ve toplu sipari\u015f teslimat\u0131n\u0131 destekler. Her parti, seri \u00fcretim tutarl\u0131l\u0131k hatas\u0131n\u0131n \u22641mm olmas\u0131n\u0131 sa\u011flamak i\u00e7in 12 kalite kontrol testinden (k\u00f6\u015fe d\u00fczl\u00fc\u011f\u00fc, renk fark\u0131, y\u00fck ta\u015f\u0131ma vb. dahil) ge\u00e7er.<\/p>\n<h2 id=\"-8-environmental-certification-sustainable-romantic-promise-\"><strong>8. \u00c7evre sertifikas\u0131: S\u00fcrd\u00fcr\u00fclebilir romantik vaat<\/strong><\/h2>\n<p>Hediye kutusu malzemesi FSC orman y\u00f6netimi sertifikas\u0131n\u0131 ve ISO y\u00f6netim sistemi sertifikas\u0131n\u0131 ge\u00e7mi\u015ftir ve m\u00fcrekkep AB REACH standartlar\u0131na uygundur, toksik de\u011fildir ve biyolojik olarak par\u00e7alanabilir. Astar s\u00fcngeri g\u0131da s\u0131n\u0131f\u0131 EVA malzemeden yap\u0131lm\u0131\u015ft\u0131r, SGS testinden ge\u00e7mi\u015ftir ve cilt temas\u0131 i\u00e7in g\u00fcvenlidir.<\/p>\n<h2 id=\"-product-application-scenarios-\"><strong>\u00dcr\u00fcn uygulama senaryolar\u0131<\/strong><\/h2>\n<ul>\n<li><strong>Ki\u015fisel hediye<\/strong>: Ki\u015fiye \u00f6zel a\u015fk mektuplar\u0131 ve sonsuz \u00e7i\u00e7eklerle e\u015fle\u015ftirerek \"kalpleri yerinden oynatan itiraf\" temal\u0131 bir hediye kutusu olu\u015fturun.<\/li>\n<li><strong>D\u00fc\u011f\u00fcn tak\u0131lar\u0131<\/strong>: Kutuya bir alyans kart\u0131 yuvas\u0131 yerle\u015ftirilebilir ve kutu a\u00e7\u0131l\u0131r a\u00e7\u0131lmaz y\u00fcz\u00fck g\u00f6r\u00fclebilir, bu da teklif t\u00f6reni duygusunu g\u00fc\u00e7lendirir.<\/li>\n<li><strong>Marka ortak markala\u015fmas\u0131<\/strong>: \u0130\u015fletmeler, m\u00fc\u015fteri sadakatini art\u0131rmak i\u00e7in IP imaj\u0131n\u0131 ve kalp \u015feklindeki unsurlar\u0131 birle\u015ftirerek s\u0131n\u0131rl\u0131 s\u00fcr\u00fcmleri \u00f6zelle\u015ftirebilir.<\/li>\n<\/ul>","protected":false},"excerpt":{"rendered":"<p>Bu kalp \u015feklindeki kapak ve \u00fcst ve alt kapak, kutuya m\u00fckemmel bir \u015fekilde uyar, i\u00e7te ve d\u0131\u015fta kalp \u015feklindeki konturlarla g\u00f6rsel olarak birle\u015ftirilmi\u015f ve duygusal olarak \u00e7ekici. A\u00e7\u0131lmas\u0131 ve kapat\u0131lmas\u0131 kolay, iyi bir s\u0131zd\u0131rmazl\u0131k sa\u011flayan, i\u00e7eri\u011fi etkili bir \u015fekilde koruyan ve kutuyu a\u00e7arken t\u00f6ren hissini art\u0131ran kapak ve alt k\u0131s\u0131m ayr\u0131lm\u0131\u015ft\u0131r.<\/p>","protected":false},"featured_media":1016,"template":"","meta":{"_kad_post_transparent":"default","_kad_post_title":"","_kad_post_layout":"default","_kad_post_sidebar_id":"","_kad_post_content_style":"default","_kad_post_vertical_padding":"default","_kad_post_feature":"","_kad_post_feature_position":"","_kad_post_header":false,"_kad_post_footer":false,"_kad_post_classname":""},"product_brand":[],"product_cat":[15,17],"product_tag":[383,384,385],"class_list":{"0":"post-1011","1":"product","2":"type-product","3":"status-publish","4":"has-post-thumbnail","6":"product_cat-red-light-therapy","7":"product_cat-services","8":"product_tag-heart-shaped-gift-box","9":"product_tag-jewelry-packaging-box","10":"product_tag-valentines-day-gift-box","12":"first","13":"instock","14":"shipping-taxable","15":"product-type-simple","16":"entry","17":"content-bg","18":"loop-entry"},"_links":{"self":[{"href":"https:\/\/red-lighttherapy.com\/tr\/wp-json\/wp\/v2\/product\/1011","targetHints":{"allow":["GET"]}}],"collection":[{"href":"https:\/\/red-lighttherapy.com\/tr\/wp-json\/wp\/v2\/product"}],"about":[{"href":"https:\/\/red-lighttherapy.com\/tr\/wp-json\/wp\/v2\/types\/product"}],"wp:featuredmedia":[{"embeddable":true,"href":"https:\/\/red-lighttherapy.com\/tr\/wp-json\/wp\/v2\/media\/1016"}],"wp:attachment":[{"href":"https:\/\/red-lighttherapy.com\/tr\/wp-json\/wp\/v2\/media?parent=1011"}],"wp:term":[{"taxonomy":"product_brand","embeddable":true,"href":"https:\/\/red-lighttherapy.com\/tr\/wp-json\/wp\/v2\/product_brand?post=1011"},{"taxonomy":"product_cat","embeddable":true,"href":"https:\/\/red-lighttherapy.com\/tr\/wp-json\/wp\/v2\/product_cat?post=1011"},{"taxonomy":"product_tag","embeddable":true,"href":"https:\/\/red-lighttherapy.com\/tr\/wp-json\/wp\/v2\/product_tag?post=1011"}],"curies":[{"name":"wp","href":"https:\/\/api.w.org\/{rel}","templated":true}]}}