{"id":1005,"date":"2025-04-16T03:24:02","date_gmt":"2025-04-16T03:24:02","guid":{"rendered":"https:\/\/red-lighttherapy.com\/?post_type=product&#038;p=1005"},"modified":"2025-04-16T03:44:42","modified_gmt":"2025-04-16T03:44:42","slug":"brand-double-door-box-for-skincare-bottle-fragrance-perfume","status":"publish","type":"product","link":"https:\/\/red-lighttherapy.com\/tr\/brand-double-door-box-for-skincare-bottle-fragrance-perfume\/","title":{"rendered":"Cilt Bak\u0131m \u015ei\u015fesi Koku Parf\u00fcm i\u00e7in Marka \u00c7ift Kap\u0131l\u0131 Kutu"},"content":{"rendered":"<h2 id=\"-double-door-skin-care-perfume-bottle-box-product-description-\"><strong>\u00c7ift kap\u0131l\u0131 cilt bak\u0131m parf\u00fcm \u015fi\u015fesi kutusu \u00fcr\u00fcn a\u00e7\u0131klamas\u0131<\/strong><\/h2>\n<h2 id=\"-1-box-design-and-positioning-\"><strong>1. Kutu tasar\u0131m\u0131 ve konumland\u0131rma<\/strong><\/h2>\n<p>Bu\u00a0<strong>\u00c7ift Taraf\u0131 A\u00e7\u0131k Hediye Kutusu<\/strong>\u00a0\u00c7ift kap\u0131l\u0131 kutu benimsenmi\u015ftir ve simetrik yap\u0131, \u00fcst d\u00fczey hediye konumland\u0131rmas\u0131na uyan ciddi bir his yarat\u0131r. Kutu g\u00f6vdesi geometrik \u00e7izgiler ve oranlarla optimize edilmi\u015f, siyah ana renk ve mavi \u00e7i\u00e7ek desenli kabartma teknolojisi ile birle\u015ftirilerek sakinlik ve sanatsal duyu aras\u0131nda bir denge sa\u011flanm\u0131\u015ft\u0131r. \u00c7ift kap\u0131 a\u00e7\u0131ld\u0131\u011f\u0131nda, kutu g\u00f6vdesi bir sahne perdesi gibi yava\u015f\u00e7a a\u00e7\u0131larak kutudan \u00e7\u0131karma i\u015flemine g\u00fc\u00e7l\u00fc bir rit\u00fcel hissi verir ve \u00fcr\u00fcn te\u015fhirini s\u00fcr\u00fckleyici bir deneyime d\u00f6n\u00fc\u015ft\u00fcr\u00fcr.<\/p>\n<h2 id=\"-2-innovative-interactivity-and-unboxing-experience-\"><strong>2. Yenilik\u00e7i etkile\u015fim ve kutu a\u00e7ma deneyimi<\/strong><\/h2>\n<p>Benzersiz\u00a0<strong>\u00e7ift kap\u0131l\u0131 mente\u015fe yap\u0131s\u0131<\/strong>\u00a0geleneksel tek tarafl\u0131 a\u00e7ma ve kapama tasar\u0131m\u0131n\u0131 k\u0131rar ve kullan\u0131c\u0131n\u0131n kat\u0131l\u0131m duygusunu geli\u015ftirir:<\/p>\n<ul>\n<li><strong>S\u00fcrpriz<\/strong>: Kap\u0131 a\u00e7\u0131ld\u0131\u011f\u0131nda, kutunun a\u00e7\u0131s\u0131 de\u011fi\u015ftik\u00e7e dahili parf\u00fcm \u015fi\u015fesi kademeli olarak g\u00f6r\u00fcn\u00fcr ve EVA flok astar\u0131n sarg\u0131 sabitlemesi \"hazinenin ortaya \u00e7\u0131kar\u0131lmas\u0131\" gibi g\u00f6rsel bir etki yarat\u0131r.<\/li>\n<li><strong>Etkile\u015fim<\/strong>: Marka hikayesi ill\u00fcstrasyonlar\u0131 veya aroma bile\u015feni haritalar\u0131 kap\u0131 panelinin i\u00e7 k\u0131sm\u0131nda \u00f6zelle\u015ftirilebilir. Kullan\u0131c\u0131lar, duygusal ba\u011f\u0131 g\u00fc\u00e7lendirmek i\u00e7in \u00e7evirme, \u00e7ekme ve di\u011fer eylemler yoluyla ayr\u0131nt\u0131lar\u0131 ke\u015ffedebilir.<\/li>\n<\/ul>\n<h2 id=\"-3-material-and-craft-details-\"><strong>3. Malzeme ve zanaat detaylar\u0131<\/strong><\/h2>\n<ul>\n<li><strong>Kaplamal\u0131 ka\u011f\u0131t alt tabaka<\/strong>: Ta\u015f\u0131ma s\u0131ras\u0131nda deformasyona kar\u015f\u0131 diren\u00e7 sa\u011flamak i\u00e7in hem hafif hem de bas\u0131nca dayan\u0131kl\u0131 olan 350g y\u00fcksek a\u011f\u0131rl\u0131kl\u0131 ku\u015fe ka\u011f\u0131t se\u00e7ilmi\u015ftir. Ayn\u0131 zamanda, hassas dokunu\u015fu artt\u0131rmak i\u00e7in y\u00fczey mat bir film ile kaplanm\u0131\u015ft\u0131r.<\/li>\n<li><strong>Hassas i\u015fleme<\/strong>: Lazer kal\u0131p kesim ve otomatik yap\u0131\u015ft\u0131rma teknolojisi kullan\u0131l\u0131r, kutu g\u00f6vdesinin kenar hatas\u0131 \u22640,1 mm'dir ve geleneksel el yap\u0131m\u0131 kutular\u0131n \u00e7apaklar\u0131n\u0131 ve gev\u015fekli\u011fini \u00f6nlemek i\u00e7in a\u00e7ma ve kapama yap\u0131s\u0131 s\u0131k\u0131ca tak\u0131l\u0131r.<\/li>\n<li><strong>Dekorasyon teknolojisi<\/strong>: Mavi \u00e7i\u00e7ek deseni yerel UV+s\u0131cak g\u00fcm\u00fc\u015f teknolojisi sayesinde \u00fc\u00e7 boyutlu bir parlakl\u0131k sunarken, siyah arka plan \u0131\u015f\u0131k ve g\u00f6lge alt\u0131nda sade ve l\u00fcks bir degrade efekti sunmak i\u00e7in mikro sedefli bir kaplama kullan\u0131r.<\/li>\n<\/ul>\n<h2 id=\"-4-functional-and-protective-design-\"><strong>4. \u0130\u015flevsel ve koruyucu tasar\u0131m<\/strong><\/h2>\n<ul>\n<li><strong>EVA flok astar<\/strong>: \u015ei\u015fe g\u00f6vdesinin e\u011frisine g\u00f6re \u00f6zelle\u015ftirilmi\u015f oluklar, astar kal\u0131nl\u0131\u011f\u0131 5 mm'ye kadard\u0131r ve nakliye s\u0131ras\u0131nda \u00e7izilmeleri ve yer de\u011fi\u015ftirmeyi \u00f6nlemek i\u00e7in yast\u0131klama ve \u015foka direnmek i\u00e7in y\u00fcksek yo\u011funluklu floklama kullan\u0131l\u0131r.<\/li>\n<li><strong>B\u00f6lme yap\u0131s\u0131<\/strong>: \u0130\u00e7 kutunun katmanl\u0131 tasar\u0131m\u0131n\u0131 destekler (parf\u00fcm \u015fi\u015felerinin \u00fcst katmana yerle\u015ftirilmesi ve talimatlar\u0131n veya hediye kart\u0131 yuvalar\u0131n\u0131n alt katmana yerle\u015ftirilmesi gibi), alan kullan\u0131m\u0131n\u0131 ve i\u015flevselli\u011fi art\u0131r\u0131r.<\/li>\n<\/ul>\n<h2 id=\"-5-customized-service-and-brand-adaptation-\"><strong>5. \u00d6zelle\u015ftirilmi\u015f hizmet ve marka adaptasyonu<\/strong><\/h2>\n<ul>\n<li><strong>\u00c7ok y\u00f6nl\u00fc \u00f6zelle\u015ftirme<\/strong>: Marka farkl\u0131la\u015ft\u0131rma ihtiya\u00e7lar\u0131n\u0131 kar\u015f\u0131lamak i\u00e7in esnek boyut ayar\u0131n\u0131 (15-30cm \u015fi\u015fe tipine y\u00fckseklik adaptasyonu), a\u00e7\u0131lma ve kapanma a\u00e7\u0131s\u0131n\u0131 (90\u00b0-180\u00b0 ayarlanabilir) ve i\u00e7 yap\u0131y\u0131 (ara katman \/ manyetik toka vb.) destekler.<\/li>\n<li><strong>Marka \u00f6\u011fesi entegrasyonu<\/strong>: Ambalaj ve \u00fcr\u00fcn anlat\u0131s\u0131n\u0131 derinlemesine ba\u011flamak i\u00e7in marka logosu s\u0131cak damgalama, koku mikrokaps\u00fclleri (kutuyu a\u00e7t\u0131\u011f\u0131n\u0131zda ilgili koku a\u00e7\u0131\u011fa \u00e7\u0131kar) veya AR etiketleri (marka hikayesi animasyonunu tetiklemek i\u00e7in kodu taray\u0131n) yerle\u015ftirebilir.<\/li>\n<\/ul>","protected":false},"excerpt":{"rendered":"<p>Bu \u00e7ift kap\u0131l\u0131 hediye kutusu \"t\u00f6reni a\u00e7mak, l\u00fcks\u00fc hissetmek\" konseptine dayanmaktad\u0131r. Yap\u0131sal yenilik, i\u015f\u00e7ilik ve duyusal ba\u011flant\u0131 sayesinde ambalaj, bir kaptan marka deneyiminin temel ta\u015f\u0131y\u0131c\u0131s\u0131na y\u00fckseltilmi\u015ftir. Kutuyu a\u00e7man\u0131n s\u00fcrpriz an\u0131ndan detaylara dokunmaya kadar her ba\u011flant\u0131, \u00fcst d\u00fczey konumland\u0131rmay\u0131 yans\u0131tarak markan\u0131n pazar rekabetinde farkl\u0131la\u015ft\u0131r\u0131lm\u0131\u015f bir tan\u0131n\u0131rl\u0131k olu\u015fturmas\u0131na yard\u0131mc\u0131 oluyor.<\/p>","protected":false},"featured_media":1006,"template":"","meta":{"_kad_post_transparent":"default","_kad_post_title":"","_kad_post_layout":"default","_kad_post_sidebar_id":"","_kad_post_content_style":"default","_kad_post_vertical_padding":"default","_kad_post_feature":"","_kad_post_feature_position":"","_kad_post_header":false,"_kad_post_footer":false,"_kad_post_classname":""},"product_brand":[],"product_cat":[15,28,17],"product_tag":[381,382,380],"class_list":{"0":"post-1005","1":"product","2":"type-product","3":"status-publish","4":"has-post-thumbnail","6":"product_cat-red-light-therapy","7":"product_cat-customize","8":"product_cat-services","9":"product_tag-brand-perfume-box","10":"product_tag-custom-fragrance-box","11":"product_tag-double-door-box-for-skincare","13":"first","14":"instock","15":"shipping-taxable","16":"product-type-simple","17":"entry","18":"content-bg","19":"loop-entry"},"_links":{"self":[{"href":"https:\/\/red-lighttherapy.com\/tr\/wp-json\/wp\/v2\/product\/1005","targetHints":{"allow":["GET"]}}],"collection":[{"href":"https:\/\/red-lighttherapy.com\/tr\/wp-json\/wp\/v2\/product"}],"about":[{"href":"https:\/\/red-lighttherapy.com\/tr\/wp-json\/wp\/v2\/types\/product"}],"wp:featuredmedia":[{"embeddable":true,"href":"https:\/\/red-lighttherapy.com\/tr\/wp-json\/wp\/v2\/media\/1006"}],"wp:attachment":[{"href":"https:\/\/red-lighttherapy.com\/tr\/wp-json\/wp\/v2\/media?parent=1005"}],"wp:term":[{"taxonomy":"product_brand","embeddable":true,"href":"https:\/\/red-lighttherapy.com\/tr\/wp-json\/wp\/v2\/product_brand?post=1005"},{"taxonomy":"product_cat","embeddable":true,"href":"https:\/\/red-lighttherapy.com\/tr\/wp-json\/wp\/v2\/product_cat?post=1005"},{"taxonomy":"product_tag","embeddable":true,"href":"https:\/\/red-lighttherapy.com\/tr\/wp-json\/wp\/v2\/product_tag?post=1005"}],"curies":[{"name":"wp","href":"https:\/\/api.w.org\/{rel}","templated":true}]}}