{"id":1000,"date":"2025-04-16T03:15:01","date_gmt":"2025-04-16T03:15:01","guid":{"rendered":"https:\/\/red-lighttherapy.com\/?post_type=product&#038;p=1000"},"modified":"2025-04-16T03:25:59","modified_gmt":"2025-04-16T03:25:59","slug":"commercial-large-heart-shaped-gift-packaging-paper-boxes","status":"publish","type":"product","link":"https:\/\/red-lighttherapy.com\/tr\/commercial-large-heart-shaped-gift-packaging-paper-boxes\/","title":{"rendered":"Ticari B\u00fcy\u00fck Kalp \u015eeklinde Hediye Paketleme Ka\u011f\u0131t Kutular\u0131"},"content":{"rendered":"<h2 id=\"-product-description-of-commercial-large-heart-shaped-gift-packaging-paper-box-\"><strong>Ticari B\u00fcy\u00fck Kalp \u015eeklinde Hediye Paketleme Ka\u011f\u0131t Kutusunun \u00dcr\u00fcn A\u00e7\u0131klamas\u0131<\/strong><\/h2>\n<h2 id=\"-1-structural-design-heart-shaped-top-and-bottom-cover-reshaping-emotional-expression-\"><strong>1. Yap\u0131sal Tasar\u0131m: Kalp \u015eeklinde \u00dcst ve Alt Kapak, Duygusal \u0130fadeyi Yeniden \u015eekillendiriyor<\/strong><\/h2>\n<p>Bu \u00fcr\u00fcn \u015fu \u00f6zelliklere sahiptir\u00a0<strong>kalp \u015feklinde \u00fcst ve alt kapak yap\u0131s\u0131<\/strong>Geleneksel kare kutular\u0131n s\u0131n\u0131rlar\u0131n\u0131 a\u015f\u0131yor ve yumu\u015fak k\u0131vr\u0131ml\u0131 hatlar\u0131yla romantizm ve a\u015fk\u0131 yans\u0131t\u0131yor. \u00dcst kapak ve alt kutu, manyetik ge\u00e7meli tasar\u0131m sayesinde birbirine s\u0131k\u0131ca oturur ve a\u00e7\u0131l\u0131\u015f ve kapan\u0131\u015f an\u0131, Sevgililer G\u00fcn\u00fc, d\u00fc\u011f\u00fcnler, y\u0131ld\u00f6n\u00fcmleri ve di\u011fer sahnelerin duygusal ihtiya\u00e7lar\u0131n\u0131 kar\u015f\u0131layan g\u00fc\u00e7l\u00fc bir rit\u00fcel duygusuyla bir \"kalp at\u0131\u015f\u0131 rezonans\u0131\" getirir. Kutunun i\u00e7 k\u0131sm\u0131\u00a0<strong>katmanl\u0131 b\u00f6lme tasar\u0131m\u0131<\/strong>Hem g\u00fczelli\u011fi hem de pratikli\u011fi g\u00f6z \u00f6n\u00fcnde bulundurarak \u00e7ikolatalar\u0131, m\u00fccevherleri, \u00f6zelle\u015ftirilmi\u015f hediyeleri ve farkl\u0131 boyutlardaki di\u011fer \u00f6\u011feleri esnek bir \u015fekilde ay\u0131rabilir.<\/p>\n<h2 id=\"-2-material-and-environmental-protection-sustainable-forest-resources-global-certification-guarantee-\"><strong>2. Malzeme ve \u00e7evre koruma: s\u00fcrd\u00fcr\u00fclebilir orman kaynaklar\u0131, k\u00fcresel sertifika garantisi<\/strong><\/h2>\n<p>\u00dcr\u00fcn \u015funlar\u0131 kullan\u0131r\u00a0<strong>FSC sertifikal\u0131 \u00e7evre dostu malzemeler<\/strong>ve temel malzeme, y\u00fck ta\u015f\u0131ma ve dayan\u0131kl\u0131l\u0131k sa\u011flamak i\u00e7in 250g beyaz karton ve \u00fc\u00e7 katmanl\u0131 \/ be\u015f katmanl\u0131 oluklu ka\u011f\u0131ttan olu\u015fan kompozit bir yap\u0131d\u0131r. T\u00fcm ka\u011f\u0131tlar s\u00fcrd\u00fcr\u00fclebilir \u015fekilde y\u00f6netilen ormanlardan gelir, AB \u00e7evre standartlar\u0131n\u0131 ve d\u00f6ng\u00fcsel ekonomi kavramlar\u0131n\u0131 kar\u015f\u0131lar, tam ya\u015fam d\u00f6ng\u00fcs\u00fc geri d\u00f6n\u00fc\u015f\u00fcm\u00fcn\u00fc ve bozulmas\u0131n\u0131 destekler ve markalar\u0131n ye\u015fil de\u011ferleri aktarmas\u0131na yard\u0131mc\u0131 olur. Kutunun y\u00fczeyi a\u015fa\u011f\u0131dakilerle kapl\u0131d\u0131r\u00a0<strong>g\u0131da s\u0131n\u0131f\u0131 PE kaplama<\/strong>Neme ve ya\u011fa kar\u015f\u0131 \u00e7ift korumaya sahip olan bu \u00fcr\u00fcn, \u00e7evreden kolayca etkilenen g\u0131da ve kozmetik gibi hediyelik ambalajlar i\u00e7in uygundur.<\/p>\n<h2 id=\"-3-visual-design-pink-tones-and-geometric-aesthetics-upgraded-layering-\"><strong>3. G\u00f6rsel tasar\u0131m: pembe tonlar ve geometrik estetik, y\u00fckseltilmi\u015f katmanlama<\/strong><\/h2>\n<p>Kutu g\u00f6vdesi esas olarak\u00a0<strong>yumu\u015fak sis pembesi<\/strong>ile\u00a0<strong>\u00fc\u00e7 boyutlu geometrik kabartma desenler<\/strong>\u00c7izgilerin i\u00e7 i\u00e7e ge\u00e7mesi ve \u0131\u015f\u0131k ve g\u00f6lgenin de\u011fi\u015fmesi yoluyla g\u00f6rsel katman\u0131 geli\u015ftirerek \u00fcst d\u00fczey \u00f6zel dokuyu vurgular. Tasar\u0131m ilham\u0131 modern minimalist sanattan geliyor. Geometrik unsurlar duygusal ak\u0131\u015f olarak soyut bir \u015fekilde ifade edilebilir veya marka tan\u0131n\u0131rl\u0131\u011f\u0131n\u0131 art\u0131rmak i\u00e7in markaya \u00f6zel semboller (LOGO deformasyon desenleri gibi) olarak \u00f6zelle\u015ftirilebilir.<\/p>\n<h2 id=\"-4-functional-highlights-transparent-window-direct-consumer-decision-making-\"><strong>4. \u0130\u015flevsel vurgular: \u015feffaf pencere, do\u011frudan t\u00fcketici karar verme<\/strong><\/h2>\n<p>Bu\u00a0<strong>eliptik \u015feffaf PET pencere<\/strong>\u00a0kutu kapa\u011f\u0131n\u0131n ortas\u0131na yerle\u015ftirilmi\u015ftir ve t\u00fcketiciler ambalaj\u0131 a\u00e7madan i\u00e7eri\u011fi (\u00e7ikolata, parf\u00fcm \u015fi\u015feleri vb.) do\u011frudan g\u00f6rebilir, ileti\u015fim maliyetlerini azalt\u0131r ve sat\u0131n alma g\u00fcvenini art\u0131r\u0131r. Pencerenin kenar\u0131 \u015funlar\u0131 benimser\u00a0<strong>UV s\u0131cak damgalama kenar teknolojisi<\/strong>Kutu g\u00f6vdesinin s\u0131cak damgalama desenini yans\u0131t\u0131r ve hem i\u015flevsel hem de dekoratiftir.<\/p>\n<h2 id=\"-5-process-details-three-dimensional-hot-stamping-luxurious-touch-\"><strong>5. S\u00fcre\u00e7 detaylar\u0131: \u00fc\u00e7 boyutlu s\u0131cak damgalama, l\u00fcks dokunu\u015f<\/strong><\/h2>\n<p>Kutu kapa\u011f\u0131n\u0131n y\u00fczeyinde\u00a0<strong>3D s\u0131cak damgalama teknolojisi<\/strong>Alt\u0131n varak ile kabartmal\u0131 dokuyu y\u00fcksek s\u0131cakl\u0131kta kabartma teknolojisi ile birle\u015ftirerek i\u00e7b\u00fckey ve d\u0131\u015fb\u00fckey bir dokunu\u015fla bir marka logosu veya kutsama olu\u015fturarak g\u00f6rsel olarak metalik bir parlakl\u0131k ve \u00fc\u00e7 boyutlu bir seviye sunar. S\u0131cak damgalama k\u0131sm\u0131 s\u00fcrt\u00fcnmeye ve soyulmaya kar\u015f\u0131 dayan\u0131kl\u0131d\u0131r ve 1.000 defadan fazla a\u00e7ma ve kapama a\u015f\u0131nmas\u0131na dayanacak \u015fekilde test edilmi\u015ftir ve uzun s\u00fcreli kullan\u0131mdan sonra hala l\u00fcks bir dokuyu korumas\u0131n\u0131 sa\u011flar.<\/p>\n<h2 id=\"-6-scene-adaptation-a-multi-scene-marketing-tool-\"><strong>6. Sahne uyarlamas\u0131: \u00e7ok sahneli bir pazarlama arac\u0131<\/strong><\/h2>\n<ul>\n<li><strong>Festival pazarlamas\u0131<\/strong>: Kalp \u015feklindeki \u015fekli ve s\u0131cak damgalama unsurlar\u0131 Sevgililer G\u00fcn\u00fc, Qixi Festivali ve Noel gibi tatil temalar\u0131na m\u00fckemmel uyum sa\u011flar ve hediye verme t\u00f6reni duygusunu geli\u015ftirmek i\u00e7in kurdeleler veya sonsuz \u00e7i\u00e7eklerle e\u015fle\u015ftirilir.<\/li>\n<li><strong>D\u00fc\u011f\u00fcn hediyelikleri<\/strong>: Yeni evlilerin isimleri ve d\u00fc\u011f\u00fcn tarihleri gibi s\u0131cak damgalama metinlerinin \u00f6zelle\u015ftirilmesini destekler ve \u00fcst d\u00fczey \u00f6zelle\u015ftirme \u00f6zelliklerini geli\u015ftirmek i\u00e7in astar saten malzemeden yap\u0131labilir.<\/li>\n<li><strong>Marka ortak markala\u015fmas\u0131<\/strong>: Pencere tasar\u0131m\u0131, g\u00fczellik, l\u00fcks ve di\u011fer sekt\u00f6rlerde s\u0131n\u0131rl\u0131 say\u0131da \u00fcr\u00fcn ambalaj\u0131 i\u00e7in uygun olan marka IP g\u00f6r\u00fcnt\u00fcs\u00fc s\u0131cak damgalama ile birle\u015ftirilmi\u015ftir.<\/li>\n<\/ul>","protected":false},"excerpt":{"rendered":"<p>Kalp \u015feklindeki bu hediye kutusu, duygusal tasar\u0131m\u0131 temel al\u0131yor. Yap\u0131sal yenilik, \u00e7evre dostu malzemeler ve \u00fcst d\u00fczey i\u015f\u00e7ili\u011fin entegrasyonu sayesinde, hem g\u00f6rsel olarak \u00e7ekici hem de i\u015flevsel bir ticari ambalaj \u00e7\u00f6z\u00fcm\u00fc yaratarak markalar\u0131n romantik ekonomi pazar\u0131nda \u00f6ne \u00e7\u0131kmas\u0131na yard\u0131mc\u0131 oluyor.<\/p>","protected":false},"featured_media":1001,"template":"","meta":{"_kad_post_transparent":"default","_kad_post_title":"","_kad_post_layout":"default","_kad_post_sidebar_id":"","_kad_post_content_style":"default","_kad_post_vertical_padding":"default","_kad_post_feature":"","_kad_post_feature_position":"","_kad_post_header":false,"_kad_post_footer":false,"_kad_post_classname":""},"product_brand":[],"product_cat":[15,19,17],"product_tag":[378,377,379],"class_list":{"0":"post-1000","1":"product","2":"type-product","3":"status-publish","4":"has-post-thumbnail","6":"product_cat-red-light-therapy","7":"product_cat-red-light-therapy-stand","8":"product_cat-services","9":"product_tag-jewelry-paper-gift-bag","10":"product_tag-luxury-jewelry-shopping-bag","11":"product_tag-sourcing-jewelry-gift-bag","13":"first","14":"instock","15":"shipping-taxable","16":"product-type-simple","17":"entry","18":"content-bg","19":"loop-entry"},"_links":{"self":[{"href":"https:\/\/red-lighttherapy.com\/tr\/wp-json\/wp\/v2\/product\/1000","targetHints":{"allow":["GET"]}}],"collection":[{"href":"https:\/\/red-lighttherapy.com\/tr\/wp-json\/wp\/v2\/product"}],"about":[{"href":"https:\/\/red-lighttherapy.com\/tr\/wp-json\/wp\/v2\/types\/product"}],"wp:featuredmedia":[{"embeddable":true,"href":"https:\/\/red-lighttherapy.com\/tr\/wp-json\/wp\/v2\/media\/1001"}],"wp:attachment":[{"href":"https:\/\/red-lighttherapy.com\/tr\/wp-json\/wp\/v2\/media?parent=1000"}],"wp:term":[{"taxonomy":"product_brand","embeddable":true,"href":"https:\/\/red-lighttherapy.com\/tr\/wp-json\/wp\/v2\/product_brand?post=1000"},{"taxonomy":"product_cat","embeddable":true,"href":"https:\/\/red-lighttherapy.com\/tr\/wp-json\/wp\/v2\/product_cat?post=1000"},{"taxonomy":"product_tag","embeddable":true,"href":"https:\/\/red-lighttherapy.com\/tr\/wp-json\/wp\/v2\/product_tag?post=1000"}],"curies":[{"name":"wp","href":"https:\/\/api.w.org\/{rel}","templated":true}]}}