{"id":988,"date":"2025-04-16T01:18:51","date_gmt":"2025-04-16T01:18:51","guid":{"rendered":"https:\/\/red-lighttherapy.com\/?post_type=product&#038;p=988"},"modified":"2025-04-20T06:05:30","modified_gmt":"2025-04-20T06:05:30","slug":"luxury-paper-gift-bags-for-cosmetics-perfume-distributors","status":"publish","type":"product","link":"https:\/\/red-lighttherapy.com\/sv\/luxury-paper-gift-bags-for-cosmetics-perfume-distributors\/","title":{"rendered":"Lyxiga presentp\u00e5sar i papper f\u00f6r kosmetika Parfym Distribut\u00f6rer"},"content":{"rendered":"<h2 id=\"-product-description-of-high-end-perfume-gift-bag-\"><strong>Produktbeskrivning av High-end kosmetika parfym papper presentp\u00e5se<\/strong><\/h2>\n<h2 id=\"-1-double-strand-twisted-cotton-rope-handle-tensile-strength-and-ergonomic-design-\"><strong>1. Handtag av tvinnat bomullsrep med dubbla tr\u00e5dar: dragh\u00e5llfasthet och ergonomisk design<\/strong><\/h2>\n<p>Anta\u00a0<strong>tvinnningsprocess f\u00f6r dubbelstr\u00e4ngat bomullsrep med h\u00f6g densitet<\/strong>genom sammanv\u00e4vning av flera fiberstr\u00e4ngar f\u00f6r att f\u00f6rb\u00e4ttra dragh\u00e5llfastheten (kan b\u00e4ra \u226510 kg), samtidigt som greppk\u00e4nslan optimeras. Repets yta \u00e4r halkskyddsbehandlad, i kombination med exakt m\u00e4tning av diameter och b\u00e5ge, f\u00f6r att s\u00e4kerst\u00e4lla att handflatans tryck f\u00f6rdelas j\u00e4mnt och att det inte finns n\u00e5got m\u00e4rke p\u00e5 det l\u00e5ngsiktiga greppet. De tv\u00e5 \u00e4ndarna av bomullsrepet \u00e4r fixerade med en h\u00e4stskosp\u00e4nnekonstruktion, med en f\u00f6rst\u00e4rkt nitdesign f\u00f6r att undvika risken att falla av.<\/p>\n<h2 id=\"-2-artistic-visual-rhythm-geometric-relief-pattern-design-\"><strong>2. Konstn\u00e4rlig visuell rytm: geometrisk reliefm\u00f6nsterdesign<\/strong><\/h2>\n<p>Den huvudsakliga visuella delen av v\u00e4skkroppen anv\u00e4nder\u00a0<strong>flytande geometriskt reliefm\u00f6nster<\/strong>och den tredimensionella pr\u00e4glingsprocessen ger en krusig textur med omv\u00e4xlande djup och grunda omr\u00e5den. M\u00f6nstret \u00e4r inspirerat av parfymmolekylernas r\u00f6relsebana, i kombination med den matta bel\u00e4ggningsprocessen, och en dynamisk visuell rytm bildas under brytningen av ljus och skugga, vilket st\u00e4rker varum\u00e4rkets konstn\u00e4rliga tonalitet. Sidan kompletteras med en gradient smudge-process f\u00f6r att ansluta huvudm\u00f6nstret och det tomma omr\u00e5det, vilket \u00e5terspeglar den avancerade estetiska balansen.<\/p>\n<h2 id=\"-3-brand-logo-enhancement-dark-blue-base-and-hot-stamping-process-\"><strong>3. F\u00f6rb\u00e4ttring av varum\u00e4rkeslogotypen: m\u00f6rkbl\u00e5 bas och varmst\u00e4mplingsprocess<\/strong><\/h2>\n<p>De viktigaste\u00a0<strong>djuphavsbl\u00e5 modell<\/strong>\u00a0antar det klassiska f\u00e4rgnumret Pantone 19-4052, med en central varmst\u00e4mpling varum\u00e4rkeslogotyp. Genom\u00a0<strong>Tysk importerad kallst\u00e4mplingsteknik<\/strong>, 0,1 mm precisionslinje\u00e5terst\u00e4llning uppn\u00e5s, och tjockleken p\u00e5 metallfolielagret n\u00e5r 12 \u03bcm, vilket bildar en stark visuell kontrast p\u00e5 den matta v\u00e4skans yta. Enligt laboratorietester har det heta st\u00e4mplingsskiktet inte fallit av efter 5 000 friktioner, vilket uppfyller h\u00e5llbarhetsstandarderna f\u00f6r lyxkvalitet.<\/p>\n<h2 id=\"-4-hidden-triangular-support-structure-no-load-shape-management-\"><strong>4. Dold triangul\u00e4r st\u00f6dstruktur: formhantering utan belastning<\/strong><\/h2>\n<p>Innovativ inb\u00e4ddad\u00a0<strong>vikbart triangul\u00e4rt fodersystem<\/strong>, med hj\u00e4lp av 1,2 mm f\u00f6rtjockad gr\u00e5 kartong lasersk\u00e4rning. N\u00e4r v\u00e4skan \u00e4r tom f\u00e4lls den automatiskt ut och bildar en triangul\u00e4r prisma som st\u00f6dram f\u00f6r att bibeh\u00e5lla v\u00e4skans raka form; efter lastning krymper den i takt med inneh\u00e5llet. Fodrets kant \u00e4r f\u00f6rgr\u00e4vd med limfria plug-in-slitsar. Efter att konsumenterna har tagit bort den kan de \u00e5termonteras i en skrivbordsf\u00f6rvaringsl\u00e5da genom sp\u00e4nnen f\u00f6r att uppn\u00e5 sekund\u00e4rf\u00f6rpackning.<\/p>\n<h2 id=\"-5-fsc-certified-environmentally-friendly-material-system-\"><strong>5. FSC-certifierat milj\u00f6v\u00e4nligt materialsystem<\/strong><\/h2>\n<p>Huvuddelen \u00e4r tillverkad av\u00a0<strong>FSC Mix-certifierad vit kartong<\/strong>\u00a0(kvantitet 300g\/\u33a1, tjocklek 0,4mm), och ytan \u00e4r t\u00e4ckt med v\u00e4xtbaserad vattenbaserad bel\u00e4ggning, som har klarat SGS-testning och n\u00e5tt s\u00e4kerhetsstandarder f\u00f6r livsmedelskontakt. Fodret \u00e4r tillverkat av nedbrytbar syntetisk film av majsst\u00e4rkelse, och nedbrytningscykeln f\u00f6r hela p\u00e5sen \u00e4r \u2264180 dagar, och koldioxidavtrycket minskas med 42% j\u00e4mf\u00f6rt med traditionella f\u00f6rpackningar.<\/p>\n<h2 id=\"-6-magnetic-safety-closure-system-\"><strong>6. Magnetiskt s\u00e4kerhetsst\u00e4ngningssystem<\/strong><\/h2>\n<p>Toppen \u00e4r utrustad med\u00a0<strong>NdFeB magnetisk tryckknappsgrupp<\/strong>och st\u00e4ngningskraften har optimerats till 0,8 N-m med hj\u00e4lp av ANSYS mekaniska simulering. Den dubbla magnetpolens f\u00f6rskjutna arrangemangsdesign uppn\u00e5r exakt inriktning, och transportvibrationstestet visar att magnetkraftens s\u00f6nderfall \u00e4r mindre \u00e4n 3% efter 10.000 \u00f6ppningar och st\u00e4ngningar. \u00d6ppnings- och st\u00e4ngningsdelen \u00e4r f\u00f6rbegravd med repskyddande sammetsfoder f\u00f6r att skydda den m\u00e5lade kosmetiska flaskan.<\/p>\n<h2 id=\"-7-die-cutting-and-indentation-rapid-prototyping-technology-\"><strong>7. Teknik f\u00f6r snabb prototypframst\u00e4llning genom stansning och intryckning<\/strong><\/h2>\n<p>Den\u00a0<strong>digitalt stansningssystem<\/strong>\u00a0anv\u00e4nds f\u00f6r att slutf\u00f6ra den 85 \u00b0 exakta V-sp\u00e5rindragningen, kompletterad med styrm\u00e4rket f\u00f6r f\u00f6rvikningslinjen. Distribut\u00f6rens personal kan slutf\u00f6ra den tredimensionella formningen av p\u00e5sen inom 30 sekunder, vilket minskar arbetskraftskostnaderna med 60%. En DIY-omvandlingsguide tillhandah\u00e5lls. N\u00e4r konsumenterna har beh\u00e5llit p\u00e5sen kan de omvandla den till en smyckesf\u00f6rvaringsl\u00e5da med sex rutor genom att vika de f\u00f6rskurna linjerna och f\u00f6rl\u00e4nga f\u00f6rpackningens livscykel.<\/p>","protected":false},"excerpt":{"rendered":"<p>Denna m\u00f6rkbl\u00e5 presentp\u00e5se av papper har en guldf\u00e4rgad, varmst\u00e4mplad folielogotyp mitt p\u00e5 framsidan f\u00f6r att f\u00f6rst\u00e4rka varum\u00e4rkesminnet. Det dubbelvridna bomullsrepet f\u00f6rb\u00e4ttrar dragh\u00e5llfastheten och s\u00e4kerst\u00e4ller att handflatans tryck f\u00f6rdelas j\u00e4mnt n\u00e4r du b\u00e4r. Det \u00e4r en speciell high-end pappersg\u00e5vop\u00e5se f\u00f6r kosmetika och parfymer.<\/p>","protected":false},"featured_media":989,"template":"","meta":{"_kad_post_transparent":"default","_kad_post_title":"","_kad_post_layout":"default","_kad_post_sidebar_id":"","_kad_post_content_style":"default","_kad_post_vertical_padding":"default","_kad_post_feature":"","_kad_post_feature_position":"","_kad_post_header":false,"_kad_post_footer":false,"_kad_post_classname":""},"product_brand":[],"product_cat":[15,28,17],"product_tag":[376,374,375],"class_list":{"0":"post-988","1":"product","2":"type-product","3":"status-publish","4":"has-post-thumbnail","6":"product_cat-red-light-therapy","7":"product_cat-customize","8":"product_cat-services","9":"product_tag-luxury-cosmetics-perfume-gift-bags","10":"product_tag-paper-gift-bags-for-cosmetics","11":"product_tag-perfume-shopping-bags","13":"first","14":"instock","15":"shipping-taxable","16":"product-type-simple","17":"entry","18":"content-bg","19":"loop-entry"},"_links":{"self":[{"href":"https:\/\/red-lighttherapy.com\/sv\/wp-json\/wp\/v2\/product\/988","targetHints":{"allow":["GET"]}}],"collection":[{"href":"https:\/\/red-lighttherapy.com\/sv\/wp-json\/wp\/v2\/product"}],"about":[{"href":"https:\/\/red-lighttherapy.com\/sv\/wp-json\/wp\/v2\/types\/product"}],"wp:featuredmedia":[{"embeddable":true,"href":"https:\/\/red-lighttherapy.com\/sv\/wp-json\/wp\/v2\/media\/989"}],"wp:attachment":[{"href":"https:\/\/red-lighttherapy.com\/sv\/wp-json\/wp\/v2\/media?parent=988"}],"wp:term":[{"taxonomy":"product_brand","embeddable":true,"href":"https:\/\/red-lighttherapy.com\/sv\/wp-json\/wp\/v2\/product_brand?post=988"},{"taxonomy":"product_cat","embeddable":true,"href":"https:\/\/red-lighttherapy.com\/sv\/wp-json\/wp\/v2\/product_cat?post=988"},{"taxonomy":"product_tag","embeddable":true,"href":"https:\/\/red-lighttherapy.com\/sv\/wp-json\/wp\/v2\/product_tag?post=988"}],"curies":[{"name":"wp","href":"https:\/\/api.w.org\/{rel}","templated":true}]}}