{"id":975,"date":"2025-04-15T15:41:40","date_gmt":"2025-04-15T15:41:40","guid":{"rendered":"https:\/\/red-lighttherapy.com\/?post_type=product&#038;p=975"},"modified":"2025-04-15T15:55:15","modified_gmt":"2025-04-15T15:55:15","slug":"customized-slider-child-resistant-box-rigid-boxes-wholesale","status":"publish","type":"product","link":"https:\/\/red-lighttherapy.com\/sv\/customized-slider-child-resistant-box-rigid-boxes-wholesale\/","title":{"rendered":"Anpassad Slider Barnskyddande l\u00e5da Styva l\u00e5dor Partihandel"},"content":{"rendered":"<h3 id=\"-1-box-design-flexible-push-pull-pull-out-structure-suitable-for-multiple-scenarios-\"><strong>1. Boxdesign: flexibel push-pull\/pull-out-struktur, l\u00e4mplig f\u00f6r flera scenarier<\/strong><\/h3>\n<p>Denna produkt anv\u00e4nder\u00a0<strong>push-pull eller pull-out dubbelmodig boxtyp<\/strong>som tar h\u00e4nsyn till b\u00e5de det roliga och det praktiska. L\u00e5dans storlek kan anpassas efter kundens behov, och ytpapperet \u00e4r tryckt med\u00a0<strong>h\u00f6gglansigt sl\u00e4tt papper<\/strong>, och matchas med\u00a0<strong>f\u00f6rtjockad kartong pastaprocess<\/strong>\u00a0f\u00f6r att s\u00e4kerst\u00e4lla kompressionsmotst\u00e5nd, slitstyrka och visuell textur. Konstruktionen med push-pull-struktur uppfyller kraven p\u00e5 barnskydd (se kraven fr\u00e5n FDA och nationella standarder f\u00f6r CRP) och f\u00f6rb\u00e4ttrar samtidigt anv\u00e4ndarv\u00e4nligheten genom en smidig \u00f6ppnings- och st\u00e4ngningsupplevelse.<\/p>\n<h3 id=\"-2-brand-logo-technology-uv-hot-stamping-enhances-visual-impact-\"><strong>2. Teknik f\u00f6r varum\u00e4rkeslogotyp: UV-\/v\u00e4rmest\u00e4mpling f\u00f6rb\u00e4ttrar den visuella effekten<\/strong><\/h3>\n<p>Text och m\u00f6nster kan anv\u00e4nda\u00a0<strong>Tredimensionell UV-pr\u00e4gling, varmst\u00e4mpling, pr\u00e4glad varmst\u00e4mpling<\/strong>\u00a0och andra processer f\u00f6r att lyfta fram varum\u00e4rkestonen genom metallstruktur och h\u00f6gglansiga effekter. Till exempel kan UV-processen skapa en kontrast mellan matt och starkt ljus, och den heta st\u00e4mplingsprocessen ger LOGO en k\u00e4nsla av lyx, vilket \u00e4r l\u00e4mpligt f\u00f6r behoven hos avancerade e-cigarettm\u00e4rken.<\/p>\n<h3 id=\"-3-touch-optimization-soft-touch-coated-paper-improves-user-experience-\"><strong>3. Optimering av ber\u00f6ring: bestruket papper med mjuk ber\u00f6ring f\u00f6rb\u00e4ttrar anv\u00e4ndarupplevelsen<\/strong><\/h3>\n<p>De inre och yttre papperslagren \u00e4r tillverkade av\u00a0<strong>Soft-touch bel\u00e4ggningsteknik<\/strong>som \u00e4r lika sk\u00f6r som siden och passar det taktila minnet hos konsumenternas fingertoppar. Denna design f\u00f6rst\u00e4rker inte bara k\u00e4nslan av en uppackningsceremoni, utan st\u00e4rker ocks\u00e5 varum\u00e4rkesigenk\u00e4nningen genom differentierad taktil feedback, s\u00e4rskilt l\u00e4mplig f\u00f6r e-cigarettprodukter som fokuserar p\u00e5 anv\u00e4ndarupplevelsen.<\/p>\n<h3 id=\"-4-fusion-of-natural-elements-sea-water-droplet-theme-design-\"><strong>4. Fusion av naturliga element: temadesign f\u00f6r havsvattendroppar<\/strong><\/h3>\n<p>L\u00e5dans yta inneh\u00e5ller\u00a0<strong>dynamiska vattendroppar och ljus och skugga som v\u00e4vs samman<\/strong>\u00a0visuellt spr\u00e5k och simulerar fl\u00f6det av vattendroppar genom gradienttryck, partiell UV- eller laserfilmteknik, vilket f\u00f6rmedlar varum\u00e4rkets koncept f\u00f6r milj\u00f6skydd och renhet. Denna design kan anpassas till teman som marint skydd och h\u00e4lsosam livsstil, vilket ligger i linje med trenden f\u00f6r e-cigarettindustrins omvandling mot en naturv\u00e4nlig riktning.<\/p>\n<h3 id=\"-5-holiday-theme-customization-seasonal-elements-enhance-marketing-value-\"><strong>5. Anpassning av semestertema: s\u00e4songsbetonade element \u00f6kar marknadsf\u00f6ringsv\u00e4rdet<\/strong><\/h3>\n<p>St\u00f6d\u00a0<strong>Sn\u00f6flingor till jul, lyktor till v\u00e5rfesten, hj\u00e4rtformade till alla hj\u00e4rtans dag<\/strong>\u00a0och andra anpassningar av semesterteman, och uppn\u00e5 snabb ers\u00e4ttning genom utbytbara insatser, laservarmpr\u00e4gling eller delvis f\u00e4rgtryck. Till exempel kan julmodellen matchas med tredimensionell sn\u00f6flingepr\u00e4gling och gradientr\u00f6d bakgrund, medan Spring Festival-modellen inneh\u00e5ller varmst\u00e4mplade lyktor och lovande molnm\u00f6nster f\u00f6r att f\u00f6rb\u00e4ttra attributen hos semesterg\u00e5vor.<\/p>\n<h3 id=\"-6-r-d-strength-innovative-ability-to-keep-up-with-industry-trends-\"><strong>6. FoU-styrka: innovativ f\u00f6rm\u00e5ga att h\u00e5lla j\u00e4mna steg med branschtrenderna<\/strong><\/h3>\n<p>Teamet best\u00e5r av\u00a0<strong>experter p\u00e5 f\u00f6rpackningsdesign med mer \u00e4n 16 \u00e5rs erfarenhet<\/strong>, som djupt studerar trenderna inom e-cigarettindustrin, till exempel barns\u00e4ker \u00f6ppningsstruktur och milj\u00f6v\u00e4nlig materialapplikation. Snabb iteration uppn\u00e5s genom modul\u00e4r design, till exempel genom att uppgradera det traditionella topp- och bottenlocket till ett dolt magnetiskt sp\u00e4nne, med h\u00e4nsyn till b\u00e5de s\u00e4kerhet och teknisk mening.<\/p>\n<h3 id=\"-7-industry-cooperation-mature-supply-chain-and-reputation-guarantee-\"><strong>7. Industrisamarbete: mogen leveranskedja och ryktesgaranti<\/strong><\/h3>\n<p>Kooperativa kunder omfattar\u00a0<strong>RELX, MOTI, VAZO<\/strong>\u00a0och andra ledande varum\u00e4rken, och tillhandah\u00e5ller one-stop-service fr\u00e5n korrektur till massproduktion.\u00a0<strong>FSC-certifierat milj\u00f6v\u00e4nligt papper<\/strong>\u00a0och RoHS standardproduktionsprocess anv\u00e4nds f\u00f6r att s\u00e4kerst\u00e4lla \u00f6verensst\u00e4mmelse med inhemska och utl\u00e4ndska kvalitetsinspektionskrav. Anpassning av sm\u00e5 satser st\u00f6ds (minst 500 stycken) och leveranscykeln f\u00f6rkortas till 12-15 dagar.<\/p>","protected":false},"excerpt":{"rendered":"<p>Vi kan tillhandah\u00e5lla<br \/>\n- E-cigarett varum\u00e4rke ny produkt lansering presentf\u00f6rpackning<br \/>\n- Paket med begr\u00e4nsad upplaga f\u00f6r semesterkampanj<br \/>\n- Anpassade f\u00f6rpackningsl\u00f6sningar f\u00f6r gr\u00e4ns\u00f6verskridande e-handel etc.<\/p>","protected":false},"featured_media":981,"template":"","meta":{"_kad_post_transparent":"default","_kad_post_title":"","_kad_post_layout":"default","_kad_post_sidebar_id":"","_kad_post_content_style":"default","_kad_post_vertical_padding":"default","_kad_post_feature":"","_kad_post_feature_position":"","_kad_post_header":false,"_kad_post_footer":false,"_kad_post_classname":""},"product_brand":[],"product_cat":[15,40,17],"product_tag":[295,366,367],"class_list":{"0":"post-975","1":"product","2":"type-product","3":"status-publish","4":"has-post-thumbnail","6":"product_cat-red-light-therapy","7":"product_cat-red-light-therapy-panel","8":"product_cat-services","9":"product_tag-child-resistant-box","10":"product_tag-customized-slider-box","11":"product_tag-rigid-boxes-wholesale","13":"first","14":"instock","15":"shipping-taxable","16":"product-type-simple","17":"entry","18":"content-bg","19":"loop-entry"},"_links":{"self":[{"href":"https:\/\/red-lighttherapy.com\/sv\/wp-json\/wp\/v2\/product\/975","targetHints":{"allow":["GET"]}}],"collection":[{"href":"https:\/\/red-lighttherapy.com\/sv\/wp-json\/wp\/v2\/product"}],"about":[{"href":"https:\/\/red-lighttherapy.com\/sv\/wp-json\/wp\/v2\/types\/product"}],"wp:featuredmedia":[{"embeddable":true,"href":"https:\/\/red-lighttherapy.com\/sv\/wp-json\/wp\/v2\/media\/981"}],"wp:attachment":[{"href":"https:\/\/red-lighttherapy.com\/sv\/wp-json\/wp\/v2\/media?parent=975"}],"wp:term":[{"taxonomy":"product_brand","embeddable":true,"href":"https:\/\/red-lighttherapy.com\/sv\/wp-json\/wp\/v2\/product_brand?post=975"},{"taxonomy":"product_cat","embeddable":true,"href":"https:\/\/red-lighttherapy.com\/sv\/wp-json\/wp\/v2\/product_cat?post=975"},{"taxonomy":"product_tag","embeddable":true,"href":"https:\/\/red-lighttherapy.com\/sv\/wp-json\/wp\/v2\/product_tag?post=975"}],"curies":[{"name":"wp","href":"https:\/\/api.w.org\/{rel}","templated":true}]}}