{"id":964,"date":"2025-04-15T13:02:38","date_gmt":"2025-04-15T13:02:38","guid":{"rendered":"https:\/\/red-lighttherapy.com\/?post_type=product&#038;p=964"},"modified":"2025-04-15T16:32:49","modified_gmt":"2025-04-15T16:32:49","slug":"exporter-unique-marble-paper-shopping-gift-bag-for-hair-wigs","status":"publish","type":"product","link":"https:\/\/red-lighttherapy.com\/sv\/exporter-unique-marble-paper-shopping-gift-bag-for-hair-wigs\/","title":{"rendered":"Export\u00f6r Unik marmorpapper Shopping presentp\u00e5se f\u00f6r h\u00e5rperuker"},"content":{"rendered":"<h2 id=\"-product-description-of-exporter-s-unique-marble-wig-special-eco-friendly-gift-bag-\"><strong>Produktbeskrivning av export\u00f6rens unika marmorperuk speciell milj\u00f6v\u00e4nlig presentp\u00e5se<\/strong><\/h2>\n<h2 id=\"-i-core-environmental-protection-concept-fsc-certification-and-degradable-characteristics-\"><strong>1. Centralt koncept f\u00f6r milj\u00f6skydd: FSC-certifiering och nedbrytbara egenskaper<\/strong><\/h2>\n<p>Denna produkt \u00e4r tillverkad av FSC-certifierad milj\u00f6v\u00e4nlig massa, och r\u00e5varorna kommer fr\u00e5n kontinuerligt sk\u00f6tta skogar f\u00f6r att s\u00e4kerst\u00e4lla att det ekologiska fotavtrycket \u00e4r l\u00e4gre \u00e4n k\u00e4llan. Massan tillverkas genom en ren produktionsprocess och kombineras med biologiskt nedbrytbara tillsatser. Den kan brytas ned helt till ofarliga \u00e4mnen inom 6-12 m\u00e5nader i den naturliga milj\u00f6n, vilket g\u00f6r att man undviker f\u00f6roreningsproblemet med traditionell plast. V\u00e4skans kropp \u00e4r tryckt med\u00a0<strong>v\u00e4xtbaserat vattenbaserat bl\u00e4ck<\/strong>, som \u00e4r giftfri och ofarlig, uppfyller EU:s milj\u00f6skyddsstandard REACH och \u00e4r l\u00e4mplig f\u00f6r milj\u00f6v\u00e4nliga f\u00f6rpackningar f\u00f6r avancerade perukprodukter.<\/p>\n<h2 id=\"-ii-innovative-process-die-cutting-creasing-and-flattening-design-\"><strong>2. Innovativ process: stansning, skrynkling och utplattning av design<\/strong><\/h2>\n<ul>\n<li><strong>Stansning av rillningsprocess<\/strong>: P\u00e5sens kant sk\u00e4rs s\u00f6ml\u00f6st genom en st\u00e5lknivform med h\u00f6g precision, i kombination med en f\u00f6rkrympningslinjedesign f\u00f6r att s\u00e4kerst\u00e4lla att pappersp\u00e5sen \u00f6ppnas och st\u00e4ngs smidigt och strukturen \u00e4r stabil. Den speciella fyrkantiga bottenp\u00e5se-designen f\u00f6rb\u00e4ttrar b\u00e4rf\u00f6rm\u00e5gan (kan b\u00e4ra 5 kg perukprodukter) och tjockleken efter vikning \u00e4r bara 2 cm, vilket avsev\u00e4rt minskar transportvolymen och sparar\u00a0<strong>mer \u00e4n 40% av fraktkostnaden<\/strong>.<\/li>\n<li><strong>Automatiserad produktionslinje<\/strong>: Den antar en helautomatisk stansnings- och skrynkelmaskin, med ett intelligent korrigeringssystem, och har en produktionskapacitet per timme p\u00e5\u00a0<strong>1,000,000<\/strong>som st\u00f6der snabb v\u00e4xling av flera specifikationer f\u00f6r att tillgodose behoven hos storskaliga exportorder.<\/li>\n<\/ul>\n<h2 id=\"-third-vision-and-touch-luxurious-marble-pattern-and-ergonomic-handle-\"><strong>3. Syn och k\u00e4nsel: lyxigt marmorm\u00f6nster och ergonomiskt handtag<\/strong><\/h2>\n<ul>\n<li><strong>Gr\u00e5baserat vitt marmorm\u00f6nster<\/strong>: Med matt gr\u00e5 som bas matchas den med fl\u00f6dande vita texturer. Genom\u00a0<strong>teknik f\u00f6r pl\u00e5ttryck<\/strong>uppn\u00e5s en gradientseffekt med h\u00f6g precision och f\u00e4rgkontrasten n\u00e5r 98%, vilket ger pappersp\u00e5sen den lyxiga strukturen av natursten. Ytan \u00e4r t\u00e4ckt med milj\u00f6v\u00e4nlig mattfilm, som \u00e4r rept\u00e5lig vid ber\u00f6ring, slitstark och k\u00e4nslig och l\u00e4mplig f\u00f6r perukprodukter i avancerat tillst\u00e5nd. Ergonomiskt handtagsrep: Handtaget \u00e4r tillverkat av fiberv\u00e4vning, med en diameter p\u00e5 8 mm och 200 kg dragh\u00e5llfasthet, vilket \u00e4r b\u00e5de mjukt och h\u00e5llbart. Handtagets inre sida antar en v\u00e5gig halkskyddande struktur som passar handflatans kurva och det finns inget \u00e4rr n\u00e4r du h\u00e5ller det under l\u00e5ng tid, vilket \u00e4r utformat.<\/li>\n<\/ul>\n<h2 id=\"-fourth-efficient-production-and-quality-assurance-\"><strong>4. Effektiv produktion och kvalitetss\u00e4kring<\/strong><\/h2>\n<ul>\n<li><strong>Imponerande tryckteknik<\/strong>: Optimera layoututnyttjandet genom intelligent s\u00e4ttningsprogramvara, minska pappersspillet och \u00f6ka utskriftsutbytet f\u00f6r enstaka ark till 99,5%. St\u00f6djer kombinerad utskrift av flera orderpartier, vilket f\u00f6rkortar leveranscykeln till inom 72 timmar.<\/li>\n<li><strong>System f\u00f6r kvalitetskontroll<\/strong>: Automatiserad kvalitetsinspektion i hela processen, inklusive sp\u00e4nnings\u00f6vervakning, kalibrering av f\u00e4rgskillnader, belastningstestning etc., f\u00f6r att s\u00e4kerst\u00e4lla att varje produktparti uppfyller ISO 9001-standarderna f\u00f6r kvalitetsstyrningssystem.<\/li>\n<\/ul>\n<h2 id=\"-application-scenarios-and-market-advantages-\"><strong>Till\u00e4mpningsscenarier och marknadsf\u00f6rdelar<\/strong><\/h2>\n<ul>\n<li><strong>Anpassningsf\u00f6rm\u00e5ga till perukbranschen<\/strong>: V\u00e4skans storlek st\u00f6der anpassning och fodret kan utrustas med ett fukts\u00e4kert bomullsskikt f\u00f6r att skydda perukens form och glans.<\/li>\n<li><strong>Premium varum\u00e4rke<\/strong>: Genom att kombinera milj\u00f6skyddsegenskaper med ett lyxigt utseende kan varum\u00e4rket f\u00f6rmedla h\u00e5llbarhetsbegreppet genom f\u00f6rpackningen och \u00f6ka slutkonsumenternas lojalitet.<\/li>\n<\/ul>","protected":false},"excerpt":{"rendered":"<p>V\u00e4skans kropp anv\u00e4nder stansnings- och veckteknik, som \u00e4r l\u00e4tt att \u00f6ppna och st\u00e4nga, och kan skickas platt f\u00f6r att spara fraktkostnader. Den \u00e4r tillverkad av FSC-certifierad milj\u00f6v\u00e4nlig massa, som \u00e4r biologiskt nedbrytbar och milj\u00f6v\u00e4nlig. Marmorm\u00f6nstret med gr\u00e5 bakgrund och vita linjer ger pappersp\u00e5sen en k\u00e4nsla av lyx.<\/p>","protected":false},"featured_media":970,"template":"","meta":{"_kad_post_transparent":"default","_kad_post_title":"","_kad_post_layout":"default","_kad_post_sidebar_id":"","_kad_post_content_style":"default","_kad_post_vertical_padding":"default","_kad_post_feature":"","_kad_post_feature_position":"","_kad_post_header":false,"_kad_post_footer":false,"_kad_post_classname":""},"product_brand":[],"product_cat":[15,17],"product_tag":[373,371,372],"class_list":{"0":"post-964","1":"product","2":"type-product","3":"status-publish","4":"has-post-thumbnail","6":"product_cat-red-light-therapy","7":"product_cat-services","8":"product_tag-exporter-hair-wigs-bag","9":"product_tag-paper-shopping-bag-for-hair","10":"product_tag-unique-marble-paper-wigs-gift-bag","12":"first","13":"instock","14":"shipping-taxable","15":"product-type-simple","16":"entry","17":"content-bg","18":"loop-entry"},"_links":{"self":[{"href":"https:\/\/red-lighttherapy.com\/sv\/wp-json\/wp\/v2\/product\/964","targetHints":{"allow":["GET"]}}],"collection":[{"href":"https:\/\/red-lighttherapy.com\/sv\/wp-json\/wp\/v2\/product"}],"about":[{"href":"https:\/\/red-lighttherapy.com\/sv\/wp-json\/wp\/v2\/types\/product"}],"wp:featuredmedia":[{"embeddable":true,"href":"https:\/\/red-lighttherapy.com\/sv\/wp-json\/wp\/v2\/media\/970"}],"wp:attachment":[{"href":"https:\/\/red-lighttherapy.com\/sv\/wp-json\/wp\/v2\/media?parent=964"}],"wp:term":[{"taxonomy":"product_brand","embeddable":true,"href":"https:\/\/red-lighttherapy.com\/sv\/wp-json\/wp\/v2\/product_brand?post=964"},{"taxonomy":"product_cat","embeddable":true,"href":"https:\/\/red-lighttherapy.com\/sv\/wp-json\/wp\/v2\/product_cat?post=964"},{"taxonomy":"product_tag","embeddable":true,"href":"https:\/\/red-lighttherapy.com\/sv\/wp-json\/wp\/v2\/product_tag?post=964"}],"curies":[{"name":"wp","href":"https:\/\/api.w.org\/{rel}","templated":true}]}}