{"id":958,"date":"2025-04-15T12:25:07","date_gmt":"2025-04-15T12:25:07","guid":{"rendered":"https:\/\/red-lighttherapy.com\/?post_type=product&#038;p=958"},"modified":"2025-04-15T13:02:29","modified_gmt":"2025-04-15T13:02:29","slug":"distributor-eco-friendly-paper-shopping-bags-with-candle","status":"publish","type":"product","link":"https:\/\/red-lighttherapy.com\/sv\/distributor-eco-friendly-paper-shopping-bags-with-candle\/","title":{"rendered":"Distribut\u00f6r Milj\u00f6v\u00e4nliga pappershandelp\u00e5sar med ljus"},"content":{"rendered":"<h2 id=\"-product-description-of-environmentally-friendly-candle-paper-shopping-bag-\"><strong>Produktbeskrivning av Milj\u00f6v\u00e4nlig shoppingp\u00e5se av ljuspapper<\/strong><\/h2>\n<h2 id=\"1-color-and-texture-\">1.\u00a0<strong>F\u00e4rg och textur<\/strong><\/h2>\n<ul>\n<li><strong>Svart och guld huvudton<\/strong>: Med hj\u00e4lp av matt svart bas, med heta st\u00e4mplingslinjer och geometriska strukturer, simulerar den tredimensionella ljus- och skuggeffekten av lyxigt diamantm\u00f6nsterhantverk, vilket ger pappersp\u00e5sen en k\u00e4nsla av mysterium och lyx.<\/li>\n<li><strong>L\u00e4tt lyxigt utseende<\/strong>: Guldlinjerna presenteras genom precisionstryckteknik och kontrasterar mot den svarta basen. \u00c4ven prisv\u00e4rda pappersp\u00e5sar kan f\u00f6rmedla l\u00e4tt lyx, l\u00e4mplig f\u00f6r semesterg\u00e5vor och avancerade ljusdisplayer.<\/li>\n<\/ul>\n<h2 id=\"2-environmentally-friendly-materials-and-certification-\">2.\u00a0<strong>Milj\u00f6v\u00e4nliga material och certifiering<\/strong><\/h2>\n<ul>\n<li><strong>FSC-certifierat papper<\/strong>: V\u00e4lj flamskyddat kraftpapper som \u00e4r certifierat av FSC-skogar, och r\u00e5varorna kommer fr\u00e5n h\u00e5llbart f\u00f6rvaltade skogar f\u00f6r att s\u00e4kerst\u00e4lla att produktionsprocessen uppfyller standarder f\u00f6r ekologiskt skydd och socialt ansvar.<\/li>\n<li><strong>ISO-garanti f\u00f6r ledningssystem<\/strong>: Fabriken \u00e4r certifierad enligt ISO 9001 (kvalitetsstyrning) och ISO 14001 (milj\u00f6styrning) och hela kedjan fr\u00e5n r\u00e5varuink\u00f6p till produktion \u00e4r sp\u00e5rbar f\u00f6r att garantera produkts\u00e4kerhet och milj\u00f6skydd.<\/li>\n<\/ul>\n<h2 id=\"3-ergonomic-handle-design-\">3.\u00a0<strong>Ergonomisk handtagsdesign<\/strong><\/h2>\n<ul>\n<li><strong>Bekv\u00e4mt grepp<\/strong>: Handtagets bredd \u00e4r optimerad till 2,5 cm och det inre f\u00f6rtjockade kompositfiberlagret passar handflatans kurva. Det finns ingen kl\u00e4mk\u00e4nsla n\u00e4r belastningen n\u00e5r 5 kg.<\/li>\n<li><strong>F\u00f6rst\u00e4rkt struktur<\/strong>: Anslutningen mellan handtaget och v\u00e4skkroppen antar en dubbelskiktslamineringsprocess, som har klarat 2000 belastningstester f\u00f6r att s\u00e4kerst\u00e4lla att den inte \u00e4r l\u00e4tt att bryta under transporten.<\/li>\n<\/ul>\n<h2 id=\"4-three-dimensional-decoration-and-practical-functions-\">4.\u00a0<strong>Tredimensionell dekoration och praktiska funktioner<\/strong><\/h2>\n<ul>\n<li><strong>Tillbeh\u00f6r f\u00f6r band<\/strong>: Med matt svart \/ champagneguld tv\u00e5f\u00e4rgat band kan det lindas runt handtaget eller h\u00e4ngas p\u00e5 v\u00e4skans mun f\u00f6r att f\u00f6rb\u00e4ttra den tredimensionella k\u00e4nslan och festliga atmosf\u00e4ren, l\u00e4mplig f\u00f6r br\u00f6llop, Halloween och andra scener.<\/li>\n<li><strong>Vikbar platt design<\/strong>: Pappersp\u00e5sens tjocklek \u00e4r bara 1,5 cm efter vikning, och lastvolymen p\u00e5 1000 stycken \/ l\u00e5da minskar 40% av utrymmet j\u00e4mf\u00f6rt med traditionella f\u00f6rpackningar, vilket minskar transportkostnaderna.<\/li>\n<\/ul>\n<h2 id=\"5-application-scenarios-and-advantages-\">5\u00a0<strong>Till\u00e4mpningsscenarier och f\u00f6rdelar<\/strong><\/h2>\n<ul>\n<li><strong>Till\u00e4mpliga scenarier<\/strong>: Presentf\u00f6rpackningar f\u00f6r stearinljus, exklusiva detaljhandelsf\u00f6rpackningar, br\u00f6llopssouvenirer, displayer f\u00f6r popup-butiker.<\/li>\n<li><strong>Centrala f\u00f6rdelar<\/strong>:<\/li>\n<li><strong>Milj\u00f6premie<\/strong>: FSC-certifiering och ISO-systemgodk\u00e4nnande, i linje med ESG-konsumtionstrender (milj\u00f6, samh\u00e4lle, bolagsstyrning), f\u00f6rb\u00e4ttrar varum\u00e4rkets gr\u00f6na image.<\/li>\n<li><strong>Kostnadsoptimering<\/strong>: Platta f\u00f6rpackningar minskar logistikkostnaderna, band- och tryckprocesser st\u00f6der kundanpassning och uppfyller behoven f\u00f6r sm\u00e5 partiorder.<\/li>\n<\/ul>\n<h2 id=\"-fourth-technical-parameters-and-ordering-information-\"><strong>Fj\u00e4rde, tekniska parametrar och best\u00e4llningsinformation<\/strong><\/h2>\n<table>\n<thead>\n<tr>\n<th>Projekt<\/th>\n<th>Detaljer om parametrar<\/th>\n<\/tr>\n<\/thead>\n<tbody>\n<tr>\n<td>Storlek<\/td>\n<td>Anpassning<\/td>\n<\/tr>\n<tr>\n<td>Lastb\u00e4rande<\/td>\n<td>\u22645 kg<\/td>\n<\/tr>\n<tr>\n<td>Minsta antal best\u00e4llningar<\/td>\n<td>500 (st\u00f6djer blandade f\u00e4rger och blandade stilar)<\/td>\n<\/tr>\n<tr>\n<td>Leveranscykel<\/td>\n<td>7-15 dagar (justeras enligt anpassningskrav)<\/td>\n<\/tr>\n<\/tbody>\n<\/table>","protected":false},"excerpt":{"rendered":"<p>Denna produkt bygger p\u00e5 k\u00e4rnkonceptet \"att kombinera milj\u00f6estetik med pragmatism\" och \u00e4r utformad f\u00f6r exklusiva ljusvarum\u00e4rken, julklappar och l\u00e4ttare lyxscenarier inom detaljhandeln. Genom f\u00e4rgmatchning i svart och guld och milj\u00f6v\u00e4nligt hantverk skapas en f\u00f6rpackningsl\u00f6sning som kombinerar visuell premium och funktionalitet.<\/p>","protected":false},"featured_media":959,"template":"","meta":{"_kad_post_transparent":"default","_kad_post_title":"","_kad_post_layout":"default","_kad_post_sidebar_id":"","_kad_post_content_style":"default","_kad_post_vertical_padding":"default","_kad_post_feature":"","_kad_post_feature_position":"","_kad_post_header":false,"_kad_post_footer":false,"_kad_post_classname":""},"product_brand":[],"product_cat":[15,17],"product_tag":[365,364,363],"class_list":{"0":"post-958","1":"product","2":"type-product","3":"status-publish","4":"has-post-thumbnail","6":"product_cat-red-light-therapy","7":"product_cat-services","8":"product_tag-custom-candle-paper-bags-wholesale","9":"product_tag-eco-friendly-shopping-bags","10":"product_tag-paper-shopping-bags-with-candle","12":"first","13":"instock","14":"shipping-taxable","15":"product-type-simple","16":"entry","17":"content-bg","18":"loop-entry"},"_links":{"self":[{"href":"https:\/\/red-lighttherapy.com\/sv\/wp-json\/wp\/v2\/product\/958","targetHints":{"allow":["GET"]}}],"collection":[{"href":"https:\/\/red-lighttherapy.com\/sv\/wp-json\/wp\/v2\/product"}],"about":[{"href":"https:\/\/red-lighttherapy.com\/sv\/wp-json\/wp\/v2\/types\/product"}],"wp:featuredmedia":[{"embeddable":true,"href":"https:\/\/red-lighttherapy.com\/sv\/wp-json\/wp\/v2\/media\/959"}],"wp:attachment":[{"href":"https:\/\/red-lighttherapy.com\/sv\/wp-json\/wp\/v2\/media?parent=958"}],"wp:term":[{"taxonomy":"product_brand","embeddable":true,"href":"https:\/\/red-lighttherapy.com\/sv\/wp-json\/wp\/v2\/product_brand?post=958"},{"taxonomy":"product_cat","embeddable":true,"href":"https:\/\/red-lighttherapy.com\/sv\/wp-json\/wp\/v2\/product_cat?post=958"},{"taxonomy":"product_tag","embeddable":true,"href":"https:\/\/red-lighttherapy.com\/sv\/wp-json\/wp\/v2\/product_tag?post=958"}],"curies":[{"name":"wp","href":"https:\/\/api.w.org\/{rel}","templated":true}]}}