{"id":952,"date":"2025-04-15T11:34:00","date_gmt":"2025-04-15T11:34:00","guid":{"rendered":"https:\/\/red-lighttherapy.com\/?post_type=product&#038;p=952"},"modified":"2025-04-15T12:24:59","modified_gmt":"2025-04-15T12:24:59","slug":"dealers-custom-luxury-paper-shopping-gift-bags-for-clothing","status":"publish","type":"product","link":"https:\/\/red-lighttherapy.com\/sv\/dealers-custom-luxury-paper-shopping-gift-bags-for-clothing\/","title":{"rendered":"\u00c5terf\u00f6rs\u00e4ljare anpassade lyxiga papper shopping presentp\u00e5sar f\u00f6r kl\u00e4der"},"content":{"rendered":"<h2>\u00c5terf\u00f6rs\u00e4ljare anpassade lyxiga papper shopping presentp\u00e5sar f\u00f6r kl\u00e4der<\/h2>\n<h2 id=\"1-color-and-visual-presentation-\">1.\u00a0<strong>F\u00e4rg och visuell presentation<\/strong><\/h2>\n<ul>\n<li>Huvudf\u00e4rgen \u00e4r\u00a0<strong>Pantone f\u00e4rgkort anpassad mjuk rosa<\/strong>\u00a0(st\u00f6der CMYK\/Pantone spotf\u00e4rgskalibrering) och\u00a0<strong>Offsettryck i fyra f\u00e4rger<\/strong>\u00a0uppn\u00e5r en enhetlig f\u00e4rg\u00f6verg\u00e5ng och ger en fr\u00e4sch och elegant visuell effekt.<\/li>\n<li>Ytan kan vara\u00a0<strong>matt\/glansigt belagd<\/strong>\u00a0f\u00f6r att f\u00f6rb\u00e4ttra slitstyrkan hos papper samtidigt som det beh\u00e5ller en k\u00e4nslig touch.<\/li>\n<\/ul>\n<h2 id=\"2-light-luxury-craft-details-\">2.\u00a0<strong>L\u00e4tta lyxiga hantverksdetaljer<\/strong><\/h2>\n<ul>\n<li><strong>Exakt varmst\u00e4mpling av guldlinjer p\u00e5 kanten<\/strong>: Med hj\u00e4lp av importerad varmst\u00e4mplingsfolie fr\u00e5n Tyskland kontrolleras linjefelet inom 0,5 mm f\u00f6r att f\u00f6rb\u00e4ttra mikro-lyxig konsistens.<\/li>\n<li><strong>Tredimensionell bandb\u00e5ge<\/strong>: Den tredimensionella konturen av b\u00e5gen formas genom den\u00a0<strong>3D-pr\u00e4glingsprocess<\/strong>och den matta bel\u00e4ggningen eller den lokala UV-processen kan v\u00e4ljas f\u00f6r att f\u00f6rb\u00e4ttra glans kontrasten, och den \u00e4r mer avancerad n\u00e4r den paras ihop med handgjorda sn\u00f6ren.<\/li>\n<\/ul>\n<h2 id=\"3-humanized-functional-design-\">3.\u00a0<strong>Humaniserad funktionell design<\/strong><\/h2>\n<ul>\n<li><strong>Halkfritt v\u00e5gformat grepp<\/strong>: Repet \u00e4r tillverkat av\u00a0<strong>tjock nylonk\u00e4rna + halkskyddande fl\u00e4tat lager av bomullsgarn<\/strong>och greppomr\u00e5det \u00e4r f\u00f6rinst\u00e4llt med ett v\u00e5gigt sp\u00e5r f\u00f6r att sprida lyfttrycket, och den b\u00e4rande kapaciteten kan n\u00e5 8 kg.<\/li>\n<li><strong>Struktur f\u00f6r bottenf\u00f6rst\u00e4rkning<\/strong>: Fem lager kompositkartong (tjocklek 0,4-0,6 mm) med\u00a0<strong>dubbelskiktad sj\u00e4lvh\u00e4ftande linje<\/strong>\u00a0f\u00f6r att s\u00e4kerst\u00e4lla stabiliteten hos tunga f\u00f6rem\u00e5l.<\/li>\n<\/ul>\n<h2 id=\"4-multiple-printing-processes-\">4.\u00a0<strong>Flera tryckprocesser<\/strong><\/h2>\n<ul>\n<li><strong>UV-pr\u00e4gling<\/strong>: Lokalt upph\u00f6jda bilder och texter \u00e4r r\u00f6rliga och l\u00e4mpliga f\u00f6r f\u00f6rst\u00e4rkning av varum\u00e4rkets LOGO.<\/li>\n<li><strong>Mikroperforeringsprocess<\/strong>: Skapa en andningsbar ih\u00e5lig effekt, l\u00e4mplig f\u00f6r sommarljusa lyxiga kl\u00e4df\u00f6rpackningsbehov.<\/li>\n<li><strong>Kallst\u00e4mplingsteknik<\/strong>: Metallstrukturm\u00f6nster kan uppn\u00e5s utan h\u00f6g temperatur, milj\u00f6v\u00e4nligt och kompatibelt med specialpapper.<\/li>\n<\/ul>\n<h2 id=\"5-suitable-for-multi-scene-design-\">5.\u00a0<strong>L\u00e4mplig f\u00f6r multi-scen-design<\/strong><\/h2>\n<ul>\n<li><strong>Souvenirer f\u00f6r f\u00f6retag<\/strong>: Kan trycka f\u00f6retagsslogans och varmst\u00e4mplingsnummer, fodrade med siden eller flanell f\u00f6r att f\u00f6rb\u00e4ttra k\u00e4nslan av ceremoni.<\/li>\n<li><strong>Br\u00f6llopsserien<\/strong>: Integrerar spetspr\u00e4gling, p\u00e4rlglansbel\u00e4ggning och andra element, st\u00f6der varmst\u00e4mpling av namnen p\u00e5 de nygifta.<\/li>\n<\/ul>\n<h2 id=\"6-material-and-production-standards-\">6.\u00a0<strong>Material- och produktionsstandarder<\/strong><\/h2>\n<ul>\n<li><strong>Val av basmaterial<\/strong>: 250-300g vit kartong (tjocklek 0,31-0,4mm) rekommenderas, med h\u00f6g f\u00e4rg\u00e5tergivning; eller milj\u00f6v\u00e4nligt vitt kraftpapper (120-200g), l\u00e4mpligt f\u00f6r varum\u00e4rken i naturlig stil.<\/li>\n<li><strong>Standarder f\u00f6r kvalitetskontroll<\/strong>: fel \u22641mm, utskriftsf\u00e4rgskillnad \u0394E\u22643.0, godk\u00e4nd ISO 12647-2 certifiering av f\u00e4rghanteringssystem.<\/li>\n<li><strong>Produktionscykel<\/strong>: 7-14 dagar (inklusive 3 bekr\u00e4ftelser av designutkast), st\u00f6d f\u00f6r snabb anpassning.<\/li>\n<\/ul>","protected":false},"excerpt":{"rendered":"<p>Denna high-end kl\u00e4der papper shopping presentp\u00e5se \u00e4r utformad f\u00f6r l\u00e4tta lyxm\u00e4rken, high-end detaljhandel och aff\u00e4rssouvenirer. Den anv\u00e4nder\u00a0<strong>mjuk k\u00f6rsb\u00e4rsblomsrosa<\/strong>\u00a0som huvudf\u00e4rg, kombinerat med\u00a0<strong>guldst\u00e4mplingslinjer<\/strong>\u00a0och\u00a0<strong>tredimensionell bandb\u00e5ge<\/strong>\u00a0hantverk f\u00f6r att skapa en f\u00f6rpackningsl\u00f6sning som \u00e4r b\u00e5de konstn\u00e4rlig och praktisk. Den st\u00f6der skr\u00e4ddarsydda tj\u00e4nster f\u00f6r hela processen och \u00e4r l\u00e4mplig f\u00f6r br\u00f6llop, popup-butiker f\u00f6r varum\u00e4rken, lyxdiskar och andra scenarier.<\/p>","protected":false},"featured_media":957,"template":"","meta":{"_kad_post_transparent":"default","_kad_post_title":"","_kad_post_layout":"default","_kad_post_sidebar_id":"","_kad_post_content_style":"default","_kad_post_vertical_padding":"default","_kad_post_feature":"","_kad_post_feature_position":"","_kad_post_header":false,"_kad_post_footer":false,"_kad_post_classname":""},"product_brand":[],"product_cat":[15,30,17],"product_tag":[361,362,360],"class_list":{"0":"post-952","1":"product","2":"type-product","3":"status-publish","4":"has-post-thumbnail","6":"product_cat-red-light-therapy","7":"product_cat-dropshipping","8":"product_cat-services","9":"product_tag-custom-clothing-gift-bags","10":"product_tag-dealers-shopping-gift-bags","11":"product_tag-paper-shopping-bags-for-clothing","13":"first","14":"instock","15":"shipping-taxable","16":"product-type-simple","17":"entry","18":"content-bg","19":"loop-entry"},"_links":{"self":[{"href":"https:\/\/red-lighttherapy.com\/sv\/wp-json\/wp\/v2\/product\/952","targetHints":{"allow":["GET"]}}],"collection":[{"href":"https:\/\/red-lighttherapy.com\/sv\/wp-json\/wp\/v2\/product"}],"about":[{"href":"https:\/\/red-lighttherapy.com\/sv\/wp-json\/wp\/v2\/types\/product"}],"wp:featuredmedia":[{"embeddable":true,"href":"https:\/\/red-lighttherapy.com\/sv\/wp-json\/wp\/v2\/media\/957"}],"wp:attachment":[{"href":"https:\/\/red-lighttherapy.com\/sv\/wp-json\/wp\/v2\/media?parent=952"}],"wp:term":[{"taxonomy":"product_brand","embeddable":true,"href":"https:\/\/red-lighttherapy.com\/sv\/wp-json\/wp\/v2\/product_brand?post=952"},{"taxonomy":"product_cat","embeddable":true,"href":"https:\/\/red-lighttherapy.com\/sv\/wp-json\/wp\/v2\/product_cat?post=952"},{"taxonomy":"product_tag","embeddable":true,"href":"https:\/\/red-lighttherapy.com\/sv\/wp-json\/wp\/v2\/product_tag?post=952"}],"curies":[{"name":"wp","href":"https:\/\/api.w.org\/{rel}","templated":true}]}}