{"id":946,"date":"2025-04-15T11:22:29","date_gmt":"2025-04-15T11:22:29","guid":{"rendered":"https:\/\/red-lighttherapy.com\/?post_type=product&#038;p=946"},"modified":"2025-04-15T11:33:47","modified_gmt":"2025-04-15T11:33:47","slug":"maker-lotion-eyebrow-pencil-lipstick-perfume-folding-carton","status":"publish","type":"product","link":"https:\/\/red-lighttherapy.com\/sv\/maker-lotion-eyebrow-pencil-lipstick-perfume-folding-carton\/","title":{"rendered":"Maker Lotion \u00d6gonbrynspenna L\u00e4ppstift Parfym F\u00e4llbar kartong"},"content":{"rendered":"<h2 id=\"folding-carton-product-description-customized-packaging-solution-for-lotion-eyebrow-pencil-lipstick-and-perfume\">Produktbeskrivning f\u00f6r vikbar kartong: Skr\u00e4ddarsydd f\u00f6rpackningsl\u00f6sning f\u00f6r lotion, \u00f6gonbrynspenna, l\u00e4ppstift och parfym<\/h2>\n<h2 id=\"-1-card-box-design-specially-optimized-for-tubular-hand-cream-to-prevent-shaking-during-transportation-\"><strong>1. Kartongdesign: speciellt optimerad f\u00f6r tubformad handkr\u00e4m f\u00f6r att f\u00f6rhindra skakning under transport<\/strong><\/h2>\n<p>Anta\u00a0<strong>kartongkonstruktion i ett stycke<\/strong>, med exakta partitionspartitioner designade inuti, anpassar sig perfekt till olika former av produkter som r\u00f6rformig handkr\u00e4m, \u00f6gonbrynspenna, l\u00e4ppstift etc. f\u00f6r att s\u00e4kerst\u00e4lla att ingen skakning under transport och undvika kollisionsskador.\u00a0<strong>Magnetisk kortplats<\/strong>\u00a0anv\u00e4nds p\u00e5 kanten av l\u00e5dkroppen f\u00f6r att fixera cylindriska f\u00f6rem\u00e5l som t.ex. parfymflaskor f\u00f6r att f\u00f6rb\u00e4ttra stabiliteten.<\/p>\n<h2 id=\"-2-high-strength-material-350g-white-cardboard-compression-resistant-structure-\"><strong>2. Material med h\u00f6g h\u00e5llfasthet: 350 g vit kartong + kompressionsbest\u00e4ndig struktur<\/strong><\/h2>\n<p>L\u00e5dans stomme \u00e4r tillverkad av\u00a0<strong>350 g vit kartong<\/strong>, och f\u00f6rst\u00e4rks av\u00a0<strong>korsf\u00f6rseglad botten + sidopaneler i dubbla lager<\/strong>, med en b\u00e4rf\u00f6rm\u00e5ga p\u00e5 mer \u00e4n 50 kg, uppfyller kraven f\u00f6r lagring av staplingstryck.\u00a0<strong>Test av tryckh\u00e5llfasthet<\/strong>\u00a0test kan den motst\u00e5 en lagringsmilj\u00f6 med 10 lager stapling f\u00f6r att s\u00e4kerst\u00e4lla att l\u00e5dans kropp inte deformeras.<\/p>\n<h2 id=\"-3-surface-lamination-process-moisture-proof-and-anti-fouling-in-line-with-hygiene-standards-\"><strong>3. Ytlamineringsprocess: fukts\u00e4ker och antifouling, i linje med hygienstandarder<\/strong><\/h2>\n<p>Ytan \u00e4r tillverkad av\u00a0<strong>milj\u00f6v\u00e4nlig matt lamineringsprocess<\/strong>\u00a0f\u00f6r att minska risken f\u00f6r fuktabsorption av kartong, och klarar samtidigt ISO 10993 biokompatibilitetstest, vilket uppfyller hygienstandarderna f\u00f6r kosmetiska f\u00f6rpackningar.\u00a0<strong>Silikonplatta av livsmedelskvalitet<\/strong>\u00a0l\u00e4ggs till i det inre lagret f\u00f6r att f\u00f6rhindra att kosmetika kommer i direkt kontakt med kartongen, vilket garanterar produkts\u00e4kerheten.<\/p>\n<h2 id=\"-4-brand-logo-process-hot-stamping-logo-precision-printing-\"><strong>4. Process f\u00f6r varum\u00e4rkeslogotyp: varmst\u00e4mpling LOGO + precisionsutskrift<\/strong><\/h2>\n<p>LOGOTYPEN antar\u00a0<strong>tredimensionell varmst\u00e4mplingsprocess<\/strong>och uppn\u00e5r h\u00f6gglansig metallisk textur genom precisionsgravyr av silikonplatta (fel \u22640,1 mm), vilket st\u00f6der anpassning av flera f\u00e4rger som guld, silver och ros\u00e9guld. Tryckskiktet behandlas med\u00a0<strong>nano UV-bel\u00e4ggning<\/strong>, som \u00e4r slitstark och rept\u00e5lig och inte bleknar efter l\u00e5ngvarig lagring, vilket framh\u00e4ver varum\u00e4rkets avancerade image.<\/p>\n<h2 id=\"-5-high-degree-of-customization-flexible-adaptation-to-multiple-categories-of-needs-\"><strong>5. H\u00f6g grad av kundanpassning: flexibel anpassning till flera olika behovskategorier<\/strong><\/h2>\n<ul>\n<li><strong>Anpassning av storlek<\/strong>: har en l\u00e4ngdjustering p\u00e5 5-30 cm och kan rymma produkter med olika specifikationer, t.ex. parfymflaskor p\u00e5 30 ml och \u00f6gonbrynspennor p\u00e5 15 cm.<\/li>\n<li><strong>Funktionsexpansion<\/strong>: Valfri skiktning av l\u00e5dtyp, transparent f\u00f6nster, bandf\u00f6rsegling och andra m\u00f6nster kan tillgodose behoven hos kosmetika, parfym presentf\u00f6rpackningar och andra scenarier.<\/li>\n<li><strong>M\u00f6nsterdesign<\/strong>: Tillhandah\u00e5lla kompletta tj\u00e4nster f\u00f6r design av fodral, fr\u00e5n l\u00e5dstruktur till varmst\u00e4mplingsm\u00f6nster, one-stop-matchning av varum\u00e4rkets visuella spr\u00e5k.<\/li>\n<\/ul>\n<h2 id=\"-6-source-factory-support-16-years-of-experience-small-batch-flexible-production-\"><strong>6. K\u00e4llfabrikens st\u00f6d: 16 \u00e5rs erfarenhet, flexibel produktion av sm\u00e5 satser<\/strong><\/h2>\n<p>Att f\u00f6rlita sig p\u00e5\u00a0<strong>16-\u00e5rig f\u00f6rpackning tillverkning k\u00e4lla fabrik<\/strong>\u00a0i Guangdong, Kina, antar den helautomatisk stansmaskin + produktionslinje f\u00f6r varmst\u00e4mpling, st\u00f6der\u00a0<strong>500st minsta best\u00e4llning<\/strong>och levererar inom 7-15 dagar. Tillhandah\u00e5lla\u00a0<strong>kostnadsfri provtryckningstj\u00e4nst<\/strong>\u00a0f\u00f6r att s\u00e4kerst\u00e4lla korrekt matchning av detaljer f\u00f6re massproduktion.<\/p>","protected":false},"excerpt":{"rendered":"<p>Denna kartong \u00e4r tillverkad av 350 g vit kartong. Ytbel\u00e4ggningen kan minska risken f\u00f6r fuktabsorption av kartongen. Den uppfyller hygienkraven f\u00f6r kosmetikaf\u00f6rpackningar och kan perfekt anpassas till formen p\u00e5 tubhandkr\u00e4men f\u00f6r att undvika skakningar under transport.<\/p>","protected":false},"featured_media":947,"template":"","meta":{"_kad_post_transparent":"default","_kad_post_title":"","_kad_post_layout":"default","_kad_post_sidebar_id":"","_kad_post_content_style":"default","_kad_post_vertical_padding":"default","_kad_post_feature":"","_kad_post_feature_position":"","_kad_post_header":false,"_kad_post_footer":false,"_kad_post_classname":""},"product_brand":[],"product_cat":[15,28,24,17],"product_tag":[357,358,359],"class_list":{"0":"post-946","1":"product","2":"type-product","3":"status-publish","4":"has-post-thumbnail","6":"product_cat-red-light-therapy","7":"product_cat-customize","8":"product_cat-red-light-therapy-bed","9":"product_cat-services","10":"product_tag-eyebrow-pencil-folding-carton","11":"product_tag-lipstick-folding-carton","12":"product_tag-perfume-packaging-boxes","14":"first","15":"instock","16":"shipping-taxable","17":"product-type-simple","18":"entry","19":"content-bg","20":"loop-entry"},"_links":{"self":[{"href":"https:\/\/red-lighttherapy.com\/sv\/wp-json\/wp\/v2\/product\/946","targetHints":{"allow":["GET"]}}],"collection":[{"href":"https:\/\/red-lighttherapy.com\/sv\/wp-json\/wp\/v2\/product"}],"about":[{"href":"https:\/\/red-lighttherapy.com\/sv\/wp-json\/wp\/v2\/types\/product"}],"wp:featuredmedia":[{"embeddable":true,"href":"https:\/\/red-lighttherapy.com\/sv\/wp-json\/wp\/v2\/media\/947"}],"wp:attachment":[{"href":"https:\/\/red-lighttherapy.com\/sv\/wp-json\/wp\/v2\/media?parent=946"}],"wp:term":[{"taxonomy":"product_brand","embeddable":true,"href":"https:\/\/red-lighttherapy.com\/sv\/wp-json\/wp\/v2\/product_brand?post=946"},{"taxonomy":"product_cat","embeddable":true,"href":"https:\/\/red-lighttherapy.com\/sv\/wp-json\/wp\/v2\/product_cat?post=946"},{"taxonomy":"product_tag","embeddable":true,"href":"https:\/\/red-lighttherapy.com\/sv\/wp-json\/wp\/v2\/product_tag?post=946"}],"curies":[{"name":"wp","href":"https:\/\/api.w.org\/{rel}","templated":true}]}}