{"id":940,"date":"2025-04-15T11:10:13","date_gmt":"2025-04-15T11:10:13","guid":{"rendered":"https:\/\/red-lighttherapy.com\/?post_type=product&#038;p=940"},"modified":"2025-04-15T11:24:12","modified_gmt":"2025-04-15T11:24:12","slug":"dealers-custom-cosmetic-perfume-folding-carton-packaging-box","status":"publish","type":"product","link":"https:\/\/red-lighttherapy.com\/sv\/dealers-custom-cosmetic-perfume-folding-carton-packaging-box\/","title":{"rendered":"\u00c5terf\u00f6rs\u00e4ljare Anpassad kosmetisk parfym vikbar kartongf\u00f6rpackningsl\u00e5da"},"content":{"rendered":"<h2 id=\"-customized-cosmetics-and-perfume-folding-paper-box-packaging-box-product-description-\"><strong>Anpassad produktbeskrivning av f\u00f6rpackningsl\u00e5da f\u00f6r kosmetika och parfym i vikbar kartong<\/strong><\/h2>\n<h2 id=\"-1-innovative-card-box-design-folding-structure-combines-beauty-and-practicality-\"><strong>1. Innovativ kortboxdesign: vikbar struktur kombinerar sk\u00f6nhet och funktionalitet<\/strong><\/h2>\n<p>Denna vikbara pappersl\u00e5da antar en limfri modelleringsstruktur, som kan uppn\u00e5 snabb vikning och bli genom exakta f\u00e4rgsk\u00e4rningstekniker, vilket avsev\u00e4rt kan f\u00f6rb\u00e4ttra rymdanv\u00e4ndningen. Den skickas i en platt form, vilket sparar 30% lagrings- och logistikkostnader. L\u00e5ddesignen inneh\u00e5ller specialstorlekselement som b\u00f6jda sidopaneler och konkava ytor, och den \u00e4r ihopkopplad med en magnetisk t\u00e4tning eller korst\u00e4tningsstruktur, som inte bara \u00e5terspeglar den slutliga uppt\u00e4ckten av varum\u00e4rkesdetaljer utan ocks\u00e5 s\u00e4kerst\u00e4ller kompression och st\u00f6tt\u00e5lighet under transport.<\/p>\n<h2 id=\"-2-white-cardboard-material-lightweight-and-protective-performance-\"><strong>2. Vitt kartongmaterial: l\u00e5g vikt och skyddande prestanda<\/strong><\/h2>\n<p>Med 350 g h\u00f6gviktig vit kartong som huvudmaterial n\u00e5r dess h\u00e5rdhet 8,5 N-m\u00b2\/g och dess rivstyrka \u00f6verstiger industristandarden med 20%, vilket effektivt motst\u00e5r risken f\u00f6r kollision med parfymflaskor. Genom den integrerade gjutdesignen f\u00f6r att minska s\u00f6mmarna optimeras l\u00e5dtjockleken till 1,2 mm och vikten minskas med 25% j\u00e4mf\u00f6rt med traditionella gr\u00e5 kartongl\u00e5dor, vilket ger en besparing p\u00e5 15% i transportkostnader per tusen bitar, vilket perfekt balanserar funktionalitet och ekonomi.<\/p>\n<h2 id=\"-3-high-precision-printing-process-visual-texture-is-upgraded-\"><strong>3. Tryckprocess med h\u00f6g precision: visuell struktur uppgraderas<\/strong><\/h2>\n<p>Genom att anv\u00e4nda sexf\u00e4rgad gravyrtrycksteknik n\u00e5r den minsta punktnoggrannheten 175 linjer \/ tum och textkantfelet kontrolleras inom \u00b1 0,1 mm. Med den lokala UV-glasprocessen n\u00e5r den r\u00f6da m\u00e4ttnaden av jordgubbsm\u00f6nstret Pantone 185C-standarden och f\u00e4rgskillnaden \u0394E\u22641,5. Den heta st\u00e4mplingsprocessen anv\u00e4nder 0,08 mm elektrokemisk aluminiumfolie, och det exakta positioneringsfelet \u00e4r \u22640,3 mm, vilket s\u00e4kerst\u00e4ller att LOGO och textur inte har n\u00e5gra grader och inget bl\u00e4ck\u00f6verfl\u00f6d.<\/p>\n<h2 id=\"-4-youthful-visual-design-red-main-tone-and-strawberry-element-fusion-\"><strong>4. Ungdomlig visuell design: r\u00f6d huvudton och sammansm\u00e4ltning av jordgubbselement<\/strong><\/h2>\n<p>F\u00f6rpackningsl\u00e5dan \u00e4r baserad p\u00e5 ljus cinnoberr\u00f6d (RGB 230, 0, 50), med ett tredimensionellt reliefm\u00f6nster med jordgubbar, och en taktil skiktning bildas genom skillnaden i lackskiktets tjocklek. Jordgubbsfruktpartiklarna \u00e4r tryckta med gradientprickar f\u00f6r att simulera naturliga ljus- och skuggeffekter, vilket drar till sig uppm\u00e4rksamheten hos kvinnliga kunder i \u00e5ldern 18-35 \u00e5r. L\u00e5dans foder best\u00e5r av EVA-flock eller transparenta PET-f\u00f6nster f\u00f6r att f\u00f6rst\u00e4rka k\u00e4nslan av att \u00f6ppna l\u00e5dan, samtidigt som det bildar en visuell koppling till parfymflaskans design.<\/p>\n<h2 id=\"-5-environmental-certification-system-green-supply-chain-endorsement-\"><strong>5. Milj\u00f6certifieringssystem: Godk\u00e4nnande av gr\u00f6n leveranskedja<\/strong><\/h2>\n<p>R\u00e5varorna \u00e4r FSC-COC-certifierade (certifikatnummer FSC-C123456) f\u00f6r att s\u00e4kerst\u00e4lla att papperet kommer fr\u00e5n konstant sk\u00f6tta skogar. Produktionsprocessen \u00f6verensst\u00e4mmer med milj\u00f6ledningssystemet ISO 14001 och kvalitetssystemet ISO 9001, VOC-utsl\u00e4ppet fr\u00e5n vattenbaserat bl\u00e4ck \u00e4r \u226450MG\/M \u00e4r IS och \u00e5tervinningsgraden f\u00f6r f\u00e4rdiga produkter \u00e4r 98%. Den dubbla certifieringslogotypen \u00e4r tryckt p\u00e5 en framtr\u00e4dande plats p\u00e5 ytterkartongen f\u00f6r att \u00f6ka slutkundens f\u00f6rtroende f\u00f6r varum\u00e4rkets sociala ansvar.<\/p>\n<h2 id=\"-6-full-process-quality-control-16-years-of-local-manufacturing-experience-guarantee-\"><strong>6. Kvalitetskontroll i hela processen: 16 \u00e5rs lokal tillverkningserfarenhet garanterar<\/strong><\/h2>\n<ul>\n<li><strong>Screening av r\u00e5material<\/strong>: Fuktinneh\u00e5llet i vit kartong kontrolleras till 4,5% \u00b1 0,5%, askhalt \u226412%<\/li>\n<li><strong>\u00d6vervakning av utskrifter<\/strong>: Online-kolorimetern kalibreras automatiskt var 15:e minut f\u00f6r att s\u00e4kerst\u00e4lla att batchen \u00e4r konsekvent<\/li>\n<li><strong>Strukturellt test<\/strong>: Simulerat transportvibrationstest \u22652000 g\u00e5nger, t\u00e4tningsstyrka \u226515N\/15mm<\/li>\n<li><strong>Provtagning av f\u00e4rdig produkt<\/strong>: AQL 1.0 standard, defekta produkters f\u00e5ngstfrekvens 100%<\/li>\n<li><strong>System f\u00f6r sp\u00e5rbarhet<\/strong>: Varje batch har en oberoende QR-kod, som kan sp\u00e5ras till den specifika produktionslinjen och operat\u00f6ren<\/li>\n<\/ul>\n<h2 id=\"-manufacturer-advantages-\"><strong>F\u00f6rdelar f\u00f6r tillverkaren<\/strong><\/h2>\n<ul>\n<li><strong>Leveranstid<\/strong>: 500 stycken minsta best\u00e4llning, 7-12 dagar full process leverans (inklusive korrekturbekr\u00e4ftelse)<\/li>\n<li><strong>Anpassad service<\/strong>: St\u00f6d f\u00f6r dockning av filer i AI\/CDR-format, gratis f\u00f6rslag p\u00e5 strukturell optimering<\/li>\n<li><strong>Garanti efter f\u00f6rs\u00e4ljning<\/strong>: Tillhandah\u00e5lla ovillkorlig omarbetning av defekta produkter och kanal f\u00f6r akut orderp\u00e5fyllning<\/li>\n<\/ul>","protected":false},"excerpt":{"rendered":"<p>Denna kartong antar tryckteknik med h\u00f6g precision. M\u00f6nstret och texten \u00e4r tydliga och k\u00e4nsliga utan grader, och f\u00e4rgm\u00e4ttnaden \u00e4r h\u00f6g. Den ljusr\u00f6da f\u00e4rgen och det fr\u00e4scha jordgubbsm\u00f6nstret lockar unga kunder. Den har b\u00e5de visuell p\u00e5verkan och varum\u00e4rkeston. Den kan vikas f\u00f6r leverans. Det har b\u00e5de estetik och rymdutnyttjande, vilket visar varum\u00e4rkets ultimata str\u00e4van efter detaljer.<\/p>","protected":false},"featured_media":942,"template":"","meta":{"_kad_post_transparent":"default","_kad_post_title":"","_kad_post_layout":"default","_kad_post_sidebar_id":"","_kad_post_content_style":"default","_kad_post_vertical_padding":"default","_kad_post_feature":"","_kad_post_feature_position":"","_kad_post_header":false,"_kad_post_footer":false,"_kad_post_classname":""},"product_brand":[],"product_cat":[15,28,24,17],"product_tag":[354,356,355],"class_list":{"0":"post-940","1":"product","2":"type-product","3":"status-publish","4":"has-post-thumbnail","6":"product_cat-red-light-therapy","7":"product_cat-customize","8":"product_cat-red-light-therapy-bed","9":"product_cat-services","10":"product_tag-custom-cosmetic-box","11":"product_tag-dealers-cosmetic-perfume-packaging","12":"product_tag-perfume-folding-carton","14":"first","15":"instock","16":"shipping-taxable","17":"product-type-simple","18":"entry","19":"content-bg","20":"loop-entry"},"_links":{"self":[{"href":"https:\/\/red-lighttherapy.com\/sv\/wp-json\/wp\/v2\/product\/940","targetHints":{"allow":["GET"]}}],"collection":[{"href":"https:\/\/red-lighttherapy.com\/sv\/wp-json\/wp\/v2\/product"}],"about":[{"href":"https:\/\/red-lighttherapy.com\/sv\/wp-json\/wp\/v2\/types\/product"}],"wp:featuredmedia":[{"embeddable":true,"href":"https:\/\/red-lighttherapy.com\/sv\/wp-json\/wp\/v2\/media\/942"}],"wp:attachment":[{"href":"https:\/\/red-lighttherapy.com\/sv\/wp-json\/wp\/v2\/media?parent=940"}],"wp:term":[{"taxonomy":"product_brand","embeddable":true,"href":"https:\/\/red-lighttherapy.com\/sv\/wp-json\/wp\/v2\/product_brand?post=940"},{"taxonomy":"product_cat","embeddable":true,"href":"https:\/\/red-lighttherapy.com\/sv\/wp-json\/wp\/v2\/product_cat?post=940"},{"taxonomy":"product_tag","embeddable":true,"href":"https:\/\/red-lighttherapy.com\/sv\/wp-json\/wp\/v2\/product_tag?post=940"}],"curies":[{"name":"wp","href":"https:\/\/api.w.org\/{rel}","templated":true}]}}