{"id":929,"date":"2025-04-15T10:39:22","date_gmt":"2025-04-15T10:39:22","guid":{"rendered":"https:\/\/red-lighttherapy.com\/?post_type=product&#038;p=929"},"modified":"2025-04-15T10:55:24","modified_gmt":"2025-04-15T10:55:24","slug":"vendor-child-proof-empty-510-disposable-vape-pen-packaging","status":"publish","type":"product","link":"https:\/\/red-lighttherapy.com\/sv\/vendor-child-proof-empty-510-disposable-vape-pen-packaging\/","title":{"rendered":"Vendor Barns\u00e4ker tom 510 eng\u00e5ngsf\u00f6rpackning f\u00f6r Vape Pen"},"content":{"rendered":"<h2 id=\"child-proof-510-disposable-electronic-cigarette-pen-packaging-product-description\">Barns\u00e4ker 510 eng\u00e5ngsf\u00f6rpackning f\u00f6r vape-pennor produktbeskrivning<\/h2>\n<h2 id=\"1-intelligent-drawer-style-child-proof-opening-and-closing-design-\">1.\u00a0<strong>Intelligent barns\u00e4ker \u00f6ppnings- och st\u00e4ngningsdesign i l\u00e5dformat<\/strong><\/h2>\n<p>Med sin push-pull-struktur kan den enkelt man\u00f6vreras med en hand, och barnskyddsfunktionen realiseras genom mekanisk d\u00e4mpningsdesign. L\u00e5dskenan \u00e4r utrustad med en dubbel sp\u00e4nningsmekanism och en specifik vinkel och kraft m\u00e5ste appliceras under push-pull-processen f\u00f6r att \u00f6ppna den, vilket inte bara uppfyller vuxnas behov av bekv\u00e4m \u00e5tkomst utan ocks\u00e5 effektivt undviker risken f\u00f6r oavsiktlig \u00f6ppning eller glidning av barn.<\/p>\n<h2 id=\"2-environmentally-friendly-and-durable-coated-paper-material-\">2.\u00a0<strong>Milj\u00f6v\u00e4nligt och h\u00e5llbart bestruket pappersmaterial<\/strong><\/h2>\n<p>L\u00e5dans stomme best\u00e5r av FSC-certifierat bestruket papperssubstrat och ytan \u00e4r t\u00e4ckt med en slitstark och \u00e5ldringsbest\u00e4ndig bel\u00e4ggning. Den t\u00e5l h\u00f6gfrekvent \u00f6ppning och st\u00e4ngning och transportslitage och st\u00f6der upprepad anv\u00e4ndning i mer \u00e4n 100 g\u00e5nger. Matt processbehandling minskar fingeravtrycksrester, kombinerat med rent svart utseende design, l\u00e4mplig f\u00f6r avancerade scenarier som f\u00f6retag och medicin.<\/p>\n<h2 id=\"3-precision-mold-and-integrated-molding-process-\">3.\u00a0<strong>Precisionsform och integrerad gjutningsprocess<\/strong><\/h2>\n<p>Genom \u00b1 0,01 mm h\u00f6gprecisionsformsk\u00e4rningsteknik, se till att kanterna \u00e4r plana och burrfria och att \u00f6ppnings- och st\u00e4ngningsstrukturen \u00e4r s\u00f6ml\u00f6s. Den limfria integrerade vikformningsprocessen eliminerar fogar och bindningssvagheter i traditionella f\u00f6rpackningar, \u00f6kar den totala tryckh\u00e5llfastheten med 40% och f\u00f6rl\u00e4nger livsl\u00e4ngden till tv\u00e5 g\u00e5nger branschstandarden.<\/p>\n<h2 id=\"4-customized-eva-lining-and-shock-protection-\">4.\u00a0<strong>Anpassat EVA-foder och st\u00f6tskydd<\/strong><\/h2>\n<p>Det vita EVA-fodret \u00e4r CNC-skuret f\u00f6r att bilda ett sp\u00e5r som passar produkten av 510-penntyp, med en fixeringsnoggrannhet p\u00e5 \u00b10,5 mm f\u00f6r att f\u00f6rhindra f\u00f6rskjutning under transport. Fodrets skiljev\u00e4gg st\u00f6der personlig justering och \u00e4r kompatibel med olika specifikationer f\u00f6r bl\u00e4ckpatroner eller extra tillbeh\u00f6r (t.ex. laddningskablar, manualer), och buffringsprestandan har klarat certifieringen f\u00f6r 1,5 meters falltest.<\/p>\n<h2 id=\"5-modular-customization-and-global-compliance-\">5.\u00a0<strong>Modul\u00e4r anpassning och global efterlevnad<\/strong><\/h2>\n<p>F\u00f6rpackningen m\u00f6jligg\u00f6r flexibel justering av storlek, \u00f6ppningsposition och foderpartition f\u00f6r att uppfylla kundernas krav p\u00e5 kompatibilitet f\u00f6r produkter med flera specifikationer. Materialet har genomg\u00e5tt FSC:s h\u00e5llbarhetscertifiering f\u00f6r skog och uppfyller globala milj\u00f6best\u00e4mmelser som EU REACH och US FDA, vilket hj\u00e4lper f\u00f6retag att uppn\u00e5 m\u00e5len f\u00f6r en gr\u00f6n leveranskedja.<\/p>","protected":false},"excerpt":{"rendered":"<p>Pappersl\u00e5dans barns\u00e4kra \u00f6ppnings- och st\u00e4ngningsdesign g\u00f6r det enkelt att skjuta och dra f\u00f6rem\u00e5l med en hand samtidigt som oavsiktlig glidning f\u00f6rhindras. Det bestrukna pappersmaterialet \u00e4r slitstarkt och \u00e5ldringsbest\u00e4ndigt, \u00e5teranv\u00e4ndbart och i linje med milj\u00f6skydd och ekonomiska koncept. Den st\u00f6der personlig justering av storlek, \u00f6ppningsposition och foderpartition f\u00f6r att m\u00f6ta behoven hos olika specifikationer f\u00f6r bl\u00e4ckpatroner eller speciella produktf\u00f6rpackningar.<\/p>","protected":false},"featured_media":930,"template":"","meta":{"_kad_post_transparent":"default","_kad_post_title":"","_kad_post_layout":"default","_kad_post_sidebar_id":"","_kad_post_content_style":"default","_kad_post_vertical_padding":"default","_kad_post_feature":"","_kad_post_feature_position":"","_kad_post_header":false,"_kad_post_footer":false,"_kad_post_classname":""},"product_brand":[],"product_cat":[15,20,40,17],"product_tag":[351,169,350],"class_list":{"0":"post-929","1":"product","2":"type-product","3":"status-publish","4":"has-post-thumbnail","6":"product_cat-red-light-therapy","7":"product_cat-led-face-light-therapy","8":"product_cat-red-light-therapy-panel","9":"product_cat-services","10":"product_tag-empty-vape-cartridge-packaging","11":"product_tag-vape-cartridge-packaging","12":"product_tag-vape-cartridge-packaging-usa","14":"first","15":"instock","16":"shipping-taxable","17":"product-type-simple","18":"entry","19":"content-bg","20":"loop-entry"},"_links":{"self":[{"href":"https:\/\/red-lighttherapy.com\/sv\/wp-json\/wp\/v2\/product\/929","targetHints":{"allow":["GET"]}}],"collection":[{"href":"https:\/\/red-lighttherapy.com\/sv\/wp-json\/wp\/v2\/product"}],"about":[{"href":"https:\/\/red-lighttherapy.com\/sv\/wp-json\/wp\/v2\/types\/product"}],"wp:featuredmedia":[{"embeddable":true,"href":"https:\/\/red-lighttherapy.com\/sv\/wp-json\/wp\/v2\/media\/930"}],"wp:attachment":[{"href":"https:\/\/red-lighttherapy.com\/sv\/wp-json\/wp\/v2\/media?parent=929"}],"wp:term":[{"taxonomy":"product_brand","embeddable":true,"href":"https:\/\/red-lighttherapy.com\/sv\/wp-json\/wp\/v2\/product_brand?post=929"},{"taxonomy":"product_cat","embeddable":true,"href":"https:\/\/red-lighttherapy.com\/sv\/wp-json\/wp\/v2\/product_cat?post=929"},{"taxonomy":"product_tag","embeddable":true,"href":"https:\/\/red-lighttherapy.com\/sv\/wp-json\/wp\/v2\/product_tag?post=929"}],"curies":[{"name":"wp","href":"https:\/\/api.w.org\/{rel}","templated":true}]}}