{"id":923,"date":"2025-04-15T10:22:56","date_gmt":"2025-04-15T10:22:56","guid":{"rendered":"https:\/\/red-lighttherapy.com\/?post_type=product&#038;p=923"},"modified":"2025-04-16T16:38:08","modified_gmt":"2025-04-16T16:38:08","slug":"custom-clamshell-perfume-gift-boxes-packaging-supplies","status":"publish","type":"product","link":"https:\/\/red-lighttherapy.com\/sv\/custom-clamshell-perfume-gift-boxes-packaging-supplies\/","title":{"rendered":"Clamshell parfym presentaskar med tryck F\u00f6rpackningstillbeh\u00f6r"},"content":{"rendered":"<h3 id=\"1-full-dimensional-brand-customization-service-\">1.\u00a0<strong>Fulldimensionell tj\u00e4nst f\u00f6r varum\u00e4rkesanpassning<\/strong><\/h3>\n<p>Vi tillhandah\u00e5ller anpassningstj\u00e4nster f\u00f6r hela processen fr\u00e5n design till produktion och kan flexibelt justera f\u00f6rpackningsl\u00e5dans storlek, hantverk, f\u00e4rgmatchning och struktur enligt varum\u00e4rkespositionering, produktegenskaper och marknadens efterfr\u00e5gan. Oavsett om det \u00e4r enkel modern stil, orientaliska estetiska element eller avancerad konstillustrationsstil, kan den exakt matcha varum\u00e4rkestonen. Till exempel genom varmst\u00e4mpling, pr\u00e4gling, pr\u00e4gling och andra processer f\u00f6r att f\u00f6rb\u00e4ttra den visuella skiktningen, eller integrera varum\u00e4rkets exklusiva LOGO och kulturella symboler f\u00f6r att skapa en unik f\u00f6rpackningsl\u00f6sning.<\/p>\n<h3 id=\"2-16-year-source-factory-quality-and-cost-double-guarantee-\">2.\u00a0<strong>16-\u00e5rig k\u00e4llfabrik, dubbel garanti f\u00f6r kvalitet och kostnad<\/strong><\/h3>\n<p>Som en k\u00e4llfabrik med 16 \u00e5rs djup odling inom f\u00f6rpackningsindustrin har vi ett komplett leveranskedjesystem som \u00e4r helt kontrollerbart fr\u00e5n r\u00e5varuupphandling till produktion och bearbetning. Vi anv\u00e4nder en storskalig produktionsmodell f\u00f6r att s\u00e4nka kostnaderna och kontrollerar strikt detaljer som pappersvikt och milj\u00f6skydd f\u00f6r lim f\u00f6r att s\u00e4kerst\u00e4lla att produkten har b\u00e5de h\u00f6g kostnadsprestanda och h\u00e5llbarhet. V\u00e5ra samarbetskunder t\u00e4cker internationella sk\u00f6nhetsm\u00e4rken och banbrytande doftf\u00f6retag, och kvaliteten har verifierats av marknaden under l\u00e5ng tid.<\/p>\n<h3 id=\"3-design-empowers-brand-value-enhancement-\">3.\u00a0<strong>Design ger m\u00f6jlighet att \u00f6ka varum\u00e4rkets v\u00e4rde<\/strong><\/h3>\n<p>F\u00f6rpackningsdesignteamet \u00e4r v\u00e4l insatt i logiken bakom lyxf\u00f6rpackningar och f\u00f6rb\u00e4ttrar produktens merv\u00e4rde genom materialkontrast, f\u00e4rgpsykologi och strukturell innovation. Till exempel framh\u00e4ver kombinationen av gr\u00e5 kartong och svart kartong inte bara den lugna texturen, utan uppn\u00e5r ocks\u00e5 s\u00f6ml\u00f6s passform mellan fodret och produkten genom stansningsteknik, vilket f\u00f6rmedlar den professionella bilden av ett avancerat varum\u00e4rke. Fall visar att skr\u00e4ddarsydd design kan \u00f6ka konsumenternas gunst gentemot varum\u00e4rket med mer \u00e4n 40%.<\/p>\n<h3 id=\"4-scientific-lining-protection-system-\">4.\u00a0<strong>Vetenskapligt skyddssystem f\u00f6r foder<\/strong><\/h3>\n<p>Fodret anv\u00e4nder material med h\u00f6g d\u00e4mpning som EVA-skum, flockning eller anpassad svamp och passar exakt parfymflaskans kontur genom precisionsstansningsteknik f\u00f6r att undvika skakning och kollision under transport. Det inre lagret av gr\u00e5 kartong (1200 GSM) ger grundl\u00e4ggande st\u00f6d och det yttre lagret av svart kartong (120 GSM) f\u00f6rb\u00e4ttrar tryckmotst\u00e5ndet. Dubbelt skydd s\u00e4kerst\u00e4ller att produkten \u00e4r intakt.<\/p>\n<h3 id=\"5-environmentally-friendly-materials-stable-structure-\">5.\u00a0<strong>Milj\u00f6v\u00e4nliga material, stabil struktur<\/strong><\/h3>\n<p>K\u00e4rnmaterialen \u00e4r 1200 GSM gr\u00e5 kartong och 120 GSM svart kartong, som \u00e4r RoHS-kompatibla och har b\u00e5de h\u00f6g h\u00e5llfasthet och l\u00e4ttviktsf\u00f6rdelar. Den gr\u00e5 kartongen \u00e4r fukts\u00e4kert behandlad f\u00f6r att kunna anpassas till olika temperatur- och luftfuktighetsmilj\u00f6er; den svarta kartongen har en sl\u00e4t yta och stark tryckadhesion, som kan ge komplexa effekter som k\u00e4nsliga gradienter och varmst\u00e4mpling, vilket uppfyller high-end-marknadens str\u00e4nga krav p\u00e5 f\u00f6rpackningsstabilitet.<\/p>\n<h3 id=\"6-flip-top-design-practical-and-aesthetic-balance-\">6.\u00a0<strong>Flip-top-design, praktisk och estetisk balans<\/strong><\/h3>\n<p>Flip-top-boxen har en magnetisk eller sp\u00e4nnst\u00e4ngningsstruktur som enkelt kan \u00f6ppnas med en hand och displayf\u00f6nstrets design g\u00f6r att produkten kan ses med en blick. \u00d6ppnings- och st\u00e4ngningsvinklarna \u00e4r ergonomiskt optimerade och \u00e5tkomstupplevelsen \u00e4r smidig. Samtidigt kan flip anv\u00e4ndas som ett frist\u00e5ende displayst\u00e4ll n\u00e4r det \u00e4r uppst\u00e4llt, vilket \u00e4r l\u00e4mpligt f\u00f6r diskdisplay eller presentutdelning och kombinerar funktionalitet och ritual.<\/p>\n<h3 id=\"7-natural-color-matching-exquisite-style-\">7.\u00a0<strong>Naturlig f\u00e4rgmatchning, uts\u00f6kt stil<\/strong><\/h3>\n<p>Det \u00f6vergripande gr\u00f6na f\u00e4rgschemat med l\u00e5g m\u00e4ttnad \u00e5terspeglar begreppet milj\u00f6skydd, samtidigt som det f\u00f6rmedlar en fr\u00e4sch och avancerad varum\u00e4rkesimage. Enkla l\u00e5dformade linjer med matt\/pearlescent ytbehandling undviker \u00f6verdriven dekoration och f\u00f6rmedlar varum\u00e4rkets stil genom sj\u00e4lva materialets struktur. Faktiska testdata visar att den h\u00e4r typen av design kan f\u00f6rl\u00e4nga produktens visuella vistelsetid p\u00e5 hyllan med 30%.<\/p>","protected":false},"excerpt":{"rendered":"<p>Fr\u00e5n kreativ design till massproduktion och leverans har vi 16 \u00e5rs branscherfarenhet och hj\u00e4lper varum\u00e4rken att sticka ut i den h\u00e5rda konkurrensen genom skr\u00e4ddarsydda l\u00f6sningar. Oavsett om det handlar om julklappar, exklusiva e-handelsprodukter eller displayer f\u00f6r offlinebutiker kan vi erbjuda anpassade l\u00f6sningar f\u00f6r att f\u00f6rb\u00e4ttra produkternas premiumkapacitet.<\/p>","protected":false},"featured_media":924,"template":"","meta":{"_kad_post_transparent":"default","_kad_post_title":"","_kad_post_layout":"default","_kad_post_sidebar_id":"","_kad_post_content_style":"default","_kad_post_vertical_padding":"default","_kad_post_feature":"","_kad_post_feature_position":"","_kad_post_header":false,"_kad_post_footer":false,"_kad_post_classname":""},"product_brand":[],"product_cat":[15,27,17],"product_tag":[348,347,349],"class_list":{"0":"post-923","1":"product","2":"type-product","3":"status-publish","4":"has-post-thumbnail","6":"product_cat-red-light-therapy","7":"product_cat-red-light-therapy-belt","8":"product_cat-services","9":"product_tag-custom-clamshell","10":"product_tag-custom-clamshell-boxes","11":"product_tag-gift-boxes-packaging-supplies","13":"first","14":"instock","15":"shipping-taxable","16":"product-type-simple","17":"entry","18":"content-bg","19":"loop-entry"},"_links":{"self":[{"href":"https:\/\/red-lighttherapy.com\/sv\/wp-json\/wp\/v2\/product\/923","targetHints":{"allow":["GET"]}}],"collection":[{"href":"https:\/\/red-lighttherapy.com\/sv\/wp-json\/wp\/v2\/product"}],"about":[{"href":"https:\/\/red-lighttherapy.com\/sv\/wp-json\/wp\/v2\/types\/product"}],"wp:featuredmedia":[{"embeddable":true,"href":"https:\/\/red-lighttherapy.com\/sv\/wp-json\/wp\/v2\/media\/924"}],"wp:attachment":[{"href":"https:\/\/red-lighttherapy.com\/sv\/wp-json\/wp\/v2\/media?parent=923"}],"wp:term":[{"taxonomy":"product_brand","embeddable":true,"href":"https:\/\/red-lighttherapy.com\/sv\/wp-json\/wp\/v2\/product_brand?post=923"},{"taxonomy":"product_cat","embeddable":true,"href":"https:\/\/red-lighttherapy.com\/sv\/wp-json\/wp\/v2\/product_cat?post=923"},{"taxonomy":"product_tag","embeddable":true,"href":"https:\/\/red-lighttherapy.com\/sv\/wp-json\/wp\/v2\/product_tag?post=923"}],"curies":[{"name":"wp","href":"https:\/\/api.w.org\/{rel}","templated":true}]}}