{"id":900,"date":"2025-04-15T09:58:54","date_gmt":"2025-04-15T09:58:54","guid":{"rendered":"https:\/\/red-lighttherapy.com\/?post_type=product&#038;p=900"},"modified":"2025-04-15T10:16:33","modified_gmt":"2025-04-15T10:16:33","slug":"private-label-child-resistant-drawer-box-for-vape-cartridge","status":"publish","type":"product","link":"https:\/\/red-lighttherapy.com\/sv\/private-label-child-resistant-drawer-box-for-vape-cartridge\/","title":{"rendered":"Privat etikett Barnskyddande l\u00e5da f\u00f6r Vape-patron"},"content":{"rendered":"<h2 id=\"-child-safe-drawer-type-electronic-cigarette-cartridge-box-product-description-\"><strong>Privat etikett Barnskyddande l\u00e5da f\u00f6r Vape-patron Produktbeskrivning<\/strong><\/h2>\n<h2 id=\"1-child-lock-patent-technology-\">1.\u00a0<strong>Patenterad teknik f\u00f6r barnl\u00e5s<\/strong><\/h2>\n<p>Den internationellt accepterade designen f\u00f6r mekaniskt barnl\u00e5s med insticksl\u00e5s har antagits. Patronen m\u00e5ste kopplas in och ut tre g\u00e5nger p\u00e5 2 sekunder innan den kan l\u00e5sas upp (uppl\u00e5snings\u00e5tg\u00e4rden h\u00e4nvisar till den internationella standarden ISO 8317 certifieringskrav), vilket effektivt f\u00f6rhindrar barn fr\u00e5n att h\u00e5lla sig borta. Patentcertifikatet t\u00e4cker viktiga marknadsregleringar som EU EN 14375 och US ASTM D3475-18, vilket s\u00e4kerst\u00e4ller att produkten \u00f6verensst\u00e4mmer med \"Electronic Cigarette Mandatory National Standard\" och globala s\u00e4kerhetsbest\u00e4mmelser.<\/p>\n<h2 id=\"2-sealing-and-protection-integration-\">2.\u00a0<strong>Integration av t\u00e4tning och skydd<\/strong><\/h2>\n<p>L\u00e5dan av l\u00e5dtyp har en struktur med dubbla sp\u00e4nnen. N\u00e4r den \u00e4r st\u00e4ngd bildar den en luftt\u00e4t barri\u00e4r genom en t\u00e4tningsring av silikon. Den fukts\u00e4kra och antioxidativa prestandan n\u00e5r IP54-niv\u00e5, samtidigt som man undviker oavsiktlig \u00f6ppning orsakad av yttre p\u00e5verkan.<\/p>\n<h2 id=\"1-fsc-certified-environmentally-friendly-paper-\">3. <strong>FSC-certifierat milj\u00f6v\u00e4nligt papper<\/strong><\/h2>\n<p>F\u00f6rpackningen \u00e4r tillverkad av FSC-C137354-certifierat papper, r\u00e5varorna kommer fr\u00e5n h\u00e5llbart f\u00f6rvaltade skogar och uppfyller kraven i EU:s timmerf\u00f6rordning (EUTR) och nordamerikanska milj\u00f6standarder, och f\u00f6rpackningen trycks med vattenbaserat bl\u00e4ck som \u00e4r giftfritt och nedbrytbart.<\/p>\n<h2 id=\"2-visual-identification-system-enhancement-\">4. <strong>F\u00f6rb\u00e4ttring av systemet f\u00f6r visuell identifiering<\/strong><\/h2>\n<ul>\n<li><strong>Huvudf\u00e4rg<\/strong>: Ren vit bas, som symboliserar s\u00e4kerhet och teknik.<\/li>\n<li><strong>M\u00f6nsterdesign<\/strong>: Det pr\u00e4glade molnm\u00f6nstret p\u00e5 l\u00e5dans yta \u00e4r inspirerat av det traditionella orientaliska lovande molnm\u00f6nstret och matchas med varum\u00e4rkets LOGO varmst\u00e4mplingsprocess f\u00f6r att \u00f6ka igenk\u00e4nningen och den avancerade strukturen.<\/li>\n<\/ul>\n<h2 id=\"1-eva-customized-lining-protection-\">5. <strong>EVA-anpassat foderskydd<\/strong><\/h2>\n<p>Fodret best\u00e5r av EVA-skum med h\u00f6g densitet (densitet 45P, tjocklek 7 mm), som har testats f\u00f6r att klara 50 kg statiskt tryck och 1,2 meters fallp\u00e5verkan. Det inre h\u00e5lrummet \u00e4r laserskuret enligt patronens form, l\u00e4mpligt f\u00f6r en m\u00e4ngd olika specifikationer, och den st\u00f6ts\u00e4kra och buffrande prestandan \u00e4r 30% b\u00e4ttre \u00e4n industristandarden.<\/p>\n<h2 id=\"2-fast-modular-design-system-\">6. <strong>Snabbt modul\u00e4rt designsystem<\/strong><\/h2>\n<ul>\n<li><strong>72 timmars leverans<\/strong>: St\u00f6der import av CAD-ritningar, genererar intelligent l\u00e5dstruktur, l\u00f6sning f\u00f6r delad gjutform och \u00e4r kompatibel med anpassning av runda\/ovala patroner (diameter 20 mm eller mer).<\/li>\n<li><strong>Flexibel expansion<\/strong>: L\u00e5dsp\u00e5ret kan ut\u00f6kas till en enkel \/ dubbelskiktsstruktur, l\u00e4mplig f\u00f6r elektroniska cigaretter f\u00f6r eng\u00e5ngsbruk eller patronbytande multismakupps\u00e4ttningar.<\/li>\n<\/ul>\n<h2 id=\"-fourth-compliance-certification-and-after-sales-service-\"><strong>7. Certifiering av \u00f6verensst\u00e4mmelse och service efter f\u00f6rs\u00e4ljning<\/strong><\/h2>\n<ul>\n<li><strong>Internationell certifiering<\/strong>: Godk\u00e4nd CE-, RoHS-, REACH-testning och skanna koden f\u00f6r att verifiera produktionsbatchen och efterlevnadscertifikatet.<\/li>\n<li><strong>\u00c5tagande om kvalitetss\u00e4kring<\/strong>: Ge 12 m\u00e5naders strukturgaranti och st\u00f6d f\u00f6r \u00e5tervinning och uppgradering av gamla l\u00e5dor.<\/li>\n<\/ul>","protected":false},"excerpt":{"rendered":"<p>Denna produkt har \"s\u00e4kerhet, milj\u00f6skydd och h\u00f6g effektivitet\" som sin k\u00e4rna, integrerar barns\u00e4ker mekanism med varum\u00e4rkesestetik och uppfyller de olika behoven hos globala vape-varum\u00e4rken f\u00f6r efterlevnad, anv\u00e4ndarupplevelse och effektivitet i leveranskedjan.<\/p>","protected":false},"featured_media":913,"template":"","meta":{"_kad_post_transparent":"default","_kad_post_title":"","_kad_post_layout":"default","_kad_post_sidebar_id":"","_kad_post_content_style":"default","_kad_post_vertical_padding":"default","_kad_post_feature":"","_kad_post_feature_position":"","_kad_post_header":false,"_kad_post_footer":false,"_kad_post_classname":""},"product_brand":[],"product_cat":[15,20,40,17],"product_tag":[344,345,346],"class_list":{"0":"post-900","1":"product","2":"type-product","3":"status-publish","4":"has-post-thumbnail","6":"product_cat-red-light-therapy","7":"product_cat-led-face-light-therapy","8":"product_cat-red-light-therapy-panel","9":"product_cat-services","10":"product_tag-child-resistant-vape-packaging","11":"product_tag-drawer-box-for-vape-cartridge","12":"product_tag-private-label-vape-cartridge-box","14":"first","15":"instock","16":"shipping-taxable","17":"product-type-simple","18":"entry","19":"content-bg","20":"loop-entry"},"_links":{"self":[{"href":"https:\/\/red-lighttherapy.com\/sv\/wp-json\/wp\/v2\/product\/900","targetHints":{"allow":["GET"]}}],"collection":[{"href":"https:\/\/red-lighttherapy.com\/sv\/wp-json\/wp\/v2\/product"}],"about":[{"href":"https:\/\/red-lighttherapy.com\/sv\/wp-json\/wp\/v2\/types\/product"}],"wp:featuredmedia":[{"embeddable":true,"href":"https:\/\/red-lighttherapy.com\/sv\/wp-json\/wp\/v2\/media\/913"}],"wp:attachment":[{"href":"https:\/\/red-lighttherapy.com\/sv\/wp-json\/wp\/v2\/media?parent=900"}],"wp:term":[{"taxonomy":"product_brand","embeddable":true,"href":"https:\/\/red-lighttherapy.com\/sv\/wp-json\/wp\/v2\/product_brand?post=900"},{"taxonomy":"product_cat","embeddable":true,"href":"https:\/\/red-lighttherapy.com\/sv\/wp-json\/wp\/v2\/product_cat?post=900"},{"taxonomy":"product_tag","embeddable":true,"href":"https:\/\/red-lighttherapy.com\/sv\/wp-json\/wp\/v2\/product_tag?post=900"}],"curies":[{"name":"wp","href":"https:\/\/api.w.org\/{rel}","templated":true}]}}